{"id":12687,"date":"2021-12-07T13:22:15","date_gmt":"2021-12-07T12:22:15","guid":{"rendered":"https:\/\/www.smart-meals.nl\/schockfrosten\/"},"modified":"2025-01-17T09:10:20","modified_gmt":"2025-01-17T08:10:20","slug":"schockfrosten","status":"publish","type":"page","link":"https:\/\/www.smart-meals.nl\/de\/schockfrosten\/","title":{"rendered":"Schockfrosten"},"content":{"rendered":"\t\t<div data-elementor-type=\"wp-post\" data-elementor-id=\"12687\" class=\"elementor elementor-12687 elementor-11677\">\n\t\t\t\t\t\t<section class=\"elementor-section elementor-top-section elementor-element elementor-element-551748e elementor-section-full_width elementor-section-stretched elementor-section-height-default elementor-section-height-default\" data-id=\"551748e\" data-element_type=\"section\" data-e-type=\"section\" data-settings=\"{&quot;stretch_section&quot;:&quot;section-stretched&quot;,&quot;background_background&quot;:&quot;classic&quot;,&quot;shape_divider_bottom&quot;:&quot;mountains&quot;}\">\n\t\t\t\t\t<div class=\"elementor-shape elementor-shape-bottom\" aria-hidden=\"true\" data-negative=\"false\">\n\t\t\t<svg xmlns=\"http:\/\/www.w3.org\/2000\/svg\" viewBox=\"0 0 1000 100\" preserveAspectRatio=\"none\">\n\t<path class=\"elementor-shape-fill\" opacity=\"0.33\" d=\"M473,67.3c-203.9,88.3-263.1-34-320.3,0C66,119.1,0,59.7,0,59.7V0h1000v59.7 c0,0-62.1,26.1-94.9,29.3c-32.8,3.3-62.8-12.3-75.8-22.1C806,49.6,745.3,8.7,694.9,4.7S492.4,59,473,67.3z\"\/>\n\t<path class=\"elementor-shape-fill\" opacity=\"0.66\" d=\"M734,67.3c-45.5,0-77.2-23.2-129.1-39.1c-28.6-8.7-150.3-10.1-254,39.1 s-91.7-34.4-149.2,0C115.7,118.3,0,39.8,0,39.8V0h1000v36.5c0,0-28.2-18.5-92.1-18.5C810.2,18.1,775.7,67.3,734,67.3z\"\/>\n\t<path class=\"elementor-shape-fill\" d=\"M766.1,28.9c-200-57.5-266,65.5-395.1,19.5C242,1.8,242,5.4,184.8,20.6C128,35.8,132.3,44.9,89.9,52.5C28.6,63.7,0,0,0,0 h1000c0,0-9.9,40.9-83.6,48.1S829.6,47,766.1,28.9z\"\/>\n<\/svg>\t\t<\/div>\n\t\t\t\t\t<div class=\"elementor-container elementor-column-gap-default\">\n\t\t\t\t\t<div class=\"elementor-column elementor-col-100 elementor-top-column elementor-element elementor-element-3605068\" data-id=\"3605068\" data-element_type=\"column\" data-e-type=\"column\">\n\t\t\t<div class=\"elementor-widget-wrap elementor-element-populated\">\n\t\t\t\t\t\t<div class=\"elementor-element elementor-element-7d1a283 elementor-widget elementor-widget-heading\" data-id=\"7d1a283\" data-element_type=\"widget\" data-e-type=\"widget\" data-widget_type=\"heading.default\">\n\t\t\t\t<div class=\"elementor-widget-container\">\n\t\t\t\t\t<h1 class=\"elementor-heading-title elementor-size-default\">Die Kraft des Schockfrostens<\/h1>\t\t\t\t<\/div>\n\t\t\t\t<\/div>\n\t\t\t\t\t<\/div>\n\t\t<\/div>\n\t\t\t\t\t<\/div>\n\t\t<\/section>\n\t\t\t\t<section class=\"elementor-section elementor-top-section elementor-element elementor-element-4282ae6 elementor-section-boxed elementor-section-height-default elementor-section-height-default\" data-id=\"4282ae6\" data-element_type=\"section\" data-e-type=\"section\" data-settings=\"{&quot;background_background&quot;:&quot;classic&quot;}\">\n\t\t\t\t\t\t<div class=\"elementor-container elementor-column-gap-default\">\n\t\t\t\t\t<div class=\"elementor-column elementor-col-100 elementor-top-column elementor-element elementor-element-1e944b6\" data-id=\"1e944b6\" data-element_type=\"column\" data-e-type=\"column\">\n\t\t\t<div class=\"elementor-widget-wrap elementor-element-populated\">\n\t\t\t\t\t\t<div class=\"elementor-element elementor-element-185cdb0 elementor-widget elementor-widget-text-editor\" data-id=\"185cdb0\" data-element_type=\"widget\" data-e-type=\"widget\" data-widget_type=\"text-editor.default\">\n\t\t\t\t<div class=\"elementor-widget-container\">\n\t\t\t\t\t\t\t\t\t<h2><strong>Freshly Frozen<\/strong><\/h2>\n<p>Stellen Sie sich eine Welt vor, in der Ihr Obst und Gem\u00fcse immer perfekt war. Eine Welt, in der das Mindesthaltbarkeitsdatum nicht Tage, sondern Monate entfernt war. Eine Welt, in der leckeres Essen immer in Reichweite war, frisch und nahrhaft, als k\u00e4me es direkt vom Feld&#8230; Jetzt denkst du, okay, aber was ist der Haken? Vollgepumpt mit Chemikalien? Konservierungsstoffe in H\u00fclle und F\u00fclle? Science-Fiction essen? Nein, nichts davon, auch wenn letzteres faszinierend klingen mag\u2026 Lassen Sie uns Sie aufkl\u00e4ren und Ihnen die fortschrittliche Technologie vorstellen, die unsere k\u00f6stlichen Kreationen m\u00f6glich macht.<\/p>\n\t\t\t\t\t\t\t\t<\/div>\n\t\t\t\t<\/div>\n\t\t\t\t\t<\/div>\n\t\t<\/div>\n\t\t\t\t\t<\/div>\n\t\t<\/section>\n\t\t\t\t<section class=\"elementor-section elementor-top-section elementor-element elementor-element-7404011 elementor-reverse-tablet elementor-reverse-mobile elementor-section-boxed elementor-section-height-default elementor-section-height-default\" data-id=\"7404011\" data-element_type=\"section\" data-e-type=\"section\" data-settings=\"{&quot;background_background&quot;:&quot;classic&quot;}\">\n\t\t\t\t\t\t\t<div class=\"elementor-background-overlay\"><\/div>\n\t\t\t\t\t\t\t<div class=\"elementor-container elementor-column-gap-default\">\n\t\t\t\t\t<div class=\"elementor-column elementor-col-100 elementor-top-column elementor-element elementor-element-c53f9aa\" data-id=\"c53f9aa\" data-element_type=\"column\" data-e-type=\"column\">\n\t\t\t<div class=\"elementor-widget-wrap elementor-element-populated\">\n\t\t\t\t\t\t<div class=\"elementor-element elementor-element-8f9a827 elementor-widget elementor-widget-text-editor\" data-id=\"8f9a827\" data-element_type=\"widget\" data-e-type=\"widget\" data-widget_type=\"text-editor.default\">\n\t\t\t\t<div class=\"elementor-widget-container\">\n\t\t\t\t\t\t\t\t\t<h2><strong><span style=\"color: #ffffff;\">Die unglaublichen Vorteile des Schockfrostens<\/span><\/strong><\/h2>\n<p><strong><span style=\"color: #ffffff;\">Wie machen wir das, fragen Sie? Nun, wir verraten Ihnen ein kleines Geheimnis, aber nur, weil Sie es sind. Diese dauerhafte Qualit\u00e4t und Frische wird durch die Magie der Shock-Freeze-Technologie erm\u00f6glicht. Klingt schick, aber was bedeutet das genau? Schockfrosten ist ziemlich offensichtlich. Wie der Name schon sagt, bedeutet es w\u00f6rtlich Einfrieren in einem sehr schnellen Zeitrahmen. Wir ernten unsere Zutaten bei maximaler Reife und k\u00fchlen sie innerhalb von 1-2 Minuten auf -25\u00b0C herunter. Dieser hocheffiziente Prozess friert die gesamte Zellstruktur ein, wodurch die Konsistenz, der Geschmack und die N\u00e4hrwerteigenschaften jeder von uns verwendeten Zutat perfekt erhalten bleiben. So ist alles, was auf Ihrem Teller landet, genauso frisch und lecker wie bei der Ernte. Sie denken vielleicht an Tiefk\u00fchlkost, die Sie in der Vergangenheit gegessen haben, und denken: &#8222;Ich kann definitiv sagen, dass dies gefroren war. Die breiige Konsistenz, der Geschmack ist mittelm\u00e4\u00dfig und es fehlt an Frische.&#8220; Das gilt f\u00fcr viele Tiefk\u00fchlkostsorten. Diese verwenden jedoch konventionelle Gefrierverfahren, die weniger schnell sind und zur Bildung von Eiskristallen f\u00fchren. Beim Erhitzen verd\u00fcnnen Eiskristalle das gesamte Produkt und entfernen die knusprige, frische Textur. Dies ist ungenie\u00dfbar und beeintr\u00e4chtigt die Qualit\u00e4t der N\u00e4hrstoffe. Shock-Freeze hingegen minimiert die Bildung von Eiskristallen aufgrund der Geschwindigkeit des K\u00fchlprozesses. Daher wird die Zellstruktur nicht angegriffen und garantiert maximalen Geschmack, Textur und vor allem essentielle N\u00e4hrstoffe, die Sie gesund und ern\u00e4hrt halten. Das ist die Sch\u00f6nheit von s<\/span><\/strong><span style=\"font-weight: bolder;\"><span style=\"color: #ffffff;\">hock-freeze&nbsp;<\/span><\/span><strong><span style=\"color: #ffffff;\">und unser Versprechen an Sie: Sie werden keinen Unterschied zwischen gefrorenen und erhitzten Produkten und noch nie gefrorenen Produkten erkennen k\u00f6nnen. Frisch, knackig und lecker.<\/span><\/strong><\/p>\t\t\t\t\t\t\t\t<\/div>\n\t\t\t\t<\/div>\n\t\t\t\t\t<\/div>\n\t\t<\/div>\n\t\t\t\t\t<\/div>\n\t\t<\/section>\n\t\t\t\t<section class=\"elementor-section elementor-top-section elementor-element elementor-element-fb8d9e4 elementor-section-boxed elementor-section-height-default elementor-section-height-default\" data-id=\"fb8d9e4\" data-element_type=\"section\" data-e-type=\"section\" data-settings=\"{&quot;background_background&quot;:&quot;classic&quot;}\">\n\t\t\t\t\t\t<div class=\"elementor-container elementor-column-gap-default\">\n\t\t\t\t\t<div class=\"elementor-column elementor-col-100 elementor-top-column elementor-element elementor-element-725782d\" data-id=\"725782d\" data-element_type=\"column\" data-e-type=\"column\">\n\t\t\t<div class=\"elementor-widget-wrap elementor-element-populated\">\n\t\t\t\t\t\t<div class=\"elementor-element elementor-element-58ac597 elementor-widget elementor-widget-text-editor\" data-id=\"58ac597\" data-element_type=\"widget\" data-e-type=\"widget\" data-widget_type=\"text-editor.default\">\n\t\t\t\t<div class=\"elementor-widget-container\">\n\t\t\t\t\t\t\t\t\t<h2><strong>Sind Schockgefriergerichte das neue Superfood?&nbsp;<\/strong><\/h2>\n<p>Es verhindert nicht nur die Verschwendung von Lebensmitteln, da diese im K\u00fchlschrank schneller verderben.&nbsp; Es ist auch herrlich knusprig und nahrhaft.  Dies erscheint kontraintuitiv, weil uns beigebracht wurde zu denken, dass sich eingefroren und frisch widersprechen. Das Obst und Gem\u00fcse im Supermarkt mag &#8222;frisch&#8220; und ansprechend aussehen, aber im K\u00fchlschrank zu Hause zerf\u00e4llt es schnell. Beispielsweise k\u00f6nnen Karotten innerhalb einer Woche nach gek\u00fchlter Lagerung fast 80% ihres Vitamin C verlieren. Das Schockfrosten h\u00e4lt alles unter Verschluss und konserviert es. Es werden also keine chemischen Zus\u00e4tze ben\u00f6tigt. Die nat\u00fcrliche Art, Dinge frisch und gebrauchsfertig zu halten. Keine komplizierten Zutaten, die Sie nicht aussprechen k\u00f6nnen, oder E-Nummern. Unsere Produkte bestehen nur aus tagesfrischen Schockfrost-Zutaten, die Sie kennen (und lieben werden, vertrauen Sie uns).    <\/p>\t\t\t\t\t\t\t\t<\/div>\n\t\t\t\t<\/div>\n\t\t\t\t\t<\/div>\n\t\t<\/div>\n\t\t\t\t\t<\/div>\n\t\t<\/section>\n\t\t\t\t<section class=\"elementor-section elementor-top-section elementor-element elementor-element-61928e4 elementor-section-boxed elementor-section-height-default elementor-section-height-default\" data-id=\"61928e4\" data-element_type=\"section\" data-e-type=\"section\" data-settings=\"{&quot;background_background&quot;:&quot;classic&quot;}\">\n\t\t\t\t\t\t\t<div class=\"elementor-background-overlay\"><\/div>\n\t\t\t\t\t\t\t<div class=\"elementor-container elementor-column-gap-default\">\n\t\t\t\t\t<div class=\"elementor-column elementor-col-100 elementor-top-column elementor-element elementor-element-ad3ae8f\" data-id=\"ad3ae8f\" data-element_type=\"column\" data-e-type=\"column\">\n\t\t\t<div class=\"elementor-widget-wrap elementor-element-populated\">\n\t\t\t\t\t\t<div class=\"elementor-element elementor-element-0e51a18 elementor-widget elementor-widget-text-editor\" data-id=\"0e51a18\" data-element_type=\"widget\" data-e-type=\"widget\" data-widget_type=\"text-editor.default\">\n\t\t\t\t<div class=\"elementor-widget-container\">\n\t\t\t\t\t\t\t\t\t<h2><span style=\"color: #ffffff;\"><strong>Sind Tiefk\u00fchlgerichte die Antwort auf Lebensmittelverschwendung? <\/strong><\/span><\/h2>\n<p><span style=\"color: #ffffff;\">Etwa ein Drittel aller in Europa produzierten Lebensmittel landet im M\u00fcll. Lebensmittel werden gekauft, dann vergessen und schon sind sie ungenie\u00dfbar und werden weggeworfen. Auf globaler Ebene f\u00fchrt dies zu einem beispiellosen Problem der Lebensmittelverschwendung. Diese Belastung kostbarer und teurer Ressourcen ist ebenso vermeidbar wie inakzeptabel. Das Schockfrosten bietet eine praktische und nachhaltige L\u00f6sung. Schockfrosten l\u00e4sst die Zeit stehen und h\u00e4lt Lebensmittel frisch und haltbar. Dies garantiert eine dauerhafte Qualit\u00e4t, was bedeutet, dass unsere Produkte eine Haltbarkeit von mindestens 6 Monaten haben, in der Regel deutlich l\u00e4nger. Sie m\u00fcssen sich also keine Gedanken \u00fcber Ablaufdaten machen oder sich Sorgen machen, dass Sie etwas wegwerfen. Unsere Mahlzeiten k\u00f6nnen einfach in Ihrem Gefrierschrank aufbewahrt werden und sind bereit f\u00fcr den Genuss, wenn Sie es sind.<\/span><\/p>\n\t\t\t\t\t\t\t\t<\/div>\n\t\t\t\t<\/div>\n\t\t\t\t\t<\/div>\n\t\t<\/div>\n\t\t\t\t\t<\/div>\n\t\t<\/section>\n\t\t\t\t<\/div>\n\t\t","protected":false},"excerpt":{"rendered":"<p>Die Kraft des Schockfrostens Freshly Frozen Stellen Sie sich eine Welt vor, in der Ihr Obst und Gem\u00fcse immer perfekt war. Eine Welt, in der das Mindesthaltbarkeitsdatum nicht Tage, sondern Monate entfernt war. Eine Welt, in der leckeres Essen immer in Reichweite war, frisch und nahrhaft, als k\u00e4me es direkt vom Feld&#8230; Jetzt denkst du, [&hellip;]<\/p>\n","protected":false},"author":1,"featured_media":9775,"parent":0,"menu_order":0,"comment_status":"closed","ping_status":"closed","template":"full-width.php","meta":{"_acf_changed":false,"footnotes":""},"class_list":["post-12687","page","type-page","status-publish","has-post-thumbnail","hentry"],"acf":[],"yoast_head":"<!-- This site is optimized with the Yoast SEO plugin v27.4 - https:\/\/yoast.com\/product\/yoast-seo-wordpress\/ -->\n<title>Intelligente Mahlzeiten | Nr. 1 in proteinreichen Mahlzeiten | Sportgerichte gesund und lecker<\/title>\n<meta name=\"description\" content=\"Sportliche Mahlzeiten mit Proteinen, Vitaminen und Mineralstoffen. Kostenlose Ern\u00e4hrungsberatung f\u00fcr Ihren Weg. Ansehen\" \/>\n<meta name=\"robots\" content=\"index, follow, max-snippet:-1, max-image-preview:large, max-video-preview:-1\" \/>\n<link rel=\"canonical\" href=\"https:\/\/www.smart-meals.nl\/de\/schockfrosten\/\" \/>\n<meta property=\"og:locale\" content=\"de_DE\" \/>\n<meta property=\"og:type\" content=\"article\" \/>\n<meta property=\"og:title\" content=\"Intelligente Mahlzeiten | Nr. 1 in proteinreichen Mahlzeiten | Sportgerichte gesund und lecker\" \/>\n<meta property=\"og:description\" content=\"Sportliche Mahlzeiten mit Proteinen, Vitaminen und Mineralstoffen. Kostenlose Ern\u00e4hrungsberatung f\u00fcr Ihren Weg. Ansehen\" \/>\n<meta property=\"og:url\" content=\"https:\/\/www.smart-meals.nl\/de\/schockfrosten\/\" \/>\n<meta property=\"og:site_name\" content=\"Smart Meals\" \/>\n<meta property=\"article:publisher\" content=\"https:\/\/www.facebook.com\/SmartMealsOfficial\" \/>\n<meta property=\"article:modified_time\" content=\"2025-01-17T08:10:20+00:00\" \/>\n<meta property=\"og:image\" content=\"https:\/\/www.smart-meals.nl\/wp-content\/uploads\/2021\/09\/Sweet-en-spicy-chicken-1-1.jpg\" \/>\n\t<meta property=\"og:image:width\" content=\"800\" \/>\n\t<meta property=\"og:image:height\" content=\"800\" \/>\n\t<meta property=\"og:image:type\" content=\"image\/jpeg\" \/>\n<meta name=\"twitter:card\" content=\"summary_large_image\" \/>\n<meta name=\"twitter:label1\" content=\"Gesch\u00e4tzte Lesezeit\" \/>\n\t<meta name=\"twitter:data1\" content=\"3\u00a0Minuten\" \/>\n<script type=\"application\/ld+json\" class=\"yoast-schema-graph\">{\"@context\":\"https:\\\/\\\/schema.org\",\"@graph\":[{\"@type\":\"WebPage\",\"@id\":\"https:\\\/\\\/www.smart-meals.nl\\\/de\\\/schockfrosten\\\/\",\"url\":\"https:\\\/\\\/www.smart-meals.nl\\\/de\\\/schockfrosten\\\/\",\"name\":\"Intelligente Mahlzeiten | Nr. 1 in proteinreichen Mahlzeiten | Sportgerichte gesund und lecker\",\"isPartOf\":{\"@id\":\"https:\\\/\\\/www.smart-meals.nl\\\/de\\\/#website\"},\"primaryImageOfPage\":{\"@id\":\"https:\\\/\\\/www.smart-meals.nl\\\/de\\\/schockfrosten\\\/#primaryimage\"},\"image\":{\"@id\":\"https:\\\/\\\/www.smart-meals.nl\\\/de\\\/schockfrosten\\\/#primaryimage\"},\"thumbnailUrl\":\"https:\\\/\\\/www.smart-meals.nl\\\/wp-content\\\/uploads\\\/2021\\\/09\\\/Sweet-en-spicy-chicken-1-1.jpg\",\"datePublished\":\"2021-12-07T12:22:15+00:00\",\"dateModified\":\"2025-01-17T08:10:20+00:00\",\"description\":\"Sportliche Mahlzeiten mit Proteinen, Vitaminen und Mineralstoffen. Kostenlose Ern\u00e4hrungsberatung f\u00fcr Ihren Weg. Ansehen\",\"breadcrumb\":{\"@id\":\"https:\\\/\\\/www.smart-meals.nl\\\/de\\\/schockfrosten\\\/#breadcrumb\"},\"inLanguage\":\"de\",\"potentialAction\":[{\"@type\":\"ReadAction\",\"target\":[\"https:\\\/\\\/www.smart-meals.nl\\\/de\\\/schockfrosten\\\/\"]}]},{\"@type\":\"ImageObject\",\"inLanguage\":\"de\",\"@id\":\"https:\\\/\\\/www.smart-meals.nl\\\/de\\\/schockfrosten\\\/#primaryimage\",\"url\":\"https:\\\/\\\/www.smart-meals.nl\\\/wp-content\\\/uploads\\\/2021\\\/09\\\/Sweet-en-spicy-chicken-1-1.jpg\",\"contentUrl\":\"https:\\\/\\\/www.smart-meals.nl\\\/wp-content\\\/uploads\\\/2021\\\/09\\\/Sweet-en-spicy-chicken-1-1.jpg\",\"width\":800,\"height\":800},{\"@type\":\"BreadcrumbList\",\"@id\":\"https:\\\/\\\/www.smart-meals.nl\\\/de\\\/schockfrosten\\\/#breadcrumb\",\"itemListElement\":[{\"@type\":\"ListItem\",\"position\":1,\"name\":\"Home\",\"item\":\"https:\\\/\\\/www.smart-meals.nl\\\/de\\\/\"},{\"@type\":\"ListItem\",\"position\":2,\"name\":\"Schockfrosten\"}]},{\"@type\":\"WebSite\",\"@id\":\"https:\\\/\\\/www.smart-meals.nl\\\/de\\\/#website\",\"url\":\"https:\\\/\\\/www.smart-meals.nl\\\/de\\\/\",\"name\":\"Smart Meals\",\"description\":\"Healthy High Protein Meals\",\"publisher\":{\"@id\":\"https:\\\/\\\/www.smart-meals.nl\\\/de\\\/#organization\"},\"potentialAction\":[{\"@type\":\"SearchAction\",\"target\":{\"@type\":\"EntryPoint\",\"urlTemplate\":\"https:\\\/\\\/www.smart-meals.nl\\\/de\\\/?s={search_term_string}\"},\"query-input\":{\"@type\":\"PropertyValueSpecification\",\"valueRequired\":true,\"valueName\":\"search_term_string\"}}],\"inLanguage\":\"de\"},{\"@type\":\"Organization\",\"@id\":\"https:\\\/\\\/www.smart-meals.nl\\\/de\\\/#organization\",\"name\":\"Smart Meals\",\"url\":\"https:\\\/\\\/www.smart-meals.nl\\\/de\\\/\",\"logo\":{\"@type\":\"ImageObject\",\"inLanguage\":\"de\",\"@id\":\"https:\\\/\\\/www.smart-meals.nl\\\/de\\\/#\\\/schema\\\/logo\\\/image\\\/\",\"url\":\"https:\\\/\\\/www.smart-meals.nl\\\/wp-content\\\/uploads\\\/2021\\\/03\\\/cropped-logo.png\",\"contentUrl\":\"https:\\\/\\\/www.smart-meals.nl\\\/wp-content\\\/uploads\\\/2021\\\/03\\\/cropped-logo.png\",\"width\":512,\"height\":512,\"caption\":\"Smart Meals\"},\"image\":{\"@id\":\"https:\\\/\\\/www.smart-meals.nl\\\/de\\\/#\\\/schema\\\/logo\\\/image\\\/\"},\"sameAs\":[\"https:\\\/\\\/www.facebook.com\\\/SmartMealsOfficial\"]}]}<\/script>\n<!-- \/ Yoast SEO plugin. -->","yoast_head_json":{"title":"Intelligente Mahlzeiten | Nr. 1 in proteinreichen Mahlzeiten | Sportgerichte gesund und lecker","description":"Sportliche Mahlzeiten mit Proteinen, Vitaminen und Mineralstoffen. Kostenlose Ern\u00e4hrungsberatung f\u00fcr Ihren Weg. Ansehen","robots":{"index":"index","follow":"follow","max-snippet":"max-snippet:-1","max-image-preview":"max-image-preview:large","max-video-preview":"max-video-preview:-1"},"canonical":"https:\/\/www.smart-meals.nl\/de\/schockfrosten\/","og_locale":"de_DE","og_type":"article","og_title":"Intelligente Mahlzeiten | Nr. 1 in proteinreichen Mahlzeiten | Sportgerichte gesund und lecker","og_description":"Sportliche Mahlzeiten mit Proteinen, Vitaminen und Mineralstoffen. Kostenlose Ern\u00e4hrungsberatung f\u00fcr Ihren Weg. Ansehen","og_url":"https:\/\/www.smart-meals.nl\/de\/schockfrosten\/","og_site_name":"Smart Meals","article_publisher":"https:\/\/www.facebook.com\/SmartMealsOfficial","article_modified_time":"2025-01-17T08:10:20+00:00","og_image":[{"width":800,"height":800,"url":"https:\/\/www.smart-meals.nl\/wp-content\/uploads\/2021\/09\/Sweet-en-spicy-chicken-1-1.jpg","type":"image\/jpeg"}],"twitter_card":"summary_large_image","twitter_misc":{"Gesch\u00e4tzte Lesezeit":"3\u00a0Minuten"},"schema":{"@context":"https:\/\/schema.org","@graph":[{"@type":"WebPage","@id":"https:\/\/www.smart-meals.nl\/de\/schockfrosten\/","url":"https:\/\/www.smart-meals.nl\/de\/schockfrosten\/","name":"Intelligente Mahlzeiten | Nr. 1 in proteinreichen Mahlzeiten | Sportgerichte gesund und lecker","isPartOf":{"@id":"https:\/\/www.smart-meals.nl\/de\/#website"},"primaryImageOfPage":{"@id":"https:\/\/www.smart-meals.nl\/de\/schockfrosten\/#primaryimage"},"image":{"@id":"https:\/\/www.smart-meals.nl\/de\/schockfrosten\/#primaryimage"},"thumbnailUrl":"https:\/\/www.smart-meals.nl\/wp-content\/uploads\/2021\/09\/Sweet-en-spicy-chicken-1-1.jpg","datePublished":"2021-12-07T12:22:15+00:00","dateModified":"2025-01-17T08:10:20+00:00","description":"Sportliche Mahlzeiten mit Proteinen, Vitaminen und Mineralstoffen. Kostenlose Ern\u00e4hrungsberatung f\u00fcr Ihren Weg. Ansehen","breadcrumb":{"@id":"https:\/\/www.smart-meals.nl\/de\/schockfrosten\/#breadcrumb"},"inLanguage":"de","potentialAction":[{"@type":"ReadAction","target":["https:\/\/www.smart-meals.nl\/de\/schockfrosten\/"]}]},{"@type":"ImageObject","inLanguage":"de","@id":"https:\/\/www.smart-meals.nl\/de\/schockfrosten\/#primaryimage","url":"https:\/\/www.smart-meals.nl\/wp-content\/uploads\/2021\/09\/Sweet-en-spicy-chicken-1-1.jpg","contentUrl":"https:\/\/www.smart-meals.nl\/wp-content\/uploads\/2021\/09\/Sweet-en-spicy-chicken-1-1.jpg","width":800,"height":800},{"@type":"BreadcrumbList","@id":"https:\/\/www.smart-meals.nl\/de\/schockfrosten\/#breadcrumb","itemListElement":[{"@type":"ListItem","position":1,"name":"Home","item":"https:\/\/www.smart-meals.nl\/de\/"},{"@type":"ListItem","position":2,"name":"Schockfrosten"}]},{"@type":"WebSite","@id":"https:\/\/www.smart-meals.nl\/de\/#website","url":"https:\/\/www.smart-meals.nl\/de\/","name":"Smart Meals","description":"Healthy High Protein Meals","publisher":{"@id":"https:\/\/www.smart-meals.nl\/de\/#organization"},"potentialAction":[{"@type":"SearchAction","target":{"@type":"EntryPoint","urlTemplate":"https:\/\/www.smart-meals.nl\/de\/?s={search_term_string}"},"query-input":{"@type":"PropertyValueSpecification","valueRequired":true,"valueName":"search_term_string"}}],"inLanguage":"de"},{"@type":"Organization","@id":"https:\/\/www.smart-meals.nl\/de\/#organization","name":"Smart Meals","url":"https:\/\/www.smart-meals.nl\/de\/","logo":{"@type":"ImageObject","inLanguage":"de","@id":"https:\/\/www.smart-meals.nl\/de\/#\/schema\/logo\/image\/","url":"https:\/\/www.smart-meals.nl\/wp-content\/uploads\/2021\/03\/cropped-logo.png","contentUrl":"https:\/\/www.smart-meals.nl\/wp-content\/uploads\/2021\/03\/cropped-logo.png","width":512,"height":512,"caption":"Smart Meals"},"image":{"@id":"https:\/\/www.smart-meals.nl\/de\/#\/schema\/logo\/image\/"},"sameAs":["https:\/\/www.facebook.com\/SmartMealsOfficial"]}]}},"_links":{"self":[{"href":"https:\/\/www.smart-meals.nl\/de\/wp-json\/wp\/v2\/pages\/12687","targetHints":{"allow":["GET"]}}],"collection":[{"href":"https:\/\/www.smart-meals.nl\/de\/wp-json\/wp\/v2\/pages"}],"about":[{"href":"https:\/\/www.smart-meals.nl\/de\/wp-json\/wp\/v2\/types\/page"}],"author":[{"embeddable":true,"href":"https:\/\/www.smart-meals.nl\/de\/wp-json\/wp\/v2\/users\/1"}],"replies":[{"embeddable":true,"href":"https:\/\/www.smart-meals.nl\/de\/wp-json\/wp\/v2\/comments?post=12687"}],"version-history":[{"count":0,"href":"https:\/\/www.smart-meals.nl\/de\/wp-json\/wp\/v2\/pages\/12687\/revisions"}],"wp:featuredmedia":[{"embeddable":true,"href":"https:\/\/www.smart-meals.nl\/de\/wp-json\/wp\/v2\/media\/9775"}],"wp:attachment":[{"href":"https:\/\/www.smart-meals.nl\/de\/wp-json\/wp\/v2\/media?parent=12687"}],"curies":[{"name":"wp","href":"https:\/\/api.w.org\/{rel}","templated":true}]}}