{"id":9865,"date":"2021-11-19T20:58:02","date_gmt":"2021-11-19T19:58:02","guid":{"rendered":"https:\/\/www.smart-meals.nl\/privatsphaere\/"},"modified":"2021-11-19T20:58:02","modified_gmt":"2021-11-19T19:58:02","slug":"privatsphaere","status":"publish","type":"page","link":"https:\/\/www.smart-meals.nl\/de\/privatsphaere\/","title":{"rendered":"Privatsph\u00e4re"},"content":{"rendered":"\t\t<div data-elementor-type=\"wp-post\" data-elementor-id=\"9865\" class=\"elementor elementor-9865 elementor-58\">\n\t\t\t\t\t\t<section class=\"elementor-section elementor-top-section elementor-element elementor-element-5a9d22fc elementor-section-boxed elementor-section-height-default elementor-section-height-default\" data-id=\"5a9d22fc\" data-element_type=\"section\" data-e-type=\"section\" data-settings=\"{&quot;background_background&quot;:&quot;classic&quot;}\">\n\t\t\t\t\t\t<div class=\"elementor-container elementor-column-gap-no\">\n\t\t\t\t\t<div class=\"elementor-column elementor-col-50 elementor-top-column elementor-element elementor-element-3384b5f7\" data-id=\"3384b5f7\" data-element_type=\"column\" data-e-type=\"column\">\n\t\t\t<div class=\"elementor-widget-wrap elementor-element-populated\">\n\t\t\t\t\t\t<div class=\"elementor-element elementor-element-162fc88d elementor-widget elementor-widget-heading\" data-id=\"162fc88d\" data-element_type=\"widget\" data-e-type=\"widget\" data-widget_type=\"heading.default\">\n\t\t\t\t<div class=\"elementor-widget-container\">\n\t\t\t\t\t<h1 class=\"elementor-heading-title elementor-size-default\">Datenschutz-Bestimmungen<\/h1>\t\t\t\t<\/div>\n\t\t\t\t<\/div>\n\t\t\t\t\t<\/div>\n\t\t<\/div>\n\t\t\t\t<div class=\"elementor-column elementor-col-50 elementor-top-column elementor-element elementor-element-79d0228\" data-id=\"79d0228\" data-element_type=\"column\" data-e-type=\"column\">\n\t\t\t<div class=\"elementor-widget-wrap\">\n\t\t\t\t\t\t\t<\/div>\n\t\t<\/div>\n\t\t\t\t\t<\/div>\n\t\t<\/section>\n\t\t\t\t<section class=\"elementor-section elementor-top-section elementor-element elementor-element-5dc6e096 elementor-section-full_width elementor-section-height-default elementor-section-height-default\" data-id=\"5dc6e096\" data-element_type=\"section\" data-e-type=\"section\">\n\t\t\t\t\t\t<div class=\"elementor-container elementor-column-gap-no\">\n\t\t\t\t\t<div class=\"elementor-column elementor-col-100 elementor-top-column elementor-element elementor-element-693de8fb\" data-id=\"693de8fb\" data-element_type=\"column\" data-e-type=\"column\" data-settings=\"{&quot;background_background&quot;:&quot;classic&quot;}\">\n\t\t\t<div class=\"elementor-widget-wrap elementor-element-populated\">\n\t\t\t\t\t\t<div class=\"elementor-element elementor-element-1e6d5612 elementor-widget elementor-widget-heading\" data-id=\"1e6d5612\" data-element_type=\"widget\" data-e-type=\"widget\" data-widget_type=\"heading.default\">\n\t\t\t\t<div class=\"elementor-widget-container\">\n\t\t\t\t\t<h2 class=\"elementor-heading-title elementor-size-default\">Erkl\u00e4rung<\/h2>\t\t\t\t<\/div>\n\t\t\t\t<\/div>\n\t\t\t\t<div class=\"elementor-element elementor-element-9af8fe4 elementor-widget elementor-widget-text-editor\" data-id=\"9af8fe4\" data-element_type=\"widget\" data-e-type=\"widget\" data-widget_type=\"text-editor.default\">\n\t\t\t\t<div class=\"elementor-widget-container\">\n\t\t\t\t\t\t\t\t\t<p>\u00dcber diese Website werden personenbezogene Daten verarbeitet. Unser Unternehmen legt Wert auf einen guten Umgang mit<br \/>Personenbezogene Daten sind von gro\u00dfer Bedeutung. Personenbezogene Daten werden daher von uns sorgf\u00e4ltig verarbeitet und gesichert.<br \/>Bei unserer Verarbeitung halten wir uns an die Anforderungen der Allgemeinen Verordnung<br \/>Datenschutz (DSGVO) erkl\u00e4rt.<br \/>Das bedeutet unter anderem, dass wir: <\/p>\n\t\t\t\t\t\t\t\t<\/div>\n\t\t\t\t<\/div>\n\t\t\t\t<div class=\"elementor-element elementor-element-45a2b70 elementor-widget elementor-widget-text-editor\" data-id=\"45a2b70\" data-element_type=\"widget\" data-e-type=\"widget\" data-widget_type=\"text-editor.default\">\n\t\t\t\t<div class=\"elementor-widget-container\">\n\t\t\t\t\t\t\t\t\t<p>&#8211; die Zwecke, f\u00fcr die wir personenbezogene Daten verarbeiten, klar angeben. Wir tun dies \u00fcber diese Datenschutzerkl\u00e4rung; <br \/>&#8211; unsere Erhebung personenbezogener Daten auf die f\u00fcr diese Zwecke erforderlichen personenbezogenen Daten zu beschr\u00e4nken; <br \/>&#8211; Sie zun\u00e4chst um Erlaubnis zur Verarbeitung Ihrer personenbezogenen Daten bitten, wenn Ihre Erlaubnis erforderlich ist; <br \/>&#8211; geeignete Sicherheitsma\u00dfnahmen zum Schutz Ihrer personenbezogenen Daten zu ergreifen und dies auch von Parteien zu verlangen, die personenbezogene Daten in unserem Auftrag verarbeiten; <br \/>&#8211; respektieren Sie Ihr Recht, Ihre personenbezogenen Daten auf Ihren Wunsch hin zur Einsicht, Berichtigung oder L\u00f6schung zur Verf\u00fcgung zu stellen. <\/p>\n\t\t\t\t\t\t\t\t<\/div>\n\t\t\t\t<\/div>\n\t\t\t\t<div class=\"elementor-element elementor-element-12b3557 elementor-widget elementor-widget-heading\" data-id=\"12b3557\" data-element_type=\"widget\" data-e-type=\"widget\" data-widget_type=\"heading.default\">\n\t\t\t\t<div class=\"elementor-widget-container\">\n\t\t\t\t\t<h3 class=\"elementor-heading-title elementor-size-default\">Verwendung personenbezogener Daten<\/h3>\t\t\t\t<\/div>\n\t\t\t\t<\/div>\n\t\t\t\t<div class=\"elementor-element elementor-element-5594998 elementor-widget elementor-widget-text-editor\" data-id=\"5594998\" data-element_type=\"widget\" data-e-type=\"widget\" data-widget_type=\"text-editor.default\">\n\t\t\t\t<div class=\"elementor-widget-container\">\n\t\t\t\t\t\t\t\t\t<p>Durch die Nutzung dieser Website teilen Sie uns Daten \u00fcber Cookies mit. Es kann sich aber auch um personenbezogene Daten handeln, die Sie beispielsweise bei der Anmeldung zu einem Newsletter eingeben. Wir speichern und verwenden nur die personenbezogenen Daten, die Sie direkt im Rahmen der von Ihnen angeforderten Dienstleistung (z.B. unserer Newsletter) angeben oder von denen uns ersichtlich ist, dass sie uns zur Verarbeitung zur Verf\u00fcgung gestellt werden.<\/p>\n\t\t\t\t\t\t\t\t<\/div>\n\t\t\t\t<\/div>\n\t\t\t\t<div class=\"elementor-element elementor-element-20372ad elementor-widget elementor-widget-heading\" data-id=\"20372ad\" data-element_type=\"widget\" data-e-type=\"widget\" data-widget_type=\"heading.default\">\n\t\t\t\t<div class=\"elementor-widget-container\">\n\t\t\t\t\t<h3 class=\"elementor-heading-title elementor-size-default\">Newsletter und Kontaktformular <\/h3>\t\t\t\t<\/div>\n\t\t\t\t<\/div>\n\t\t\t\t<div class=\"elementor-element elementor-element-41b18e8 elementor-widget elementor-widget-text-editor\" data-id=\"41b18e8\" data-element_type=\"widget\" data-e-type=\"widget\" data-widget_type=\"text-editor.default\">\n\t\t\t\t<div class=\"elementor-widget-container\">\n\t\t\t\t\t\t\t\t\t<p>Wir bieten einen Newsletter an, mit dem wir Interessenten \u00fcber unsere Positionen, Produkte und\/oder Dienstleistungen informieren. Ihre E-Mail-Adresse wird nur mit Ihrer vorherigen Zustimmung in die Abonnentenliste aufgenommen. Jeder Newsletter enth\u00e4lt einen Link, mit dem Sie sich abmelden k\u00f6nnen. Wenn Sie auf der Website ein Kontaktformular ausf\u00fcllen oder uns eine E-Mail senden, werden die von Ihnen \u00fcbermittelten Daten so lange gespeichert, wie es die Art des Formulars oder der Inhalt Ihrer E-Mail zur vollst\u00e4ndigen Beantwortung erfordert und Verarbeitung von ihnen.<\/p><\/p>\n\t\t\t\t\t\t\t\t<\/div>\n\t\t\t\t<\/div>\n\t\t\t\t<div class=\"elementor-element elementor-element-515fd4a elementor-widget elementor-widget-heading\" data-id=\"515fd4a\" data-element_type=\"widget\" data-e-type=\"widget\" data-widget_type=\"heading.default\">\n\t\t\t\t<div class=\"elementor-widget-container\">\n\t\t\t\t\t<h4 class=\"elementor-heading-title elementor-size-default\">Ver\u00f6ffentlichung<\/h4>\t\t\t\t<\/div>\n\t\t\t\t<\/div>\n\t\t\t\t<div class=\"elementor-element elementor-element-210d8d2 elementor-widget elementor-widget-text-editor\" data-id=\"210d8d2\" data-element_type=\"widget\" data-e-type=\"widget\" data-widget_type=\"text-editor.default\">\n\t\t\t\t<div class=\"elementor-widget-container\">\n\t\t\t\t\t\t\t\t\t<p>Wir behandeln Ihre Daten vertraulich und ver\u00f6ffentlichen sie nicht.<\/p><\/p>\n\t\t\t\t\t\t\t\t<\/div>\n\t\t\t\t<\/div>\n\t\t\t\t<div class=\"elementor-element elementor-element-ea9bcea elementor-widget elementor-widget-heading\" data-id=\"ea9bcea\" data-element_type=\"widget\" data-e-type=\"widget\" data-widget_type=\"heading.default\">\n\t\t\t\t<div class=\"elementor-widget-container\">\n\t\t\t\t\t<h4 class=\"elementor-heading-title elementor-size-default\">Bereitstellung an Dritte<\/h4>\t\t\t\t<\/div>\n\t\t\t\t<\/div>\n\t\t\t\t<div class=\"elementor-element elementor-element-92f135d elementor-widget elementor-widget-text-editor\" data-id=\"92f135d\" data-element_type=\"widget\" data-e-type=\"widget\" data-widget_type=\"text-editor.default\">\n\t\t\t\t<div class=\"elementor-widget-container\">\n\t\t\t\t\t\t\t\t\t<p>Wir verwenden Google Analytics, um zu verfolgen, wie Besucher unsere Website nutzen. Dieses Wissen nutzen wir, um unsere Website f\u00fcr unsere Besucher zu optimieren. Wir haben mit Google einen Auftragsverarbeitungsvertrag abgeschlossen, um Vereinbarungen \u00fcber den Umgang mit unseren Daten zu treffen. Dar\u00fcber hinaus haben wir Google nicht gestattet, die erhaltenen Analytics-Informationen f\u00fcr andere Google-Dienste zu verwenden. Schlie\u00dflich lassen wir die IP-Adressen anonymisieren.<\/p>\n\t\t\t\t\t\t\t\t<\/div>\n\t\t\t\t<\/div>\n\t\t\t\t<div class=\"elementor-element elementor-element-3c5f283 elementor-widget elementor-widget-heading\" data-id=\"3c5f283\" data-element_type=\"widget\" data-e-type=\"widget\" data-widget_type=\"heading.default\">\n\t\t\t\t<div class=\"elementor-widget-container\">\n\t\t\t\t\t<h4 class=\"elementor-heading-title elementor-size-default\">Sicherheit<\/h4>\t\t\t\t<\/div>\n\t\t\t\t<\/div>\n\t\t\t\t<div class=\"elementor-element elementor-element-40e0e3f elementor-widget elementor-widget-text-editor\" data-id=\"40e0e3f\" data-element_type=\"widget\" data-e-type=\"widget\" data-widget_type=\"text-editor.default\">\n\t\t\t\t<div class=\"elementor-widget-container\">\n\t\t\t\t\t\t\t\t\t<p>Wir haben geeignete technische und organisatorische Ma\u00dfnahmen getroffen, um Ihre personenbezogenen Daten vor unrechtm\u00e4\u00dfiger Verarbeitung zu sch\u00fctzen. Wir haben beispielsweise folgende Ma\u00dfnahmen ergriffen: o Alle Personen, die im Auftrag unseres Unternehmens auf Ihre Daten zugreifen k\u00f6nnen, sind an deren Vertraulichkeit gebunden; o Wir haben auf allen unseren Systemen eine Richtlinie f\u00fcr Benutzername und Passwort; o Wir erstellen Sicherungskopien der personenbezogenen Daten, um diese bei physischen oder technischen Vorf\u00e4llen wiederherstellen zu k\u00f6nnen; o Unsere Mitarbeiter werden \u00fcber die Bedeutung des Schutzes personenbezogener Daten aufgekl\u00e4rt; o Wir verwenden sichere Verbindungen (Secure Sockets Layer oder SSL), die alle Informationen zwischen Ihnen und unserer Website sch\u00fctzen, wenn Sie personenbezogene Daten eingeben.<\/p>\n\t\t\t\t\t\t\t\t<\/div>\n\t\t\t\t<\/div>\n\t\t\t\t<div class=\"elementor-element elementor-element-643eb94 elementor-widget elementor-widget-heading\" data-id=\"643eb94\" data-element_type=\"widget\" data-e-type=\"widget\" data-widget_type=\"heading.default\">\n\t\t\t\t<div class=\"elementor-widget-container\">\n\t\t\t\t\t<h4 class=\"elementor-heading-title elementor-size-default\">Websites von Drittanbietern<\/h4>\t\t\t\t<\/div>\n\t\t\t\t<\/div>\n\t\t\t\t<div class=\"elementor-element elementor-element-ad6541e elementor-widget elementor-widget-text-editor\" data-id=\"ad6541e\" data-element_type=\"widget\" data-e-type=\"widget\" data-widget_type=\"text-editor.default\">\n\t\t\t\t<div class=\"elementor-widget-container\">\n\t\t\t\t\t\t\t\t\t<p>Diese Datenschutzerkl\u00e4rung gilt nicht f\u00fcr Websites Dritter, die durch Links mit dieser Website verbunden sind. Wir k\u00f6nnen nicht garantieren, dass diese Dritten Ihre personenbezogenen Daten zuverl\u00e4ssig oder sicher behandeln. Wir empfehlen Ihnen, die Datenschutzerkl\u00e4rung dieser Websites zu lesen, bevor Sie diese Websites nutzen.<\/p>\n\t\t\t\t\t\t\t\t<\/div>\n\t\t\t\t<\/div>\n\t\t\t\t<div class=\"elementor-element elementor-element-de8b485 elementor-widget elementor-widget-heading\" data-id=\"de8b485\" data-element_type=\"widget\" data-e-type=\"widget\" data-widget_type=\"heading.default\">\n\t\t\t\t<div class=\"elementor-widget-container\">\n\t\t\t\t\t<h4 class=\"elementor-heading-title elementor-size-default\">7. Sicherheitsma\u00dfnahmen<\/h4>\t\t\t\t<\/div>\n\t\t\t\t<\/div>\n\t\t\t\t<div class=\"elementor-element elementor-element-500feaf elementor-widget elementor-widget-text-editor\" data-id=\"500feaf\" data-element_type=\"widget\" data-e-type=\"widget\" data-widget_type=\"text-editor.default\">\n\t\t\t\t<div class=\"elementor-widget-container\">\n\t\t\t\t\t\t\t\t\t<p>Wir bem\u00fchen uns, die Sicherheit Ihrer Daten zu gew\u00e4hrleisten, indem wir angemessene und angemessene technische, physische und administrative Sicherheitsvorkehrungen treffen, einschlie\u00dflich Verschl\u00fcsselungstechnologie, insbesondere in Verbindung mit der Bestelleingabe und der Zahlungsfunktion. Wir k\u00f6nnen jedoch die Sicherheit von Informationen, die online offengelegt werden, nicht garantieren. Dementsprechend versichern oder garantieren wir die Sicherheit der von Ihnen \u00fcbermittelten Informationen nicht, und Sie tun dies auf eigenes Risiko.<\/p>\n\t\t\t\t\t\t\t\t<\/div>\n\t\t\t\t<\/div>\n\t\t\t\t<div class=\"elementor-element elementor-element-d396f49 elementor-widget elementor-widget-heading\" data-id=\"d396f49\" data-element_type=\"widget\" data-e-type=\"widget\" data-widget_type=\"heading.default\">\n\t\t\t\t<div class=\"elementor-widget-container\">\n\t\t\t\t\t<h4 class=\"elementor-heading-title elementor-size-default\">\u00c4nderungen dieser Datenschutzerkl\u00e4rung<\/h4>\t\t\t\t<\/div>\n\t\t\t\t<\/div>\n\t\t\t\t<div class=\"elementor-element elementor-element-5a07315 elementor-widget elementor-widget-text-editor\" data-id=\"5a07315\" data-element_type=\"widget\" data-e-type=\"widget\" data-widget_type=\"text-editor.default\">\n\t\t\t\t<div class=\"elementor-widget-container\">\n\t\t\t\t\t\t\t\t\t<p>Da wir nicht ausschlie\u00dfen, dass sich unsere Dienste in Zukunft \u00e4ndern k\u00f6nnen, kann sich auch diese Datenschutzerkl\u00e4rung in einigen Punkten \u00e4ndern. Wir empfehlen Ihnen, diese Datenschutzerkl\u00e4rung regelm\u00e4\u00dfig zu konsultieren, damit Sie \u00fcber diese \u00c4nderungen informiert sind. Das Datum der letzten Anpassung ist weiter oben auf dieser Seite angegeben.<\/p>\n\t\t\t\t\t\t\t\t<\/div>\n\t\t\t\t<\/div>\n\t\t\t\t<div class=\"elementor-element elementor-element-fb4ab00 elementor-widget elementor-widget-heading\" data-id=\"fb4ab00\" data-element_type=\"widget\" data-e-type=\"widget\" data-widget_type=\"heading.default\">\n\t\t\t\t<div class=\"elementor-widget-container\">\n\t\t\t\t\t<h4 class=\"elementor-heading-title elementor-size-default\">Rechte bez\u00fcglich Ihrer Daten<\/h4>\t\t\t\t<\/div>\n\t\t\t\t<\/div>\n\t\t\t\t<div class=\"elementor-element elementor-element-015d6f0 elementor-widget elementor-widget-text-editor\" data-id=\"015d6f0\" data-element_type=\"widget\" data-e-type=\"widget\" data-widget_type=\"text-editor.default\">\n\t\t\t\t<div class=\"elementor-widget-container\">\n\t\t\t\t\t\t\t\t\t<p>Sie haben das Recht, die von uns \u00fcber Sie gespeicherten personenbezogenen Daten einzusehen, zu berichtigen oder zu l\u00f6schen<br \/>habe erhalten. Sie k\u00f6nnen auch der Verarbeitung Ihrer<br \/>personenbezogene Daten (oder Teile davon) von uns oder einem unserer Auftragsverarbeiter. Hast du auch<br \/>das Recht, die von Ihnen bereitgestellten Daten von uns an sich selbst oder im Auftrag von . \u00fcbermitteln zu lassen<br \/>von Ihnen direkt an eine andere Partei. Wir k\u00f6nnen Sie bitten, sich zu identifizieren, bevor wir antworten<br \/>um den oben genannten Aufforderungen nachzukommen.<br \/>Wenn Sie uns zuvor eine Einwilligung zur Verarbeitung Ihrer personenbezogenen Daten erteilt haben, haben Sie jederzeit das Recht, diese Einwilligung zu widerrufen. <\/p><\/p>\n\t\t\t\t\t\t\t\t<\/div>\n\t\t\t\t<\/div>\n\t\t\t\t<div class=\"elementor-element elementor-element-71040c0 elementor-widget elementor-widget-heading\" data-id=\"71040c0\" data-element_type=\"widget\" data-e-type=\"widget\" data-widget_type=\"heading.default\">\n\t\t\t\t<div class=\"elementor-widget-container\">\n\t\t\t\t\t<h4 class=\"elementor-heading-title elementor-size-default\">Beschwerden<\/h4>\t\t\t\t<\/div>\n\t\t\t\t<\/div>\n\t\t\t\t<div class=\"elementor-element elementor-element-1d402f5 elementor-widget elementor-widget-text-editor\" data-id=\"1d402f5\" data-element_type=\"widget\" data-e-type=\"widget\" data-widget_type=\"text-editor.default\">\n\t\t\t\t<div class=\"elementor-widget-container\">\n\t\t\t\t\t\t\t\t\t<p>Wenn Sie eine Beschwerde \u00fcber die Verarbeitung Ihrer personenbezogenen Daten haben, bitten wir Sie, sich unverz\u00fcglich an uns zu wenden. Sollten wir gemeinsam mit Ihnen keine L\u00f6sung finden, finden wir dies nat\u00fcrlich sehr \u00e4rgerlich. Sie haben jederzeit das Recht, eine Beschwerde bei der niederl\u00e4ndischen Datenschutzbeh\u00f6rde, der Aufsichtsbeh\u00f6rde f\u00fcr den Datenschutz, einzureichen.<\/p>\n\t\t\t\t\t\t\t\t<\/div>\n\t\t\t\t<\/div>\n\t\t\t\t\t<\/div>\n\t\t<\/div>\n\t\t\t\t\t<\/div>\n\t\t<\/section>\n\t\t\t\t<section class=\"elementor-section elementor-top-section elementor-element elementor-element-4229634 elementor-section-boxed elementor-section-height-default elementor-section-height-default\" data-id=\"4229634\" data-element_type=\"section\" data-e-type=\"section\">\n\t\t\t\t\t\t<div class=\"elementor-container elementor-column-gap-default\">\n\t\t\t\t\t<div class=\"elementor-column elementor-col-100 elementor-top-column elementor-element elementor-element-cb532b0\" data-id=\"cb532b0\" data-element_type=\"column\" data-e-type=\"column\">\n\t\t\t<div class=\"elementor-widget-wrap elementor-element-populated\">\n\t\t\t\t\t\t<div class=\"elementor-element elementor-element-5f40bd3 elementor-widget elementor-widget-spacer\" data-id=\"5f40bd3\" data-element_type=\"widget\" data-e-type=\"widget\" data-widget_type=\"spacer.default\">\n\t\t\t\t<div class=\"elementor-widget-container\">\n\t\t\t\t\t\t\t<div class=\"elementor-spacer\">\n\t\t\t<div class=\"elementor-spacer-inner\"><\/div>\n\t\t<\/div>\n\t\t\t\t\t\t<\/div>\n\t\t\t\t<\/div>\n\t\t\t\t\t<\/div>\n\t\t<\/div>\n\t\t\t\t\t<\/div>\n\t\t<\/section>\n\t\t\t\t<\/div>\n\t\t","protected":false},"excerpt":{"rendered":"<p>Datenschutz-Bestimmungen Erkl\u00e4rung \u00dcber diese Website werden personenbezogene Daten verarbeitet. Unser Unternehmen legt Wert auf einen guten Umgang mitPersonenbezogene Daten sind von gro\u00dfer Bedeutung. Personenbezogene Daten werden daher von uns sorgf\u00e4ltig verarbeitet und gesichert.Bei unserer Verarbeitung halten wir uns an die Anforderungen der Allgemeinen VerordnungDatenschutz (DSGVO) erkl\u00e4rt.Das bedeutet unter anderem, dass wir: &#8211; die Zwecke, f\u00fcr [&hellip;]<\/p>\n","protected":false},"author":1,"featured_media":0,"parent":0,"menu_order":0,"comment_status":"closed","ping_status":"closed","template":"full-width.php","meta":{"_acf_changed":false,"footnotes":""},"class_list":["post-9865","page","type-page","status-publish","hentry"],"acf":[],"yoast_head":"<!-- This site is optimized with the Yoast SEO plugin v27.4 - https:\/\/yoast.com\/product\/yoast-seo-wordpress\/ -->\n<title>Fitness Shop - Jupiter X Vorlagen<\/title>\n<meta name=\"description\" content=\"F\u00fchlen Sie sich frisch mit der Fitness Shop-Website-Vorlage von Jupiter X WP Theme, die Ihren Shop mit E-Commerce-Funktionalit\u00e4t online bringt.\" \/>\n<meta name=\"robots\" content=\"index, follow, max-snippet:-1, max-image-preview:large, max-video-preview:-1\" \/>\n<link rel=\"canonical\" href=\"https:\/\/www.smart-meals.nl\/de\/privatsphaere\/\" \/>\n<meta property=\"og:locale\" content=\"de_DE\" \/>\n<meta property=\"og:type\" content=\"article\" \/>\n<meta property=\"og:title\" content=\"Fitness Shop - Jupiter X Vorlagen\" \/>\n<meta property=\"og:description\" content=\"F\u00fchlen Sie sich frisch mit der Fitness Shop-Website-Vorlage von Jupiter X WP Theme, die Ihren Shop mit E-Commerce-Funktionalit\u00e4t online bringt.\" \/>\n<meta property=\"og:url\" content=\"https:\/\/www.smart-meals.nl\/de\/privatsphaere\/\" \/>\n<meta property=\"og:site_name\" content=\"Smart Meals\" \/>\n<meta property=\"article:publisher\" content=\"https:\/\/www.facebook.com\/SmartMealsOfficial\" \/>\n<meta name=\"twitter:card\" content=\"summary_large_image\" \/>\n<meta name=\"twitter:label1\" content=\"Gesch\u00e4tzte Lesezeit\" \/>\n\t<meta name=\"twitter:data1\" content=\"4\u00a0Minuten\" \/>\n<script type=\"application\/ld+json\" class=\"yoast-schema-graph\">{\"@context\":\"https:\\\/\\\/schema.org\",\"@graph\":[{\"@type\":\"WebPage\",\"@id\":\"https:\\\/\\\/www.smart-meals.nl\\\/de\\\/privatsphaere\\\/\",\"url\":\"https:\\\/\\\/www.smart-meals.nl\\\/de\\\/privatsphaere\\\/\",\"name\":\"Fitness Shop - Jupiter X Vorlagen\",\"isPartOf\":{\"@id\":\"https:\\\/\\\/www.smart-meals.nl\\\/de\\\/#website\"},\"datePublished\":\"2021-11-19T19:58:02+00:00\",\"description\":\"F\u00fchlen Sie sich frisch mit der Fitness Shop-Website-Vorlage von Jupiter X WP Theme, die Ihren Shop mit E-Commerce-Funktionalit\u00e4t online bringt.\",\"breadcrumb\":{\"@id\":\"https:\\\/\\\/www.smart-meals.nl\\\/de\\\/privatsphaere\\\/#breadcrumb\"},\"inLanguage\":\"de\",\"potentialAction\":[{\"@type\":\"ReadAction\",\"target\":[\"https:\\\/\\\/www.smart-meals.nl\\\/de\\\/privatsphaere\\\/\"]}]},{\"@type\":\"BreadcrumbList\",\"@id\":\"https:\\\/\\\/www.smart-meals.nl\\\/de\\\/privatsphaere\\\/#breadcrumb\",\"itemListElement\":[{\"@type\":\"ListItem\",\"position\":1,\"name\":\"Home\",\"item\":\"https:\\\/\\\/www.smart-meals.nl\\\/de\\\/\"},{\"@type\":\"ListItem\",\"position\":2,\"name\":\"Privatsph\u00e4re\"}]},{\"@type\":\"WebSite\",\"@id\":\"https:\\\/\\\/www.smart-meals.nl\\\/de\\\/#website\",\"url\":\"https:\\\/\\\/www.smart-meals.nl\\\/de\\\/\",\"name\":\"Smart Meals\",\"description\":\"Healthy High Protein Meals\",\"publisher\":{\"@id\":\"https:\\\/\\\/www.smart-meals.nl\\\/de\\\/#organization\"},\"potentialAction\":[{\"@type\":\"SearchAction\",\"target\":{\"@type\":\"EntryPoint\",\"urlTemplate\":\"https:\\\/\\\/www.smart-meals.nl\\\/de\\\/?s={search_term_string}\"},\"query-input\":{\"@type\":\"PropertyValueSpecification\",\"valueRequired\":true,\"valueName\":\"search_term_string\"}}],\"inLanguage\":\"de\"},{\"@type\":\"Organization\",\"@id\":\"https:\\\/\\\/www.smart-meals.nl\\\/de\\\/#organization\",\"name\":\"Smart Meals\",\"url\":\"https:\\\/\\\/www.smart-meals.nl\\\/de\\\/\",\"logo\":{\"@type\":\"ImageObject\",\"inLanguage\":\"de\",\"@id\":\"https:\\\/\\\/www.smart-meals.nl\\\/de\\\/#\\\/schema\\\/logo\\\/image\\\/\",\"url\":\"https:\\\/\\\/www.smart-meals.nl\\\/wp-content\\\/uploads\\\/2021\\\/03\\\/cropped-logo.png\",\"contentUrl\":\"https:\\\/\\\/www.smart-meals.nl\\\/wp-content\\\/uploads\\\/2021\\\/03\\\/cropped-logo.png\",\"width\":512,\"height\":512,\"caption\":\"Smart Meals\"},\"image\":{\"@id\":\"https:\\\/\\\/www.smart-meals.nl\\\/de\\\/#\\\/schema\\\/logo\\\/image\\\/\"},\"sameAs\":[\"https:\\\/\\\/www.facebook.com\\\/SmartMealsOfficial\"]}]}<\/script>\n<!-- \/ Yoast SEO plugin. -->","yoast_head_json":{"title":"Fitness Shop - Jupiter X Vorlagen","description":"F\u00fchlen Sie sich frisch mit der Fitness Shop-Website-Vorlage von Jupiter X WP Theme, die Ihren Shop mit E-Commerce-Funktionalit\u00e4t online bringt.","robots":{"index":"index","follow":"follow","max-snippet":"max-snippet:-1","max-image-preview":"max-image-preview:large","max-video-preview":"max-video-preview:-1"},"canonical":"https:\/\/www.smart-meals.nl\/de\/privatsphaere\/","og_locale":"de_DE","og_type":"article","og_title":"Fitness Shop - Jupiter X Vorlagen","og_description":"F\u00fchlen Sie sich frisch mit der Fitness Shop-Website-Vorlage von Jupiter X WP Theme, die Ihren Shop mit E-Commerce-Funktionalit\u00e4t online bringt.","og_url":"https:\/\/www.smart-meals.nl\/de\/privatsphaere\/","og_site_name":"Smart Meals","article_publisher":"https:\/\/www.facebook.com\/SmartMealsOfficial","twitter_card":"summary_large_image","twitter_misc":{"Gesch\u00e4tzte Lesezeit":"4\u00a0Minuten"},"schema":{"@context":"https:\/\/schema.org","@graph":[{"@type":"WebPage","@id":"https:\/\/www.smart-meals.nl\/de\/privatsphaere\/","url":"https:\/\/www.smart-meals.nl\/de\/privatsphaere\/","name":"Fitness Shop - Jupiter X Vorlagen","isPartOf":{"@id":"https:\/\/www.smart-meals.nl\/de\/#website"},"datePublished":"2021-11-19T19:58:02+00:00","description":"F\u00fchlen Sie sich frisch mit der Fitness Shop-Website-Vorlage von Jupiter X WP Theme, die Ihren Shop mit E-Commerce-Funktionalit\u00e4t online bringt.","breadcrumb":{"@id":"https:\/\/www.smart-meals.nl\/de\/privatsphaere\/#breadcrumb"},"inLanguage":"de","potentialAction":[{"@type":"ReadAction","target":["https:\/\/www.smart-meals.nl\/de\/privatsphaere\/"]}]},{"@type":"BreadcrumbList","@id":"https:\/\/www.smart-meals.nl\/de\/privatsphaere\/#breadcrumb","itemListElement":[{"@type":"ListItem","position":1,"name":"Home","item":"https:\/\/www.smart-meals.nl\/de\/"},{"@type":"ListItem","position":2,"name":"Privatsph\u00e4re"}]},{"@type":"WebSite","@id":"https:\/\/www.smart-meals.nl\/de\/#website","url":"https:\/\/www.smart-meals.nl\/de\/","name":"Smart Meals","description":"Healthy High Protein Meals","publisher":{"@id":"https:\/\/www.smart-meals.nl\/de\/#organization"},"potentialAction":[{"@type":"SearchAction","target":{"@type":"EntryPoint","urlTemplate":"https:\/\/www.smart-meals.nl\/de\/?s={search_term_string}"},"query-input":{"@type":"PropertyValueSpecification","valueRequired":true,"valueName":"search_term_string"}}],"inLanguage":"de"},{"@type":"Organization","@id":"https:\/\/www.smart-meals.nl\/de\/#organization","name":"Smart Meals","url":"https:\/\/www.smart-meals.nl\/de\/","logo":{"@type":"ImageObject","inLanguage":"de","@id":"https:\/\/www.smart-meals.nl\/de\/#\/schema\/logo\/image\/","url":"https:\/\/www.smart-meals.nl\/wp-content\/uploads\/2021\/03\/cropped-logo.png","contentUrl":"https:\/\/www.smart-meals.nl\/wp-content\/uploads\/2021\/03\/cropped-logo.png","width":512,"height":512,"caption":"Smart Meals"},"image":{"@id":"https:\/\/www.smart-meals.nl\/de\/#\/schema\/logo\/image\/"},"sameAs":["https:\/\/www.facebook.com\/SmartMealsOfficial"]}]}},"_links":{"self":[{"href":"https:\/\/www.smart-meals.nl\/de\/wp-json\/wp\/v2\/pages\/9865","targetHints":{"allow":["GET"]}}],"collection":[{"href":"https:\/\/www.smart-meals.nl\/de\/wp-json\/wp\/v2\/pages"}],"about":[{"href":"https:\/\/www.smart-meals.nl\/de\/wp-json\/wp\/v2\/types\/page"}],"author":[{"embeddable":true,"href":"https:\/\/www.smart-meals.nl\/de\/wp-json\/wp\/v2\/users\/1"}],"replies":[{"embeddable":true,"href":"https:\/\/www.smart-meals.nl\/de\/wp-json\/wp\/v2\/comments?post=9865"}],"version-history":[{"count":0,"href":"https:\/\/www.smart-meals.nl\/de\/wp-json\/wp\/v2\/pages\/9865\/revisions"}],"wp:attachment":[{"href":"https:\/\/www.smart-meals.nl\/de\/wp-json\/wp\/v2\/media?parent=9865"}],"curies":[{"name":"wp","href":"https:\/\/api.w.org\/{rel}","templated":true}]}}