{"id":9866,"date":"2019-09-05T05:07:41","date_gmt":"2019-09-05T03:07:41","guid":{"rendered":"https:\/\/www.smart-meals.nl\/intelligente-mahlzeiten-faq\/"},"modified":"2025-01-16T12:02:13","modified_gmt":"2025-01-16T11:02:13","slug":"intelligente-mahlzeiten-faq","status":"publish","type":"page","link":"https:\/\/www.smart-meals.nl\/de\/intelligente-mahlzeiten-faq\/","title":{"rendered":"Intelligente Mahlzeiten FAQ"},"content":{"rendered":"\t\t<div data-elementor-type=\"wp-page\" data-elementor-id=\"9866\" class=\"elementor elementor-9866 elementor-55\">\n\t\t\t\t\t\t<section class=\"elementor-section elementor-top-section elementor-element elementor-element-37528fc elementor-section-boxed elementor-section-height-default elementor-section-height-default\" data-id=\"37528fc\" data-element_type=\"section\" data-e-type=\"section\" data-settings=\"{&quot;background_background&quot;:&quot;classic&quot;}\">\n\t\t\t\t\t\t<div class=\"elementor-container elementor-column-gap-default\">\n\t\t\t\t\t<div class=\"elementor-column elementor-col-100 elementor-top-column elementor-element elementor-element-29d31aa\" data-id=\"29d31aa\" data-element_type=\"column\" data-e-type=\"column\">\n\t\t\t<div class=\"elementor-widget-wrap elementor-element-populated\">\n\t\t\t\t\t\t<div class=\"elementor-element elementor-element-e297c73 elementor-widget elementor-widget-text-editor\" data-id=\"e297c73\" data-element_type=\"widget\" data-e-type=\"widget\" data-widget_type=\"text-editor.default\">\n\t\t\t\t<div class=\"elementor-widget-container\">\n\t\t\t\t\t\t\t\t\t<h2>Wie werden die Mahlzeiten geliefert?<\/h2>\n<div class=\"vc_toggle vc_toggle_arrow vc_toggle_color_default vc_toggle_size_md vc_toggle_active\">\n<div class=\"vc_toggle_content\">\n<div class=\"vc_toggle vc_toggle_arrow vc_toggle_color_default vc_toggle_size_md vc_toggle_active\">\n<div class=\"vc_toggle_content\">\n<div class=\"vc_toggle vc_toggle_arrow vc_toggle_color_default vc_toggle_size_md vc_toggle_active\">\n<div class=\"vc_toggle_content\">\n<div class=\"vc_col-sm-8 wpb_column column_container _ height-full\">\n<div class=\"vc_toggle vc_toggle_arrow vc_toggle_color_default vc_toggle_size_md vc_toggle_active\">\n<div class=\"vc_toggle_content\">\n<p>Unsere Mahlzeiten sind in speziellen Isolierverpackungen verpackt. Wenn Sie sich f\u00fcr 17:00-22:30 entscheiden, erhalten Sie es in einer biologisch abbaubaren Verpackung. Wenn Sie die Lieferung von 8:00 bis 17:00 Uhr w\u00e4hlen, erhalten Sie sie in einer Isoliertasche. Dank unserer speziellen Verpackungsmethode k\u00f6nnen wir garantieren, dass die Speisen immer gek\u00fchlt geliefert werden.<\/p>\n<\/div>\n<\/div>\n<\/div>\n<\/div>\n<\/div>\n<\/div>\n<\/div>\n<\/div>\n<\/div>\n\t\t\t\t\t\t\t\t<\/div>\n\t\t\t\t<\/div>\n\t\t\t\t<div class=\"elementor-element elementor-element-b27d3f0 elementor-widget elementor-widget-text-editor\" data-id=\"b27d3f0\" data-element_type=\"widget\" data-e-type=\"widget\" data-widget_type=\"text-editor.default\">\n\t\t\t\t<div class=\"elementor-widget-container\">\n\t\t\t\t\t\t\t\t\t<h2>Ich bin nicht zu Hause. Was nun?<\/h2>\n<div class=\"vc_toggle vc_toggle_arrow vc_toggle_color_default vc_toggle_size_md vc_toggle_active\">\n<div class=\"vc_toggle_content\">\n<div class=\"vc_toggle vc_toggle_arrow vc_toggle_color_default vc_toggle_size_md vc_toggle_active\">\n<div class=\"vc_toggle_content\">\n<div class=\"vc_toggle vc_toggle_arrow vc_toggle_color_default vc_toggle_size_md vc_toggle_active\">\n<div class=\"vc_toggle_content\">\n<div class=\"vc_col-sm-8 wpb_column column_container _ height-full\">\n<div class=\"vc_toggle vc_toggle_arrow vc_toggle_color_default vc_toggle_size_md vc_toggle_active\">\n<div class=\"vc_toggle_content\">\n<div class=\"vc_col-sm-8 wpb_column column_container _ height-full\">\n<div class=\"vc_toggle vc_toggle_arrow vc_toggle_color_default vc_toggle_size_md vc_toggle_active\">\n<div class=\"vc_toggle_content\">\n<p>Wenn Sie nicht zu Hause sind, wenn der Zusteller vorbeikommt, wird Ihr Paket bei Ihren Nachbarn oder einer Postfiliale abgegeben. Der Zusteller kann sie auch am n\u00e4chsten Tag anbieten. Es liegt in Ihrer Verantwortung, daf\u00fcr zu sorgen, dass jemand da ist, der das Paket entgegennimmt.<\/p>\n<\/div>\n<\/div>\n<\/div>\n<\/div>\n<\/div>\n<\/div>\n<\/div>\n<\/div>\n<\/div>\n<\/div>\n<\/div>\n<\/div>\n\t\t\t\t\t\t\t\t<\/div>\n\t\t\t\t<\/div>\n\t\t\t\t<div class=\"elementor-element elementor-element-ad22d1d elementor-widget elementor-widget-text-editor\" data-id=\"ad22d1d\" data-element_type=\"widget\" data-e-type=\"widget\" data-widget_type=\"text-editor.default\">\n\t\t\t\t<div class=\"elementor-widget-container\">\n\t\t\t\t\t\t\t\t\t<h2>Was soll ich mit dem Isolationsbeutel machen?<\/h2>\n<h2><span style=\"color: #4b4b4b; font-size: 16px; font-weight: 400;\">Der Isolierbeutel ist aus recyceltem Kunststoff hergestellt, so dass Sie ihn mit einem guten Gef\u00fchl wegwerfen k\u00f6nnen. Wenn Sie sie dennoch recyceln m\u00f6chten, k\u00f6nnen Sie sie pro 5 Beutel aufheben und in dem Karton zur\u00fcckgeben, in dem die letzte Bestellung geliefert wurde. Sie erhalten dann von uns einen Gutschein im Wert von 7,50 \u20ac.   Vergewissern Sie sich, dass die 5 Beutel gut in der Schachtel befestigt sind und dass die Beutel sauber und unversehrt sind. Sie k\u00f6nnen es an Smart Meals, Sisalbaan 5A, 2352AZ Leiderdorp Niederlande senden.<\/span><\/h2>\t\t\t\t\t\t\t\t<\/div>\n\t\t\t\t<\/div>\n\t\t\t\t<div class=\"elementor-element elementor-element-f59f038 elementor-widget elementor-widget-text-editor\" data-id=\"f59f038\" data-element_type=\"widget\" data-e-type=\"widget\" data-widget_type=\"text-editor.default\">\n\t\t\t\t<div class=\"elementor-widget-container\">\n\t\t\t\t\t\t\t\t\t<h2>Kann ich mein Paket verfolgen?<\/h2>\n<div class=\"vc_toggle vc_toggle_arrow vc_toggle_color_default vc_toggle_size_md vc_toggle_active\">\n<div class=\"vc_toggle_content\">\n<div class=\"vc_toggle vc_toggle_arrow vc_toggle_color_default vc_toggle_size_md vc_toggle_active\">\n<div class=\"vc_toggle_content\">\n<div class=\"vc_toggle vc_toggle_arrow vc_toggle_color_default vc_toggle_size_md vc_toggle_active\">\n<div class=\"vc_toggle_content\">\n<div class=\"vc_col-sm-8 wpb_column column_container _ height-full\">\n<div class=\"vc_toggle vc_toggle_arrow vc_toggle_color_default vc_toggle_size_md vc_toggle_active\">\n<div class=\"vc_toggle_content\">\n<div class=\"vc_col-sm-8 wpb_column column_container _ height-full\">\n<div class=\"vc_toggle vc_toggle_arrow vc_toggle_color_default vc_toggle_size_md vc_toggle_active\">\n<div class=\"vc_toggle_content\">\n<div class=\"vc_col-sm-8 wpb_column column_container _ height-full\">\n<div class=\"vc_toggle vc_toggle_arrow vc_toggle_color_default vc_toggle_size_md vc_toggle_active\">\n<div class=\"vc_toggle_content\">\n<p>Sobald die Bestellung von uns verpackt und versandt wurde, erhalten Sie eine E-Mail mit dem Track &amp; Trace-Code Ihres Pakets. Auf diese Weise k\u00f6nnen Sie Ihr Paket verfolgen und sehen, wann es geliefert wird. Wenn Sie die E-Mail nicht erhalten, befindet sie sich m\u00f6glicherweise in Ihrer Junk-Mail. Die Track &amp; Trace-Schaltfl\u00e4che wird m\u00f6glicherweise erst angezeigt, wenn der Kurier die Lieferzeit aktualisiert hat. <\/p>\n<\/div>\n<\/div>\n<\/div>\n<\/div>\n<\/div>\n<\/div>\n<\/div>\n<\/div>\n<\/div>\n<\/div>\n<\/div>\n<\/div>\n<\/div>\n<\/div>\n<\/div>\n\t\t\t\t\t\t\t\t<\/div>\n\t\t\t\t<\/div>\n\t\t\t\t<div class=\"elementor-element elementor-element-03edf5a elementor-widget elementor-widget-text-editor\" data-id=\"03edf5a\" data-element_type=\"widget\" data-e-type=\"widget\" data-widget_type=\"text-editor.default\">\n\t\t\t\t<div class=\"elementor-widget-container\">\n\t\t\t\t\t\t\t\t\t<h2>Wie lange sind die Mahlzeiten haltbar?<\/h2>\n<div class=\"vc_toggle vc_toggle_arrow vc_toggle_color_default vc_toggle_size_md vc_toggle_active\">\n<div class=\"vc_toggle_content\">\n<div class=\"vc_toggle vc_toggle_arrow vc_toggle_color_default vc_toggle_size_md vc_toggle_active\">\n<div class=\"vc_toggle_content\">\n<div class=\"vc_toggle vc_toggle_arrow vc_toggle_color_default vc_toggle_size_md vc_toggle_active\">\n<div class=\"vc_toggle_content\">\n<div class=\"vc_col-sm-8 wpb_column column_container _ height-full\">\n<div class=\"vc_toggle vc_toggle_arrow vc_toggle_color_default vc_toggle_size_md vc_toggle_active\">\n<div class=\"vc_toggle_content\">\n<div class=\"vc_col-sm-8 wpb_column column_container _ height-full\">\n<div class=\"vc_toggle vc_toggle_arrow vc_toggle_color_default vc_toggle_size_md vc_toggle_active\">\n<div class=\"vc_toggle_content\">\n<div class=\"vc_col-sm-8 wpb_column column_container _ height-full\">\n<div class=\"vc_toggle vc_toggle_arrow vc_toggle_color_default vc_toggle_size_md vc_toggle_active\">\n<div class=\"vc_toggle_content\">\n<div class=\"vc_col-sm-8 wpb_column column_container _ height-full\">\n<div class=\"vc_toggle vc_toggle_arrow vc_toggle_color_default vc_toggle_size_md vc_toggle_active\">\n<div class=\"vc_toggle_content\">\n<p>Unsere Speisen sind bei -18\u00b0C im Gefrierschrank tiefgek\u00fchlt 3 Monate haltbar. Die Speisen sind 5 Tage im K\u00fchlschrank haltbar.<\/p>\n<\/div>\n<\/div>\n<\/div>\n<\/div>\n<\/div>\n<\/div>\n<\/div>\n<\/div>\n<\/div>\n<\/div>\n<\/div>\n<\/div>\n<\/div>\n<\/div>\n<\/div>\n<\/div>\n<\/div>\n<\/div>\n\t\t\t\t\t\t\t\t<\/div>\n\t\t\t\t<\/div>\n\t\t\t\t<div class=\"elementor-element elementor-element-b3df995 elementor-widget elementor-widget-text-editor\" data-id=\"b3df995\" data-element_type=\"widget\" data-e-type=\"widget\" data-widget_type=\"text-editor.default\">\n\t\t\t\t<div class=\"elementor-widget-container\">\n\t\t\t\t\t\t\t\t\t<h2>Welche Qualit\u00e4t hat das Huhn?<\/h2>\n<div class=\"vc_toggle vc_toggle_arrow vc_toggle_color_default vc_toggle_size_md vc_toggle_active\">\n<div class=\"vc_toggle_content\">\n<p>Unsere H\u00fchner haben ein \u00fcberdurchschnittlich gutes Leben, mehr Platz, leben l\u00e4nger und sind vor der Schlachtung bet\u00e4ubt. Es erf\u00fcllt alle Zertifikate und ISO-Normen. Es ist auch halal-zertifiziert <a href=\"https:\/\/www.smart-meals.nl\/wp-content\/uploads\/2024\/09\/51_Kaona_Halal-chicken_20241123.pdf\">Klicken Sie hier.<\/a> Das Pulled Chicken ist au\u00dferdem halal-zertifiziert <a href=\"https:\/\/www.smart-meals.nl\/wp-content\/uploads\/2022\/03\/BRWDCE99497011A_007748.pdf\">Klicken Sie hier.<\/a><\/p>\n<\/div>\n<\/div>\t\t\t\t\t\t\t\t<\/div>\n\t\t\t\t<\/div>\n\t\t\t\t<div class=\"elementor-element elementor-element-90c4ccf elementor-widget elementor-widget-text-editor\" data-id=\"90c4ccf\" data-element_type=\"widget\" data-e-type=\"widget\" data-widget_type=\"text-editor.default\">\n\t\t\t\t<div class=\"elementor-widget-container\">\n\t\t\t\t\t\t\t\t\t<h2>Welche Qualit\u00e4t hat das Rindfleisch?<\/h2>\n<div class=\"vc_toggle vc_toggle_arrow vc_toggle_color_default vc_toggle_size_md vc_toggle_active\">\n<div class=\"vc_toggle_content\">\n<div class=\"vc_toggle vc_toggle_arrow vc_toggle_color_default vc_toggle_size_md vc_toggle_active\">\n<div class=\"vc_toggle_content\">\n<p>Unser Rindfleisch hat ein \u00fcberdurchschnittlich gutes Leben, mehr Platz, lebt l\u00e4nger und wird vor der Schlachtung bet\u00e4ubt. Es erf\u00fcllt alle Zertifikate und ISO-Normen. Nat\u00fcrlich wurde das Rindfleisch auch mikrobiologisch ausgiebig getestet und entspricht den strengsten EU-Vorschriften. Fast alles Rindfleisch ist halal-zertifiziert. <a href=\"https:\/\/www.smart-meals.nl\/wp-content\/uploads\/2021\/10\/halal-2021-lodewijksmeat-nl.pdf\">Klicken Sie hier<\/a> Wenn es nicht halal ist, wird dies beim Essen angegeben.<\/p>\n<\/div>\n<\/div>\n<\/div>\n<\/div>\n\t\t\t\t\t\t\t\t<\/div>\n\t\t\t\t<\/div>\n\t\t\t\t<div class=\"elementor-element elementor-element-f82117b elementor-widget elementor-widget-text-editor\" data-id=\"f82117b\" data-element_type=\"widget\" data-e-type=\"widget\" data-widget_type=\"text-editor.default\">\n\t\t\t\t<div class=\"elementor-widget-container\">\n\t\t\t\t\t\t\t\t\t<h2>Wie bereite ich die Mahlzeiten zu?<\/h2>\n<div>\n<div>\n<div>\n<div>\n<div>\n<div>\n<p>Sie k\u00f6nnen die Speisen direkt aus dem Gefrierschrank in 5-6 Minuten bei 900 Watt aufw\u00e4rmen. 10-12 Minuten in der Pfanne oder im Backofen bei 220 <span style=\"color: rgb(77, 81, 86); font-family: arial, sans-serif; font-size: 14px;\">\u00b0C erhitzen<\/span>&nbsp; f\u00fcr 20-25 Minuten. Entfernen Sie die Folie vor dem Kochen.<\/p>\n<p>Sie k\u00f6nnen sie auch im K\u00fchlschrank aufbewahren. In diesem Fall in 2-3 Minuten bei 900 Watt aufw\u00e4rmen. 6-9 Minuten in der Pfanne oder im Backofen bei 220 <span style=\"color: rgb(77, 81, 86); font-family: arial, sans-serif; font-size: 14px;\">\u00b0C erhitzen<\/span>&nbsp; f\u00fcr 15-20 Minuten. Entfernen Sie die Folie vor dem Kochen.<\/p>\n<\/div>\n<\/div>\n<\/div>\n<\/div>\n<\/div>\n<\/div>\t\t\t\t\t\t\t\t<\/div>\n\t\t\t\t<\/div>\n\t\t\t\t<div class=\"elementor-element elementor-element-5031d08 elementor-widget elementor-widget-text-editor\" data-id=\"5031d08\" data-element_type=\"widget\" data-e-type=\"widget\" data-widget_type=\"text-editor.default\">\n\t\t\t\t<div class=\"elementor-widget-container\">\n\t\t\t\t\t\t\t\t\t<h2>Kann ich einen Aktionscode aus den sozialen Medien \u00f6fter verwenden?<\/h2><h2><font color=\"#4b4b4b\"><span style=\"font-size: 16px; font-weight: 400;\">Die Promotion-Codes f\u00fcr die erste Bestellung bei unseren Social-Media-Partnern k\u00f6nnen nur einmal pro Person\/Postanschrift verwendet werden.&nbsp;<\/span><\/font><\/h2><div><div><div><div><div><div>\n<\/div>\n<\/div>\n<\/div>\n<\/div>\n<\/div>\n<\/div>\t\t\t\t\t\t\t\t<\/div>\n\t\t\t\t<\/div>\n\t\t\t\t\t<\/div>\n\t\t<\/div>\n\t\t\t\t\t<\/div>\n\t\t<\/section>\n\t\t\t\t<\/div>\n\t\t","protected":false},"excerpt":{"rendered":"<p>Wie werden die Mahlzeiten geliefert? Unsere Mahlzeiten sind in speziellen Isolierverpackungen verpackt. Wenn Sie sich f\u00fcr 17:00-22:30 entscheiden, erhalten Sie es in einer biologisch abbaubaren Verpackung. Wenn Sie die Lieferung von 8:00 bis 17:00 Uhr w\u00e4hlen, erhalten Sie sie in einer Isoliertasche. Dank unserer speziellen Verpackungsmethode k\u00f6nnen wir garantieren, dass die Speisen immer gek\u00fchlt geliefert [&hellip;]<\/p>\n","protected":false},"author":1,"featured_media":0,"parent":0,"menu_order":0,"comment_status":"closed","ping_status":"closed","template":"full-width.php","meta":{"_acf_changed":false,"footnotes":""},"class_list":["post-9866","page","type-page","status-publish","hentry"],"acf":[],"yoast_head":"<!-- This site is optimized with the Yoast SEO plugin v27.3 - https:\/\/yoast.com\/product\/yoast-seo-wordpress\/ -->\n<title>H\u00e4ufig gestellte Fragen zu unseren Sportgerichten und gesunden Snacks<\/title>\n<meta name=\"description\" content=\"Haben Sie eine Frage zu Sportmahlzeiten oder einem unserer anderen Produkte? Fragen Sie gerne per Chat, E-Mail oder Telefon nach. Wir sind erreichbar.\" \/>\n<meta name=\"robots\" content=\"index, follow, max-snippet:-1, max-image-preview:large, max-video-preview:-1\" \/>\n<link rel=\"canonical\" href=\"https:\/\/www.smart-meals.nl\/de\/intelligente-mahlzeiten-faq\/\" \/>\n<meta property=\"og:locale\" content=\"de_DE\" \/>\n<meta property=\"og:type\" content=\"article\" \/>\n<meta property=\"og:title\" content=\"H\u00e4ufig gestellte Fragen zu unseren Sportgerichten und gesunden Snacks\" \/>\n<meta property=\"og:description\" content=\"Haben Sie eine Frage zu Sportmahlzeiten oder einem unserer anderen Produkte? Fragen Sie gerne per Chat, E-Mail oder Telefon nach. Wir sind erreichbar.\" \/>\n<meta property=\"og:url\" content=\"https:\/\/www.smart-meals.nl\/de\/intelligente-mahlzeiten-faq\/\" \/>\n<meta property=\"og:site_name\" content=\"Smart Meals\" \/>\n<meta property=\"article:publisher\" content=\"https:\/\/www.facebook.com\/SmartMealsOfficial\" \/>\n<meta property=\"article:modified_time\" content=\"2025-01-16T11:02:13+00:00\" \/>\n<meta name=\"twitter:card\" content=\"summary_large_image\" \/>\n<meta name=\"twitter:label1\" content=\"Gesch\u00e4tzte Lesezeit\" \/>\n\t<meta name=\"twitter:data1\" content=\"3\u00a0Minuten\" \/>\n<script type=\"application\/ld+json\" class=\"yoast-schema-graph\">{\"@context\":\"https:\\\/\\\/schema.org\",\"@graph\":[{\"@type\":\"WebPage\",\"@id\":\"https:\\\/\\\/www.smart-meals.nl\\\/de\\\/intelligente-mahlzeiten-faq\\\/\",\"url\":\"https:\\\/\\\/www.smart-meals.nl\\\/de\\\/intelligente-mahlzeiten-faq\\\/\",\"name\":\"H\u00e4ufig gestellte Fragen zu unseren Sportgerichten und gesunden Snacks\",\"isPartOf\":{\"@id\":\"https:\\\/\\\/www.smart-meals.nl\\\/de\\\/#website\"},\"datePublished\":\"2019-09-05T03:07:41+00:00\",\"dateModified\":\"2025-01-16T11:02:13+00:00\",\"description\":\"Haben Sie eine Frage zu Sportmahlzeiten oder einem unserer anderen Produkte? Fragen Sie gerne per Chat, E-Mail oder Telefon nach. Wir sind erreichbar.\",\"breadcrumb\":{\"@id\":\"https:\\\/\\\/www.smart-meals.nl\\\/de\\\/intelligente-mahlzeiten-faq\\\/#breadcrumb\"},\"inLanguage\":\"de\",\"potentialAction\":[{\"@type\":\"ReadAction\",\"target\":[\"https:\\\/\\\/www.smart-meals.nl\\\/de\\\/intelligente-mahlzeiten-faq\\\/\"]}]},{\"@type\":\"BreadcrumbList\",\"@id\":\"https:\\\/\\\/www.smart-meals.nl\\\/de\\\/intelligente-mahlzeiten-faq\\\/#breadcrumb\",\"itemListElement\":[{\"@type\":\"ListItem\",\"position\":1,\"name\":\"Home\",\"item\":\"https:\\\/\\\/www.smart-meals.nl\\\/de\\\/homenew\\\/\"},{\"@type\":\"ListItem\",\"position\":2,\"name\":\"Intelligente Mahlzeiten FAQ\"}]},{\"@type\":\"WebSite\",\"@id\":\"https:\\\/\\\/www.smart-meals.nl\\\/de\\\/#website\",\"url\":\"https:\\\/\\\/www.smart-meals.nl\\\/de\\\/\",\"name\":\"Smart Meals\",\"description\":\"Healthy High Protein Meals\",\"publisher\":{\"@id\":\"https:\\\/\\\/www.smart-meals.nl\\\/de\\\/#organization\"},\"potentialAction\":[{\"@type\":\"SearchAction\",\"target\":{\"@type\":\"EntryPoint\",\"urlTemplate\":\"https:\\\/\\\/www.smart-meals.nl\\\/de\\\/?s={search_term_string}\"},\"query-input\":{\"@type\":\"PropertyValueSpecification\",\"valueRequired\":true,\"valueName\":\"search_term_string\"}}],\"inLanguage\":\"de\"},{\"@type\":\"Organization\",\"@id\":\"https:\\\/\\\/www.smart-meals.nl\\\/de\\\/#organization\",\"name\":\"Smart Meals\",\"url\":\"https:\\\/\\\/www.smart-meals.nl\\\/de\\\/\",\"logo\":{\"@type\":\"ImageObject\",\"inLanguage\":\"de\",\"@id\":\"https:\\\/\\\/www.smart-meals.nl\\\/de\\\/#\\\/schema\\\/logo\\\/image\\\/\",\"url\":\"https:\\\/\\\/www.smart-meals.nl\\\/wp-content\\\/uploads\\\/2021\\\/03\\\/cropped-logo.png\",\"contentUrl\":\"https:\\\/\\\/www.smart-meals.nl\\\/wp-content\\\/uploads\\\/2021\\\/03\\\/cropped-logo.png\",\"width\":512,\"height\":512,\"caption\":\"Smart Meals\"},\"image\":{\"@id\":\"https:\\\/\\\/www.smart-meals.nl\\\/de\\\/#\\\/schema\\\/logo\\\/image\\\/\"},\"sameAs\":[\"https:\\\/\\\/www.facebook.com\\\/SmartMealsOfficial\"]}]}<\/script>\n<!-- \/ Yoast SEO plugin. -->","yoast_head_json":{"title":"H\u00e4ufig gestellte Fragen zu unseren Sportgerichten und gesunden Snacks","description":"Haben Sie eine Frage zu Sportmahlzeiten oder einem unserer anderen Produkte? Fragen Sie gerne per Chat, E-Mail oder Telefon nach. Wir sind erreichbar.","robots":{"index":"index","follow":"follow","max-snippet":"max-snippet:-1","max-image-preview":"max-image-preview:large","max-video-preview":"max-video-preview:-1"},"canonical":"https:\/\/www.smart-meals.nl\/de\/intelligente-mahlzeiten-faq\/","og_locale":"de_DE","og_type":"article","og_title":"H\u00e4ufig gestellte Fragen zu unseren Sportgerichten und gesunden Snacks","og_description":"Haben Sie eine Frage zu Sportmahlzeiten oder einem unserer anderen Produkte? Fragen Sie gerne per Chat, E-Mail oder Telefon nach. Wir sind erreichbar.","og_url":"https:\/\/www.smart-meals.nl\/de\/intelligente-mahlzeiten-faq\/","og_site_name":"Smart Meals","article_publisher":"https:\/\/www.facebook.com\/SmartMealsOfficial","article_modified_time":"2025-01-16T11:02:13+00:00","twitter_card":"summary_large_image","twitter_misc":{"Gesch\u00e4tzte Lesezeit":"3\u00a0Minuten"},"schema":{"@context":"https:\/\/schema.org","@graph":[{"@type":"WebPage","@id":"https:\/\/www.smart-meals.nl\/de\/intelligente-mahlzeiten-faq\/","url":"https:\/\/www.smart-meals.nl\/de\/intelligente-mahlzeiten-faq\/","name":"H\u00e4ufig gestellte Fragen zu unseren Sportgerichten und gesunden Snacks","isPartOf":{"@id":"https:\/\/www.smart-meals.nl\/de\/#website"},"datePublished":"2019-09-05T03:07:41+00:00","dateModified":"2025-01-16T11:02:13+00:00","description":"Haben Sie eine Frage zu Sportmahlzeiten oder einem unserer anderen Produkte? Fragen Sie gerne per Chat, E-Mail oder Telefon nach. Wir sind erreichbar.","breadcrumb":{"@id":"https:\/\/www.smart-meals.nl\/de\/intelligente-mahlzeiten-faq\/#breadcrumb"},"inLanguage":"de","potentialAction":[{"@type":"ReadAction","target":["https:\/\/www.smart-meals.nl\/de\/intelligente-mahlzeiten-faq\/"]}]},{"@type":"BreadcrumbList","@id":"https:\/\/www.smart-meals.nl\/de\/intelligente-mahlzeiten-faq\/#breadcrumb","itemListElement":[{"@type":"ListItem","position":1,"name":"Home","item":"https:\/\/www.smart-meals.nl\/de\/homenew\/"},{"@type":"ListItem","position":2,"name":"Intelligente Mahlzeiten FAQ"}]},{"@type":"WebSite","@id":"https:\/\/www.smart-meals.nl\/de\/#website","url":"https:\/\/www.smart-meals.nl\/de\/","name":"Smart Meals","description":"Healthy High Protein Meals","publisher":{"@id":"https:\/\/www.smart-meals.nl\/de\/#organization"},"potentialAction":[{"@type":"SearchAction","target":{"@type":"EntryPoint","urlTemplate":"https:\/\/www.smart-meals.nl\/de\/?s={search_term_string}"},"query-input":{"@type":"PropertyValueSpecification","valueRequired":true,"valueName":"search_term_string"}}],"inLanguage":"de"},{"@type":"Organization","@id":"https:\/\/www.smart-meals.nl\/de\/#organization","name":"Smart Meals","url":"https:\/\/www.smart-meals.nl\/de\/","logo":{"@type":"ImageObject","inLanguage":"de","@id":"https:\/\/www.smart-meals.nl\/de\/#\/schema\/logo\/image\/","url":"https:\/\/www.smart-meals.nl\/wp-content\/uploads\/2021\/03\/cropped-logo.png","contentUrl":"https:\/\/www.smart-meals.nl\/wp-content\/uploads\/2021\/03\/cropped-logo.png","width":512,"height":512,"caption":"Smart Meals"},"image":{"@id":"https:\/\/www.smart-meals.nl\/de\/#\/schema\/logo\/image\/"},"sameAs":["https:\/\/www.facebook.com\/SmartMealsOfficial"]}]}},"_links":{"self":[{"href":"https:\/\/www.smart-meals.nl\/de\/wp-json\/wp\/v2\/pages\/9866","targetHints":{"allow":["GET"]}}],"collection":[{"href":"https:\/\/www.smart-meals.nl\/de\/wp-json\/wp\/v2\/pages"}],"about":[{"href":"https:\/\/www.smart-meals.nl\/de\/wp-json\/wp\/v2\/types\/page"}],"author":[{"embeddable":true,"href":"https:\/\/www.smart-meals.nl\/de\/wp-json\/wp\/v2\/users\/1"}],"replies":[{"embeddable":true,"href":"https:\/\/www.smart-meals.nl\/de\/wp-json\/wp\/v2\/comments?post=9866"}],"version-history":[{"count":0,"href":"https:\/\/www.smart-meals.nl\/de\/wp-json\/wp\/v2\/pages\/9866\/revisions"}],"wp:attachment":[{"href":"https:\/\/www.smart-meals.nl\/de\/wp-json\/wp\/v2\/media?parent=9866"}],"curies":[{"name":"wp","href":"https:\/\/api.w.org\/{rel}","templated":true}]}}