{"id":9873,"date":"2021-01-12T19:15:43","date_gmt":"2021-01-12T18:15:43","guid":{"rendered":"https:\/\/www.smart-meals.nl\/sportmahlzeiten-smart-meals\/"},"modified":"2023-12-14T17:43:41","modified_gmt":"2023-12-14T16:43:41","slug":"sportmahlzeiten-smart-meals","status":"publish","type":"page","link":"https:\/\/www.smart-meals.nl\/de\/sportmahlzeiten-smart-meals\/","title":{"rendered":"Sportmahlzeiten Smart Meals"},"content":{"rendered":"\t\t<div data-elementor-type=\"wp-page\" data-elementor-id=\"9873\" class=\"elementor elementor-9873 elementor-1141\">\n\t\t\t\t\t\t<section class=\"elementor-section elementor-top-section elementor-element elementor-element-4c141e43 elementor-section-height-min-height elementor-section-boxed elementor-section-height-default elementor-section-items-middle\" data-id=\"4c141e43\" data-element_type=\"section\" data-e-type=\"section\" data-settings=\"{&quot;background_background&quot;:&quot;classic&quot;}\">\n\t\t\t\t\t\t\t<div class=\"elementor-background-overlay\"><\/div>\n\t\t\t\t\t\t\t<div class=\"elementor-container elementor-column-gap-default\">\n\t\t\t\t\t<div class=\"elementor-column elementor-col-100 elementor-top-column elementor-element elementor-element-3de5f443\" data-id=\"3de5f443\" data-element_type=\"column\" data-e-type=\"column\">\n\t\t\t<div class=\"elementor-widget-wrap elementor-element-populated\">\n\t\t\t\t\t\t<div class=\"elementor-element elementor-element-77d2800c elementor-widget elementor-widget-heading\" data-id=\"77d2800c\" data-element_type=\"widget\" data-e-type=\"widget\" data-widget_type=\"heading.default\">\n\t\t\t\t<div class=\"elementor-widget-container\">\n\t\t\t\t\t<h1 class=\"elementor-heading-title elementor-size-default\">Sportgerichte von Smart Meals<\/h1>\t\t\t\t<\/div>\n\t\t\t\t<\/div>\n\t\t\t\t<div class=\"elementor-element elementor-element-7a082799 elementor-widget-divider--view-line elementor-widget elementor-widget-divider\" data-id=\"7a082799\" data-element_type=\"widget\" data-e-type=\"widget\" data-widget_type=\"divider.default\">\n\t\t\t\t<div class=\"elementor-widget-container\">\n\t\t\t\t\t\t\t<div class=\"elementor-divider\">\n\t\t\t<span class=\"elementor-divider-separator\">\n\t\t\t\t\t\t<\/span>\n\t\t<\/div>\n\t\t\t\t\t\t<\/div>\n\t\t\t\t<\/div>\n\t\t\t\t\t<\/div>\n\t\t<\/div>\n\t\t\t\t\t<\/div>\n\t\t<\/section>\n\t\t\t\t<section class=\"elementor-section elementor-top-section elementor-element elementor-element-2cf0789 elementor-section-boxed elementor-section-height-default elementor-section-height-default\" data-id=\"2cf0789\" data-element_type=\"section\" data-e-type=\"section\">\n\t\t\t\t\t\t<div class=\"elementor-container elementor-column-gap-default\">\n\t\t\t\t\t<div class=\"elementor-column elementor-col-100 elementor-top-column elementor-element elementor-element-93b66d7\" data-id=\"93b66d7\" data-element_type=\"column\" data-e-type=\"column\">\n\t\t\t<div class=\"elementor-widget-wrap elementor-element-populated\">\n\t\t\t\t\t\t<div class=\"elementor-element elementor-element-6927f3f elementor-widget elementor-widget-text-editor\" data-id=\"6927f3f\" data-element_type=\"widget\" data-e-type=\"widget\" data-widget_type=\"text-editor.default\">\n\t\t\t\t<div class=\"elementor-widget-container\">\n\t\t\t\t\t\t\t\t\t<div class=\" vc_custom_1581243790218\">\n<div id=\"text-block-5\" class=\"mk-text-block \">\n<h2>Sportmahlzeiten, um Ihre Ziele zu erreichen.<\/h2>\n<p>Bei Smart Meals ist es m\u00f6glich, super gesund zu werden&nbsp;kaufen Sie <strong>Sportmahlzeiten<\/strong>&nbsp;die eine gute Grundlage f\u00fcr einen gesunden Lebensstil sind. Die Smart Meals wurden speziell entwickelt, um Ihre Ziele besser und einfacher zu erreichen. Denn Ern\u00e4hrung spielt eine wesentliche Rolle! Sportmahlzeiten bestehen aus Proteinen, Kohlenhydraten, Fetten und anderen N\u00e4hrstoffen.<\/p>\n<div class=\"clearboth\">&nbsp;<\/div>\n<\/div>\n<\/div>\n<div class=\" vc_custom_1581243817674\">\n<div id=\"text-block-6\" class=\"mk-text-block \">\n<h3>Dosierte Sportmahlzeiten<\/h3>\n<p>Smart Meals Sportmahlzeiten eignen sich zum Essen vor und nach dem Sport. Auch die Sportmahlzeiten passen gut in den Lebensstil des dosierten Essens. Dabei werden 6 Mal am Tag kleinere Mahlzeiten im Abstand von 2 bis 3 Stunden gegessen, anstatt 3 Mal am Tag eine gro\u00dfe Mahlzeit. Das ist aus mehreren Gr\u00fcnden ges\u00fcnder. Vor allem h\u00e4lt die dosierte Nahrung deinen Stoffwechsel aktiv, sodass du mehr Kalorien verbrennst. Zweitens werden Ihr Blutzuckerspiegel und Ihre Verdauung weniger belastet. Schlie\u00dflich ist dies der beste Weg, um Muskeln aufzubauen und Gewicht zu verlieren. Denn Sie werden kontinuierlich mit Energie und Proteinen versorgt. Ihre Muskeln erhalten eine bessere Erholungsphase, wodurch es einfacher wird, Muskeln aufzubauen und sich schneller zu erholen. Da Sie \u00fcber den Tag verteilt genug Energie bekommen, speichert Ihr K\u00f6rper weniger Fett als Reserve und gibt die Fettreserven auch schneller wieder ab.<\/p>\n<\/div>\n<\/div>\t\t\t\t\t\t\t\t<\/div>\n\t\t\t\t<\/div>\n\t\t\t\t\t<\/div>\n\t\t<\/div>\n\t\t\t\t\t<\/div>\n\t\t<\/section>\n\t\t\t\t<section class=\"elementor-section elementor-top-section elementor-element elementor-element-66dbb0c elementor-section-boxed elementor-section-height-default elementor-section-height-default\" data-id=\"66dbb0c\" data-element_type=\"section\" data-e-type=\"section\" data-settings=\"{&quot;background_background&quot;:&quot;classic&quot;}\">\n\t\t\t\t\t\t<div class=\"elementor-container elementor-column-gap-default\">\n\t\t\t\t\t<div class=\"elementor-column elementor-col-100 elementor-top-column elementor-element elementor-element-18306c6\" data-id=\"18306c6\" data-element_type=\"column\" data-e-type=\"column\">\n\t\t\t<div class=\"elementor-widget-wrap elementor-element-populated\">\n\t\t\t\t\t\t<div class=\"elementor-element elementor-element-8518bff elementor-widget elementor-widget-text-editor\" data-id=\"8518bff\" data-element_type=\"widget\" data-e-type=\"widget\" data-widget_type=\"text-editor.default\">\n\t\t\t\t<div class=\"elementor-widget-container\">\n\t\t\t\t\t\t\t\t\t<div class=\" vc_custom_1581243790218\">\n<div id=\"text-block-5\" class=\"mk-text-block \">\n<div class=\" vc_custom_1581243849898\">\n<div id=\"text-block-8\" class=\"mk-text-block \">\n<h2>Abnehmen mit Sportmahlzeiten als Ziel<\/h2>\n<p>Bei Smart Meals gibt es verschiedene Pakete, darunter auch ein Paket zum Abnehmen. Dieses Paket enth\u00e4lt Sportmahlzeiten mit vielen Proteinen und Gem\u00fcse, das kohlenhydratarm ist, aber daf\u00fcr sorgt, dass Sie alle notwendigen N\u00e4hrstoffe erhalten. Die Mahlzeiten sind kohlenhydratarm, denn beim&nbsp; Abnehmen ist es wichtig, dass Sie weniger Energie zu sich nehmen, als Sie ben\u00f6tigen, aber nat\u00fcrlich m\u00fcssen Sie genug essen. Die Mahlzeiten bestehen aus langsamen Kohlenhydraten, damit Ihr K\u00f6rper aus der gleichen Kalorienzahl l\u00e4nger Energie bekommt. Jede Mahlzeit enth\u00e4lt au\u00dferdem etwa 40 Gramm Protein, das daf\u00fcr sorgt, dass deine Muskeln beim Abnehmen nicht zusammenbrechen. Sie m\u00f6chten so viel Muskelmasse wie m\u00f6glich erhalten, denn je mehr Muskeln Sie haben, desto mehr Kalorien verbrennen Sie in Ruhe.<\/p>\n<div class=\"clearboth\">&nbsp;<\/div>\n<\/div>\n<\/div>\n<div class=\" vc_custom_1581243872881\">\n<div id=\"text-block-9\" class=\"mk-text-block \">\n<h2>Muskeln aufbauen<\/h2>\n<p>Smart Meals bietet mehrere Sportmahlzeiten, die Ihnen beim Aufbau von Muskelmasse helfen. Die Mahlzeiten enthalten viel Protein, das f\u00fcr den Muskelaufbau notwendig ist. Dieses Paket enth\u00e4lt auch mehr Kohlenhydrate in den Fitnessmahlzeiten, was dir hilft, besser zu trainieren. Denn je mehr Muskeln Sie haben, desto mehr m\u00fcssen Sie essen, um sie zu erhalten. Denn bei einem Energiemangel werden deine Muskeln schneller abgebaut.<\/p>\n<\/div>\n<\/div>\n<\/div>\n<\/div>\t\t\t\t\t\t\t\t<\/div>\n\t\t\t\t<\/div>\n\t\t\t\t\t<\/div>\n\t\t<\/div>\n\t\t\t\t\t<\/div>\n\t\t<\/section>\n\t\t\t\t<section class=\"elementor-section elementor-top-section elementor-element elementor-element-9362fba elementor-section-boxed elementor-section-height-default elementor-section-height-default\" data-id=\"9362fba\" data-element_type=\"section\" data-e-type=\"section\" data-settings=\"{&quot;background_background&quot;:&quot;classic&quot;}\">\n\t\t\t\t\t\t<div class=\"elementor-container elementor-column-gap-default\">\n\t\t\t\t\t<div class=\"elementor-column elementor-col-100 elementor-top-column elementor-element elementor-element-0a29a43\" data-id=\"0a29a43\" data-element_type=\"column\" data-e-type=\"column\">\n\t\t\t<div class=\"elementor-widget-wrap elementor-element-populated\">\n\t\t\t\t\t\t<div class=\"elementor-element elementor-element-b5daee5 elementor-widget elementor-widget-text-editor\" data-id=\"b5daee5\" data-element_type=\"widget\" data-e-type=\"widget\" data-widget_type=\"text-editor.default\">\n\t\t\t\t<div class=\"elementor-widget-container\">\n\t\t\t\t\t\t\t\t\t<div class=\" vc_custom_1581243790218\">\n<div id=\"text-block-5\" class=\"mk-text-block \">\n<div class=\" vc_custom_1581243849898\">\n<div id=\"text-block-8\" class=\"mk-text-block \">\n<h2><span style=\"color: #ffffff;\">Schockfrosten<\/span><\/h2>\n<p>Smart Meals verwendet f\u00fcr seine Sportgerichte nur die besten Zutaten. Alle Zutaten kommen direkt vom Bauernhof und werden anschlie\u00dfend im Schockfroster eingefroren. Die Zutaten werden in einer Umgebung von -40 \u00b0C schnell wieder auf eine Temperatur von -18 \u00b0C gebracht. Das Ergebnis ist ein frisches Produkt von h\u00f6chster Qualit\u00e4t.<\/p>\n<p>Aber was ist der Unterschied zwischen dem normalen Einfrieren auf -18 \u00b0C im Gefrierschrank und dem Einfrieren auf -18 \u00b0C im Schockfroster? In einem normalen Gefrierschrank dauert es lange, bis eine Zutat im Kern auf -18\u00b0C gefriert. Da es so lange dauert, kann sich die Feuchtigkeit maximal ausdehnen, wodurch Makrokristalle entstehen. In dem Moment, in dem die Zutat auftaut, &#8222;leert&#8220; sie sich, weil die gesamte Feuchtigkeit aus der Zutat buchst\u00e4blich herausl\u00e4uft. Viel Geschmack geht verloren, aber auch N\u00e4hrstoffe gehen verloren.<\/p>\n<p>Beim Schockfrosten wird die Zutat daher im Kern schneller auf -18 \u00b0C zur\u00fcckgef\u00fchrt, sodass die Feuchtigkeit weniger Zeit hat, sich auszudehnen. Die Feuchtigkeit wird sozusagen in den Mikrokristallen eingeschlossen. Wenn die Zutat auftaut, flie\u00dft sie nicht ab, so dass der Geschmack und die N\u00e4hrstoffe in der Zutat verbleiben. Dies hinterl\u00e4sst ein hochwertiges Produkt.<\/p>\n<\/div>\n<\/div>\n<\/div>\n<\/div>\n\t\t\t\t\t\t\t\t<\/div>\n\t\t\t\t<\/div>\n\t\t\t\t\t<\/div>\n\t\t<\/div>\n\t\t\t\t\t<\/div>\n\t\t<\/section>\n\t\t\t\t<section class=\"elementor-section elementor-top-section elementor-element elementor-element-1ca3300 elementor-section-boxed elementor-section-height-default elementor-section-height-default\" data-id=\"1ca3300\" data-element_type=\"section\" data-e-type=\"section\">\n\t\t\t\t\t\t<div class=\"elementor-container elementor-column-gap-default\">\n\t\t\t\t\t<div class=\"elementor-column elementor-col-100 elementor-top-column elementor-element elementor-element-276c4a7\" data-id=\"276c4a7\" data-element_type=\"column\" data-e-type=\"column\">\n\t\t\t<div class=\"elementor-widget-wrap elementor-element-populated\">\n\t\t\t\t\t\t<div class=\"elementor-element elementor-element-a72d3f3 elementor-widget elementor-widget-text-editor\" data-id=\"a72d3f3\" data-element_type=\"widget\" data-e-type=\"widget\" data-widget_type=\"text-editor.default\">\n\t\t\t\t<div class=\"elementor-widget-container\">\n\t\t\t\t\t\t\t\t\t<div class=\" vc_custom_1581243790218\">\n<div id=\"text-block-5\" class=\"mk-text-block \">\n<div class=\" vc_custom_1581243956086\">\n<div id=\"text-block-13\" class=\"mk-text-block \">\n<h2>Sportgerichte werden ohne \u00d6l oder Butter zubereitet<\/h2>\n<p>Bei Smart Meals wird bei der Zubereitung der Sportmahlzeiten kein \u00d6l oder Butter verwendet. Wir tun dies, um sicherzustellen, dass Sie eine m\u00f6glichst gesunde Mahlzeit mit den frischesten Produkten und ohne unn\u00f6tige Fette erhalten. Damit unsere supergesunden Gerichte auch richtig lecker schmecken, haben wir sie mit Kr\u00e4utern gew\u00fcrzt.<\/p>\n<div class=\"clearboth\"> <\/div>\n<\/div>\n<\/div>\n<div class=\" vc_custom_1581244002193\">\n<div id=\"text-block-14\" class=\"mk-text-block \">\n<h3>Warum Smart Meals Sportmahlzeiten w\u00e4hlen?<\/h3>\n<p>Smart Meals verwendet die frischesten Produkte direkt vom Land. Da wir unsere Zutaten schockgefrieren, bleiben die N\u00e4hrstoffe und der Geschmack erhalten. Die Sportmahlzeiten sind auch wegen der Kr\u00e4uter, die Smart Meals verwendet, besonders lecker. Au\u00dferdem kommt bei Smart Meals kein \u00d6l zum Einsatz, wodurch die Fitnessmahlzeiten auch richtig gesund sind. Bei -18 \u00b0C sind die Speisen 3 Monate haltbar. Au\u00dferdem sparen Sie bis zu 1 Stunde pro Tag in der K\u00fcche. Smart hat auch eine schnelle Lieferung. Wenn Sie von Montag bis Donnerstag vor 16:00 Uhr bestellen, erhalten Sie es am n\u00e4chsten Tag.<\/p>\n<p><em>Auch neugierig auf Smart Meals? <a href=\"https:\/\/www.smart-meals.nl\/de\/\"><span style=\"color: #99cc00;\">Hier bestellen<\/span><\/a><span style=\"color: #99cc00;\"> <\/span>Ihr erstes Paket.<\/em><\/p>\n<\/div>\n<\/div>\n<\/div>\n<\/div>\n\t\t\t\t\t\t\t\t<\/div>\n\t\t\t\t<\/div>\n\t\t\t\t\t<\/div>\n\t\t<\/div>\n\t\t\t\t\t<\/div>\n\t\t<\/section>\n\t\t\t\t<\/div>\n\t\t","protected":false},"excerpt":{"rendered":"<p>Sportgerichte von Smart Meals Sportmahlzeiten, um Ihre Ziele zu erreichen. Bei Smart Meals ist es m\u00f6glich, super gesund zu werden&nbsp;kaufen Sie Sportmahlzeiten&nbsp;die eine gute Grundlage f\u00fcr einen gesunden Lebensstil sind. Die Smart Meals wurden speziell entwickelt, um Ihre Ziele besser und einfacher zu erreichen. Denn Ern\u00e4hrung spielt eine wesentliche Rolle! Sportmahlzeiten bestehen aus Proteinen, Kohlenhydraten, [&hellip;]<\/p>\n","protected":false},"author":1,"featured_media":0,"parent":0,"menu_order":0,"comment_status":"closed","ping_status":"closed","template":"elementor_header_footer","meta":{"_acf_changed":false,"footnotes":""},"class_list":["post-9873","page","type-page","status-publish","hentry"],"acf":[],"yoast_head":"<!-- This site is optimized with the Yoast SEO plugin v27.4 - https:\/\/yoast.com\/product\/yoast-seo-wordpress\/ -->\n<title>Sportmahlzeiten von Smart Meals zum Muskelaufbau und Gewichtsverlust.<\/title>\n<meta name=\"description\" content=\"Sportmahlzeiten kaufen? Smart Meals helfen beim Abnehmen, Muskelaufbau und einem ges\u00fcnderen Lebensstil. Sehen Sie sich jetzt die Sportmahlzeiten an!\" \/>\n<meta name=\"robots\" content=\"index, follow, max-snippet:-1, max-image-preview:large, max-video-preview:-1\" \/>\n<link rel=\"canonical\" href=\"https:\/\/www.smart-meals.nl\/de\/sportmahlzeiten-smart-meals\/\" \/>\n<meta property=\"og:locale\" content=\"de_DE\" \/>\n<meta property=\"og:type\" content=\"article\" \/>\n<meta property=\"og:title\" content=\"Sportmahlzeiten von Smart Meals zum Muskelaufbau und Gewichtsverlust.\" \/>\n<meta property=\"og:description\" content=\"Sportmahlzeiten kaufen? Smart Meals helfen beim Abnehmen, Muskelaufbau und einem ges\u00fcnderen Lebensstil. Sehen Sie sich jetzt die Sportmahlzeiten an!\" \/>\n<meta property=\"og:url\" content=\"https:\/\/www.smart-meals.nl\/de\/sportmahlzeiten-smart-meals\/\" \/>\n<meta property=\"og:site_name\" content=\"Smart Meals\" \/>\n<meta property=\"article:publisher\" content=\"https:\/\/www.facebook.com\/SmartMealsOfficial\" \/>\n<meta property=\"article:modified_time\" content=\"2023-12-14T16:43:41+00:00\" \/>\n<meta name=\"twitter:card\" content=\"summary_large_image\" \/>\n<meta name=\"twitter:label1\" content=\"Gesch\u00e4tzte Lesezeit\" \/>\n\t<meta name=\"twitter:data1\" content=\"4\u00a0Minuten\" \/>\n<script type=\"application\/ld+json\" class=\"yoast-schema-graph\">{\"@context\":\"https:\\\/\\\/schema.org\",\"@graph\":[{\"@type\":\"WebPage\",\"@id\":\"https:\\\/\\\/www.smart-meals.nl\\\/de\\\/sportmahlzeiten-smart-meals\\\/\",\"url\":\"https:\\\/\\\/www.smart-meals.nl\\\/de\\\/sportmahlzeiten-smart-meals\\\/\",\"name\":\"Sportmahlzeiten von Smart Meals zum Muskelaufbau und Gewichtsverlust.\",\"isPartOf\":{\"@id\":\"https:\\\/\\\/www.smart-meals.nl\\\/de\\\/#website\"},\"datePublished\":\"2021-01-12T18:15:43+00:00\",\"dateModified\":\"2023-12-14T16:43:41+00:00\",\"description\":\"Sportmahlzeiten kaufen? Smart Meals helfen beim Abnehmen, Muskelaufbau und einem ges\u00fcnderen Lebensstil. Sehen Sie sich jetzt die Sportmahlzeiten an!\",\"breadcrumb\":{\"@id\":\"https:\\\/\\\/www.smart-meals.nl\\\/de\\\/sportmahlzeiten-smart-meals\\\/#breadcrumb\"},\"inLanguage\":\"de\",\"potentialAction\":[{\"@type\":\"ReadAction\",\"target\":[\"https:\\\/\\\/www.smart-meals.nl\\\/de\\\/sportmahlzeiten-smart-meals\\\/\"]}]},{\"@type\":\"BreadcrumbList\",\"@id\":\"https:\\\/\\\/www.smart-meals.nl\\\/de\\\/sportmahlzeiten-smart-meals\\\/#breadcrumb\",\"itemListElement\":[{\"@type\":\"ListItem\",\"position\":1,\"name\":\"Home\",\"item\":\"https:\\\/\\\/www.smart-meals.nl\\\/de\\\/\"},{\"@type\":\"ListItem\",\"position\":2,\"name\":\"Sportmahlzeiten Smart Meals\"}]},{\"@type\":\"WebSite\",\"@id\":\"https:\\\/\\\/www.smart-meals.nl\\\/de\\\/#website\",\"url\":\"https:\\\/\\\/www.smart-meals.nl\\\/de\\\/\",\"name\":\"Smart Meals\",\"description\":\"Healthy High Protein Meals\",\"publisher\":{\"@id\":\"https:\\\/\\\/www.smart-meals.nl\\\/de\\\/#organization\"},\"potentialAction\":[{\"@type\":\"SearchAction\",\"target\":{\"@type\":\"EntryPoint\",\"urlTemplate\":\"https:\\\/\\\/www.smart-meals.nl\\\/de\\\/?s={search_term_string}\"},\"query-input\":{\"@type\":\"PropertyValueSpecification\",\"valueRequired\":true,\"valueName\":\"search_term_string\"}}],\"inLanguage\":\"de\"},{\"@type\":\"Organization\",\"@id\":\"https:\\\/\\\/www.smart-meals.nl\\\/de\\\/#organization\",\"name\":\"Smart Meals\",\"url\":\"https:\\\/\\\/www.smart-meals.nl\\\/de\\\/\",\"logo\":{\"@type\":\"ImageObject\",\"inLanguage\":\"de\",\"@id\":\"https:\\\/\\\/www.smart-meals.nl\\\/de\\\/#\\\/schema\\\/logo\\\/image\\\/\",\"url\":\"https:\\\/\\\/www.smart-meals.nl\\\/wp-content\\\/uploads\\\/2021\\\/03\\\/cropped-logo.png\",\"contentUrl\":\"https:\\\/\\\/www.smart-meals.nl\\\/wp-content\\\/uploads\\\/2021\\\/03\\\/cropped-logo.png\",\"width\":512,\"height\":512,\"caption\":\"Smart Meals\"},\"image\":{\"@id\":\"https:\\\/\\\/www.smart-meals.nl\\\/de\\\/#\\\/schema\\\/logo\\\/image\\\/\"},\"sameAs\":[\"https:\\\/\\\/www.facebook.com\\\/SmartMealsOfficial\"]}]}<\/script>\n<!-- \/ Yoast SEO plugin. -->","yoast_head_json":{"title":"Sportmahlzeiten von Smart Meals zum Muskelaufbau und Gewichtsverlust.","description":"Sportmahlzeiten kaufen? Smart Meals helfen beim Abnehmen, Muskelaufbau und einem ges\u00fcnderen Lebensstil. Sehen Sie sich jetzt die Sportmahlzeiten an!","robots":{"index":"index","follow":"follow","max-snippet":"max-snippet:-1","max-image-preview":"max-image-preview:large","max-video-preview":"max-video-preview:-1"},"canonical":"https:\/\/www.smart-meals.nl\/de\/sportmahlzeiten-smart-meals\/","og_locale":"de_DE","og_type":"article","og_title":"Sportmahlzeiten von Smart Meals zum Muskelaufbau und Gewichtsverlust.","og_description":"Sportmahlzeiten kaufen? Smart Meals helfen beim Abnehmen, Muskelaufbau und einem ges\u00fcnderen Lebensstil. Sehen Sie sich jetzt die Sportmahlzeiten an!","og_url":"https:\/\/www.smart-meals.nl\/de\/sportmahlzeiten-smart-meals\/","og_site_name":"Smart Meals","article_publisher":"https:\/\/www.facebook.com\/SmartMealsOfficial","article_modified_time":"2023-12-14T16:43:41+00:00","twitter_card":"summary_large_image","twitter_misc":{"Gesch\u00e4tzte Lesezeit":"4\u00a0Minuten"},"schema":{"@context":"https:\/\/schema.org","@graph":[{"@type":"WebPage","@id":"https:\/\/www.smart-meals.nl\/de\/sportmahlzeiten-smart-meals\/","url":"https:\/\/www.smart-meals.nl\/de\/sportmahlzeiten-smart-meals\/","name":"Sportmahlzeiten von Smart Meals zum Muskelaufbau und Gewichtsverlust.","isPartOf":{"@id":"https:\/\/www.smart-meals.nl\/de\/#website"},"datePublished":"2021-01-12T18:15:43+00:00","dateModified":"2023-12-14T16:43:41+00:00","description":"Sportmahlzeiten kaufen? Smart Meals helfen beim Abnehmen, Muskelaufbau und einem ges\u00fcnderen Lebensstil. Sehen Sie sich jetzt die Sportmahlzeiten an!","breadcrumb":{"@id":"https:\/\/www.smart-meals.nl\/de\/sportmahlzeiten-smart-meals\/#breadcrumb"},"inLanguage":"de","potentialAction":[{"@type":"ReadAction","target":["https:\/\/www.smart-meals.nl\/de\/sportmahlzeiten-smart-meals\/"]}]},{"@type":"BreadcrumbList","@id":"https:\/\/www.smart-meals.nl\/de\/sportmahlzeiten-smart-meals\/#breadcrumb","itemListElement":[{"@type":"ListItem","position":1,"name":"Home","item":"https:\/\/www.smart-meals.nl\/de\/"},{"@type":"ListItem","position":2,"name":"Sportmahlzeiten Smart Meals"}]},{"@type":"WebSite","@id":"https:\/\/www.smart-meals.nl\/de\/#website","url":"https:\/\/www.smart-meals.nl\/de\/","name":"Smart Meals","description":"Healthy High Protein Meals","publisher":{"@id":"https:\/\/www.smart-meals.nl\/de\/#organization"},"potentialAction":[{"@type":"SearchAction","target":{"@type":"EntryPoint","urlTemplate":"https:\/\/www.smart-meals.nl\/de\/?s={search_term_string}"},"query-input":{"@type":"PropertyValueSpecification","valueRequired":true,"valueName":"search_term_string"}}],"inLanguage":"de"},{"@type":"Organization","@id":"https:\/\/www.smart-meals.nl\/de\/#organization","name":"Smart Meals","url":"https:\/\/www.smart-meals.nl\/de\/","logo":{"@type":"ImageObject","inLanguage":"de","@id":"https:\/\/www.smart-meals.nl\/de\/#\/schema\/logo\/image\/","url":"https:\/\/www.smart-meals.nl\/wp-content\/uploads\/2021\/03\/cropped-logo.png","contentUrl":"https:\/\/www.smart-meals.nl\/wp-content\/uploads\/2021\/03\/cropped-logo.png","width":512,"height":512,"caption":"Smart Meals"},"image":{"@id":"https:\/\/www.smart-meals.nl\/de\/#\/schema\/logo\/image\/"},"sameAs":["https:\/\/www.facebook.com\/SmartMealsOfficial"]}]}},"_links":{"self":[{"href":"https:\/\/www.smart-meals.nl\/de\/wp-json\/wp\/v2\/pages\/9873","targetHints":{"allow":["GET"]}}],"collection":[{"href":"https:\/\/www.smart-meals.nl\/de\/wp-json\/wp\/v2\/pages"}],"about":[{"href":"https:\/\/www.smart-meals.nl\/de\/wp-json\/wp\/v2\/types\/page"}],"author":[{"embeddable":true,"href":"https:\/\/www.smart-meals.nl\/de\/wp-json\/wp\/v2\/users\/1"}],"replies":[{"embeddable":true,"href":"https:\/\/www.smart-meals.nl\/de\/wp-json\/wp\/v2\/comments?post=9873"}],"version-history":[{"count":0,"href":"https:\/\/www.smart-meals.nl\/de\/wp-json\/wp\/v2\/pages\/9873\/revisions"}],"wp:attachment":[{"href":"https:\/\/www.smart-meals.nl\/de\/wp-json\/wp\/v2\/media?parent=9873"}],"curies":[{"name":"wp","href":"https:\/\/api.w.org\/{rel}","templated":true}]}}