{"id":11792,"date":"2021-12-08T15:25:32","date_gmt":"2021-12-08T14:25:32","guid":{"rendered":"https:\/\/www.smart-meals.nl\/?post_type=product&#038;p=11792"},"modified":"2025-06-05T16:02:21","modified_gmt":"2025-06-05T14:02:21","slug":"sportmahlzeiten-jetzt-e20-rabatt-fertige-fitnessmahlzeiten","status":"publish","type":"product","link":"https:\/\/www.smart-meals.nl\/de\/produkt\/sportmahlzeiten-jetzt-e20-rabatt-fertige-fitnessmahlzeiten\/","title":{"rendered":"Sportmahlzeiten jetzt \u20ac20 Rabatt | Verzehrfertige Fitness-Mahlzeiten 14tlg."},"content":{"rendered":"<p><strong>Mikrowelle <\/strong>(Folie vorher entfernen)<br \/>\nGefroren: 8 Minuten Aufheizen bei 900 Watt.<br \/>\nAufgetaut: 5 Minuten Aufheizen bei 900 Watt.<\/p>\n<p><strong>Pfanne <\/strong>(Folie vorher entfernen)<br \/>\nGefroren: +-15 Minuten Aufheizen.<br \/>\nAufgetaut: +-10 Minuten Aufheizen.<\/p>\n<p> Backofen (Folie vorher entfernen)<br \/>\nGefroren: +-30 Minuten Aufheizen bei 220\u2103.<br \/>\nAufgetaut: +-20 Minuten Aufheizen bei 220\u2103.<\/p>\n","protected":false},"excerpt":{"rendered":"<p>Spezielle Intro-Box. 14 Mahlzeiten f\u00fcr nur 3,99 \u20ac pro St\u00fcck! <\/p>\n<p>Geben Sie an der Kasse den Code NEW20 ein und Sie erhalten einen zus\u00e4tzlichen Rabatt von 20 \u20ac auf den Preis von 55,89 \u20ac oder 3,99 \u20ac pro Person.<\/p>\n<p>Dieses Paket und der Code k\u00f6nnen nur einmal pro Person und Haushalt verwendet werden.<\/p>\n<p>&#8211; Durchschnittlich 40 Gramm Eiwei\u00df pro Mahlzeit.<br \/>\n-3 Monate im Gefrierschrank haltbar.<br \/>\n-Nach Erhalt 6 Tage im K\u00fchlschrank aufbewahren.<\/p>\n<p><strong><a href=\"https:\/\/www.smart-meals.nl\/de\/nutri-score\/\" target=\"_blank\" rel=\"noopener\"><img decoding=\"async\" class=\"alignnone wp-image-6741\" src=\"https:\/\/www.smart-meals.nl\/wp-content\/uploads\/2021\/10\/1200px-nutri-score-a.svg-300x163-2.png\" alt=\"\" width=\"116\" height=\"63\"><\/a><\/strong><\/p>\n","protected":false},"featured_media":11525,"comment_status":"closed","ping_status":"closed","template":"","meta":{"_acf_changed":false},"product_brand":[],"product_cat":[315],"product_tag":[],"class_list":{"0":"post-11792","1":"product","2":"type-product","3":"status-publish","4":"has-post-thumbnail","6":"product_cat-sportmahlzeiten","7":"pa_pakket-16-stuck","8":"pa_pakket-8-stuck","10":"first","11":"instock","12":"sale","13":"taxable","14":"shipping-taxable","15":"purchasable","16":"product-type-bundle"},"bundled_by":[],"bundle_stock_status":"instock","bundle_stock_quantity":"","bundle_virtual":false,"bundle_layout":"default","bundle_add_to_cart_form_location":"default","bundle_editable_in_cart":false,"bundle_sold_individually_context":"product","bundle_item_grouping":"parent","bundle_min_size":"","bundle_max_size":"","bundle_price":{"price":{"min":{"incl_tax":"75.89","excl_tax":"69.623853"},"max":{"incl_tax":"75.89","excl_tax":"69.623853"}},"regular_price":{"min":{"incl_tax":"100","excl_tax":"91.743119"},"max":{"incl_tax":"100","excl_tax":"91.743119"}}},"bundled_items":[{"bundled_item_id":4792,"product_id":10630,"menu_order":0,"quantity_min":2,"quantity_max":2,"quantity_default":2,"priced_individually":false,"shipped_individually":false,"override_title":false,"title":"Paella-H\u00fchnchen","override_description":true,"description":"","optional":false,"hide_thumbnail":false,"discount":"","override_variations":false,"allowed_variations":[""],"override_default_variation_attributes":false,"default_variation_attributes":[],"single_product_visibility":"visible","cart_visibility":"visible","order_visibility":"visible","single_product_price_visibility":"visible","cart_price_visibility":"visible","order_price_visibility":"visible","stock_status":"in_stock"},{"bundled_item_id":4894,"product_id":86267,"menu_order":0,"quantity_min":1,"quantity_max":1,"quantity_default":1,"priced_individually":false,"shipped_individually":false,"override_title":false,"title":"El Dorado Huhn","override_description":true,"description":"","optional":false,"hide_thumbnail":false,"discount":"","override_variations":false,"allowed_variations":[""],"override_default_variation_attributes":false,"default_variation_attributes":[],"single_product_visibility":"visible","cart_visibility":"visible","order_visibility":"visible","single_product_price_visibility":"visible","cart_price_visibility":"visible","order_price_visibility":"visible","stock_status":"in_stock"},{"bundled_item_id":2900,"product_id":22374,"menu_order":1,"quantity_min":2,"quantity_max":2,"quantity_default":2,"priced_individually":false,"shipped_individually":false,"override_title":false,"title":"H\u00fchnerrisotto Spinat","override_description":true,"description":"","optional":false,"hide_thumbnail":false,"discount":"","override_variations":false,"allowed_variations":[""],"override_default_variation_attributes":false,"default_variation_attributes":[],"single_product_visibility":"visible","cart_visibility":"visible","order_visibility":"visible","single_product_price_visibility":"visible","cart_price_visibility":"visible","order_price_visibility":"visible","stock_status":"in_stock"},{"bundled_item_id":2901,"product_id":51099,"menu_order":2,"quantity_min":2,"quantity_max":2,"quantity_default":2,"priced_individually":false,"shipped_individually":false,"override_title":false,"title":"Leckere Tortellini","override_description":true,"description":"","optional":false,"hide_thumbnail":false,"discount":"","override_variations":false,"allowed_variations":[""],"override_default_variation_attributes":false,"default_variation_attributes":[],"single_product_visibility":"visible","cart_visibility":"visible","order_visibility":"visible","single_product_price_visibility":"visible","cart_price_visibility":"visible","order_price_visibility":"visible","stock_status":"in_stock"},{"bundled_item_id":2902,"product_id":53311,"menu_order":3,"quantity_min":1,"quantity_max":1,"quantity_default":1,"priced_individually":false,"shipped_individually":false,"override_title":false,"title":"H\u00fchner-Tabouleh","override_description":true,"description":"","optional":false,"hide_thumbnail":false,"discount":"","override_variations":false,"allowed_variations":[""],"override_default_variation_attributes":false,"default_variation_attributes":[],"single_product_visibility":"visible","cart_visibility":"visible","order_visibility":"visible","single_product_price_visibility":"visible","cart_price_visibility":"visible","order_price_visibility":"visible","stock_status":"in_stock"},{"bundled_item_id":2905,"product_id":30788,"menu_order":6,"quantity_min":1,"quantity_max":1,"quantity_default":1,"priced_individually":false,"shipped_individually":false,"override_title":false,"title":"Thai-H\u00fchnchen-Curry","override_description":true,"description":"","optional":false,"hide_thumbnail":false,"discount":"","override_variations":false,"allowed_variations":[""],"override_default_variation_attributes":false,"default_variation_attributes":[],"single_product_visibility":"visible","cart_visibility":"visible","order_visibility":"visible","single_product_price_visibility":"visible","cart_price_visibility":"visible","order_price_visibility":"visible","stock_status":"in_stock"},{"bundled_item_id":2907,"product_id":41113,"menu_order":8,"quantity_min":1,"quantity_max":1,"quantity_default":1,"priced_individually":false,"shipped_individually":false,"override_title":false,"title":"Nudeln Pesto","override_description":true,"description":"","optional":false,"hide_thumbnail":false,"discount":"","override_variations":false,"allowed_variations":[""],"override_default_variation_attributes":false,"default_variation_attributes":[],"single_product_visibility":"visible","cart_visibility":"visible","order_visibility":"visible","single_product_price_visibility":"visible","cart_price_visibility":"visible","order_price_visibility":"visible","stock_status":"in_stock"},{"bundled_item_id":4674,"product_id":69086,"menu_order":8,"quantity_min":2,"quantity_max":2,"quantity_default":2,"priced_individually":false,"shipped_individually":false,"override_title":false,"title":"Mango Huhn Curry","override_description":true,"description":"","optional":false,"hide_thumbnail":false,"discount":"","override_variations":false,"allowed_variations":[""],"override_default_variation_attributes":false,"default_variation_attributes":[],"single_product_visibility":"visible","cart_visibility":"visible","order_visibility":"visible","single_product_price_visibility":"visible","cart_price_visibility":"visible","order_price_visibility":"visible","stock_status":"in_stock"},{"bundled_item_id":4759,"product_id":69761,"menu_order":8,"quantity_min":2,"quantity_max":2,"quantity_default":2,"priced_individually":false,"shipped_individually":false,"override_title":false,"title":"Huhn Sate Atjar","override_description":true,"description":"","optional":false,"hide_thumbnail":false,"discount":"","override_variations":false,"allowed_variations":[""],"override_default_variation_attributes":false,"default_variation_attributes":[],"single_product_visibility":"visible","cart_visibility":"visible","order_visibility":"visible","single_product_price_visibility":"visible","cart_price_visibility":"visible","order_price_visibility":"visible","stock_status":"in_stock"}],"bundle_sell_ids":[],"acf":[],"yoast_head":"<!-- This site is optimized with the Yoast SEO plugin v27.3 - https:\/\/yoast.com\/product\/yoast-seo-wordpress\/ -->\n<title>Sportmahlzeiten jetzt \u20ac20 Rabatt | Verzehrfertige Fitness-Mahlzeiten 14tlg. - Smart Meals<\/title>\n<meta name=\"robots\" content=\"index, follow, max-snippet:-1, max-image-preview:large, max-video-preview:-1\" \/>\n<link rel=\"canonical\" href=\"https:\/\/www.smart-meals.nl\/de\/produkt\/sportmahlzeiten-jetzt-e20-rabatt-fertige-fitnessmahlzeiten\/\" \/>\n<meta property=\"og:locale\" content=\"de_DE\" \/>\n<meta property=\"og:type\" content=\"article\" \/>\n<meta property=\"og:title\" content=\"Sportmahlzeiten jetzt \u20ac20 Rabatt | Verzehrfertige Fitness-Mahlzeiten 14tlg. - Smart Meals\" \/>\n<meta property=\"og:description\" content=\"Spezielle Intro-Box. 14 Mahlzeiten f\u00fcr nur 3,99 \u20ac pro St\u00fcck!  Geben Sie an der Kasse den Code NEW20 ein und Sie erhalten einen zus\u00e4tzlichen Rabatt von 20 \u20ac auf den Preis von 55,89 \u20ac oder 3,99 \u20ac pro Person. Dieses Paket und der Code k\u00f6nnen nur einmal pro Person und Haushalt verwendet werden. - Durchschnittlich 40 Gramm Eiwei\u00df pro Mahlzeit. -3 Monate im Gefrierschrank haltbar. -Nach Erhalt 6 Tage im K\u00fchlschrank aufbewahren.\" \/>\n<meta property=\"og:url\" content=\"https:\/\/www.smart-meals.nl\/de\/produkt\/sportmahlzeiten-jetzt-e20-rabatt-fertige-fitnessmahlzeiten\/\" \/>\n<meta property=\"og:site_name\" content=\"Smart Meals\" \/>\n<meta property=\"article:publisher\" content=\"https:\/\/www.facebook.com\/SmartMealsOfficial\" \/>\n<meta property=\"article:modified_time\" content=\"2025-06-05T14:02:21+00:00\" \/>\n<meta property=\"og:image\" content=\"https:\/\/www.smart-meals.nl\/wp-content\/uploads\/2021\/10\/Afslanken-Meal-Deal.png\" \/>\n\t<meta property=\"og:image:width\" content=\"1000\" \/>\n\t<meta property=\"og:image:height\" content=\"1000\" \/>\n\t<meta property=\"og:image:type\" content=\"image\/png\" \/>\n<meta name=\"twitter:card\" content=\"summary_large_image\" \/>\n<script type=\"application\/ld+json\" class=\"yoast-schema-graph\">{\"@context\":\"https:\\\/\\\/schema.org\",\"@graph\":[{\"@type\":\"WebPage\",\"@id\":\"https:\\\/\\\/www.smart-meals.nl\\\/de\\\/produkt\\\/sportmahlzeiten-jetzt-e20-rabatt-fertige-fitnessmahlzeiten\\\/\",\"url\":\"https:\\\/\\\/www.smart-meals.nl\\\/de\\\/produkt\\\/sportmahlzeiten-jetzt-e20-rabatt-fertige-fitnessmahlzeiten\\\/\",\"name\":\"Sportmahlzeiten jetzt \u20ac20 Rabatt | Verzehrfertige Fitness-Mahlzeiten 14tlg. - Smart Meals\",\"isPartOf\":{\"@id\":\"https:\\\/\\\/www.smart-meals.nl\\\/de\\\/#website\"},\"primaryImageOfPage\":{\"@id\":\"https:\\\/\\\/www.smart-meals.nl\\\/de\\\/produkt\\\/sportmahlzeiten-jetzt-e20-rabatt-fertige-fitnessmahlzeiten\\\/#primaryimage\"},\"image\":{\"@id\":\"https:\\\/\\\/www.smart-meals.nl\\\/de\\\/produkt\\\/sportmahlzeiten-jetzt-e20-rabatt-fertige-fitnessmahlzeiten\\\/#primaryimage\"},\"thumbnailUrl\":\"https:\\\/\\\/www.smart-meals.nl\\\/wp-content\\\/uploads\\\/2021\\\/10\\\/Afslanken-Meal-Deal.png\",\"datePublished\":\"2021-12-08T14:25:32+00:00\",\"dateModified\":\"2025-06-05T14:02:21+00:00\",\"breadcrumb\":{\"@id\":\"https:\\\/\\\/www.smart-meals.nl\\\/de\\\/produkt\\\/sportmahlzeiten-jetzt-e20-rabatt-fertige-fitnessmahlzeiten\\\/#breadcrumb\"},\"inLanguage\":\"de\",\"potentialAction\":[{\"@type\":\"ReadAction\",\"target\":[\"https:\\\/\\\/www.smart-meals.nl\\\/de\\\/produkt\\\/sportmahlzeiten-jetzt-e20-rabatt-fertige-fitnessmahlzeiten\\\/\"]}]},{\"@type\":\"ImageObject\",\"inLanguage\":\"de\",\"@id\":\"https:\\\/\\\/www.smart-meals.nl\\\/de\\\/produkt\\\/sportmahlzeiten-jetzt-e20-rabatt-fertige-fitnessmahlzeiten\\\/#primaryimage\",\"url\":\"https:\\\/\\\/www.smart-meals.nl\\\/wp-content\\\/uploads\\\/2021\\\/10\\\/Afslanken-Meal-Deal.png\",\"contentUrl\":\"https:\\\/\\\/www.smart-meals.nl\\\/wp-content\\\/uploads\\\/2021\\\/10\\\/Afslanken-Meal-Deal.png\",\"width\":1000,\"height\":1000},{\"@type\":\"BreadcrumbList\",\"@id\":\"https:\\\/\\\/www.smart-meals.nl\\\/de\\\/produkt\\\/sportmahlzeiten-jetzt-e20-rabatt-fertige-fitnessmahlzeiten\\\/#breadcrumb\",\"itemListElement\":[{\"@type\":\"ListItem\",\"position\":1,\"name\":\"Home\",\"item\":\"https:\\\/\\\/www.smart-meals.nl\\\/de\\\/homenew\\\/\"},{\"@type\":\"ListItem\",\"position\":2,\"name\":\"Einkaufen\",\"item\":\"https:\\\/\\\/www.smart-meals.nl\\\/de\\\/einkaufen\\\/\"},{\"@type\":\"ListItem\",\"position\":3,\"name\":\"Sportmahlzeiten\",\"item\":\"https:\\\/\\\/www.smart-meals.nl\\\/de\\\/healthy\\\/sportmahlzeiten\\\/\"},{\"@type\":\"ListItem\",\"position\":4,\"name\":\"Sportmahlzeiten jetzt \u20ac20 Rabatt | Verzehrfertige Fitness-Mahlzeiten 14tlg.\"}]},{\"@type\":\"WebSite\",\"@id\":\"https:\\\/\\\/www.smart-meals.nl\\\/de\\\/#website\",\"url\":\"https:\\\/\\\/www.smart-meals.nl\\\/de\\\/\",\"name\":\"Smart Meals\",\"description\":\"Healthy High Protein Meals\",\"publisher\":{\"@id\":\"https:\\\/\\\/www.smart-meals.nl\\\/de\\\/#organization\"},\"potentialAction\":[{\"@type\":\"SearchAction\",\"target\":{\"@type\":\"EntryPoint\",\"urlTemplate\":\"https:\\\/\\\/www.smart-meals.nl\\\/de\\\/?s={search_term_string}\"},\"query-input\":{\"@type\":\"PropertyValueSpecification\",\"valueRequired\":true,\"valueName\":\"search_term_string\"}}],\"inLanguage\":\"de\"},{\"@type\":\"Organization\",\"@id\":\"https:\\\/\\\/www.smart-meals.nl\\\/de\\\/#organization\",\"name\":\"Smart Meals\",\"url\":\"https:\\\/\\\/www.smart-meals.nl\\\/de\\\/\",\"logo\":{\"@type\":\"ImageObject\",\"inLanguage\":\"de\",\"@id\":\"https:\\\/\\\/www.smart-meals.nl\\\/de\\\/#\\\/schema\\\/logo\\\/image\\\/\",\"url\":\"https:\\\/\\\/www.smart-meals.nl\\\/wp-content\\\/uploads\\\/2021\\\/03\\\/cropped-logo.png\",\"contentUrl\":\"https:\\\/\\\/www.smart-meals.nl\\\/wp-content\\\/uploads\\\/2021\\\/03\\\/cropped-logo.png\",\"width\":512,\"height\":512,\"caption\":\"Smart Meals\"},\"image\":{\"@id\":\"https:\\\/\\\/www.smart-meals.nl\\\/de\\\/#\\\/schema\\\/logo\\\/image\\\/\"},\"sameAs\":[\"https:\\\/\\\/www.facebook.com\\\/SmartMealsOfficial\"]}]}<\/script>\n<!-- \/ Yoast SEO plugin. -->","yoast_head_json":{"title":"Sportmahlzeiten jetzt \u20ac20 Rabatt | Verzehrfertige Fitness-Mahlzeiten 14tlg. - Smart Meals","robots":{"index":"index","follow":"follow","max-snippet":"max-snippet:-1","max-image-preview":"max-image-preview:large","max-video-preview":"max-video-preview:-1"},"canonical":"https:\/\/www.smart-meals.nl\/de\/produkt\/sportmahlzeiten-jetzt-e20-rabatt-fertige-fitnessmahlzeiten\/","og_locale":"de_DE","og_type":"article","og_title":"Sportmahlzeiten jetzt \u20ac20 Rabatt | Verzehrfertige Fitness-Mahlzeiten 14tlg. - Smart Meals","og_description":"Spezielle Intro-Box. 14 Mahlzeiten f\u00fcr nur 3,99 \u20ac pro St\u00fcck!  Geben Sie an der Kasse den Code NEW20 ein und Sie erhalten einen zus\u00e4tzlichen Rabatt von 20 \u20ac auf den Preis von 55,89 \u20ac oder 3,99 \u20ac pro Person. Dieses Paket und der Code k\u00f6nnen nur einmal pro Person und Haushalt verwendet werden. - Durchschnittlich 40 Gramm Eiwei\u00df pro Mahlzeit. -3 Monate im Gefrierschrank haltbar. -Nach Erhalt 6 Tage im K\u00fchlschrank aufbewahren.","og_url":"https:\/\/www.smart-meals.nl\/de\/produkt\/sportmahlzeiten-jetzt-e20-rabatt-fertige-fitnessmahlzeiten\/","og_site_name":"Smart Meals","article_publisher":"https:\/\/www.facebook.com\/SmartMealsOfficial","article_modified_time":"2025-06-05T14:02:21+00:00","og_image":[{"width":1000,"height":1000,"url":"https:\/\/www.smart-meals.nl\/wp-content\/uploads\/2021\/10\/Afslanken-Meal-Deal.png","type":"image\/png"}],"twitter_card":"summary_large_image","schema":{"@context":"https:\/\/schema.org","@graph":[{"@type":"WebPage","@id":"https:\/\/www.smart-meals.nl\/de\/produkt\/sportmahlzeiten-jetzt-e20-rabatt-fertige-fitnessmahlzeiten\/","url":"https:\/\/www.smart-meals.nl\/de\/produkt\/sportmahlzeiten-jetzt-e20-rabatt-fertige-fitnessmahlzeiten\/","name":"Sportmahlzeiten jetzt \u20ac20 Rabatt | Verzehrfertige Fitness-Mahlzeiten 14tlg. - Smart Meals","isPartOf":{"@id":"https:\/\/www.smart-meals.nl\/de\/#website"},"primaryImageOfPage":{"@id":"https:\/\/www.smart-meals.nl\/de\/produkt\/sportmahlzeiten-jetzt-e20-rabatt-fertige-fitnessmahlzeiten\/#primaryimage"},"image":{"@id":"https:\/\/www.smart-meals.nl\/de\/produkt\/sportmahlzeiten-jetzt-e20-rabatt-fertige-fitnessmahlzeiten\/#primaryimage"},"thumbnailUrl":"https:\/\/www.smart-meals.nl\/wp-content\/uploads\/2021\/10\/Afslanken-Meal-Deal.png","datePublished":"2021-12-08T14:25:32+00:00","dateModified":"2025-06-05T14:02:21+00:00","breadcrumb":{"@id":"https:\/\/www.smart-meals.nl\/de\/produkt\/sportmahlzeiten-jetzt-e20-rabatt-fertige-fitnessmahlzeiten\/#breadcrumb"},"inLanguage":"de","potentialAction":[{"@type":"ReadAction","target":["https:\/\/www.smart-meals.nl\/de\/produkt\/sportmahlzeiten-jetzt-e20-rabatt-fertige-fitnessmahlzeiten\/"]}]},{"@type":"ImageObject","inLanguage":"de","@id":"https:\/\/www.smart-meals.nl\/de\/produkt\/sportmahlzeiten-jetzt-e20-rabatt-fertige-fitnessmahlzeiten\/#primaryimage","url":"https:\/\/www.smart-meals.nl\/wp-content\/uploads\/2021\/10\/Afslanken-Meal-Deal.png","contentUrl":"https:\/\/www.smart-meals.nl\/wp-content\/uploads\/2021\/10\/Afslanken-Meal-Deal.png","width":1000,"height":1000},{"@type":"BreadcrumbList","@id":"https:\/\/www.smart-meals.nl\/de\/produkt\/sportmahlzeiten-jetzt-e20-rabatt-fertige-fitnessmahlzeiten\/#breadcrumb","itemListElement":[{"@type":"ListItem","position":1,"name":"Home","item":"https:\/\/www.smart-meals.nl\/de\/homenew\/"},{"@type":"ListItem","position":2,"name":"Einkaufen","item":"https:\/\/www.smart-meals.nl\/de\/einkaufen\/"},{"@type":"ListItem","position":3,"name":"Sportmahlzeiten","item":"https:\/\/www.smart-meals.nl\/de\/healthy\/sportmahlzeiten\/"},{"@type":"ListItem","position":4,"name":"Sportmahlzeiten jetzt \u20ac20 Rabatt | Verzehrfertige Fitness-Mahlzeiten 14tlg."}]},{"@type":"WebSite","@id":"https:\/\/www.smart-meals.nl\/de\/#website","url":"https:\/\/www.smart-meals.nl\/de\/","name":"Smart Meals","description":"Healthy High Protein Meals","publisher":{"@id":"https:\/\/www.smart-meals.nl\/de\/#organization"},"potentialAction":[{"@type":"SearchAction","target":{"@type":"EntryPoint","urlTemplate":"https:\/\/www.smart-meals.nl\/de\/?s={search_term_string}"},"query-input":{"@type":"PropertyValueSpecification","valueRequired":true,"valueName":"search_term_string"}}],"inLanguage":"de"},{"@type":"Organization","@id":"https:\/\/www.smart-meals.nl\/de\/#organization","name":"Smart Meals","url":"https:\/\/www.smart-meals.nl\/de\/","logo":{"@type":"ImageObject","inLanguage":"de","@id":"https:\/\/www.smart-meals.nl\/de\/#\/schema\/logo\/image\/","url":"https:\/\/www.smart-meals.nl\/wp-content\/uploads\/2021\/03\/cropped-logo.png","contentUrl":"https:\/\/www.smart-meals.nl\/wp-content\/uploads\/2021\/03\/cropped-logo.png","width":512,"height":512,"caption":"Smart Meals"},"image":{"@id":"https:\/\/www.smart-meals.nl\/de\/#\/schema\/logo\/image\/"},"sameAs":["https:\/\/www.facebook.com\/SmartMealsOfficial"]}]}},"_links":{"self":[{"href":"https:\/\/www.smart-meals.nl\/de\/wp-json\/wp\/v2\/product\/11792","targetHints":{"allow":["GET"]}}],"collection":[{"href":"https:\/\/www.smart-meals.nl\/de\/wp-json\/wp\/v2\/product"}],"about":[{"href":"https:\/\/www.smart-meals.nl\/de\/wp-json\/wp\/v2\/types\/product"}],"replies":[{"embeddable":true,"href":"https:\/\/www.smart-meals.nl\/de\/wp-json\/wp\/v2\/comments?post=11792"}],"version-history":[{"count":0,"href":"https:\/\/www.smart-meals.nl\/de\/wp-json\/wp\/v2\/product\/11792\/revisions"}],"wp:featuredmedia":[{"embeddable":true,"href":"https:\/\/www.smart-meals.nl\/de\/wp-json\/wp\/v2\/media\/11525"}],"wp:attachment":[{"href":"https:\/\/www.smart-meals.nl\/de\/wp-json\/wp\/v2\/media?parent=11792"}],"wp:term":[{"taxonomy":"product_brand","embeddable":true,"href":"https:\/\/www.smart-meals.nl\/de\/wp-json\/wp\/v2\/product_brand?post=11792"},{"taxonomy":"product_cat","embeddable":true,"href":"https:\/\/www.smart-meals.nl\/de\/wp-json\/wp\/v2\/product_cat?post=11792"},{"taxonomy":"product_tag","embeddable":true,"href":"https:\/\/www.smart-meals.nl\/de\/wp-json\/wp\/v2\/product_tag?post=11792"}],"curies":[{"name":"wp","href":"https:\/\/api.w.org\/{rel}","templated":true}]}}