{"id":15751,"date":"2022-02-24T17:00:54","date_gmt":"2022-02-24T16:00:54","guid":{"rendered":"https:\/\/www.smart-meals.nl\/?post_type=product&#038;p=15751"},"modified":"2022-11-15T17:24:02","modified_gmt":"2022-11-15T16:24:02","slug":"vegan-shawarma-700-gram-ready2eat-e1395","status":"publish","type":"product","link":"https:\/\/www.smart-meals.nl\/de\/produkt\/vegan-shawarma-700-gram-ready2eat-e1395\/","title":{"rendered":"Vegane Shoarma 700 Gramm Ready2Eat"},"content":{"rendered":"<p><strong>Kann in der Mikrowelle, Pfanne und im Ofen erhitzt werden.<\/strong><\/p>\n<table>\n<tbody>\n<tr>\n<td><strong>N\u00e4hrwert <\/strong><\/td>\n<td><strong>100<\/strong><\/td>\n<td><strong>g<\/strong><\/td>\n<\/tr>\n<tr>\n<td>Energie<\/td>\n<td>150<\/td>\n<td>kcal<\/td>\n<\/tr>\n<tr>\n<td>Fett<\/td>\n<td>6,9<\/td>\n<td>g<\/td>\n<\/tr>\n<tr>\n<td>davon ges\u00e4ttigt<\/td>\n<td>0,8<\/td>\n<td>g<\/td>\n<\/tr>\n<tr>\n<td>Kohlenhydrate<\/td>\n<td>5,3<\/td>\n<td>g<\/td>\n<\/tr>\n<tr>\n<td>davon Zucker<\/td>\n<td>0,4<\/td>\n<td>g<\/td>\n<\/tr>\n<tr>\n<td>Faser<\/td>\n<td>4,4<\/td>\n<td>g<\/td>\n<\/tr>\n<tr>\n<td>Eiwei\u00df<\/td>\n<td>15,0<\/td>\n<td>g<\/td>\n<\/tr>\n<tr>\n<td>Salz<\/td>\n<td>1,1<\/td>\n<td>g<\/td>\n<\/tr>\n<\/tbody>\n<\/table>\n<p>&nbsp;<\/p>\n","protected":false},"excerpt":{"rendered":"<div class=\"product-overview__info-text\">\n<div data-content-type=\"text\" data-appearance=\"default\" data-element=\"main\" data-pb-style=\"6099FF1415AFD\">\n<p>Vegane Streifen (rehydriertes <strong>Sojaprotein,<\/strong> Raps\u00f6l, Sonnenblumen\u00f6l, Essig, nat\u00fcrliche Aromen, Gem\u00fcse (Paprika, Zwiebel), Maltodextrin, Paprikakonzentrat)<\/p>\n<p>Gebrauchsfertige Zutaten kompakt verpackt zur praktischen Aufbewahrung in Ihrem Gefrierschrank. Sofort nach der Zubereitung schockgefroren f\u00fcr maximalen Geschmack und Qualit\u00e4t. <a href=\"https:\/\/www.smart-meals.nl\/shock-freezing\/\"><strong>Lesen Sie hier warum<\/strong><\/a> und schmecken Sie den Unterschied!<\/p>\n<p>-3 Monate im Gefrierschrank haltbar.<br \/>\n&#8211; Kann 3 Tage im K\u00fchlschrank aufgetaut werden.<br \/>\n-Gefroren geliefert in NL, BE, SE &amp; DE.<\/p>\n<\/div>\n<\/div>\n<div class=\"product-overview__info-text\"><\/div>\n<div class=\"product-overview__info-text\"><\/div>\n","protected":false},"featured_media":16132,"comment_status":"closed","ping_status":"closed","template":"","meta":{"_acf_changed":false},"product_brand":[],"product_cat":[571,449,446],"product_tag":[],"class_list":{"0":"post-15751","1":"product","2":"type-product","3":"status-publish","4":"has-post-thumbnail","6":"product_cat-fleisch-huhn","7":"product_cat-food-bag","8":"product_cat-protein-de","10":"first","11":"instock","12":"taxable","13":"shipping-taxable","14":"purchasable","15":"product-type-simple"},"bundled_by":[],"bundle_stock_status":"instock","bundle_stock_quantity":null,"bundle_virtual":false,"bundle_layout":"","bundle_add_to_cart_form_location":"","bundle_editable_in_cart":false,"bundle_sold_individually_context":"","bundle_item_grouping":"","bundle_min_size":"","bundle_max_size":"","bundle_price":[],"bundled_items":[],"bundle_sell_ids":[],"acf":[],"yoast_head":"<!-- This site is optimized with the Yoast SEO plugin v27.3 - https:\/\/yoast.com\/product\/yoast-seo-wordpress\/ -->\n<title>Vegane Shoarma 700 Gramm Ready2Eat - Smart Meals<\/title>\n<meta name=\"robots\" content=\"index, follow, max-snippet:-1, max-image-preview:large, max-video-preview:-1\" \/>\n<link rel=\"canonical\" href=\"https:\/\/www.smart-meals.nl\/de\/produkt\/vegan-shawarma-700-gram-ready2eat-e1395\/\" \/>\n<meta property=\"og:locale\" content=\"de_DE\" \/>\n<meta property=\"og:type\" content=\"article\" \/>\n<meta property=\"og:title\" content=\"Vegane Shoarma 700 Gramm Ready2Eat - Smart Meals\" \/>\n<meta property=\"og:description\" content=\"Vegane Streifen (rehydriertes Sojaprotein, Raps\u00f6l, Sonnenblumen\u00f6l, Essig, nat\u00fcrliche Aromen, Gem\u00fcse (Paprika, Zwiebel), Maltodextrin, Paprikakonzentrat) Gebrauchsfertige Zutaten kompakt verpackt zur praktischen Aufbewahrung in Ihrem Gefrierschrank. Sofort nach der Zubereitung schockgefroren f\u00fcr maximalen Geschmack und Qualit\u00e4t. Lesen Sie hier warum und schmecken Sie den Unterschied! -3 Monate im Gefrierschrank haltbar. - Kann 3 Tage im K\u00fchlschrank aufgetaut werden. -Gefroren geliefert in NL, BE, SE &amp; DE.\" \/>\n<meta property=\"og:url\" content=\"https:\/\/www.smart-meals.nl\/de\/produkt\/vegan-shawarma-700-gram-ready2eat-e1395\/\" \/>\n<meta property=\"og:site_name\" content=\"Smart Meals\" \/>\n<meta property=\"article:publisher\" content=\"https:\/\/www.facebook.com\/SmartMealsOfficial\" \/>\n<meta property=\"article:modified_time\" content=\"2022-11-15T16:24:02+00:00\" \/>\n<meta property=\"og:image\" content=\"https:\/\/www.smart-meals.nl\/wp-content\/uploads\/2022\/02\/Shoarma-2.jpg\" \/>\n\t<meta property=\"og:image:width\" content=\"800\" \/>\n\t<meta property=\"og:image:height\" content=\"800\" \/>\n\t<meta property=\"og:image:type\" content=\"image\/jpeg\" \/>\n<meta name=\"twitter:card\" content=\"summary_large_image\" \/>\n<script type=\"application\/ld+json\" class=\"yoast-schema-graph\">{\"@context\":\"https:\\\/\\\/schema.org\",\"@graph\":[{\"@type\":\"WebPage\",\"@id\":\"https:\\\/\\\/www.smart-meals.nl\\\/de\\\/produkt\\\/vegan-shawarma-700-gram-ready2eat-e1395\\\/\",\"url\":\"https:\\\/\\\/www.smart-meals.nl\\\/de\\\/produkt\\\/vegan-shawarma-700-gram-ready2eat-e1395\\\/\",\"name\":\"Vegane Shoarma 700 Gramm Ready2Eat - Smart Meals\",\"isPartOf\":{\"@id\":\"https:\\\/\\\/www.smart-meals.nl\\\/de\\\/#website\"},\"primaryImageOfPage\":{\"@id\":\"https:\\\/\\\/www.smart-meals.nl\\\/de\\\/produkt\\\/vegan-shawarma-700-gram-ready2eat-e1395\\\/#primaryimage\"},\"image\":{\"@id\":\"https:\\\/\\\/www.smart-meals.nl\\\/de\\\/produkt\\\/vegan-shawarma-700-gram-ready2eat-e1395\\\/#primaryimage\"},\"thumbnailUrl\":\"https:\\\/\\\/www.smart-meals.nl\\\/wp-content\\\/uploads\\\/2022\\\/02\\\/Shoarma-2.jpg\",\"datePublished\":\"2022-02-24T16:00:54+00:00\",\"dateModified\":\"2022-11-15T16:24:02+00:00\",\"breadcrumb\":{\"@id\":\"https:\\\/\\\/www.smart-meals.nl\\\/de\\\/produkt\\\/vegan-shawarma-700-gram-ready2eat-e1395\\\/#breadcrumb\"},\"inLanguage\":\"de\",\"potentialAction\":[{\"@type\":\"ReadAction\",\"target\":[\"https:\\\/\\\/www.smart-meals.nl\\\/de\\\/produkt\\\/vegan-shawarma-700-gram-ready2eat-e1395\\\/\"]}]},{\"@type\":\"ImageObject\",\"inLanguage\":\"de\",\"@id\":\"https:\\\/\\\/www.smart-meals.nl\\\/de\\\/produkt\\\/vegan-shawarma-700-gram-ready2eat-e1395\\\/#primaryimage\",\"url\":\"https:\\\/\\\/www.smart-meals.nl\\\/wp-content\\\/uploads\\\/2022\\\/02\\\/Shoarma-2.jpg\",\"contentUrl\":\"https:\\\/\\\/www.smart-meals.nl\\\/wp-content\\\/uploads\\\/2022\\\/02\\\/Shoarma-2.jpg\",\"width\":800,\"height\":800},{\"@type\":\"BreadcrumbList\",\"@id\":\"https:\\\/\\\/www.smart-meals.nl\\\/de\\\/produkt\\\/vegan-shawarma-700-gram-ready2eat-e1395\\\/#breadcrumb\",\"itemListElement\":[{\"@type\":\"ListItem\",\"position\":1,\"name\":\"Home\",\"item\":\"https:\\\/\\\/www.smart-meals.nl\\\/de\\\/homenew\\\/\"},{\"@type\":\"ListItem\",\"position\":2,\"name\":\"Einkaufen\",\"item\":\"https:\\\/\\\/www.smart-meals.nl\\\/de\\\/einkaufen\\\/\"},{\"@type\":\"ListItem\",\"position\":3,\"name\":\"Protein\",\"item\":\"https:\\\/\\\/www.smart-meals.nl\\\/de\\\/healthy\\\/protein-de\\\/\"},{\"@type\":\"ListItem\",\"position\":4,\"name\":\"Vegane Shoarma 700 Gramm Ready2Eat\"}]},{\"@type\":\"WebSite\",\"@id\":\"https:\\\/\\\/www.smart-meals.nl\\\/de\\\/#website\",\"url\":\"https:\\\/\\\/www.smart-meals.nl\\\/de\\\/\",\"name\":\"Smart Meals\",\"description\":\"Healthy High Protein Meals\",\"publisher\":{\"@id\":\"https:\\\/\\\/www.smart-meals.nl\\\/de\\\/#organization\"},\"potentialAction\":[{\"@type\":\"SearchAction\",\"target\":{\"@type\":\"EntryPoint\",\"urlTemplate\":\"https:\\\/\\\/www.smart-meals.nl\\\/de\\\/?s={search_term_string}\"},\"query-input\":{\"@type\":\"PropertyValueSpecification\",\"valueRequired\":true,\"valueName\":\"search_term_string\"}}],\"inLanguage\":\"de\"},{\"@type\":\"Organization\",\"@id\":\"https:\\\/\\\/www.smart-meals.nl\\\/de\\\/#organization\",\"name\":\"Smart Meals\",\"url\":\"https:\\\/\\\/www.smart-meals.nl\\\/de\\\/\",\"logo\":{\"@type\":\"ImageObject\",\"inLanguage\":\"de\",\"@id\":\"https:\\\/\\\/www.smart-meals.nl\\\/de\\\/#\\\/schema\\\/logo\\\/image\\\/\",\"url\":\"https:\\\/\\\/www.smart-meals.nl\\\/wp-content\\\/uploads\\\/2021\\\/03\\\/cropped-logo.png\",\"contentUrl\":\"https:\\\/\\\/www.smart-meals.nl\\\/wp-content\\\/uploads\\\/2021\\\/03\\\/cropped-logo.png\",\"width\":512,\"height\":512,\"caption\":\"Smart Meals\"},\"image\":{\"@id\":\"https:\\\/\\\/www.smart-meals.nl\\\/de\\\/#\\\/schema\\\/logo\\\/image\\\/\"},\"sameAs\":[\"https:\\\/\\\/www.facebook.com\\\/SmartMealsOfficial\"]}]}<\/script>\n<!-- \/ Yoast SEO plugin. -->","yoast_head_json":{"title":"Vegane Shoarma 700 Gramm Ready2Eat - Smart Meals","robots":{"index":"index","follow":"follow","max-snippet":"max-snippet:-1","max-image-preview":"max-image-preview:large","max-video-preview":"max-video-preview:-1"},"canonical":"https:\/\/www.smart-meals.nl\/de\/produkt\/vegan-shawarma-700-gram-ready2eat-e1395\/","og_locale":"de_DE","og_type":"article","og_title":"Vegane Shoarma 700 Gramm Ready2Eat - Smart Meals","og_description":"Vegane Streifen (rehydriertes Sojaprotein, Raps\u00f6l, Sonnenblumen\u00f6l, Essig, nat\u00fcrliche Aromen, Gem\u00fcse (Paprika, Zwiebel), Maltodextrin, Paprikakonzentrat) Gebrauchsfertige Zutaten kompakt verpackt zur praktischen Aufbewahrung in Ihrem Gefrierschrank. Sofort nach der Zubereitung schockgefroren f\u00fcr maximalen Geschmack und Qualit\u00e4t. Lesen Sie hier warum und schmecken Sie den Unterschied! -3 Monate im Gefrierschrank haltbar. - Kann 3 Tage im K\u00fchlschrank aufgetaut werden. -Gefroren geliefert in NL, BE, SE &amp; DE.","og_url":"https:\/\/www.smart-meals.nl\/de\/produkt\/vegan-shawarma-700-gram-ready2eat-e1395\/","og_site_name":"Smart Meals","article_publisher":"https:\/\/www.facebook.com\/SmartMealsOfficial","article_modified_time":"2022-11-15T16:24:02+00:00","og_image":[{"width":800,"height":800,"url":"https:\/\/www.smart-meals.nl\/wp-content\/uploads\/2022\/02\/Shoarma-2.jpg","type":"image\/jpeg"}],"twitter_card":"summary_large_image","schema":{"@context":"https:\/\/schema.org","@graph":[{"@type":"WebPage","@id":"https:\/\/www.smart-meals.nl\/de\/produkt\/vegan-shawarma-700-gram-ready2eat-e1395\/","url":"https:\/\/www.smart-meals.nl\/de\/produkt\/vegan-shawarma-700-gram-ready2eat-e1395\/","name":"Vegane Shoarma 700 Gramm Ready2Eat - Smart Meals","isPartOf":{"@id":"https:\/\/www.smart-meals.nl\/de\/#website"},"primaryImageOfPage":{"@id":"https:\/\/www.smart-meals.nl\/de\/produkt\/vegan-shawarma-700-gram-ready2eat-e1395\/#primaryimage"},"image":{"@id":"https:\/\/www.smart-meals.nl\/de\/produkt\/vegan-shawarma-700-gram-ready2eat-e1395\/#primaryimage"},"thumbnailUrl":"https:\/\/www.smart-meals.nl\/wp-content\/uploads\/2022\/02\/Shoarma-2.jpg","datePublished":"2022-02-24T16:00:54+00:00","dateModified":"2022-11-15T16:24:02+00:00","breadcrumb":{"@id":"https:\/\/www.smart-meals.nl\/de\/produkt\/vegan-shawarma-700-gram-ready2eat-e1395\/#breadcrumb"},"inLanguage":"de","potentialAction":[{"@type":"ReadAction","target":["https:\/\/www.smart-meals.nl\/de\/produkt\/vegan-shawarma-700-gram-ready2eat-e1395\/"]}]},{"@type":"ImageObject","inLanguage":"de","@id":"https:\/\/www.smart-meals.nl\/de\/produkt\/vegan-shawarma-700-gram-ready2eat-e1395\/#primaryimage","url":"https:\/\/www.smart-meals.nl\/wp-content\/uploads\/2022\/02\/Shoarma-2.jpg","contentUrl":"https:\/\/www.smart-meals.nl\/wp-content\/uploads\/2022\/02\/Shoarma-2.jpg","width":800,"height":800},{"@type":"BreadcrumbList","@id":"https:\/\/www.smart-meals.nl\/de\/produkt\/vegan-shawarma-700-gram-ready2eat-e1395\/#breadcrumb","itemListElement":[{"@type":"ListItem","position":1,"name":"Home","item":"https:\/\/www.smart-meals.nl\/de\/homenew\/"},{"@type":"ListItem","position":2,"name":"Einkaufen","item":"https:\/\/www.smart-meals.nl\/de\/einkaufen\/"},{"@type":"ListItem","position":3,"name":"Protein","item":"https:\/\/www.smart-meals.nl\/de\/healthy\/protein-de\/"},{"@type":"ListItem","position":4,"name":"Vegane Shoarma 700 Gramm Ready2Eat"}]},{"@type":"WebSite","@id":"https:\/\/www.smart-meals.nl\/de\/#website","url":"https:\/\/www.smart-meals.nl\/de\/","name":"Smart Meals","description":"Healthy High Protein Meals","publisher":{"@id":"https:\/\/www.smart-meals.nl\/de\/#organization"},"potentialAction":[{"@type":"SearchAction","target":{"@type":"EntryPoint","urlTemplate":"https:\/\/www.smart-meals.nl\/de\/?s={search_term_string}"},"query-input":{"@type":"PropertyValueSpecification","valueRequired":true,"valueName":"search_term_string"}}],"inLanguage":"de"},{"@type":"Organization","@id":"https:\/\/www.smart-meals.nl\/de\/#organization","name":"Smart Meals","url":"https:\/\/www.smart-meals.nl\/de\/","logo":{"@type":"ImageObject","inLanguage":"de","@id":"https:\/\/www.smart-meals.nl\/de\/#\/schema\/logo\/image\/","url":"https:\/\/www.smart-meals.nl\/wp-content\/uploads\/2021\/03\/cropped-logo.png","contentUrl":"https:\/\/www.smart-meals.nl\/wp-content\/uploads\/2021\/03\/cropped-logo.png","width":512,"height":512,"caption":"Smart Meals"},"image":{"@id":"https:\/\/www.smart-meals.nl\/de\/#\/schema\/logo\/image\/"},"sameAs":["https:\/\/www.facebook.com\/SmartMealsOfficial"]}]}},"_links":{"self":[{"href":"https:\/\/www.smart-meals.nl\/de\/wp-json\/wp\/v2\/product\/15751","targetHints":{"allow":["GET"]}}],"collection":[{"href":"https:\/\/www.smart-meals.nl\/de\/wp-json\/wp\/v2\/product"}],"about":[{"href":"https:\/\/www.smart-meals.nl\/de\/wp-json\/wp\/v2\/types\/product"}],"replies":[{"embeddable":true,"href":"https:\/\/www.smart-meals.nl\/de\/wp-json\/wp\/v2\/comments?post=15751"}],"version-history":[{"count":0,"href":"https:\/\/www.smart-meals.nl\/de\/wp-json\/wp\/v2\/product\/15751\/revisions"}],"wp:featuredmedia":[{"embeddable":true,"href":"https:\/\/www.smart-meals.nl\/de\/wp-json\/wp\/v2\/media\/16132"}],"wp:attachment":[{"href":"https:\/\/www.smart-meals.nl\/de\/wp-json\/wp\/v2\/media?parent=15751"}],"wp:term":[{"taxonomy":"product_brand","embeddable":true,"href":"https:\/\/www.smart-meals.nl\/de\/wp-json\/wp\/v2\/product_brand?post=15751"},{"taxonomy":"product_cat","embeddable":true,"href":"https:\/\/www.smart-meals.nl\/de\/wp-json\/wp\/v2\/product_cat?post=15751"},{"taxonomy":"product_tag","embeddable":true,"href":"https:\/\/www.smart-meals.nl\/de\/wp-json\/wp\/v2\/product_tag?post=15751"}],"curies":[{"name":"wp","href":"https:\/\/api.w.org\/{rel}","templated":true}]}}