{"id":20870,"date":"2021-10-10T14:06:33","date_gmt":"2021-10-10T12:06:33","guid":{"rendered":"https:\/\/www.smart-meals.nl\/?post_type=product&#038;p=20870"},"modified":"2026-04-12T15:08:06","modified_gmt":"2026-04-12T13:08:06","slug":"pulled-chicken-mexikanisch-va-e599","status":"publish","type":"product","link":"https:\/\/www.smart-meals.nl\/de\/produkt\/pulled-chicken-mexikanisch-va-e599\/","title":{"rendered":"Pulled Chicken Mexikaner"},"content":{"rendered":"<p><strong>Mikrowelle <\/strong>(Folie vorher entfernen)<br \/>\nGefroren: 8 Minuten bei 900 Watt aufw\u00e4rmen.<br \/>\nAufgetaut: 5 Minuten bei 900 Watt aufw\u00e4rmen.<\/p>\n<p><strong>Pfanne <\/strong>(Folie vorher entfernen)<br \/>\nGefroren: +-10 Minuten zum Aufw\u00e4rmen.<br \/>\nAufgetaut: +-7 Minuten zum Aufw\u00e4rmen.<\/p>\n<p><strong>Backofen <\/strong>(Folie vorher entfernen)<br \/>\nGefroren: +-35 Minuten bei 220\u2103 aufw\u00e4rmen.<br \/>\nAufgetaut: +-25 Minuten bei 220\u2103 aufw\u00e4rmen.<\/p>\n<h2><span class=\"c-product-description__accordiontitle j-product-description-accordion_title c-accordion-title--active c-product-description__accordiontitle--active\" aria-controls=\"description-ingredients\" data-enabled=\"true\">Zutaten<\/span><\/h2>\n<div id=\"description-ingredients\" class=\"c-product-description__accordioncontent c-product-description__accordioncontent--ingredients c-accordion-content--active\">\n<div class=\"c-product-description__content-text\">\n<div id=\"description-ingredients\" class=\"c-product-description__accordioncontent c-product-description__accordioncontent--ingredients c-accordion-content--active\">\n<div class=\"c-product-description__content-text\">\n<table class=\"table table-bordered table-condensed\" style=\"height: 615px;\" width=\"400\">\n<tbody>\n<tr>\n<td>Gewicht<\/td>\n<td>370 Gramm<\/td>\n<\/tr>\n<tr>\n<td>Energie<\/td>\n<td>1955 kj \/467 kcal<\/td>\n<\/tr>\n<tr>\n<td><i>Fett<\/i><\/td>\n<td>10,9 Gramm<\/td>\n<\/tr>\n<tr>\n<td><i>davon ges\u00e4ttigt<\/i><\/td>\n<td>3.8 g<\/td>\n<\/tr>\n<tr>\n<td>Kohlenhydrate<\/td>\n<td>43,7 Gramm<\/td>\n<\/tr>\n<tr>\n<td><i>Davon Zucker<\/i><\/td>\n<td>12.4 g<\/td>\n<\/tr>\n<tr>\n<td>Ballaststoffe<\/td>\n<td>5.4 g<\/td>\n<\/tr>\n<tr>\n<td>Eiwei\u00df<\/td>\n<td>41,3 Gramm<\/td>\n<\/tr>\n<tr>\n<td>Salz<\/td>\n<td>0.6 g<\/td>\n<\/tr>\n<\/tbody>\n<\/table>\n<h6><\/h6>\n<p>H\u00fchnerfleisch 120 g (H\u00fchnerfleisch, Streuzucker, Knoblauch, Paprika, Pfeffer,<br \/>\nCayennepfeffer, Oregano, Kreuzk\u00fcmmel), Gelber Reis 80 g, Gem\u00fcse 170 g (ger\u00f6steter Mais,<br \/>\nMais, gegrillte rote Paprika, rote Kidneybohnen, Karotten, Gartenerbsen,<br \/>\ngr\u00fcne Bohnen) und Gew\u00fcrze.<\/p>\n<h2>Informationen zu Allergenen<\/h2>\n<p>Enth\u00e4lt keine Allergene<\/p>\n<\/div>\n<\/div>\n<\/div>\n<\/div>\n","protected":false},"excerpt":{"rendered":"<p>370 g | 467 kcal | 41,3 g Eiwei\u00df | 43,7 g Kohlenhydrate | 10,9 g Fett<\/p>\n<p>Gekochtes H\u00e4hnchen, gelber Reis und eine Mischung aus Karotten, Gartenerbsen, gr\u00fcnen Bohnen, Mais, gegrillten roten Paprikaschoten und roten Kidneybohnen<\/p>\n<p>-3 Monate im Gefrierschrank haltbar.<br \/>\n&#8211; Nach Erhalt 5 Tage im K\u00fchlschrank aufbewahren.<\/p>\n<p><img decoding=\"async\" class=\"alignnone wp-image-49002\" src=\"https:\/\/www.smart-meals.nl\/wp-content\/uploads\/2021\/10\/Icons-300x300.png\" alt=\"\" width=\"45\" height=\"45\" srcset=\"https:\/\/www.smart-meals.nl\/wp-content\/uploads\/2021\/10\/Icons-300x300.png 300w, https:\/\/www.smart-meals.nl\/wp-content\/uploads\/2021\/10\/Icons-150x150.png 150w, https:\/\/www.smart-meals.nl\/wp-content\/uploads\/2021\/10\/Icons-100x100.png 100w, https:\/\/www.smart-meals.nl\/wp-content\/uploads\/2021\/10\/Icons.png 500w\" sizes=\"(max-width: 45px) 100vw, 45px\" \/> <img decoding=\"async\" class=\"alignnone wp-image-49005\" src=\"https:\/\/www.smart-meals.nl\/wp-content\/uploads\/2021\/10\/Icons7-300x300.png\" alt=\"\" width=\"45\" height=\"45\" srcset=\"https:\/\/www.smart-meals.nl\/wp-content\/uploads\/2021\/10\/Icons7-300x300.png 300w, https:\/\/www.smart-meals.nl\/wp-content\/uploads\/2021\/10\/Icons7-150x150.png 150w, https:\/\/www.smart-meals.nl\/wp-content\/uploads\/2021\/10\/Icons7-100x100.png 100w, https:\/\/www.smart-meals.nl\/wp-content\/uploads\/2021\/10\/Icons7.png 500w\" sizes=\"(max-width: 45px) 100vw, 45px\" \/> <img decoding=\"async\" class=\"alignnone wp-image-49008\" src=\"https:\/\/www.smart-meals.nl\/wp-content\/uploads\/2021\/10\/Icons4-300x300.png\" alt=\"\" width=\"45\" height=\"45\" srcset=\"https:\/\/www.smart-meals.nl\/wp-content\/uploads\/2021\/10\/Icons4-300x300.png 300w, https:\/\/www.smart-meals.nl\/wp-content\/uploads\/2021\/10\/Icons4-150x150.png 150w, https:\/\/www.smart-meals.nl\/wp-content\/uploads\/2021\/10\/Icons4-100x100.png 100w, https:\/\/www.smart-meals.nl\/wp-content\/uploads\/2021\/10\/Icons4.png 500w\" sizes=\"(max-width: 45px) 100vw, 45px\" \/> <img loading=\"lazy\" decoding=\"async\" class=\"alignnone wp-image-49011\" src=\"https:\/\/www.smart-meals.nl\/wp-content\/uploads\/2021\/10\/Icons5-300x300.png\" alt=\"\" width=\"45\" height=\"45\" srcset=\"https:\/\/www.smart-meals.nl\/wp-content\/uploads\/2021\/10\/Icons5-300x300.png 300w, https:\/\/www.smart-meals.nl\/wp-content\/uploads\/2021\/10\/Icons5-150x150.png 150w, https:\/\/www.smart-meals.nl\/wp-content\/uploads\/2021\/10\/Icons5-100x100.png 100w, https:\/\/www.smart-meals.nl\/wp-content\/uploads\/2021\/10\/Icons5.png 500w\" sizes=\"(max-width: 45px) 100vw, 45px\" \/> <img loading=\"lazy\" decoding=\"async\" class=\"alignnone wp-image-49014\" src=\"https:\/\/www.smart-meals.nl\/wp-content\/uploads\/2021\/10\/Icons6-300x300.png\" alt=\"\" width=\"45\" height=\"45\" srcset=\"https:\/\/www.smart-meals.nl\/wp-content\/uploads\/2021\/10\/Icons6-300x300.png 300w, https:\/\/www.smart-meals.nl\/wp-content\/uploads\/2021\/10\/Icons6-150x150.png 150w, https:\/\/www.smart-meals.nl\/wp-content\/uploads\/2021\/10\/Icons6-100x100.png 100w, https:\/\/www.smart-meals.nl\/wp-content\/uploads\/2021\/10\/Icons6.png 500w\" sizes=\"(max-width: 45px) 100vw, 45px\" \/><\/p>\n<p><strong><a href=\"https:\/\/www.smart-meals.nl\/de\/nutri-score\/\" target=\"_blank\" rel=\"noopener\"><img loading=\"lazy\" decoding=\"async\" class=\"alignnone wp-image-6741\" src=\"https:\/\/www.smart-meals.nl\/wp-content\/uploads\/2021\/10\/1200px-nutri-score-a.svg-300x163-2.png\" alt=\"\" width=\"116\" height=\"63\"><\/a><\/strong><\/p>\n","protected":false},"featured_media":38018,"comment_status":"open","ping_status":"closed","template":"","meta":{"_acf_changed":false},"product_brand":[],"product_cat":[327,326,328,440,626,315,325],"product_tag":[],"class_list":{"0":"post-20870","1":"product","2":"type-product","3":"status-publish","4":"has-post-thumbnail","6":"product_cat-400-kcal-de","7":"product_cat-fettabbau-keto","8":"product_cat-fit-gesund-und-besser-konzentrieren","9":"product_cat-fodmap-de","10":"product_cat-halal-de","11":"product_cat-sportmahlzeiten","12":"product_cat-trockene-muskelmasse","13":"pa_pakket-1-stuck","14":"pa_pakket-12-stuck","15":"pa_pakket-3-stuck","16":"pa_pakket-6-stuck","18":"first","19":"instock","20":"sale","21":"taxable","22":"shipping-taxable","23":"purchasable","24":"product-type-simple"},"bundled_by":["14657"],"bundle_stock_status":"instock","bundle_stock_quantity":92,"bundle_virtual":false,"bundle_layout":"","bundle_add_to_cart_form_location":"","bundle_editable_in_cart":false,"bundle_sold_individually_context":"","bundle_item_grouping":"","bundle_min_size":"","bundle_max_size":"","bundle_price":[],"bundled_items":[],"bundle_sell_ids":[],"acf":[],"yoast_head":"<!-- This site is optimized with the Yoast SEO plugin v27.3 - https:\/\/yoast.com\/product\/yoast-seo-wordpress\/ -->\n<title>Pulled Chicken Mexikaner - Smart Meals<\/title>\n<meta name=\"robots\" content=\"index, follow, max-snippet:-1, max-image-preview:large, max-video-preview:-1\" \/>\n<link rel=\"canonical\" href=\"https:\/\/www.smart-meals.nl\/de\/produkt\/pulled-chicken-mexikanisch-va-e599\/\" \/>\n<meta property=\"og:locale\" content=\"de_DE\" \/>\n<meta property=\"og:type\" content=\"article\" \/>\n<meta property=\"og:title\" content=\"Pulled Chicken Mexikaner - Smart Meals\" \/>\n<meta property=\"og:description\" content=\"370 g | 467 kcal | 41,3 g Eiwei\u00df | 43,7 g Kohlenhydrate | 10,9 g Fett Gekochtes H\u00e4hnchen, gelber Reis und eine Mischung aus Karotten, Gartenerbsen, gr\u00fcnen Bohnen, Mais, gegrillten roten Paprikaschoten und roten Kidneybohnen -3 Monate im Gefrierschrank haltbar. - Nach Erhalt 5 Tage im K\u00fchlschrank aufbewahren.\" \/>\n<meta property=\"og:url\" content=\"https:\/\/www.smart-meals.nl\/de\/produkt\/pulled-chicken-mexikanisch-va-e599\/\" \/>\n<meta property=\"og:site_name\" content=\"Smart Meals\" \/>\n<meta property=\"article:publisher\" content=\"https:\/\/www.facebook.com\/SmartMealsOfficial\" \/>\n<meta property=\"article:modified_time\" content=\"2026-04-12T13:08:06+00:00\" \/>\n<meta property=\"og:image\" content=\"https:\/\/www.smart-meals.nl\/wp-content\/uploads\/2021\/10\/Pulled-Chicken-Mexican-1.jpg\" \/>\n\t<meta property=\"og:image:width\" content=\"800\" \/>\n\t<meta property=\"og:image:height\" content=\"800\" \/>\n\t<meta property=\"og:image:type\" content=\"image\/jpeg\" \/>\n<meta name=\"twitter:card\" content=\"summary_large_image\" \/>\n<meta name=\"twitter:label1\" content=\"Gesch\u00e4tzte Lesezeit\" \/>\n\t<meta name=\"twitter:data1\" content=\"1\u00a0Minute\" \/>\n<script type=\"application\/ld+json\" class=\"yoast-schema-graph\">{\"@context\":\"https:\\\/\\\/schema.org\",\"@graph\":[{\"@type\":\"WebPage\",\"@id\":\"https:\\\/\\\/www.smart-meals.nl\\\/de\\\/produkt\\\/pulled-chicken-mexikanisch-va-e599\\\/\",\"url\":\"https:\\\/\\\/www.smart-meals.nl\\\/de\\\/produkt\\\/pulled-chicken-mexikanisch-va-e599\\\/\",\"name\":\"Pulled Chicken Mexikaner - Smart Meals\",\"isPartOf\":{\"@id\":\"https:\\\/\\\/www.smart-meals.nl\\\/de\\\/#website\"},\"primaryImageOfPage\":{\"@id\":\"https:\\\/\\\/www.smart-meals.nl\\\/de\\\/produkt\\\/pulled-chicken-mexikanisch-va-e599\\\/#primaryimage\"},\"image\":{\"@id\":\"https:\\\/\\\/www.smart-meals.nl\\\/de\\\/produkt\\\/pulled-chicken-mexikanisch-va-e599\\\/#primaryimage\"},\"thumbnailUrl\":\"https:\\\/\\\/www.smart-meals.nl\\\/wp-content\\\/uploads\\\/2021\\\/10\\\/Pulled-Chicken-Mexican-1.jpg\",\"datePublished\":\"2021-10-10T12:06:33+00:00\",\"dateModified\":\"2026-04-12T13:08:06+00:00\",\"breadcrumb\":{\"@id\":\"https:\\\/\\\/www.smart-meals.nl\\\/de\\\/produkt\\\/pulled-chicken-mexikanisch-va-e599\\\/#breadcrumb\"},\"inLanguage\":\"de\",\"potentialAction\":[{\"@type\":\"ReadAction\",\"target\":[\"https:\\\/\\\/www.smart-meals.nl\\\/de\\\/produkt\\\/pulled-chicken-mexikanisch-va-e599\\\/\"]}]},{\"@type\":\"ImageObject\",\"inLanguage\":\"de\",\"@id\":\"https:\\\/\\\/www.smart-meals.nl\\\/de\\\/produkt\\\/pulled-chicken-mexikanisch-va-e599\\\/#primaryimage\",\"url\":\"https:\\\/\\\/www.smart-meals.nl\\\/wp-content\\\/uploads\\\/2021\\\/10\\\/Pulled-Chicken-Mexican-1.jpg\",\"contentUrl\":\"https:\\\/\\\/www.smart-meals.nl\\\/wp-content\\\/uploads\\\/2021\\\/10\\\/Pulled-Chicken-Mexican-1.jpg\",\"width\":800,\"height\":800},{\"@type\":\"BreadcrumbList\",\"@id\":\"https:\\\/\\\/www.smart-meals.nl\\\/de\\\/produkt\\\/pulled-chicken-mexikanisch-va-e599\\\/#breadcrumb\",\"itemListElement\":[{\"@type\":\"ListItem\",\"position\":1,\"name\":\"Home\",\"item\":\"https:\\\/\\\/www.smart-meals.nl\\\/de\\\/homenew\\\/\"},{\"@type\":\"ListItem\",\"position\":2,\"name\":\"Einkaufen\",\"item\":\"https:\\\/\\\/www.smart-meals.nl\\\/de\\\/einkaufen\\\/\"},{\"@type\":\"ListItem\",\"position\":3,\"name\":\"+\\\/-400 kcal\",\"item\":\"https:\\\/\\\/www.smart-meals.nl\\\/de\\\/healthy\\\/400-kcal-de\\\/\"},{\"@type\":\"ListItem\",\"position\":4,\"name\":\"Pulled Chicken Mexikaner\"}]},{\"@type\":\"WebSite\",\"@id\":\"https:\\\/\\\/www.smart-meals.nl\\\/de\\\/#website\",\"url\":\"https:\\\/\\\/www.smart-meals.nl\\\/de\\\/\",\"name\":\"Smart Meals\",\"description\":\"Healthy High Protein Meals\",\"publisher\":{\"@id\":\"https:\\\/\\\/www.smart-meals.nl\\\/de\\\/#organization\"},\"potentialAction\":[{\"@type\":\"SearchAction\",\"target\":{\"@type\":\"EntryPoint\",\"urlTemplate\":\"https:\\\/\\\/www.smart-meals.nl\\\/de\\\/?s={search_term_string}\"},\"query-input\":{\"@type\":\"PropertyValueSpecification\",\"valueRequired\":true,\"valueName\":\"search_term_string\"}}],\"inLanguage\":\"de\"},{\"@type\":\"Organization\",\"@id\":\"https:\\\/\\\/www.smart-meals.nl\\\/de\\\/#organization\",\"name\":\"Smart Meals\",\"url\":\"https:\\\/\\\/www.smart-meals.nl\\\/de\\\/\",\"logo\":{\"@type\":\"ImageObject\",\"inLanguage\":\"de\",\"@id\":\"https:\\\/\\\/www.smart-meals.nl\\\/de\\\/#\\\/schema\\\/logo\\\/image\\\/\",\"url\":\"https:\\\/\\\/www.smart-meals.nl\\\/wp-content\\\/uploads\\\/2021\\\/03\\\/cropped-logo.png\",\"contentUrl\":\"https:\\\/\\\/www.smart-meals.nl\\\/wp-content\\\/uploads\\\/2021\\\/03\\\/cropped-logo.png\",\"width\":512,\"height\":512,\"caption\":\"Smart Meals\"},\"image\":{\"@id\":\"https:\\\/\\\/www.smart-meals.nl\\\/de\\\/#\\\/schema\\\/logo\\\/image\\\/\"},\"sameAs\":[\"https:\\\/\\\/www.facebook.com\\\/SmartMealsOfficial\"]}]}<\/script>\n<!-- \/ Yoast SEO plugin. -->","yoast_head_json":{"title":"Pulled Chicken Mexikaner - Smart Meals","robots":{"index":"index","follow":"follow","max-snippet":"max-snippet:-1","max-image-preview":"max-image-preview:large","max-video-preview":"max-video-preview:-1"},"canonical":"https:\/\/www.smart-meals.nl\/de\/produkt\/pulled-chicken-mexikanisch-va-e599\/","og_locale":"de_DE","og_type":"article","og_title":"Pulled Chicken Mexikaner - Smart Meals","og_description":"370 g | 467 kcal | 41,3 g Eiwei\u00df | 43,7 g Kohlenhydrate | 10,9 g Fett Gekochtes H\u00e4hnchen, gelber Reis und eine Mischung aus Karotten, Gartenerbsen, gr\u00fcnen Bohnen, Mais, gegrillten roten Paprikaschoten und roten Kidneybohnen -3 Monate im Gefrierschrank haltbar. - Nach Erhalt 5 Tage im K\u00fchlschrank aufbewahren.","og_url":"https:\/\/www.smart-meals.nl\/de\/produkt\/pulled-chicken-mexikanisch-va-e599\/","og_site_name":"Smart Meals","article_publisher":"https:\/\/www.facebook.com\/SmartMealsOfficial","article_modified_time":"2026-04-12T13:08:06+00:00","og_image":[{"width":800,"height":800,"url":"https:\/\/www.smart-meals.nl\/wp-content\/uploads\/2021\/10\/Pulled-Chicken-Mexican-1.jpg","type":"image\/jpeg"}],"twitter_card":"summary_large_image","twitter_misc":{"Gesch\u00e4tzte Lesezeit":"1\u00a0Minute"},"schema":{"@context":"https:\/\/schema.org","@graph":[{"@type":"WebPage","@id":"https:\/\/www.smart-meals.nl\/de\/produkt\/pulled-chicken-mexikanisch-va-e599\/","url":"https:\/\/www.smart-meals.nl\/de\/produkt\/pulled-chicken-mexikanisch-va-e599\/","name":"Pulled Chicken Mexikaner - Smart Meals","isPartOf":{"@id":"https:\/\/www.smart-meals.nl\/de\/#website"},"primaryImageOfPage":{"@id":"https:\/\/www.smart-meals.nl\/de\/produkt\/pulled-chicken-mexikanisch-va-e599\/#primaryimage"},"image":{"@id":"https:\/\/www.smart-meals.nl\/de\/produkt\/pulled-chicken-mexikanisch-va-e599\/#primaryimage"},"thumbnailUrl":"https:\/\/www.smart-meals.nl\/wp-content\/uploads\/2021\/10\/Pulled-Chicken-Mexican-1.jpg","datePublished":"2021-10-10T12:06:33+00:00","dateModified":"2026-04-12T13:08:06+00:00","breadcrumb":{"@id":"https:\/\/www.smart-meals.nl\/de\/produkt\/pulled-chicken-mexikanisch-va-e599\/#breadcrumb"},"inLanguage":"de","potentialAction":[{"@type":"ReadAction","target":["https:\/\/www.smart-meals.nl\/de\/produkt\/pulled-chicken-mexikanisch-va-e599\/"]}]},{"@type":"ImageObject","inLanguage":"de","@id":"https:\/\/www.smart-meals.nl\/de\/produkt\/pulled-chicken-mexikanisch-va-e599\/#primaryimage","url":"https:\/\/www.smart-meals.nl\/wp-content\/uploads\/2021\/10\/Pulled-Chicken-Mexican-1.jpg","contentUrl":"https:\/\/www.smart-meals.nl\/wp-content\/uploads\/2021\/10\/Pulled-Chicken-Mexican-1.jpg","width":800,"height":800},{"@type":"BreadcrumbList","@id":"https:\/\/www.smart-meals.nl\/de\/produkt\/pulled-chicken-mexikanisch-va-e599\/#breadcrumb","itemListElement":[{"@type":"ListItem","position":1,"name":"Home","item":"https:\/\/www.smart-meals.nl\/de\/homenew\/"},{"@type":"ListItem","position":2,"name":"Einkaufen","item":"https:\/\/www.smart-meals.nl\/de\/einkaufen\/"},{"@type":"ListItem","position":3,"name":"+\/-400 kcal","item":"https:\/\/www.smart-meals.nl\/de\/healthy\/400-kcal-de\/"},{"@type":"ListItem","position":4,"name":"Pulled Chicken Mexikaner"}]},{"@type":"WebSite","@id":"https:\/\/www.smart-meals.nl\/de\/#website","url":"https:\/\/www.smart-meals.nl\/de\/","name":"Smart Meals","description":"Healthy High Protein Meals","publisher":{"@id":"https:\/\/www.smart-meals.nl\/de\/#organization"},"potentialAction":[{"@type":"SearchAction","target":{"@type":"EntryPoint","urlTemplate":"https:\/\/www.smart-meals.nl\/de\/?s={search_term_string}"},"query-input":{"@type":"PropertyValueSpecification","valueRequired":true,"valueName":"search_term_string"}}],"inLanguage":"de"},{"@type":"Organization","@id":"https:\/\/www.smart-meals.nl\/de\/#organization","name":"Smart Meals","url":"https:\/\/www.smart-meals.nl\/de\/","logo":{"@type":"ImageObject","inLanguage":"de","@id":"https:\/\/www.smart-meals.nl\/de\/#\/schema\/logo\/image\/","url":"https:\/\/www.smart-meals.nl\/wp-content\/uploads\/2021\/03\/cropped-logo.png","contentUrl":"https:\/\/www.smart-meals.nl\/wp-content\/uploads\/2021\/03\/cropped-logo.png","width":512,"height":512,"caption":"Smart Meals"},"image":{"@id":"https:\/\/www.smart-meals.nl\/de\/#\/schema\/logo\/image\/"},"sameAs":["https:\/\/www.facebook.com\/SmartMealsOfficial"]}]}},"_links":{"self":[{"href":"https:\/\/www.smart-meals.nl\/de\/wp-json\/wp\/v2\/product\/20870","targetHints":{"allow":["GET"]}}],"collection":[{"href":"https:\/\/www.smart-meals.nl\/de\/wp-json\/wp\/v2\/product"}],"about":[{"href":"https:\/\/www.smart-meals.nl\/de\/wp-json\/wp\/v2\/types\/product"}],"replies":[{"embeddable":true,"href":"https:\/\/www.smart-meals.nl\/de\/wp-json\/wp\/v2\/comments?post=20870"}],"version-history":[{"count":0,"href":"https:\/\/www.smart-meals.nl\/de\/wp-json\/wp\/v2\/product\/20870\/revisions"}],"wp:featuredmedia":[{"embeddable":true,"href":"https:\/\/www.smart-meals.nl\/de\/wp-json\/wp\/v2\/media\/38018"}],"wp:attachment":[{"href":"https:\/\/www.smart-meals.nl\/de\/wp-json\/wp\/v2\/media?parent=20870"}],"wp:term":[{"taxonomy":"product_brand","embeddable":true,"href":"https:\/\/www.smart-meals.nl\/de\/wp-json\/wp\/v2\/product_brand?post=20870"},{"taxonomy":"product_cat","embeddable":true,"href":"https:\/\/www.smart-meals.nl\/de\/wp-json\/wp\/v2\/product_cat?post=20870"},{"taxonomy":"product_tag","embeddable":true,"href":"https:\/\/www.smart-meals.nl\/de\/wp-json\/wp\/v2\/product_tag?post=20870"}],"curies":[{"name":"wp","href":"https:\/\/api.w.org\/{rel}","templated":true}]}}