{"id":30447,"date":"2022-11-14T16:46:12","date_gmt":"2022-11-14T15:46:12","guid":{"rendered":"https:\/\/www.smart-meals.nl\/?post_type=product&#038;p=30447"},"modified":"2022-11-15T13:23:26","modified_gmt":"2022-11-15T12:23:26","slug":"mexikanisch-mix-25kg-fertig2eat","status":"publish","type":"product","link":"https:\/\/www.smart-meals.nl\/de\/produkt\/mexikanisch-mix-25kg-fertig2eat\/","title":{"rendered":"Mexikanische Mischung 2.5kg Ready2Eat"},"content":{"rendered":"<p><strong>Kann in der Mikrowelle, Pfanne und im Ofen erhitzt werden.<\/strong><\/p>\n<table>\n<tbody>\n<tr>\n<td><strong>N\u00e4hrwert <\/strong><\/td>\n<td><strong>100<\/strong><\/td>\n<td><strong>g<\/strong><\/td>\n<\/tr>\n<tr>\n<td>Energie<\/td>\n<td>55<\/td>\n<td>kcal<\/td>\n<\/tr>\n<tr>\n<td>Fett<\/td>\n<td>0,7<\/td>\n<td>g<\/td>\n<\/tr>\n<tr>\n<td>davon ges\u00e4ttigt<\/td>\n<td>0,1<\/td>\n<td>g<\/td>\n<\/tr>\n<tr>\n<td>Kohlenhydrate<\/td>\n<td>8,3<\/td>\n<td>g<\/td>\n<\/tr>\n<tr>\n<td>davon Zucker<\/td>\n<td>3,4<\/td>\n<td>g<\/td>\n<\/tr>\n<tr>\n<td>Faser<\/td>\n<td>3,2<\/td>\n<td>g<\/td>\n<\/tr>\n<tr>\n<td>Eiwei\u00df<\/td>\n<td>2,4<\/td>\n<td>g<\/td>\n<\/tr>\n<tr>\n<td>Salz<\/td>\n<td>0,02<\/td>\n<td>g<\/td>\n<\/tr>\n<\/tbody>\n<\/table>\n<p>&nbsp;<\/p>\n","protected":false},"excerpt":{"rendered":"<div class=\"product-overview__info-text\">\n<div data-content-type=\"text\" data-appearance=\"default\" data-element=\"main\" data-pb-style=\"6099FF1415AFD\">\n<p>Karotte, Mais, Erbsen, gr\u00fcne Bohnen, Paprika.<\/p>\n<p>Gebrauchsfertige Zutaten kompakt verpackt zur praktischen Aufbewahrung in Ihrem Gefrierschrank. Sofort nach der Zubereitung schockgefroren f\u00fcr maximalen Geschmack und Qualit\u00e4t. <a href=\"https:\/\/www.smart-meals.nl\/shock-freezing\/\"><strong>Lesen Sie hier warum<\/strong><\/a> und schmecken Sie den Unterschied!<\/p>\n<p>-3 Monate im Gefrierschrank haltbar.<br \/>\n&#8211; Kann 3 Tage im K\u00fchlschrank aufgetaut werden.<br \/>\n-Gefroren geliefert in NL, BE, SE &amp; DE.<\/p>\n<\/div>\n<\/div>\n<div class=\"product-overview__info-text\"><\/div>\n<div class=\"product-overview__info-text\"><\/div>\n","protected":false},"featured_media":30453,"comment_status":"closed","ping_status":"closed","template":"","meta":{"_acf_changed":false},"product_brand":[],"product_cat":[449,576],"product_tag":[],"class_list":{"0":"post-30447","1":"product","2":"type-product","3":"status-publish","4":"has-post-thumbnail","6":"product_cat-food-bag","7":"product_cat-obst-und-gemuse","9":"first","10":"instock","11":"taxable","12":"shipping-taxable","13":"purchasable","14":"product-type-simple"},"bundled_by":[],"bundle_stock_status":"instock","bundle_stock_quantity":null,"bundle_virtual":false,"bundle_layout":"","bundle_add_to_cart_form_location":"","bundle_editable_in_cart":false,"bundle_sold_individually_context":"","bundle_item_grouping":"","bundle_min_size":"","bundle_max_size":"","bundle_price":[],"bundled_items":[],"bundle_sell_ids":[],"acf":[],"yoast_head":"<!-- This site is optimized with the Yoast SEO plugin v27.3 - https:\/\/yoast.com\/product\/yoast-seo-wordpress\/ -->\n<title>Mexikanische Mischung 2.5kg Ready2Eat - Smart Meals<\/title>\n<meta name=\"robots\" content=\"index, follow, max-snippet:-1, max-image-preview:large, max-video-preview:-1\" \/>\n<link rel=\"canonical\" href=\"https:\/\/www.smart-meals.nl\/de\/produkt\/mexikanisch-mix-25kg-fertig2eat\/\" \/>\n<meta property=\"og:locale\" content=\"de_DE\" \/>\n<meta property=\"og:type\" content=\"article\" \/>\n<meta property=\"og:title\" content=\"Mexikanische Mischung 2.5kg Ready2Eat - Smart Meals\" \/>\n<meta property=\"og:description\" content=\"Karotte, Mais, Erbsen, gr\u00fcne Bohnen, Paprika. Gebrauchsfertige Zutaten kompakt verpackt zur praktischen Aufbewahrung in Ihrem Gefrierschrank. Sofort nach der Zubereitung schockgefroren f\u00fcr maximalen Geschmack und Qualit\u00e4t. Lesen Sie hier warum und schmecken Sie den Unterschied! -3 Monate im Gefrierschrank haltbar. - Kann 3 Tage im K\u00fchlschrank aufgetaut werden. -Gefroren geliefert in NL, BE, SE &amp; DE.\" \/>\n<meta property=\"og:url\" content=\"https:\/\/www.smart-meals.nl\/de\/produkt\/mexikanisch-mix-25kg-fertig2eat\/\" \/>\n<meta property=\"og:site_name\" content=\"Smart Meals\" \/>\n<meta property=\"article:publisher\" content=\"https:\/\/www.facebook.com\/SmartMealsOfficial\" \/>\n<meta property=\"article:modified_time\" content=\"2022-11-15T12:23:26+00:00\" \/>\n<meta property=\"og:image\" content=\"https:\/\/www.smart-meals.nl\/wp-content\/uploads\/2022\/11\/Mexicomix-1.jpg\" \/>\n\t<meta property=\"og:image:width\" content=\"660\" \/>\n\t<meta property=\"og:image:height\" content=\"660\" \/>\n\t<meta property=\"og:image:type\" content=\"image\/jpeg\" \/>\n<meta name=\"twitter:card\" content=\"summary_large_image\" \/>\n<script type=\"application\/ld+json\" class=\"yoast-schema-graph\">{\"@context\":\"https:\\\/\\\/schema.org\",\"@graph\":[{\"@type\":\"WebPage\",\"@id\":\"https:\\\/\\\/www.smart-meals.nl\\\/de\\\/produkt\\\/mexikanisch-mix-25kg-fertig2eat\\\/\",\"url\":\"https:\\\/\\\/www.smart-meals.nl\\\/de\\\/produkt\\\/mexikanisch-mix-25kg-fertig2eat\\\/\",\"name\":\"Mexikanische Mischung 2.5kg Ready2Eat - Smart Meals\",\"isPartOf\":{\"@id\":\"https:\\\/\\\/www.smart-meals.nl\\\/de\\\/#website\"},\"primaryImageOfPage\":{\"@id\":\"https:\\\/\\\/www.smart-meals.nl\\\/de\\\/produkt\\\/mexikanisch-mix-25kg-fertig2eat\\\/#primaryimage\"},\"image\":{\"@id\":\"https:\\\/\\\/www.smart-meals.nl\\\/de\\\/produkt\\\/mexikanisch-mix-25kg-fertig2eat\\\/#primaryimage\"},\"thumbnailUrl\":\"https:\\\/\\\/www.smart-meals.nl\\\/wp-content\\\/uploads\\\/2022\\\/11\\\/Mexicomix-1.jpg\",\"datePublished\":\"2022-11-14T15:46:12+00:00\",\"dateModified\":\"2022-11-15T12:23:26+00:00\",\"breadcrumb\":{\"@id\":\"https:\\\/\\\/www.smart-meals.nl\\\/de\\\/produkt\\\/mexikanisch-mix-25kg-fertig2eat\\\/#breadcrumb\"},\"inLanguage\":\"de\",\"potentialAction\":[{\"@type\":\"ReadAction\",\"target\":[\"https:\\\/\\\/www.smart-meals.nl\\\/de\\\/produkt\\\/mexikanisch-mix-25kg-fertig2eat\\\/\"]}]},{\"@type\":\"ImageObject\",\"inLanguage\":\"de\",\"@id\":\"https:\\\/\\\/www.smart-meals.nl\\\/de\\\/produkt\\\/mexikanisch-mix-25kg-fertig2eat\\\/#primaryimage\",\"url\":\"https:\\\/\\\/www.smart-meals.nl\\\/wp-content\\\/uploads\\\/2022\\\/11\\\/Mexicomix-1.jpg\",\"contentUrl\":\"https:\\\/\\\/www.smart-meals.nl\\\/wp-content\\\/uploads\\\/2022\\\/11\\\/Mexicomix-1.jpg\",\"width\":660,\"height\":660},{\"@type\":\"BreadcrumbList\",\"@id\":\"https:\\\/\\\/www.smart-meals.nl\\\/de\\\/produkt\\\/mexikanisch-mix-25kg-fertig2eat\\\/#breadcrumb\",\"itemListElement\":[{\"@type\":\"ListItem\",\"position\":1,\"name\":\"Home\",\"item\":\"https:\\\/\\\/www.smart-meals.nl\\\/de\\\/homenew\\\/\"},{\"@type\":\"ListItem\",\"position\":2,\"name\":\"Einkaufen\",\"item\":\"https:\\\/\\\/www.smart-meals.nl\\\/de\\\/einkaufen\\\/\"},{\"@type\":\"ListItem\",\"position\":3,\"name\":\"Lebensmittel\",\"item\":\"https:\\\/\\\/www.smart-meals.nl\\\/de\\\/healthy\\\/food-bag\\\/\"},{\"@type\":\"ListItem\",\"position\":4,\"name\":\"Mexikanische Mischung 2.5kg Ready2Eat\"}]},{\"@type\":\"WebSite\",\"@id\":\"https:\\\/\\\/www.smart-meals.nl\\\/de\\\/#website\",\"url\":\"https:\\\/\\\/www.smart-meals.nl\\\/de\\\/\",\"name\":\"Smart Meals\",\"description\":\"Healthy High Protein Meals\",\"publisher\":{\"@id\":\"https:\\\/\\\/www.smart-meals.nl\\\/de\\\/#organization\"},\"potentialAction\":[{\"@type\":\"SearchAction\",\"target\":{\"@type\":\"EntryPoint\",\"urlTemplate\":\"https:\\\/\\\/www.smart-meals.nl\\\/de\\\/?s={search_term_string}\"},\"query-input\":{\"@type\":\"PropertyValueSpecification\",\"valueRequired\":true,\"valueName\":\"search_term_string\"}}],\"inLanguage\":\"de\"},{\"@type\":\"Organization\",\"@id\":\"https:\\\/\\\/www.smart-meals.nl\\\/de\\\/#organization\",\"name\":\"Smart Meals\",\"url\":\"https:\\\/\\\/www.smart-meals.nl\\\/de\\\/\",\"logo\":{\"@type\":\"ImageObject\",\"inLanguage\":\"de\",\"@id\":\"https:\\\/\\\/www.smart-meals.nl\\\/de\\\/#\\\/schema\\\/logo\\\/image\\\/\",\"url\":\"https:\\\/\\\/www.smart-meals.nl\\\/wp-content\\\/uploads\\\/2021\\\/03\\\/cropped-logo.png\",\"contentUrl\":\"https:\\\/\\\/www.smart-meals.nl\\\/wp-content\\\/uploads\\\/2021\\\/03\\\/cropped-logo.png\",\"width\":512,\"height\":512,\"caption\":\"Smart Meals\"},\"image\":{\"@id\":\"https:\\\/\\\/www.smart-meals.nl\\\/de\\\/#\\\/schema\\\/logo\\\/image\\\/\"},\"sameAs\":[\"https:\\\/\\\/www.facebook.com\\\/SmartMealsOfficial\"]}]}<\/script>\n<!-- \/ Yoast SEO plugin. -->","yoast_head_json":{"title":"Mexikanische Mischung 2.5kg Ready2Eat - Smart Meals","robots":{"index":"index","follow":"follow","max-snippet":"max-snippet:-1","max-image-preview":"max-image-preview:large","max-video-preview":"max-video-preview:-1"},"canonical":"https:\/\/www.smart-meals.nl\/de\/produkt\/mexikanisch-mix-25kg-fertig2eat\/","og_locale":"de_DE","og_type":"article","og_title":"Mexikanische Mischung 2.5kg Ready2Eat - Smart Meals","og_description":"Karotte, Mais, Erbsen, gr\u00fcne Bohnen, Paprika. Gebrauchsfertige Zutaten kompakt verpackt zur praktischen Aufbewahrung in Ihrem Gefrierschrank. Sofort nach der Zubereitung schockgefroren f\u00fcr maximalen Geschmack und Qualit\u00e4t. Lesen Sie hier warum und schmecken Sie den Unterschied! -3 Monate im Gefrierschrank haltbar. - Kann 3 Tage im K\u00fchlschrank aufgetaut werden. -Gefroren geliefert in NL, BE, SE &amp; DE.","og_url":"https:\/\/www.smart-meals.nl\/de\/produkt\/mexikanisch-mix-25kg-fertig2eat\/","og_site_name":"Smart Meals","article_publisher":"https:\/\/www.facebook.com\/SmartMealsOfficial","article_modified_time":"2022-11-15T12:23:26+00:00","og_image":[{"width":660,"height":660,"url":"https:\/\/www.smart-meals.nl\/wp-content\/uploads\/2022\/11\/Mexicomix-1.jpg","type":"image\/jpeg"}],"twitter_card":"summary_large_image","schema":{"@context":"https:\/\/schema.org","@graph":[{"@type":"WebPage","@id":"https:\/\/www.smart-meals.nl\/de\/produkt\/mexikanisch-mix-25kg-fertig2eat\/","url":"https:\/\/www.smart-meals.nl\/de\/produkt\/mexikanisch-mix-25kg-fertig2eat\/","name":"Mexikanische Mischung 2.5kg Ready2Eat - Smart Meals","isPartOf":{"@id":"https:\/\/www.smart-meals.nl\/de\/#website"},"primaryImageOfPage":{"@id":"https:\/\/www.smart-meals.nl\/de\/produkt\/mexikanisch-mix-25kg-fertig2eat\/#primaryimage"},"image":{"@id":"https:\/\/www.smart-meals.nl\/de\/produkt\/mexikanisch-mix-25kg-fertig2eat\/#primaryimage"},"thumbnailUrl":"https:\/\/www.smart-meals.nl\/wp-content\/uploads\/2022\/11\/Mexicomix-1.jpg","datePublished":"2022-11-14T15:46:12+00:00","dateModified":"2022-11-15T12:23:26+00:00","breadcrumb":{"@id":"https:\/\/www.smart-meals.nl\/de\/produkt\/mexikanisch-mix-25kg-fertig2eat\/#breadcrumb"},"inLanguage":"de","potentialAction":[{"@type":"ReadAction","target":["https:\/\/www.smart-meals.nl\/de\/produkt\/mexikanisch-mix-25kg-fertig2eat\/"]}]},{"@type":"ImageObject","inLanguage":"de","@id":"https:\/\/www.smart-meals.nl\/de\/produkt\/mexikanisch-mix-25kg-fertig2eat\/#primaryimage","url":"https:\/\/www.smart-meals.nl\/wp-content\/uploads\/2022\/11\/Mexicomix-1.jpg","contentUrl":"https:\/\/www.smart-meals.nl\/wp-content\/uploads\/2022\/11\/Mexicomix-1.jpg","width":660,"height":660},{"@type":"BreadcrumbList","@id":"https:\/\/www.smart-meals.nl\/de\/produkt\/mexikanisch-mix-25kg-fertig2eat\/#breadcrumb","itemListElement":[{"@type":"ListItem","position":1,"name":"Home","item":"https:\/\/www.smart-meals.nl\/de\/homenew\/"},{"@type":"ListItem","position":2,"name":"Einkaufen","item":"https:\/\/www.smart-meals.nl\/de\/einkaufen\/"},{"@type":"ListItem","position":3,"name":"Lebensmittel","item":"https:\/\/www.smart-meals.nl\/de\/healthy\/food-bag\/"},{"@type":"ListItem","position":4,"name":"Mexikanische Mischung 2.5kg Ready2Eat"}]},{"@type":"WebSite","@id":"https:\/\/www.smart-meals.nl\/de\/#website","url":"https:\/\/www.smart-meals.nl\/de\/","name":"Smart Meals","description":"Healthy High Protein Meals","publisher":{"@id":"https:\/\/www.smart-meals.nl\/de\/#organization"},"potentialAction":[{"@type":"SearchAction","target":{"@type":"EntryPoint","urlTemplate":"https:\/\/www.smart-meals.nl\/de\/?s={search_term_string}"},"query-input":{"@type":"PropertyValueSpecification","valueRequired":true,"valueName":"search_term_string"}}],"inLanguage":"de"},{"@type":"Organization","@id":"https:\/\/www.smart-meals.nl\/de\/#organization","name":"Smart Meals","url":"https:\/\/www.smart-meals.nl\/de\/","logo":{"@type":"ImageObject","inLanguage":"de","@id":"https:\/\/www.smart-meals.nl\/de\/#\/schema\/logo\/image\/","url":"https:\/\/www.smart-meals.nl\/wp-content\/uploads\/2021\/03\/cropped-logo.png","contentUrl":"https:\/\/www.smart-meals.nl\/wp-content\/uploads\/2021\/03\/cropped-logo.png","width":512,"height":512,"caption":"Smart Meals"},"image":{"@id":"https:\/\/www.smart-meals.nl\/de\/#\/schema\/logo\/image\/"},"sameAs":["https:\/\/www.facebook.com\/SmartMealsOfficial"]}]}},"_links":{"self":[{"href":"https:\/\/www.smart-meals.nl\/de\/wp-json\/wp\/v2\/product\/30447","targetHints":{"allow":["GET"]}}],"collection":[{"href":"https:\/\/www.smart-meals.nl\/de\/wp-json\/wp\/v2\/product"}],"about":[{"href":"https:\/\/www.smart-meals.nl\/de\/wp-json\/wp\/v2\/types\/product"}],"replies":[{"embeddable":true,"href":"https:\/\/www.smart-meals.nl\/de\/wp-json\/wp\/v2\/comments?post=30447"}],"version-history":[{"count":0,"href":"https:\/\/www.smart-meals.nl\/de\/wp-json\/wp\/v2\/product\/30447\/revisions"}],"wp:featuredmedia":[{"embeddable":true,"href":"https:\/\/www.smart-meals.nl\/de\/wp-json\/wp\/v2\/media\/30453"}],"wp:attachment":[{"href":"https:\/\/www.smart-meals.nl\/de\/wp-json\/wp\/v2\/media?parent=30447"}],"wp:term":[{"taxonomy":"product_brand","embeddable":true,"href":"https:\/\/www.smart-meals.nl\/de\/wp-json\/wp\/v2\/product_brand?post=30447"},{"taxonomy":"product_cat","embeddable":true,"href":"https:\/\/www.smart-meals.nl\/de\/wp-json\/wp\/v2\/product_cat?post=30447"},{"taxonomy":"product_tag","embeddable":true,"href":"https:\/\/www.smart-meals.nl\/de\/wp-json\/wp\/v2\/product_tag?post=30447"}],"curies":[{"name":"wp","href":"https:\/\/api.w.org\/{rel}","templated":true}]}}