{"id":33243,"date":"2019-10-10T13:41:58","date_gmt":"2019-10-10T11:41:58","guid":{"rendered":"https:\/\/www.smart-meals.nl\/?post_type=product&#038;p=33243"},"modified":"2026-05-12T13:13:06","modified_gmt":"2026-05-12T11:13:06","slug":"chia-mit-hafer-apfel-zimt-cranberry","status":"publish","type":"product","link":"https:\/\/www.smart-meals.nl\/de\/produkt\/chia-mit-hafer-apfel-zimt-cranberry\/","title":{"rendered":"Chia mit Hafer, Apfel, Zimt und Cranberry"},"content":{"rendered":"<h2><span class=\"c-product-description__accordiontitle j-product-description-accordion_title c-accordion-title--active c-product-description__accordiontitle--active\" aria-controls=\"description-ingredients\" data-enabled=\"true\">Zutaten<\/span><\/h2>\n<div id=\"description-ingredients\" class=\"c-product-description__accordioncontent c-product-description__accordioncontent--ingredients c-accordion-content--active\">\n<div class=\"c-product-description__content-text\">\n<div id=\"description-ingredients\" class=\"c-product-description__accordioncontent c-product-description__accordioncontent--ingredients c-accordion-content--active\">\n<div class=\"c-product-description__content-text\">\n<table class=\"table table-bordered table-condensed\" style=\"height: 615px\" width=\"400\">\n<tbody>\n<tr>\n<td>Gewicht<\/td>\n<td>380 Gramm<\/td>\n<\/tr>\n<tr>\n<td>Energie<\/td>\n<td>1766 kj\/422 kcal<\/td>\n<\/tr>\n<tr>\n<td><i>Fett<\/i><\/td>\n<td>15,5 Gramm<\/td>\n<\/tr>\n<tr>\n<td><i>Davon ges\u00e4ttigt<\/i><\/td>\n<td>5.4 g<\/td>\n<\/tr>\n<tr>\n<td>Kohlenhydrate<\/td>\n<td> 26,5 Gramm<\/td>\n<\/tr>\n<tr>\n<td><i>Davon Zucker<\/i><\/td>\n<td> 16.8 g<\/td>\n<\/tr>\n<tr>\n<td>Ballaststoffe<\/td>\n<td>10.6 g<\/td>\n<\/tr>\n<tr>\n<td>Eiwei\u00df<\/td>\n<td>36,4 Gramm<\/td>\n<\/tr>\n<tr>\n<td>Salz<\/td>\n<td>0.5 g<\/td>\n<\/tr>\n<\/tbody>\n<\/table>\n<h6><\/h6>\n<p>Molkeneiwei\u00dfkonzentrat 35g<strong>(Milch<\/strong>) (96%), Emulgator<strong>(Sojalecithin<\/strong> ),<br \/>\nAromen, S\u00fc\u00dfstoffe (Sucralose), Chiasamen 25g, <strong>Haferflocken<\/strong> 10g, Apfel 50g,<br \/>\nKokosnussdrink 250g (Wasser, 5% Kokosmilch (Kokosnusscreme, Wasser), 3,8% Reis,<br \/>\nVerdickungsmittel: E412\/E418, S\u00e4ureregulator: E340, Tricalciumphosphat, Emulgator:<br \/>\nE322, Salz, Aroma) Nussmix 10g (Cranberries (Rohrzucker, Sonnenblumen\u00f6l),<br \/>\n<strong>Cashews, Pekann\u00fcsse<\/strong>, Pflanzen\u00f6l (Erdnuss) und Gew\u00fcrze.<\/p>\n<h2>Informationen zu Allergenen<\/h2>\n<p>Milch (einschlie\u00dflich Laktose), Soja, Hafer und N\u00fcsse<\/p>\n<\/div>\n<\/div>\n<\/div>\n<\/div>\n","protected":false},"excerpt":{"rendered":"<p>380gr | 422Kcal | 36,4g Eiwei\u00df | 26,5g Kohlenhydrate | 15,5g Fett<\/p>\n<p>Haferflocken, Molkenprotein, Chiasamen, Kokosnussmilch, Apfel, Zimt und Cranberry-Nuss-Mix mit satten <strong>36,4 g Protein<\/strong>.<\/p>\n<p>Sind Sie auch immer in Eile, wenn es darum geht, Fr\u00fchst\u00fcck oder Mittagessen zuzubereiten, und schaffen es deshalb nicht immer, es zu schaffen? Dann ist der Chia-Pudding perfekt f\u00fcr Sie!<br \/>\nIm K\u00fchlschrank 10 Stunden auftauen lassen oder au\u00dferhalb des K\u00fchlschranks in 4 Stunden.<\/p>\n<p>-3 Monate im Gefrierschrank haltbar.<br \/>\n&#8211; Kann nach Erhalt 5 Tage im K\u00fchlschrank aufbewahrt werden.<\/p>\n<p><img decoding=\"async\" class=\"alignnone wp-image-48999\" src=\"https:\/\/www.smart-meals.nl\/wp-content\/uploads\/2021\/10\/Icons2-300x300.png\" alt=\"\" width=\"45\" height=\"45\" srcset=\"https:\/\/www.smart-meals.nl\/wp-content\/uploads\/2021\/10\/Icons2-300x300.png 300w, https:\/\/www.smart-meals.nl\/wp-content\/uploads\/2021\/10\/Icons2-150x150.png 150w, https:\/\/www.smart-meals.nl\/wp-content\/uploads\/2021\/10\/Icons2-100x100.png 100w, https:\/\/www.smart-meals.nl\/wp-content\/uploads\/2021\/10\/Icons2.png 500w\" sizes=\"(max-width: 45px) 100vw, 45px\" \/> <img decoding=\"async\" class=\"alignnone wp-image-49002\" src=\"https:\/\/www.smart-meals.nl\/wp-content\/uploads\/2021\/10\/Icons-300x300.png\" alt=\"\" width=\"45\" height=\"45\" srcset=\"https:\/\/www.smart-meals.nl\/wp-content\/uploads\/2021\/10\/Icons-300x300.png 300w, https:\/\/www.smart-meals.nl\/wp-content\/uploads\/2021\/10\/Icons-150x150.png 150w, https:\/\/www.smart-meals.nl\/wp-content\/uploads\/2021\/10\/Icons-100x100.png 100w, https:\/\/www.smart-meals.nl\/wp-content\/uploads\/2021\/10\/Icons.png 500w\" sizes=\"(max-width: 45px) 100vw, 45px\" \/><\/p>\n<p><strong><a href=\"https:\/\/www.smart-meals.nl\/de\/nutri-score\/\" target=\"_blank\" rel=\"noopener\"><img decoding=\"async\" class=\"alignnone wp-image-6741\" src=\"https:\/\/www.smart-meals.nl\/wp-content\/uploads\/2021\/10\/1200px-nutri-score-a.svg-300x163-2.png\" alt=\"\" width=\"116\" height=\"63\"><\/a><\/strong><\/p>\n","protected":false},"featured_media":9804,"comment_status":"open","ping_status":"closed","template":"","meta":{"_acf_changed":false},"product_brand":[],"product_cat":[327,326,353,328,338,626,316,325],"product_tag":[],"class_list":{"0":"post-33243","1":"product","2":"type-product","3":"status-publish","4":"has-post-thumbnail","6":"product_cat-400-kcal-de","7":"product_cat-fettabbau-keto","8":"product_cat-fisch-und-vegan","9":"product_cat-fit-gesund-und-besser-konzentrieren","10":"product_cat-fruhstuck-snacks","11":"product_cat-halal-de","12":"product_cat-fullen-muskelmasse","13":"product_cat-trockene-muskelmasse","14":"pa_pakket-1-stuck","15":"pa_pakket-12-stuck","16":"pa_pakket-15-stuck","17":"pa_pakket-18-stuck","18":"pa_pakket-3-stuck","19":"pa_pakket-6-stuck","20":"pa_pakket-9-stuck","22":"first","23":"instock","24":"sale","25":"taxable","26":"shipping-taxable","27":"purchasable","28":"product-type-simple"},"bundled_by":[],"bundle_stock_status":"instock","bundle_stock_quantity":29,"bundle_virtual":false,"bundle_layout":"","bundle_add_to_cart_form_location":"","bundle_editable_in_cart":false,"bundle_sold_individually_context":"","bundle_item_grouping":"","bundle_min_size":"","bundle_max_size":"","bundle_price":[],"bundled_items":[],"bundle_sell_ids":[],"acf":[],"yoast_head":"<!-- This site is optimized with the Yoast SEO plugin v27.5 - https:\/\/yoast.com\/product\/yoast-seo-wordpress\/ -->\n<title>Chia mit Hafer, Apfel, Zimt und Cranberry - Smart Meals<\/title>\n<meta name=\"robots\" content=\"index, follow, max-snippet:-1, max-image-preview:large, max-video-preview:-1\" \/>\n<link rel=\"canonical\" href=\"https:\/\/www.smart-meals.nl\/de\/produkt\/chia-mit-hafer-apfel-zimt-cranberry\/\" \/>\n<meta property=\"og:locale\" content=\"de_DE\" \/>\n<meta property=\"og:type\" content=\"article\" \/>\n<meta property=\"og:title\" content=\"Chia mit Hafer, Apfel, Zimt und Cranberry - Smart Meals\" \/>\n<meta property=\"og:description\" content=\"380gr | 422Kcal | 36,4g Eiwei\u00df | 26,5g Kohlenhydrate | 15,5g Fett Haferflocken, Molkenprotein, Chiasamen, Kokosnussmilch, Apfel, Zimt und Cranberry-Nuss-Mix mit satten 36,4 g Protein. Sind Sie auch immer in Eile, wenn es darum geht, Fr\u00fchst\u00fcck oder Mittagessen zuzubereiten, und schaffen es deshalb nicht immer, es zu schaffen? Dann ist der Chia-Pudding perfekt f\u00fcr Sie! Im K\u00fchlschrank 10 Stunden auftauen lassen oder au\u00dferhalb des K\u00fchlschranks in 4 Stunden. -3 Monate im Gefrierschrank haltbar. - Kann nach Erhalt 5 Tage im K\u00fchlschrank aufbewahrt werden.\" \/>\n<meta property=\"og:url\" content=\"https:\/\/www.smart-meals.nl\/de\/produkt\/chia-mit-hafer-apfel-zimt-cranberry\/\" \/>\n<meta property=\"og:site_name\" content=\"Smart Meals\" \/>\n<meta property=\"article:publisher\" content=\"https:\/\/www.facebook.com\/SmartMealsOfficial\" \/>\n<meta property=\"article:modified_time\" content=\"2026-05-12T11:13:06+00:00\" \/>\n<meta property=\"og:image\" content=\"https:\/\/www.smart-meals.nl\/wp-content\/uploads\/2021\/09\/Oats-1-1.jpg\" \/>\n\t<meta property=\"og:image:width\" content=\"800\" \/>\n\t<meta property=\"og:image:height\" content=\"800\" \/>\n\t<meta property=\"og:image:type\" content=\"image\/jpeg\" \/>\n<meta name=\"twitter:card\" content=\"summary_large_image\" \/>\n<script type=\"application\/ld+json\" class=\"yoast-schema-graph\">{\"@context\":\"https:\\\/\\\/schema.org\",\"@graph\":[{\"@type\":\"WebPage\",\"@id\":\"https:\\\/\\\/www.smart-meals.nl\\\/de\\\/produkt\\\/chia-mit-hafer-apfel-zimt-cranberry\\\/\",\"url\":\"https:\\\/\\\/www.smart-meals.nl\\\/de\\\/produkt\\\/chia-mit-hafer-apfel-zimt-cranberry\\\/\",\"name\":\"Chia mit Hafer, Apfel, Zimt und Cranberry - Smart Meals\",\"isPartOf\":{\"@id\":\"https:\\\/\\\/www.smart-meals.nl\\\/de\\\/#website\"},\"primaryImageOfPage\":{\"@id\":\"https:\\\/\\\/www.smart-meals.nl\\\/de\\\/produkt\\\/chia-mit-hafer-apfel-zimt-cranberry\\\/#primaryimage\"},\"image\":{\"@id\":\"https:\\\/\\\/www.smart-meals.nl\\\/de\\\/produkt\\\/chia-mit-hafer-apfel-zimt-cranberry\\\/#primaryimage\"},\"thumbnailUrl\":\"https:\\\/\\\/www.smart-meals.nl\\\/wp-content\\\/uploads\\\/2021\\\/09\\\/Oats-1-1.jpg\",\"datePublished\":\"2019-10-10T11:41:58+00:00\",\"dateModified\":\"2026-05-12T11:13:06+00:00\",\"breadcrumb\":{\"@id\":\"https:\\\/\\\/www.smart-meals.nl\\\/de\\\/produkt\\\/chia-mit-hafer-apfel-zimt-cranberry\\\/#breadcrumb\"},\"inLanguage\":\"de\",\"potentialAction\":[{\"@type\":\"ReadAction\",\"target\":[\"https:\\\/\\\/www.smart-meals.nl\\\/de\\\/produkt\\\/chia-mit-hafer-apfel-zimt-cranberry\\\/\"]}]},{\"@type\":\"ImageObject\",\"inLanguage\":\"de\",\"@id\":\"https:\\\/\\\/www.smart-meals.nl\\\/de\\\/produkt\\\/chia-mit-hafer-apfel-zimt-cranberry\\\/#primaryimage\",\"url\":\"https:\\\/\\\/www.smart-meals.nl\\\/wp-content\\\/uploads\\\/2021\\\/09\\\/Oats-1-1.jpg\",\"contentUrl\":\"https:\\\/\\\/www.smart-meals.nl\\\/wp-content\\\/uploads\\\/2021\\\/09\\\/Oats-1-1.jpg\",\"width\":800,\"height\":800},{\"@type\":\"BreadcrumbList\",\"@id\":\"https:\\\/\\\/www.smart-meals.nl\\\/de\\\/produkt\\\/chia-mit-hafer-apfel-zimt-cranberry\\\/#breadcrumb\",\"itemListElement\":[{\"@type\":\"ListItem\",\"position\":1,\"name\":\"Home\",\"item\":\"https:\\\/\\\/www.smart-meals.nl\\\/de\\\/\"},{\"@type\":\"ListItem\",\"position\":2,\"name\":\"Einkaufen\",\"item\":\"https:\\\/\\\/www.smart-meals.nl\\\/de\\\/einkaufen\\\/\"},{\"@type\":\"ListItem\",\"position\":3,\"name\":\"+\\\/-400 kcal\",\"item\":\"https:\\\/\\\/www.smart-meals.nl\\\/de\\\/healthy\\\/400-kcal-de\\\/\"},{\"@type\":\"ListItem\",\"position\":4,\"name\":\"Chia mit Hafer, Apfel, Zimt und Cranberry\"}]},{\"@type\":\"WebSite\",\"@id\":\"https:\\\/\\\/www.smart-meals.nl\\\/de\\\/#website\",\"url\":\"https:\\\/\\\/www.smart-meals.nl\\\/de\\\/\",\"name\":\"Smart Meals\",\"description\":\"Healthy High Protein Meals\",\"publisher\":{\"@id\":\"https:\\\/\\\/www.smart-meals.nl\\\/de\\\/#organization\"},\"potentialAction\":[{\"@type\":\"SearchAction\",\"target\":{\"@type\":\"EntryPoint\",\"urlTemplate\":\"https:\\\/\\\/www.smart-meals.nl\\\/de\\\/?s={search_term_string}\"},\"query-input\":{\"@type\":\"PropertyValueSpecification\",\"valueRequired\":true,\"valueName\":\"search_term_string\"}}],\"inLanguage\":\"de\"},{\"@type\":\"Organization\",\"@id\":\"https:\\\/\\\/www.smart-meals.nl\\\/de\\\/#organization\",\"name\":\"Smart Meals\",\"url\":\"https:\\\/\\\/www.smart-meals.nl\\\/de\\\/\",\"logo\":{\"@type\":\"ImageObject\",\"inLanguage\":\"de\",\"@id\":\"https:\\\/\\\/www.smart-meals.nl\\\/de\\\/#\\\/schema\\\/logo\\\/image\\\/\",\"url\":\"https:\\\/\\\/www.smart-meals.nl\\\/wp-content\\\/uploads\\\/2021\\\/03\\\/cropped-logo.png\",\"contentUrl\":\"https:\\\/\\\/www.smart-meals.nl\\\/wp-content\\\/uploads\\\/2021\\\/03\\\/cropped-logo.png\",\"width\":512,\"height\":512,\"caption\":\"Smart Meals\"},\"image\":{\"@id\":\"https:\\\/\\\/www.smart-meals.nl\\\/de\\\/#\\\/schema\\\/logo\\\/image\\\/\"},\"sameAs\":[\"https:\\\/\\\/www.facebook.com\\\/SmartMealsOfficial\"]}]}<\/script>\n<!-- \/ Yoast SEO plugin. -->","yoast_head_json":{"title":"Chia mit Hafer, Apfel, Zimt und Cranberry - Smart Meals","robots":{"index":"index","follow":"follow","max-snippet":"max-snippet:-1","max-image-preview":"max-image-preview:large","max-video-preview":"max-video-preview:-1"},"canonical":"https:\/\/www.smart-meals.nl\/de\/produkt\/chia-mit-hafer-apfel-zimt-cranberry\/","og_locale":"de_DE","og_type":"article","og_title":"Chia mit Hafer, Apfel, Zimt und Cranberry - Smart Meals","og_description":"380gr | 422Kcal | 36,4g Eiwei\u00df | 26,5g Kohlenhydrate | 15,5g Fett Haferflocken, Molkenprotein, Chiasamen, Kokosnussmilch, Apfel, Zimt und Cranberry-Nuss-Mix mit satten 36,4 g Protein. Sind Sie auch immer in Eile, wenn es darum geht, Fr\u00fchst\u00fcck oder Mittagessen zuzubereiten, und schaffen es deshalb nicht immer, es zu schaffen? Dann ist der Chia-Pudding perfekt f\u00fcr Sie! Im K\u00fchlschrank 10 Stunden auftauen lassen oder au\u00dferhalb des K\u00fchlschranks in 4 Stunden. -3 Monate im Gefrierschrank haltbar. - Kann nach Erhalt 5 Tage im K\u00fchlschrank aufbewahrt werden.","og_url":"https:\/\/www.smart-meals.nl\/de\/produkt\/chia-mit-hafer-apfel-zimt-cranberry\/","og_site_name":"Smart Meals","article_publisher":"https:\/\/www.facebook.com\/SmartMealsOfficial","article_modified_time":"2026-05-12T11:13:06+00:00","og_image":[{"width":800,"height":800,"url":"https:\/\/www.smart-meals.nl\/wp-content\/uploads\/2021\/09\/Oats-1-1.jpg","type":"image\/jpeg"}],"twitter_card":"summary_large_image","schema":{"@context":"https:\/\/schema.org","@graph":[{"@type":"WebPage","@id":"https:\/\/www.smart-meals.nl\/de\/produkt\/chia-mit-hafer-apfel-zimt-cranberry\/","url":"https:\/\/www.smart-meals.nl\/de\/produkt\/chia-mit-hafer-apfel-zimt-cranberry\/","name":"Chia mit Hafer, Apfel, Zimt und Cranberry - Smart Meals","isPartOf":{"@id":"https:\/\/www.smart-meals.nl\/de\/#website"},"primaryImageOfPage":{"@id":"https:\/\/www.smart-meals.nl\/de\/produkt\/chia-mit-hafer-apfel-zimt-cranberry\/#primaryimage"},"image":{"@id":"https:\/\/www.smart-meals.nl\/de\/produkt\/chia-mit-hafer-apfel-zimt-cranberry\/#primaryimage"},"thumbnailUrl":"https:\/\/www.smart-meals.nl\/wp-content\/uploads\/2021\/09\/Oats-1-1.jpg","datePublished":"2019-10-10T11:41:58+00:00","dateModified":"2026-05-12T11:13:06+00:00","breadcrumb":{"@id":"https:\/\/www.smart-meals.nl\/de\/produkt\/chia-mit-hafer-apfel-zimt-cranberry\/#breadcrumb"},"inLanguage":"de","potentialAction":[{"@type":"ReadAction","target":["https:\/\/www.smart-meals.nl\/de\/produkt\/chia-mit-hafer-apfel-zimt-cranberry\/"]}]},{"@type":"ImageObject","inLanguage":"de","@id":"https:\/\/www.smart-meals.nl\/de\/produkt\/chia-mit-hafer-apfel-zimt-cranberry\/#primaryimage","url":"https:\/\/www.smart-meals.nl\/wp-content\/uploads\/2021\/09\/Oats-1-1.jpg","contentUrl":"https:\/\/www.smart-meals.nl\/wp-content\/uploads\/2021\/09\/Oats-1-1.jpg","width":800,"height":800},{"@type":"BreadcrumbList","@id":"https:\/\/www.smart-meals.nl\/de\/produkt\/chia-mit-hafer-apfel-zimt-cranberry\/#breadcrumb","itemListElement":[{"@type":"ListItem","position":1,"name":"Home","item":"https:\/\/www.smart-meals.nl\/de\/"},{"@type":"ListItem","position":2,"name":"Einkaufen","item":"https:\/\/www.smart-meals.nl\/de\/einkaufen\/"},{"@type":"ListItem","position":3,"name":"+\/-400 kcal","item":"https:\/\/www.smart-meals.nl\/de\/healthy\/400-kcal-de\/"},{"@type":"ListItem","position":4,"name":"Chia mit Hafer, Apfel, Zimt und Cranberry"}]},{"@type":"WebSite","@id":"https:\/\/www.smart-meals.nl\/de\/#website","url":"https:\/\/www.smart-meals.nl\/de\/","name":"Smart Meals","description":"Healthy High Protein Meals","publisher":{"@id":"https:\/\/www.smart-meals.nl\/de\/#organization"},"potentialAction":[{"@type":"SearchAction","target":{"@type":"EntryPoint","urlTemplate":"https:\/\/www.smart-meals.nl\/de\/?s={search_term_string}"},"query-input":{"@type":"PropertyValueSpecification","valueRequired":true,"valueName":"search_term_string"}}],"inLanguage":"de"},{"@type":"Organization","@id":"https:\/\/www.smart-meals.nl\/de\/#organization","name":"Smart Meals","url":"https:\/\/www.smart-meals.nl\/de\/","logo":{"@type":"ImageObject","inLanguage":"de","@id":"https:\/\/www.smart-meals.nl\/de\/#\/schema\/logo\/image\/","url":"https:\/\/www.smart-meals.nl\/wp-content\/uploads\/2021\/03\/cropped-logo.png","contentUrl":"https:\/\/www.smart-meals.nl\/wp-content\/uploads\/2021\/03\/cropped-logo.png","width":512,"height":512,"caption":"Smart Meals"},"image":{"@id":"https:\/\/www.smart-meals.nl\/de\/#\/schema\/logo\/image\/"},"sameAs":["https:\/\/www.facebook.com\/SmartMealsOfficial"]}]}},"_links":{"self":[{"href":"https:\/\/www.smart-meals.nl\/de\/wp-json\/wp\/v2\/product\/33243","targetHints":{"allow":["GET"]}}],"collection":[{"href":"https:\/\/www.smart-meals.nl\/de\/wp-json\/wp\/v2\/product"}],"about":[{"href":"https:\/\/www.smart-meals.nl\/de\/wp-json\/wp\/v2\/types\/product"}],"replies":[{"embeddable":true,"href":"https:\/\/www.smart-meals.nl\/de\/wp-json\/wp\/v2\/comments?post=33243"}],"version-history":[{"count":1,"href":"https:\/\/www.smart-meals.nl\/de\/wp-json\/wp\/v2\/product\/33243\/revisions"}],"predecessor-version":[{"id":98480,"href":"https:\/\/www.smart-meals.nl\/de\/wp-json\/wp\/v2\/product\/33243\/revisions\/98480"}],"wp:featuredmedia":[{"embeddable":true,"href":"https:\/\/www.smart-meals.nl\/de\/wp-json\/wp\/v2\/media\/9804"}],"wp:attachment":[{"href":"https:\/\/www.smart-meals.nl\/de\/wp-json\/wp\/v2\/media?parent=33243"}],"wp:term":[{"taxonomy":"product_brand","embeddable":true,"href":"https:\/\/www.smart-meals.nl\/de\/wp-json\/wp\/v2\/product_brand?post=33243"},{"taxonomy":"product_cat","embeddable":true,"href":"https:\/\/www.smart-meals.nl\/de\/wp-json\/wp\/v2\/product_cat?post=33243"},{"taxonomy":"product_tag","embeddable":true,"href":"https:\/\/www.smart-meals.nl\/de\/wp-json\/wp\/v2\/product_tag?post=33243"}],"curies":[{"name":"wp","href":"https:\/\/api.w.org\/{rel}","templated":true}]}}