{"id":34036,"date":"2023-01-12T14:16:10","date_gmt":"2023-01-12T13:16:10","guid":{"rendered":"https:\/\/www.smart-meals.nl\/?post_type=product&#038;p=34036"},"modified":"2025-04-29T16:33:24","modified_gmt":"2025-04-29T14:33:24","slug":"fett-metabolische-unterstutzung-schwarz-edition-120-veggiecaps","status":"publish","type":"product","link":"https:\/\/www.smart-meals.nl\/de\/produkt\/fett-metabolische-unterstutzung-schwarz-edition-120-veggiecaps\/","title":{"rendered":"Fat Metabolic Support Black Edition &#8211; 120 Veggiecaps"},"content":{"rendered":"","protected":false},"excerpt":{"rendered":"<div class=\"product-overview__info-text\">\n<h2 data-content-type=\"heading\" data-appearance=\"default\" data-element=\"main\" data-pb-style=\"ILR0TJ1\">Fat Metabolic Support Black Edition<\/h2>\n<div data-content-type=\"text\" data-appearance=\"default\" data-element=\"main\" data-pb-style=\"XSU1F7R\">\n<p>Sind Sie auf der Suche nach dem leistungsst\u00e4rksten Brenner auf dem Markt? Dann ist die Fat Metabolic Support Black Edition genau das Richtige f\u00fcr Sie! Die Fat Metabolic Support Black Edition enth\u00e4lt satte 120 Veggiecaps, von denen jede einzelne mit den wirkungsvollsten Inhaltsstoffen vollgepackt ist. Wie der Fat Metabolic Support zeichnet sich auch die schwarze Edition durch ein optimales Verh\u00e4ltnis hochwertiger Inhaltsstoffe aus, allerdings in einer noch leistungsf\u00e4higeren Zusammensetzung. Dazu geh\u00f6ren Koffein, Hydroxyktrins\u00e4ure und EnXtra\u2122. Auch die Fat Metabolic Support Black Edition von XXL Nutrition wird von Profis formuliert, so dass Sie sicher sein k\u00f6nnen, dass Sie nur Inhaltsstoffe von h\u00f6chster Qualit\u00e4t verwenden.<\/p>\n<\/div>\n<h2 data-content-type=\"heading\" data-appearance=\"default\" data-element=\"main\" data-pb-style=\"SRYYYXC\">Der leistungsst\u00e4rkste Brenner auf dem Markt<\/h2>\n<div data-content-type=\"text\" data-appearance=\"default\" data-element=\"main\" data-pb-style=\"AW626D0\">\n<p>Jede Portion Fat Metabolic Support Black Edition enth\u00e4lt satte 256 mg Koffein. Erg\u00e4nzen Sie dies mit Hydroxycts\u00e4ure und Gr\u00fcntee-Extrakt, und Sie haben den effektivsten Fatburner in Ihren H\u00e4nden. Viele Bodybuilder sind Ihnen vorausgegangen und verwenden Fat Metabolic Support Black Edition; sind auch Sie bereit, den st\u00e4rksten Fatburner auf dem Markt zu verwenden?<\/p>\n<\/div>\n<h2 data-content-type=\"heading\" data-appearance=\"default\" data-element=\"main\" data-pb-style=\"LALEBJD\">Zusammensetzung<\/h2>\n<div data-content-type=\"text\" data-appearance=\"default\" data-element=\"main\" data-pb-style=\"SECRUBU\">\n<p>Die meisten Verbrenner verwenden Gelatine zur Herstellung der Kapseln. In Fat Metabolic Support Black Edition ist dies jedoch nicht der Fall, und es wurden Geliermittel aus Magnesiumstearat und Chili verwendet. Damit passt Fat Metabolic Support Black Edition auch perfekt zu einem vegetarischen Lebensstil. Au\u00dferdem enth\u00e4lt Fat Metabolic Support Black Edition den nat\u00fcrlichen Inhaltsstoff EnXtra\u2122.<\/p>\n<\/div>\n<h2 data-content-type=\"heading\" data-appearance=\"default\" data-element=\"main\" data-pb-style=\"N00WA14\">Anwendung und Dosierung<\/h2>\n<div data-content-type=\"text\" data-appearance=\"default\" data-element=\"main\" data-pb-style=\"T4LH43V\">\n<p>Wenn Sie Fat Metabolic Support Black Edition zum ersten Mal einnehmen, nehmen Sie 1 Kapsel zu einer Mahlzeit ein. Wenn Sie gut darauf ansprechen, nehmen Sie nur 1 volle Dosis (2 Kapseln) mit einer Mahlzeit ein. Verwenden Sie maximal 2 Dosen pro Tag, \u00fcberschreiten Sie nicht die empfohlene Tagesmenge.<\/p>\n<p>&nbsp;<\/p>\n<p>Fat Metabolic Support Black Edition enth\u00e4lt einen hohen Koffeingehalt. Nicht empfohlen f\u00fcr Kinder und Frauen, die schwanger sind oder stillen.<\/p>\n<\/div>\n<\/div>\n","protected":false},"featured_media":34039,"comment_status":"closed","ping_status":"closed","template":"","meta":{"_acf_changed":false},"product_brand":[],"product_cat":[361],"product_tag":[],"class_list":{"0":"post-34036","1":"product","2":"type-product","3":"status-publish","4":"has-post-thumbnail","6":"product_cat-sups-de","8":"first","9":"instock","10":"sale","11":"taxable","12":"shipping-taxable","13":"purchasable","14":"product-type-simple"},"bundled_by":[],"bundle_stock_status":"instock","bundle_stock_quantity":2,"bundle_virtual":false,"bundle_layout":"","bundle_add_to_cart_form_location":"","bundle_editable_in_cart":false,"bundle_sold_individually_context":"","bundle_item_grouping":"","bundle_min_size":"","bundle_max_size":"","bundle_price":[],"bundled_items":[],"bundle_sell_ids":[],"acf":[],"yoast_head":"<!-- This site is optimized with the Yoast SEO plugin v27.3 - https:\/\/yoast.com\/product\/yoast-seo-wordpress\/ -->\n<title>Fat Metabolic Support Black Edition - 120 Veggiecaps - Smart Meals<\/title>\n<meta name=\"robots\" content=\"index, follow, max-snippet:-1, max-image-preview:large, max-video-preview:-1\" \/>\n<link rel=\"canonical\" href=\"https:\/\/www.smart-meals.nl\/de\/produkt\/fett-metabolische-unterstutzung-schwarz-edition-120-veggiecaps\/\" \/>\n<meta property=\"og:locale\" content=\"de_DE\" \/>\n<meta property=\"og:type\" content=\"article\" \/>\n<meta property=\"og:title\" content=\"Fat Metabolic Support Black Edition - 120 Veggiecaps - Smart Meals\" \/>\n<meta property=\"og:description\" content=\"Fat Metabolic Support Black Edition  Sind Sie auf der Suche nach dem leistungsst\u00e4rksten Brenner auf dem Markt? Dann ist die Fat Metabolic Support Black Edition genau das Richtige f\u00fcr Sie! Die Fat Metabolic Support Black Edition enth\u00e4lt satte 120 Veggiecaps, von denen jede einzelne mit den wirkungsvollsten Inhaltsstoffen vollgepackt ist. Wie der Fat Metabolic Support zeichnet sich auch die schwarze Edition durch ein optimales Verh\u00e4ltnis hochwertiger Inhaltsstoffe aus, allerdings in einer noch leistungsf\u00e4higeren Zusammensetzung. Dazu geh\u00f6ren Koffein, Hydroxyktrins\u00e4ure und EnXtra\u2122. Auch die Fat Metabolic Support Black Edition von XXL Nutrition wird von Profis formuliert, so dass Sie sicher sein k\u00f6nnen, dass Sie nur Inhaltsstoffe von h\u00f6chster Qualit\u00e4t verwenden.  Der leistungsst\u00e4rkste Brenner auf dem Markt  Jede Portion Fat Metabolic Support Black Edition enth\u00e4lt satte 256 mg Koffein. Erg\u00e4nzen Sie dies mit Hydroxycts\u00e4ure und Gr\u00fcntee-Extrakt, und Sie haben den effektivsten Fatburner in Ihren H\u00e4nden. Viele Bodybuilder sind Ihnen vorausgegangen und verwenden Fat Metabolic Support Black Edition; sind auch Sie bereit, den st\u00e4rksten Fatburner auf dem Markt zu verwenden?  Zusammensetzung  Die meisten Verbrenner verwenden Gelatine zur Herstellung der Kapseln. In Fat Metabolic Support Black Edition ist dies jedoch nicht der Fall, und es wurden Geliermittel aus Magnesiumstearat und Chili verwendet. Damit passt Fat Metabolic Support Black Edition auch perfekt zu einem vegetarischen Lebensstil. Au\u00dferdem enth\u00e4lt Fat Metabolic Support Black Edition den nat\u00fcrlichen Inhaltsstoff EnXtra\u2122.  Anwendung und Dosierung  Wenn Sie Fat Metabolic Support Black Edition zum ersten Mal einnehmen, nehmen Sie 1 Kapsel zu einer Mahlzeit ein. Wenn Sie gut darauf ansprechen, nehmen Sie nur 1 volle Dosis (2 Kapseln) mit einer Mahlzeit ein. Verwenden Sie maximal 2 Dosen pro Tag, \u00fcberschreiten Sie nicht die empfohlene Tagesmenge. &nbsp; Fat Metabolic Support Black Edition enth\u00e4lt einen hohen Koffeingehalt. Nicht empfohlen f\u00fcr Kinder und Frauen, die schwanger sind oder stillen.\" \/>\n<meta property=\"og:url\" content=\"https:\/\/www.smart-meals.nl\/de\/produkt\/fett-metabolische-unterstutzung-schwarz-edition-120-veggiecaps\/\" \/>\n<meta property=\"og:site_name\" content=\"Smart Meals\" \/>\n<meta property=\"article:publisher\" content=\"https:\/\/www.facebook.com\/SmartMealsOfficial\" \/>\n<meta property=\"article:modified_time\" content=\"2025-04-29T14:33:24+00:00\" \/>\n<meta property=\"og:image\" content=\"https:\/\/www.smart-meals.nl\/wp-content\/uploads\/2023\/01\/fat-killer-black-edition.jpg\" \/>\n\t<meta property=\"og:image:width\" content=\"600\" \/>\n\t<meta property=\"og:image:height\" content=\"600\" \/>\n\t<meta property=\"og:image:type\" content=\"image\/jpeg\" \/>\n<meta name=\"twitter:card\" content=\"summary_large_image\" \/>\n<script type=\"application\/ld+json\" class=\"yoast-schema-graph\">{\"@context\":\"https:\\\/\\\/schema.org\",\"@graph\":[{\"@type\":\"WebPage\",\"@id\":\"https:\\\/\\\/www.smart-meals.nl\\\/de\\\/produkt\\\/fett-metabolische-unterstutzung-schwarz-edition-120-veggiecaps\\\/\",\"url\":\"https:\\\/\\\/www.smart-meals.nl\\\/de\\\/produkt\\\/fett-metabolische-unterstutzung-schwarz-edition-120-veggiecaps\\\/\",\"name\":\"Fat Metabolic Support Black Edition - 120 Veggiecaps - Smart Meals\",\"isPartOf\":{\"@id\":\"https:\\\/\\\/www.smart-meals.nl\\\/de\\\/#website\"},\"primaryImageOfPage\":{\"@id\":\"https:\\\/\\\/www.smart-meals.nl\\\/de\\\/produkt\\\/fett-metabolische-unterstutzung-schwarz-edition-120-veggiecaps\\\/#primaryimage\"},\"image\":{\"@id\":\"https:\\\/\\\/www.smart-meals.nl\\\/de\\\/produkt\\\/fett-metabolische-unterstutzung-schwarz-edition-120-veggiecaps\\\/#primaryimage\"},\"thumbnailUrl\":\"https:\\\/\\\/www.smart-meals.nl\\\/wp-content\\\/uploads\\\/2023\\\/01\\\/fat-killer-black-edition.jpg\",\"datePublished\":\"2023-01-12T13:16:10+00:00\",\"dateModified\":\"2025-04-29T14:33:24+00:00\",\"breadcrumb\":{\"@id\":\"https:\\\/\\\/www.smart-meals.nl\\\/de\\\/produkt\\\/fett-metabolische-unterstutzung-schwarz-edition-120-veggiecaps\\\/#breadcrumb\"},\"inLanguage\":\"de\",\"potentialAction\":[{\"@type\":\"ReadAction\",\"target\":[\"https:\\\/\\\/www.smart-meals.nl\\\/de\\\/produkt\\\/fett-metabolische-unterstutzung-schwarz-edition-120-veggiecaps\\\/\"]}]},{\"@type\":\"ImageObject\",\"inLanguage\":\"de\",\"@id\":\"https:\\\/\\\/www.smart-meals.nl\\\/de\\\/produkt\\\/fett-metabolische-unterstutzung-schwarz-edition-120-veggiecaps\\\/#primaryimage\",\"url\":\"https:\\\/\\\/www.smart-meals.nl\\\/wp-content\\\/uploads\\\/2023\\\/01\\\/fat-killer-black-edition.jpg\",\"contentUrl\":\"https:\\\/\\\/www.smart-meals.nl\\\/wp-content\\\/uploads\\\/2023\\\/01\\\/fat-killer-black-edition.jpg\",\"width\":600,\"height\":600},{\"@type\":\"BreadcrumbList\",\"@id\":\"https:\\\/\\\/www.smart-meals.nl\\\/de\\\/produkt\\\/fett-metabolische-unterstutzung-schwarz-edition-120-veggiecaps\\\/#breadcrumb\",\"itemListElement\":[{\"@type\":\"ListItem\",\"position\":1,\"name\":\"Home\",\"item\":\"https:\\\/\\\/www.smart-meals.nl\\\/de\\\/homenew\\\/\"},{\"@type\":\"ListItem\",\"position\":2,\"name\":\"Einkaufen\",\"item\":\"https:\\\/\\\/www.smart-meals.nl\\\/de\\\/einkaufen\\\/\"},{\"@type\":\"ListItem\",\"position\":3,\"name\":\"sups\",\"item\":\"https:\\\/\\\/www.smart-meals.nl\\\/de\\\/healthy\\\/sups-de\\\/\"},{\"@type\":\"ListItem\",\"position\":4,\"name\":\"Fat Metabolic Support Black Edition &#8211; 120 Veggiecaps\"}]},{\"@type\":\"WebSite\",\"@id\":\"https:\\\/\\\/www.smart-meals.nl\\\/de\\\/#website\",\"url\":\"https:\\\/\\\/www.smart-meals.nl\\\/de\\\/\",\"name\":\"Smart Meals\",\"description\":\"Healthy High Protein Meals\",\"publisher\":{\"@id\":\"https:\\\/\\\/www.smart-meals.nl\\\/de\\\/#organization\"},\"potentialAction\":[{\"@type\":\"SearchAction\",\"target\":{\"@type\":\"EntryPoint\",\"urlTemplate\":\"https:\\\/\\\/www.smart-meals.nl\\\/de\\\/?s={search_term_string}\"},\"query-input\":{\"@type\":\"PropertyValueSpecification\",\"valueRequired\":true,\"valueName\":\"search_term_string\"}}],\"inLanguage\":\"de\"},{\"@type\":\"Organization\",\"@id\":\"https:\\\/\\\/www.smart-meals.nl\\\/de\\\/#organization\",\"name\":\"Smart Meals\",\"url\":\"https:\\\/\\\/www.smart-meals.nl\\\/de\\\/\",\"logo\":{\"@type\":\"ImageObject\",\"inLanguage\":\"de\",\"@id\":\"https:\\\/\\\/www.smart-meals.nl\\\/de\\\/#\\\/schema\\\/logo\\\/image\\\/\",\"url\":\"https:\\\/\\\/www.smart-meals.nl\\\/wp-content\\\/uploads\\\/2021\\\/03\\\/cropped-logo.png\",\"contentUrl\":\"https:\\\/\\\/www.smart-meals.nl\\\/wp-content\\\/uploads\\\/2021\\\/03\\\/cropped-logo.png\",\"width\":512,\"height\":512,\"caption\":\"Smart Meals\"},\"image\":{\"@id\":\"https:\\\/\\\/www.smart-meals.nl\\\/de\\\/#\\\/schema\\\/logo\\\/image\\\/\"},\"sameAs\":[\"https:\\\/\\\/www.facebook.com\\\/SmartMealsOfficial\"]}]}<\/script>\n<!-- \/ Yoast SEO plugin. -->","yoast_head_json":{"title":"Fat Metabolic Support Black Edition - 120 Veggiecaps - Smart Meals","robots":{"index":"index","follow":"follow","max-snippet":"max-snippet:-1","max-image-preview":"max-image-preview:large","max-video-preview":"max-video-preview:-1"},"canonical":"https:\/\/www.smart-meals.nl\/de\/produkt\/fett-metabolische-unterstutzung-schwarz-edition-120-veggiecaps\/","og_locale":"de_DE","og_type":"article","og_title":"Fat Metabolic Support Black Edition - 120 Veggiecaps - Smart Meals","og_description":"Fat Metabolic Support Black Edition  Sind Sie auf der Suche nach dem leistungsst\u00e4rksten Brenner auf dem Markt? Dann ist die Fat Metabolic Support Black Edition genau das Richtige f\u00fcr Sie! Die Fat Metabolic Support Black Edition enth\u00e4lt satte 120 Veggiecaps, von denen jede einzelne mit den wirkungsvollsten Inhaltsstoffen vollgepackt ist. Wie der Fat Metabolic Support zeichnet sich auch die schwarze Edition durch ein optimales Verh\u00e4ltnis hochwertiger Inhaltsstoffe aus, allerdings in einer noch leistungsf\u00e4higeren Zusammensetzung. Dazu geh\u00f6ren Koffein, Hydroxyktrins\u00e4ure und EnXtra\u2122. Auch die Fat Metabolic Support Black Edition von XXL Nutrition wird von Profis formuliert, so dass Sie sicher sein k\u00f6nnen, dass Sie nur Inhaltsstoffe von h\u00f6chster Qualit\u00e4t verwenden.  Der leistungsst\u00e4rkste Brenner auf dem Markt  Jede Portion Fat Metabolic Support Black Edition enth\u00e4lt satte 256 mg Koffein. Erg\u00e4nzen Sie dies mit Hydroxycts\u00e4ure und Gr\u00fcntee-Extrakt, und Sie haben den effektivsten Fatburner in Ihren H\u00e4nden. Viele Bodybuilder sind Ihnen vorausgegangen und verwenden Fat Metabolic Support Black Edition; sind auch Sie bereit, den st\u00e4rksten Fatburner auf dem Markt zu verwenden?  Zusammensetzung  Die meisten Verbrenner verwenden Gelatine zur Herstellung der Kapseln. In Fat Metabolic Support Black Edition ist dies jedoch nicht der Fall, und es wurden Geliermittel aus Magnesiumstearat und Chili verwendet. Damit passt Fat Metabolic Support Black Edition auch perfekt zu einem vegetarischen Lebensstil. Au\u00dferdem enth\u00e4lt Fat Metabolic Support Black Edition den nat\u00fcrlichen Inhaltsstoff EnXtra\u2122.  Anwendung und Dosierung  Wenn Sie Fat Metabolic Support Black Edition zum ersten Mal einnehmen, nehmen Sie 1 Kapsel zu einer Mahlzeit ein. Wenn Sie gut darauf ansprechen, nehmen Sie nur 1 volle Dosis (2 Kapseln) mit einer Mahlzeit ein. Verwenden Sie maximal 2 Dosen pro Tag, \u00fcberschreiten Sie nicht die empfohlene Tagesmenge. &nbsp; Fat Metabolic Support Black Edition enth\u00e4lt einen hohen Koffeingehalt. Nicht empfohlen f\u00fcr Kinder und Frauen, die schwanger sind oder stillen.","og_url":"https:\/\/www.smart-meals.nl\/de\/produkt\/fett-metabolische-unterstutzung-schwarz-edition-120-veggiecaps\/","og_site_name":"Smart Meals","article_publisher":"https:\/\/www.facebook.com\/SmartMealsOfficial","article_modified_time":"2025-04-29T14:33:24+00:00","og_image":[{"width":600,"height":600,"url":"https:\/\/www.smart-meals.nl\/wp-content\/uploads\/2023\/01\/fat-killer-black-edition.jpg","type":"image\/jpeg"}],"twitter_card":"summary_large_image","schema":{"@context":"https:\/\/schema.org","@graph":[{"@type":"WebPage","@id":"https:\/\/www.smart-meals.nl\/de\/produkt\/fett-metabolische-unterstutzung-schwarz-edition-120-veggiecaps\/","url":"https:\/\/www.smart-meals.nl\/de\/produkt\/fett-metabolische-unterstutzung-schwarz-edition-120-veggiecaps\/","name":"Fat Metabolic Support Black Edition - 120 Veggiecaps - Smart Meals","isPartOf":{"@id":"https:\/\/www.smart-meals.nl\/de\/#website"},"primaryImageOfPage":{"@id":"https:\/\/www.smart-meals.nl\/de\/produkt\/fett-metabolische-unterstutzung-schwarz-edition-120-veggiecaps\/#primaryimage"},"image":{"@id":"https:\/\/www.smart-meals.nl\/de\/produkt\/fett-metabolische-unterstutzung-schwarz-edition-120-veggiecaps\/#primaryimage"},"thumbnailUrl":"https:\/\/www.smart-meals.nl\/wp-content\/uploads\/2023\/01\/fat-killer-black-edition.jpg","datePublished":"2023-01-12T13:16:10+00:00","dateModified":"2025-04-29T14:33:24+00:00","breadcrumb":{"@id":"https:\/\/www.smart-meals.nl\/de\/produkt\/fett-metabolische-unterstutzung-schwarz-edition-120-veggiecaps\/#breadcrumb"},"inLanguage":"de","potentialAction":[{"@type":"ReadAction","target":["https:\/\/www.smart-meals.nl\/de\/produkt\/fett-metabolische-unterstutzung-schwarz-edition-120-veggiecaps\/"]}]},{"@type":"ImageObject","inLanguage":"de","@id":"https:\/\/www.smart-meals.nl\/de\/produkt\/fett-metabolische-unterstutzung-schwarz-edition-120-veggiecaps\/#primaryimage","url":"https:\/\/www.smart-meals.nl\/wp-content\/uploads\/2023\/01\/fat-killer-black-edition.jpg","contentUrl":"https:\/\/www.smart-meals.nl\/wp-content\/uploads\/2023\/01\/fat-killer-black-edition.jpg","width":600,"height":600},{"@type":"BreadcrumbList","@id":"https:\/\/www.smart-meals.nl\/de\/produkt\/fett-metabolische-unterstutzung-schwarz-edition-120-veggiecaps\/#breadcrumb","itemListElement":[{"@type":"ListItem","position":1,"name":"Home","item":"https:\/\/www.smart-meals.nl\/de\/homenew\/"},{"@type":"ListItem","position":2,"name":"Einkaufen","item":"https:\/\/www.smart-meals.nl\/de\/einkaufen\/"},{"@type":"ListItem","position":3,"name":"sups","item":"https:\/\/www.smart-meals.nl\/de\/healthy\/sups-de\/"},{"@type":"ListItem","position":4,"name":"Fat Metabolic Support Black Edition &#8211; 120 Veggiecaps"}]},{"@type":"WebSite","@id":"https:\/\/www.smart-meals.nl\/de\/#website","url":"https:\/\/www.smart-meals.nl\/de\/","name":"Smart Meals","description":"Healthy High Protein Meals","publisher":{"@id":"https:\/\/www.smart-meals.nl\/de\/#organization"},"potentialAction":[{"@type":"SearchAction","target":{"@type":"EntryPoint","urlTemplate":"https:\/\/www.smart-meals.nl\/de\/?s={search_term_string}"},"query-input":{"@type":"PropertyValueSpecification","valueRequired":true,"valueName":"search_term_string"}}],"inLanguage":"de"},{"@type":"Organization","@id":"https:\/\/www.smart-meals.nl\/de\/#organization","name":"Smart Meals","url":"https:\/\/www.smart-meals.nl\/de\/","logo":{"@type":"ImageObject","inLanguage":"de","@id":"https:\/\/www.smart-meals.nl\/de\/#\/schema\/logo\/image\/","url":"https:\/\/www.smart-meals.nl\/wp-content\/uploads\/2021\/03\/cropped-logo.png","contentUrl":"https:\/\/www.smart-meals.nl\/wp-content\/uploads\/2021\/03\/cropped-logo.png","width":512,"height":512,"caption":"Smart Meals"},"image":{"@id":"https:\/\/www.smart-meals.nl\/de\/#\/schema\/logo\/image\/"},"sameAs":["https:\/\/www.facebook.com\/SmartMealsOfficial"]}]}},"_links":{"self":[{"href":"https:\/\/www.smart-meals.nl\/de\/wp-json\/wp\/v2\/product\/34036","targetHints":{"allow":["GET"]}}],"collection":[{"href":"https:\/\/www.smart-meals.nl\/de\/wp-json\/wp\/v2\/product"}],"about":[{"href":"https:\/\/www.smart-meals.nl\/de\/wp-json\/wp\/v2\/types\/product"}],"replies":[{"embeddable":true,"href":"https:\/\/www.smart-meals.nl\/de\/wp-json\/wp\/v2\/comments?post=34036"}],"version-history":[{"count":0,"href":"https:\/\/www.smart-meals.nl\/de\/wp-json\/wp\/v2\/product\/34036\/revisions"}],"wp:featuredmedia":[{"embeddable":true,"href":"https:\/\/www.smart-meals.nl\/de\/wp-json\/wp\/v2\/media\/34039"}],"wp:attachment":[{"href":"https:\/\/www.smart-meals.nl\/de\/wp-json\/wp\/v2\/media?parent=34036"}],"wp:term":[{"taxonomy":"product_brand","embeddable":true,"href":"https:\/\/www.smart-meals.nl\/de\/wp-json\/wp\/v2\/product_brand?post=34036"},{"taxonomy":"product_cat","embeddable":true,"href":"https:\/\/www.smart-meals.nl\/de\/wp-json\/wp\/v2\/product_cat?post=34036"},{"taxonomy":"product_tag","embeddable":true,"href":"https:\/\/www.smart-meals.nl\/de\/wp-json\/wp\/v2\/product_tag?post=34036"}],"curies":[{"name":"wp","href":"https:\/\/api.w.org\/{rel}","templated":true}]}}