{"id":34047,"date":"2023-01-12T14:19:20","date_gmt":"2023-01-12T13:19:20","guid":{"rendered":"https:\/\/www.smart-meals.nl\/?post_type=product&#038;p=34047"},"modified":"2025-04-29T16:32:19","modified_gmt":"2025-04-29T14:32:19","slug":"fett-metabolische-unterstutzung-nacht-60-veggiecaps","status":"publish","type":"product","link":"https:\/\/www.smart-meals.nl\/de\/produkt\/fett-metabolische-unterstutzung-nacht-60-veggiecaps\/","title":{"rendered":"Fat Metabolic Support Night &#8211; 60 Veggiecaps"},"content":{"rendered":"","protected":false},"excerpt":{"rendered":"<div class=\"product-overview__info-text\">\n<h2 data-content-type=\"heading\" data-appearance=\"default\" data-element=\"main\" data-pb-style=\"E7QYBY9\">Fat Metabolic Support Night<\/h2>\n<div data-content-type=\"text\" data-appearance=\"default\" data-element=\"main\" data-pb-style=\"XDM20VG\">\n<p>Pflegen Sie einen gesunden Lebensstil und m\u00f6chten Sie Ihren K\u00f6rper auch nachts mit den hochwertigsten N\u00e4hrstoffen versorgen? Dann ist die Fat Metabolic Support Night genau das Richtige f\u00fcr Sie! Ideal in Kombination mit Fat Metabolic Support, um 24 Stunden am Tag an Ihrer Traumfigur zu arbeiten. Vollgepackt mit nat\u00fcrlichen Inhaltsstoffen wie Gamma-Aminobutters\u00e4ure (GABA), L-Theanin, Ingwerwurzel, Gr\u00fcntee-Extrakt und Zimt. Und das alles in einem optimalen Verh\u00e4ltnis pro Kapsel, so dass eine einzige Dosis pro Tag ausreicht.<\/p>\n<\/div>\n<h2 data-content-type=\"heading\" data-appearance=\"default\" data-element=\"main\" data-pb-style=\"ACK9CQV\">Das Ergebnis einer jahrelangen Entwicklung<\/h2>\n<div data-content-type=\"text\" data-appearance=\"default\" data-element=\"main\" data-pb-style=\"DUTM2X6\">\n<p>XXL Nutrition arbeitet seit Jahren mit Fitnessprofis zusammen, um die Fat Metabolic Support Night zu entwickeln. Auf diese Weise k\u00f6nnen wir die Qualit\u00e4t garantieren, die Sie von uns erwarten, und Sie k\u00f6nnen sicher sein, dass Sie Ihren K\u00f6rper mit den reinsten Zutaten versorgen. Au\u00dferdem enth\u00e4lt jede Kapsel 15 Mikrogramm Melatonin. Nutzen Sie die Vorteile von Fat Metabolic Support Night, indem Sie nur 2 Kapseln vor dem Schlafengehen einnehmen.<\/p>\n<\/div>\n<h2 data-content-type=\"heading\" data-appearance=\"default\" data-element=\"main\" data-pb-style=\"CCNV8PU\">Nat\u00fcrliche Inhaltsstoffe<\/h2>\n<div data-content-type=\"text\" data-appearance=\"default\" data-element=\"main\" data-pb-style=\"VLK5M1R\">\n<p>Da in Fat Metabolic Support Night haupts\u00e4chlich reine Inhaltsstoffe verwendet werden, passt Fat Metabolic Support Night perfekt zu einem bewussten und gesunden Lebensstil. Denken Sie an Zutaten wie Pflanzentee, Ingwerwurzel, Zimt und Baldrian. Au\u00dferdem werden in den Veggie-Caps keine tierischen Produkte verwendet, so dass sie auch f\u00fcr eine vegane Lebensweise geeignet sind.<\/p>\n<\/div>\n<h2 data-content-type=\"heading\" data-appearance=\"default\" data-element=\"main\" data-pb-style=\"AULRA2F\">Anwendung und Dosierung<\/h2>\n<div data-content-type=\"text\" data-appearance=\"default\" data-element=\"main\" data-pb-style=\"BKYS3TM\">\n<p>Nehmen Sie 1 Dosis von Fat Metabolic Support Night (2 Kapseln) vor dem Schlafengehen ein. Verwenden Sie maximal 2 Dosen pro Tag, \u00fcberschreiten Sie nicht die empfohlene Tagesdosis.<\/p>\n<p>&nbsp;<\/p>\n<\/div>\n<\/div>\n","protected":false},"featured_media":34050,"comment_status":"closed","ping_status":"closed","template":"","meta":{"_acf_changed":false},"product_brand":[],"product_cat":[361],"product_tag":[],"class_list":{"0":"post-34047","1":"product","2":"type-product","3":"status-publish","4":"has-post-thumbnail","6":"product_cat-sups-de","8":"first","9":"instock","10":"taxable","11":"shipping-taxable","12":"purchasable","13":"product-type-simple"},"bundled_by":[],"bundle_stock_status":"instock","bundle_stock_quantity":2,"bundle_virtual":false,"bundle_layout":"","bundle_add_to_cart_form_location":"","bundle_editable_in_cart":false,"bundle_sold_individually_context":"","bundle_item_grouping":"","bundle_min_size":"","bundle_max_size":"","bundle_price":[],"bundled_items":[],"bundle_sell_ids":[],"acf":[],"yoast_head":"<!-- This site is optimized with the Yoast SEO plugin v27.3 - https:\/\/yoast.com\/product\/yoast-seo-wordpress\/ -->\n<title>Fat Metabolic Support Night - 60 Veggiecaps - Smart Meals<\/title>\n<meta name=\"robots\" content=\"index, follow, max-snippet:-1, max-image-preview:large, max-video-preview:-1\" \/>\n<link rel=\"canonical\" href=\"https:\/\/www.smart-meals.nl\/de\/produkt\/fett-metabolische-unterstutzung-nacht-60-veggiecaps\/\" \/>\n<meta property=\"og:locale\" content=\"de_DE\" \/>\n<meta property=\"og:type\" content=\"article\" \/>\n<meta property=\"og:title\" content=\"Fat Metabolic Support Night - 60 Veggiecaps - Smart Meals\" \/>\n<meta property=\"og:description\" content=\"Fat Metabolic Support Night  Pflegen Sie einen gesunden Lebensstil und m\u00f6chten Sie Ihren K\u00f6rper auch nachts mit den hochwertigsten N\u00e4hrstoffen versorgen? Dann ist die Fat Metabolic Support Night genau das Richtige f\u00fcr Sie! Ideal in Kombination mit Fat Metabolic Support, um 24 Stunden am Tag an Ihrer Traumfigur zu arbeiten. Vollgepackt mit nat\u00fcrlichen Inhaltsstoffen wie Gamma-Aminobutters\u00e4ure (GABA), L-Theanin, Ingwerwurzel, Gr\u00fcntee-Extrakt und Zimt. Und das alles in einem optimalen Verh\u00e4ltnis pro Kapsel, so dass eine einzige Dosis pro Tag ausreicht.  Das Ergebnis einer jahrelangen Entwicklung  XXL Nutrition arbeitet seit Jahren mit Fitnessprofis zusammen, um die Fat Metabolic Support Night zu entwickeln. Auf diese Weise k\u00f6nnen wir die Qualit\u00e4t garantieren, die Sie von uns erwarten, und Sie k\u00f6nnen sicher sein, dass Sie Ihren K\u00f6rper mit den reinsten Zutaten versorgen. Au\u00dferdem enth\u00e4lt jede Kapsel 15 Mikrogramm Melatonin. Nutzen Sie die Vorteile von Fat Metabolic Support Night, indem Sie nur 2 Kapseln vor dem Schlafengehen einnehmen.  Nat\u00fcrliche Inhaltsstoffe  Da in Fat Metabolic Support Night haupts\u00e4chlich reine Inhaltsstoffe verwendet werden, passt Fat Metabolic Support Night perfekt zu einem bewussten und gesunden Lebensstil. Denken Sie an Zutaten wie Pflanzentee, Ingwerwurzel, Zimt und Baldrian. Au\u00dferdem werden in den Veggie-Caps keine tierischen Produkte verwendet, so dass sie auch f\u00fcr eine vegane Lebensweise geeignet sind.  Anwendung und Dosierung  Nehmen Sie 1 Dosis von Fat Metabolic Support Night (2 Kapseln) vor dem Schlafengehen ein. Verwenden Sie maximal 2 Dosen pro Tag, \u00fcberschreiten Sie nicht die empfohlene Tagesdosis. &nbsp;\" \/>\n<meta property=\"og:url\" content=\"https:\/\/www.smart-meals.nl\/de\/produkt\/fett-metabolische-unterstutzung-nacht-60-veggiecaps\/\" \/>\n<meta property=\"og:site_name\" content=\"Smart Meals\" \/>\n<meta property=\"article:publisher\" content=\"https:\/\/www.facebook.com\/SmartMealsOfficial\" \/>\n<meta property=\"article:modified_time\" content=\"2025-04-29T14:32:19+00:00\" \/>\n<meta property=\"og:image\" content=\"https:\/\/www.smart-meals.nl\/wp-content\/uploads\/2023\/01\/fat-killer-night.jpg\" \/>\n\t<meta property=\"og:image:width\" content=\"600\" \/>\n\t<meta property=\"og:image:height\" content=\"600\" \/>\n\t<meta property=\"og:image:type\" content=\"image\/jpeg\" \/>\n<meta name=\"twitter:card\" content=\"summary_large_image\" \/>\n<script type=\"application\/ld+json\" class=\"yoast-schema-graph\">{\"@context\":\"https:\\\/\\\/schema.org\",\"@graph\":[{\"@type\":\"WebPage\",\"@id\":\"https:\\\/\\\/www.smart-meals.nl\\\/de\\\/produkt\\\/fett-metabolische-unterstutzung-nacht-60-veggiecaps\\\/\",\"url\":\"https:\\\/\\\/www.smart-meals.nl\\\/de\\\/produkt\\\/fett-metabolische-unterstutzung-nacht-60-veggiecaps\\\/\",\"name\":\"Fat Metabolic Support Night - 60 Veggiecaps - Smart Meals\",\"isPartOf\":{\"@id\":\"https:\\\/\\\/www.smart-meals.nl\\\/de\\\/#website\"},\"primaryImageOfPage\":{\"@id\":\"https:\\\/\\\/www.smart-meals.nl\\\/de\\\/produkt\\\/fett-metabolische-unterstutzung-nacht-60-veggiecaps\\\/#primaryimage\"},\"image\":{\"@id\":\"https:\\\/\\\/www.smart-meals.nl\\\/de\\\/produkt\\\/fett-metabolische-unterstutzung-nacht-60-veggiecaps\\\/#primaryimage\"},\"thumbnailUrl\":\"https:\\\/\\\/www.smart-meals.nl\\\/wp-content\\\/uploads\\\/2023\\\/01\\\/fat-killer-night.jpg\",\"datePublished\":\"2023-01-12T13:19:20+00:00\",\"dateModified\":\"2025-04-29T14:32:19+00:00\",\"breadcrumb\":{\"@id\":\"https:\\\/\\\/www.smart-meals.nl\\\/de\\\/produkt\\\/fett-metabolische-unterstutzung-nacht-60-veggiecaps\\\/#breadcrumb\"},\"inLanguage\":\"de\",\"potentialAction\":[{\"@type\":\"ReadAction\",\"target\":[\"https:\\\/\\\/www.smart-meals.nl\\\/de\\\/produkt\\\/fett-metabolische-unterstutzung-nacht-60-veggiecaps\\\/\"]}]},{\"@type\":\"ImageObject\",\"inLanguage\":\"de\",\"@id\":\"https:\\\/\\\/www.smart-meals.nl\\\/de\\\/produkt\\\/fett-metabolische-unterstutzung-nacht-60-veggiecaps\\\/#primaryimage\",\"url\":\"https:\\\/\\\/www.smart-meals.nl\\\/wp-content\\\/uploads\\\/2023\\\/01\\\/fat-killer-night.jpg\",\"contentUrl\":\"https:\\\/\\\/www.smart-meals.nl\\\/wp-content\\\/uploads\\\/2023\\\/01\\\/fat-killer-night.jpg\",\"width\":600,\"height\":600},{\"@type\":\"BreadcrumbList\",\"@id\":\"https:\\\/\\\/www.smart-meals.nl\\\/de\\\/produkt\\\/fett-metabolische-unterstutzung-nacht-60-veggiecaps\\\/#breadcrumb\",\"itemListElement\":[{\"@type\":\"ListItem\",\"position\":1,\"name\":\"Home\",\"item\":\"https:\\\/\\\/www.smart-meals.nl\\\/de\\\/homenew\\\/\"},{\"@type\":\"ListItem\",\"position\":2,\"name\":\"Einkaufen\",\"item\":\"https:\\\/\\\/www.smart-meals.nl\\\/de\\\/einkaufen\\\/\"},{\"@type\":\"ListItem\",\"position\":3,\"name\":\"sups\",\"item\":\"https:\\\/\\\/www.smart-meals.nl\\\/de\\\/healthy\\\/sups-de\\\/\"},{\"@type\":\"ListItem\",\"position\":4,\"name\":\"Fat Metabolic Support Night &#8211; 60 Veggiecaps\"}]},{\"@type\":\"WebSite\",\"@id\":\"https:\\\/\\\/www.smart-meals.nl\\\/de\\\/#website\",\"url\":\"https:\\\/\\\/www.smart-meals.nl\\\/de\\\/\",\"name\":\"Smart Meals\",\"description\":\"Healthy High Protein Meals\",\"publisher\":{\"@id\":\"https:\\\/\\\/www.smart-meals.nl\\\/de\\\/#organization\"},\"potentialAction\":[{\"@type\":\"SearchAction\",\"target\":{\"@type\":\"EntryPoint\",\"urlTemplate\":\"https:\\\/\\\/www.smart-meals.nl\\\/de\\\/?s={search_term_string}\"},\"query-input\":{\"@type\":\"PropertyValueSpecification\",\"valueRequired\":true,\"valueName\":\"search_term_string\"}}],\"inLanguage\":\"de\"},{\"@type\":\"Organization\",\"@id\":\"https:\\\/\\\/www.smart-meals.nl\\\/de\\\/#organization\",\"name\":\"Smart Meals\",\"url\":\"https:\\\/\\\/www.smart-meals.nl\\\/de\\\/\",\"logo\":{\"@type\":\"ImageObject\",\"inLanguage\":\"de\",\"@id\":\"https:\\\/\\\/www.smart-meals.nl\\\/de\\\/#\\\/schema\\\/logo\\\/image\\\/\",\"url\":\"https:\\\/\\\/www.smart-meals.nl\\\/wp-content\\\/uploads\\\/2021\\\/03\\\/cropped-logo.png\",\"contentUrl\":\"https:\\\/\\\/www.smart-meals.nl\\\/wp-content\\\/uploads\\\/2021\\\/03\\\/cropped-logo.png\",\"width\":512,\"height\":512,\"caption\":\"Smart Meals\"},\"image\":{\"@id\":\"https:\\\/\\\/www.smart-meals.nl\\\/de\\\/#\\\/schema\\\/logo\\\/image\\\/\"},\"sameAs\":[\"https:\\\/\\\/www.facebook.com\\\/SmartMealsOfficial\"]}]}<\/script>\n<!-- \/ Yoast SEO plugin. -->","yoast_head_json":{"title":"Fat Metabolic Support Night - 60 Veggiecaps - Smart Meals","robots":{"index":"index","follow":"follow","max-snippet":"max-snippet:-1","max-image-preview":"max-image-preview:large","max-video-preview":"max-video-preview:-1"},"canonical":"https:\/\/www.smart-meals.nl\/de\/produkt\/fett-metabolische-unterstutzung-nacht-60-veggiecaps\/","og_locale":"de_DE","og_type":"article","og_title":"Fat Metabolic Support Night - 60 Veggiecaps - Smart Meals","og_description":"Fat Metabolic Support Night  Pflegen Sie einen gesunden Lebensstil und m\u00f6chten Sie Ihren K\u00f6rper auch nachts mit den hochwertigsten N\u00e4hrstoffen versorgen? Dann ist die Fat Metabolic Support Night genau das Richtige f\u00fcr Sie! Ideal in Kombination mit Fat Metabolic Support, um 24 Stunden am Tag an Ihrer Traumfigur zu arbeiten. Vollgepackt mit nat\u00fcrlichen Inhaltsstoffen wie Gamma-Aminobutters\u00e4ure (GABA), L-Theanin, Ingwerwurzel, Gr\u00fcntee-Extrakt und Zimt. Und das alles in einem optimalen Verh\u00e4ltnis pro Kapsel, so dass eine einzige Dosis pro Tag ausreicht.  Das Ergebnis einer jahrelangen Entwicklung  XXL Nutrition arbeitet seit Jahren mit Fitnessprofis zusammen, um die Fat Metabolic Support Night zu entwickeln. Auf diese Weise k\u00f6nnen wir die Qualit\u00e4t garantieren, die Sie von uns erwarten, und Sie k\u00f6nnen sicher sein, dass Sie Ihren K\u00f6rper mit den reinsten Zutaten versorgen. Au\u00dferdem enth\u00e4lt jede Kapsel 15 Mikrogramm Melatonin. Nutzen Sie die Vorteile von Fat Metabolic Support Night, indem Sie nur 2 Kapseln vor dem Schlafengehen einnehmen.  Nat\u00fcrliche Inhaltsstoffe  Da in Fat Metabolic Support Night haupts\u00e4chlich reine Inhaltsstoffe verwendet werden, passt Fat Metabolic Support Night perfekt zu einem bewussten und gesunden Lebensstil. Denken Sie an Zutaten wie Pflanzentee, Ingwerwurzel, Zimt und Baldrian. Au\u00dferdem werden in den Veggie-Caps keine tierischen Produkte verwendet, so dass sie auch f\u00fcr eine vegane Lebensweise geeignet sind.  Anwendung und Dosierung  Nehmen Sie 1 Dosis von Fat Metabolic Support Night (2 Kapseln) vor dem Schlafengehen ein. Verwenden Sie maximal 2 Dosen pro Tag, \u00fcberschreiten Sie nicht die empfohlene Tagesdosis. &nbsp;","og_url":"https:\/\/www.smart-meals.nl\/de\/produkt\/fett-metabolische-unterstutzung-nacht-60-veggiecaps\/","og_site_name":"Smart Meals","article_publisher":"https:\/\/www.facebook.com\/SmartMealsOfficial","article_modified_time":"2025-04-29T14:32:19+00:00","og_image":[{"width":600,"height":600,"url":"https:\/\/www.smart-meals.nl\/wp-content\/uploads\/2023\/01\/fat-killer-night.jpg","type":"image\/jpeg"}],"twitter_card":"summary_large_image","schema":{"@context":"https:\/\/schema.org","@graph":[{"@type":"WebPage","@id":"https:\/\/www.smart-meals.nl\/de\/produkt\/fett-metabolische-unterstutzung-nacht-60-veggiecaps\/","url":"https:\/\/www.smart-meals.nl\/de\/produkt\/fett-metabolische-unterstutzung-nacht-60-veggiecaps\/","name":"Fat Metabolic Support Night - 60 Veggiecaps - Smart Meals","isPartOf":{"@id":"https:\/\/www.smart-meals.nl\/de\/#website"},"primaryImageOfPage":{"@id":"https:\/\/www.smart-meals.nl\/de\/produkt\/fett-metabolische-unterstutzung-nacht-60-veggiecaps\/#primaryimage"},"image":{"@id":"https:\/\/www.smart-meals.nl\/de\/produkt\/fett-metabolische-unterstutzung-nacht-60-veggiecaps\/#primaryimage"},"thumbnailUrl":"https:\/\/www.smart-meals.nl\/wp-content\/uploads\/2023\/01\/fat-killer-night.jpg","datePublished":"2023-01-12T13:19:20+00:00","dateModified":"2025-04-29T14:32:19+00:00","breadcrumb":{"@id":"https:\/\/www.smart-meals.nl\/de\/produkt\/fett-metabolische-unterstutzung-nacht-60-veggiecaps\/#breadcrumb"},"inLanguage":"de","potentialAction":[{"@type":"ReadAction","target":["https:\/\/www.smart-meals.nl\/de\/produkt\/fett-metabolische-unterstutzung-nacht-60-veggiecaps\/"]}]},{"@type":"ImageObject","inLanguage":"de","@id":"https:\/\/www.smart-meals.nl\/de\/produkt\/fett-metabolische-unterstutzung-nacht-60-veggiecaps\/#primaryimage","url":"https:\/\/www.smart-meals.nl\/wp-content\/uploads\/2023\/01\/fat-killer-night.jpg","contentUrl":"https:\/\/www.smart-meals.nl\/wp-content\/uploads\/2023\/01\/fat-killer-night.jpg","width":600,"height":600},{"@type":"BreadcrumbList","@id":"https:\/\/www.smart-meals.nl\/de\/produkt\/fett-metabolische-unterstutzung-nacht-60-veggiecaps\/#breadcrumb","itemListElement":[{"@type":"ListItem","position":1,"name":"Home","item":"https:\/\/www.smart-meals.nl\/de\/homenew\/"},{"@type":"ListItem","position":2,"name":"Einkaufen","item":"https:\/\/www.smart-meals.nl\/de\/einkaufen\/"},{"@type":"ListItem","position":3,"name":"sups","item":"https:\/\/www.smart-meals.nl\/de\/healthy\/sups-de\/"},{"@type":"ListItem","position":4,"name":"Fat Metabolic Support Night &#8211; 60 Veggiecaps"}]},{"@type":"WebSite","@id":"https:\/\/www.smart-meals.nl\/de\/#website","url":"https:\/\/www.smart-meals.nl\/de\/","name":"Smart Meals","description":"Healthy High Protein Meals","publisher":{"@id":"https:\/\/www.smart-meals.nl\/de\/#organization"},"potentialAction":[{"@type":"SearchAction","target":{"@type":"EntryPoint","urlTemplate":"https:\/\/www.smart-meals.nl\/de\/?s={search_term_string}"},"query-input":{"@type":"PropertyValueSpecification","valueRequired":true,"valueName":"search_term_string"}}],"inLanguage":"de"},{"@type":"Organization","@id":"https:\/\/www.smart-meals.nl\/de\/#organization","name":"Smart Meals","url":"https:\/\/www.smart-meals.nl\/de\/","logo":{"@type":"ImageObject","inLanguage":"de","@id":"https:\/\/www.smart-meals.nl\/de\/#\/schema\/logo\/image\/","url":"https:\/\/www.smart-meals.nl\/wp-content\/uploads\/2021\/03\/cropped-logo.png","contentUrl":"https:\/\/www.smart-meals.nl\/wp-content\/uploads\/2021\/03\/cropped-logo.png","width":512,"height":512,"caption":"Smart Meals"},"image":{"@id":"https:\/\/www.smart-meals.nl\/de\/#\/schema\/logo\/image\/"},"sameAs":["https:\/\/www.facebook.com\/SmartMealsOfficial"]}]}},"_links":{"self":[{"href":"https:\/\/www.smart-meals.nl\/de\/wp-json\/wp\/v2\/product\/34047","targetHints":{"allow":["GET"]}}],"collection":[{"href":"https:\/\/www.smart-meals.nl\/de\/wp-json\/wp\/v2\/product"}],"about":[{"href":"https:\/\/www.smart-meals.nl\/de\/wp-json\/wp\/v2\/types\/product"}],"replies":[{"embeddable":true,"href":"https:\/\/www.smart-meals.nl\/de\/wp-json\/wp\/v2\/comments?post=34047"}],"version-history":[{"count":0,"href":"https:\/\/www.smart-meals.nl\/de\/wp-json\/wp\/v2\/product\/34047\/revisions"}],"wp:featuredmedia":[{"embeddable":true,"href":"https:\/\/www.smart-meals.nl\/de\/wp-json\/wp\/v2\/media\/34050"}],"wp:attachment":[{"href":"https:\/\/www.smart-meals.nl\/de\/wp-json\/wp\/v2\/media?parent=34047"}],"wp:term":[{"taxonomy":"product_brand","embeddable":true,"href":"https:\/\/www.smart-meals.nl\/de\/wp-json\/wp\/v2\/product_brand?post=34047"},{"taxonomy":"product_cat","embeddable":true,"href":"https:\/\/www.smart-meals.nl\/de\/wp-json\/wp\/v2\/product_cat?post=34047"},{"taxonomy":"product_tag","embeddable":true,"href":"https:\/\/www.smart-meals.nl\/de\/wp-json\/wp\/v2\/product_tag?post=34047"}],"curies":[{"name":"wp","href":"https:\/\/api.w.org\/{rel}","templated":true}]}}