{"id":47335,"date":"2021-10-10T14:08:41","date_gmt":"2021-10-10T12:08:41","guid":{"rendered":"https:\/\/www.smart-meals.nl\/product\/kohlenhydratarmes-huehnerfleisch-mit-ratatouille\/"},"modified":"2026-04-10T21:20:53","modified_gmt":"2026-04-10T19:20:53","slug":"kohlenhydratarmes-ratatouile-huhn","status":"publish","type":"product","link":"https:\/\/www.smart-meals.nl\/de\/produkt\/kohlenhydratarmes-ratatouile-huhn\/","title":{"rendered":"Ratatouille-Huhn [LOWCARB]"},"content":{"rendered":"<p><strong>Mikrowelle <\/strong>(Folie vorher entfernen)<br \/>\nGefroren: 8 Minuten bei 900 Watt aufw\u00e4rmen.<br \/>\nAufgetaut: 6 Minuten bei 900 Watt aufw\u00e4rmen.<\/p>\n<p><strong>Pfanne <\/strong>(Folie vorher entfernen)<br \/>\nGefroren: +-10 Minuten zum Aufw\u00e4rmen.<br \/>\nAufgetaut: +-7 Minuten zum Aufw\u00e4rmen.<\/p>\n<p><strong>Backofen <\/strong>(Folie vorher entfernen)<br \/>\nGefroren: +-35 Minuten bei 220\u2103 aufw\u00e4rmen.<br \/>\nAufgetaut: +-25 Minuten bei 220\u2103 aufw\u00e4rmen.<\/p>\n<h2><span class=\"c-product-description__accordiontitle j-product-description-accordion_title c-accordion-title--active c-product-description__accordiontitle--active\" aria-controls=\"description-ingredients\" data-enabled=\"true\">Zutaten<\/span><\/h2>\n<div id=\"description-ingredients\" class=\"c-product-description__accordioncontent c-product-description__accordioncontent--ingredients c-accordion-content--active\">\n<div class=\"c-product-description__content-text\">\n<div id=\"description-ingredients\" class=\"c-product-description__accordioncontent c-product-description__accordioncontent--ingredients c-accordion-content--active\">\n<div class=\"c-product-description__content-text\">\n<table class=\"table table-bordered table-condensed\" style=\"height: 615px;\" width=\"400\">\n<tbody>\n<tr>\n<td>Gewicht<\/td>\n<td>350 Gramm<\/td>\n<\/tr>\n<tr>\n<td>Energie<\/td>\n<td>1277 kj \/305 kcal<\/td>\n<\/tr>\n<tr>\n<td><i>Fett<\/i><\/td>\n<td>10,8 Gramm<\/td>\n<\/tr>\n<tr>\n<td><i>davon ges\u00e4ttigt<\/i><\/td>\n<td>2.3 g<\/td>\n<\/tr>\n<tr>\n<td>Kohlenhydrate<\/td>\n<td>11,5 Gramm<\/td>\n<\/tr>\n<tr>\n<td><i>Davon Zucker<\/i><\/td>\n<td>7.4 g<\/td>\n<\/tr>\n<tr>\n<td>Fasern<\/td>\n<td>5.2 g<\/td>\n<\/tr>\n<tr>\n<td>Eiwei\u00df<\/td>\n<td>37,9 Gramm<\/td>\n<\/tr>\n<tr>\n<td>Salz<\/td>\n<td>1,9 Gramm<\/td>\n<\/tr>\n<\/tbody>\n<\/table>\n<h6><\/h6>\n<p>H\u00e4hnchen 150g, Gem\u00fcse 200g (Tomaten, gebratenes Gem\u00fcse (Aubergine, Zwiebel)<br \/>\nSonnenblumen\u00f6l, gegrilltes Gem\u00fcse (Zucchini, Paprika), Tomatensauce, Wasser,<br \/>\nnatives Oliven\u00f6l extra, Zucker, Salz und St\u00e4rke).<\/p>\n<h2>Informationen zu Allergenen<\/h2>\n<p>Enth\u00e4lt keine Allergene<\/p>\n<\/div>\n<\/div>\n<\/div>\n<\/div>\n","protected":false},"excerpt":{"rendered":"<p>350gr | 305 kcal | 37,9g Eiwei\u00df | 11,5g Kohlenhydrate | 10,8g Fett<\/p>\n<p>H\u00e4hnchen &amp; mediterrane Gem\u00fcsemischung<\/p>\n<p>[LOWCARB] Reduzierter Kohlenhydratgehalt. Enth\u00e4lt mindestens 30 % weniger Kohlenhydrate als die [Regular] &amp; [BULK] Version. <\/p>\n<p>-3 Monate im Gefrierschrank haltbar.<br \/>\n&#8211; Kann nach Erhalt 5 Tage im K\u00fchlschrank aufbewahrt werden.<\/p>\n<p><img decoding=\"async\" class=\"alignnone wp-image-49002\" src=\"https:\/\/www.smart-meals.nl\/wp-content\/uploads\/2021\/10\/Icons-300x300.png\" alt=\"\" width=\"45\" height=\"45\" srcset=\"https:\/\/www.smart-meals.nl\/wp-content\/uploads\/2021\/10\/Icons-300x300.png 300w, https:\/\/www.smart-meals.nl\/wp-content\/uploads\/2021\/10\/Icons-150x150.png 150w, https:\/\/www.smart-meals.nl\/wp-content\/uploads\/2021\/10\/Icons-100x100.png 100w, https:\/\/www.smart-meals.nl\/wp-content\/uploads\/2021\/10\/Icons.png 500w\" sizes=\"(max-width: 45px) 100vw, 45px\" \/> <img decoding=\"async\" class=\"alignnone wp-image-49005\" src=\"https:\/\/www.smart-meals.nl\/wp-content\/uploads\/2021\/10\/Icons7-300x300.png\" alt=\"\" width=\"45\" height=\"45\" srcset=\"https:\/\/www.smart-meals.nl\/wp-content\/uploads\/2021\/10\/Icons7-300x300.png 300w, https:\/\/www.smart-meals.nl\/wp-content\/uploads\/2021\/10\/Icons7-150x150.png 150w, https:\/\/www.smart-meals.nl\/wp-content\/uploads\/2021\/10\/Icons7-100x100.png 100w, https:\/\/www.smart-meals.nl\/wp-content\/uploads\/2021\/10\/Icons7.png 500w\" sizes=\"(max-width: 45px) 100vw, 45px\" \/> <img decoding=\"async\" class=\"alignnone wp-image-49008\" src=\"https:\/\/www.smart-meals.nl\/wp-content\/uploads\/2021\/10\/Icons4-300x300.png\" alt=\"\" width=\"45\" height=\"45\" srcset=\"https:\/\/www.smart-meals.nl\/wp-content\/uploads\/2021\/10\/Icons4-300x300.png 300w, https:\/\/www.smart-meals.nl\/wp-content\/uploads\/2021\/10\/Icons4-150x150.png 150w, https:\/\/www.smart-meals.nl\/wp-content\/uploads\/2021\/10\/Icons4-100x100.png 100w, https:\/\/www.smart-meals.nl\/wp-content\/uploads\/2021\/10\/Icons4.png 500w\" sizes=\"(max-width: 45px) 100vw, 45px\" \/> <img loading=\"lazy\" decoding=\"async\" class=\"alignnone wp-image-49011\" src=\"https:\/\/www.smart-meals.nl\/wp-content\/uploads\/2021\/10\/Icons5-300x300.png\" alt=\"\" width=\"45\" height=\"45\" srcset=\"https:\/\/www.smart-meals.nl\/wp-content\/uploads\/2021\/10\/Icons5-300x300.png 300w, https:\/\/www.smart-meals.nl\/wp-content\/uploads\/2021\/10\/Icons5-150x150.png 150w, https:\/\/www.smart-meals.nl\/wp-content\/uploads\/2021\/10\/Icons5-100x100.png 100w, https:\/\/www.smart-meals.nl\/wp-content\/uploads\/2021\/10\/Icons5.png 500w\" sizes=\"(max-width: 45px) 100vw, 45px\" \/> <img loading=\"lazy\" decoding=\"async\" class=\"alignnone wp-image-49014\" src=\"https:\/\/www.smart-meals.nl\/wp-content\/uploads\/2021\/10\/Icons6-300x300.png\" alt=\"\" width=\"45\" height=\"45\" srcset=\"https:\/\/www.smart-meals.nl\/wp-content\/uploads\/2021\/10\/Icons6-300x300.png 300w, https:\/\/www.smart-meals.nl\/wp-content\/uploads\/2021\/10\/Icons6-150x150.png 150w, https:\/\/www.smart-meals.nl\/wp-content\/uploads\/2021\/10\/Icons6-100x100.png 100w, https:\/\/www.smart-meals.nl\/wp-content\/uploads\/2021\/10\/Icons6.png 500w\" sizes=\"(max-width: 45px) 100vw, 45px\" \/><\/p>\n<p><strong><a href=\"https:\/\/www.smart-meals.nl\/de\/nutri-score\/\" target=\"_blank\" rel=\"noopener\"><img loading=\"lazy\" decoding=\"async\" class=\"alignnone wp-image-6741\" src=\"https:\/\/www.smart-meals.nl\/wp-content\/uploads\/2021\/10\/1200px-nutri-score-a.svg-300x163-2.png\" alt=\"\" width=\"116\" height=\"63\"><\/a><\/strong><\/p>\n","protected":false},"featured_media":89153,"comment_status":"open","ping_status":"closed","template":"","meta":{"_acf_changed":false},"product_brand":[],"product_cat":[329,326,440],"product_tag":[],"class_list":{"0":"post-47335","1":"product","2":"type-product","3":"status-publish","4":"has-post-thumbnail","6":"product_cat-250-kcal-de","7":"product_cat-fettabbau-keto","8":"product_cat-fodmap-de","10":"first","11":"instock","12":"sale","13":"taxable","14":"shipping-taxable","15":"purchasable","16":"product-type-simple"},"bundled_by":[],"bundle_stock_status":"instock","bundle_stock_quantity":32,"bundle_virtual":false,"bundle_layout":"","bundle_add_to_cart_form_location":"","bundle_editable_in_cart":false,"bundle_sold_individually_context":"","bundle_item_grouping":"","bundle_min_size":"","bundle_max_size":"","bundle_price":[],"bundled_items":[],"bundle_sell_ids":[],"acf":[],"yoast_head":"<!-- This site is optimized with the Yoast SEO plugin v27.3 - https:\/\/yoast.com\/product\/yoast-seo-wordpress\/ -->\n<title>Ratatouille-Huhn [LOWCARB] - Smart Meals<\/title>\n<meta name=\"robots\" content=\"index, follow, max-snippet:-1, max-image-preview:large, max-video-preview:-1\" \/>\n<link rel=\"canonical\" href=\"https:\/\/www.smart-meals.nl\/de\/produkt\/kohlenhydratarmes-ratatouile-huhn\/\" \/>\n<meta property=\"og:locale\" content=\"de_DE\" \/>\n<meta property=\"og:type\" content=\"article\" \/>\n<meta property=\"og:title\" content=\"Ratatouille-Huhn [LOWCARB] - Smart Meals\" \/>\n<meta property=\"og:description\" content=\"350gr | 305 kcal | 37,9g Eiwei\u00df | 11,5g Kohlenhydrate | 10,8g Fett H\u00e4hnchen &amp; mediterrane Gem\u00fcsemischung [LOWCARB] Reduzierter Kohlenhydratgehalt. Enth\u00e4lt mindestens 30 % weniger Kohlenhydrate als die [Regular] &amp; [BULK] Version.  -3 Monate im Gefrierschrank haltbar. - Kann nach Erhalt 5 Tage im K\u00fchlschrank aufbewahrt werden.\" \/>\n<meta property=\"og:url\" content=\"https:\/\/www.smart-meals.nl\/de\/produkt\/kohlenhydratarmes-ratatouile-huhn\/\" \/>\n<meta property=\"og:site_name\" content=\"Smart Meals\" \/>\n<meta property=\"article:publisher\" content=\"https:\/\/www.facebook.com\/SmartMealsOfficial\" \/>\n<meta property=\"article:modified_time\" content=\"2026-04-10T19:20:53+00:00\" \/>\n<meta property=\"og:image\" content=\"https:\/\/www.smart-meals.nl\/wp-content\/uploads\/2021\/10\/little-ratatouille-chicken.jpg\" \/>\n\t<meta property=\"og:image:width\" content=\"800\" \/>\n\t<meta property=\"og:image:height\" content=\"800\" \/>\n\t<meta property=\"og:image:type\" content=\"image\/jpeg\" \/>\n<meta name=\"twitter:card\" content=\"summary_large_image\" \/>\n<meta name=\"twitter:label1\" content=\"Gesch\u00e4tzte Lesezeit\" \/>\n\t<meta name=\"twitter:data1\" content=\"1\u00a0Minute\" \/>\n<script type=\"application\/ld+json\" class=\"yoast-schema-graph\">{\"@context\":\"https:\\\/\\\/schema.org\",\"@graph\":[{\"@type\":\"WebPage\",\"@id\":\"https:\\\/\\\/www.smart-meals.nl\\\/de\\\/produkt\\\/kohlenhydratarmes-ratatouile-huhn\\\/\",\"url\":\"https:\\\/\\\/www.smart-meals.nl\\\/de\\\/produkt\\\/kohlenhydratarmes-ratatouile-huhn\\\/\",\"name\":\"Ratatouille-Huhn [LOWCARB] - Smart Meals\",\"isPartOf\":{\"@id\":\"https:\\\/\\\/www.smart-meals.nl\\\/de\\\/#website\"},\"primaryImageOfPage\":{\"@id\":\"https:\\\/\\\/www.smart-meals.nl\\\/de\\\/produkt\\\/kohlenhydratarmes-ratatouile-huhn\\\/#primaryimage\"},\"image\":{\"@id\":\"https:\\\/\\\/www.smart-meals.nl\\\/de\\\/produkt\\\/kohlenhydratarmes-ratatouile-huhn\\\/#primaryimage\"},\"thumbnailUrl\":\"https:\\\/\\\/www.smart-meals.nl\\\/wp-content\\\/uploads\\\/2021\\\/10\\\/Ratatouile-chicken-LOWCARB.jpg\",\"datePublished\":\"2021-10-10T12:08:41+00:00\",\"dateModified\":\"2026-04-10T19:20:53+00:00\",\"breadcrumb\":{\"@id\":\"https:\\\/\\\/www.smart-meals.nl\\\/de\\\/produkt\\\/kohlenhydratarmes-ratatouile-huhn\\\/#breadcrumb\"},\"inLanguage\":\"de\",\"potentialAction\":[{\"@type\":\"ReadAction\",\"target\":[\"https:\\\/\\\/www.smart-meals.nl\\\/de\\\/produkt\\\/kohlenhydratarmes-ratatouile-huhn\\\/\"]}]},{\"@type\":\"ImageObject\",\"inLanguage\":\"de\",\"@id\":\"https:\\\/\\\/www.smart-meals.nl\\\/de\\\/produkt\\\/kohlenhydratarmes-ratatouile-huhn\\\/#primaryimage\",\"url\":\"https:\\\/\\\/www.smart-meals.nl\\\/wp-content\\\/uploads\\\/2021\\\/10\\\/Ratatouile-chicken-LOWCARB.jpg\",\"contentUrl\":\"https:\\\/\\\/www.smart-meals.nl\\\/wp-content\\\/uploads\\\/2021\\\/10\\\/Ratatouile-chicken-LOWCARB.jpg\",\"width\":500,\"height\":500},{\"@type\":\"BreadcrumbList\",\"@id\":\"https:\\\/\\\/www.smart-meals.nl\\\/de\\\/produkt\\\/kohlenhydratarmes-ratatouile-huhn\\\/#breadcrumb\",\"itemListElement\":[{\"@type\":\"ListItem\",\"position\":1,\"name\":\"Home\",\"item\":\"https:\\\/\\\/www.smart-meals.nl\\\/de\\\/homenew\\\/\"},{\"@type\":\"ListItem\",\"position\":2,\"name\":\"Einkaufen\",\"item\":\"https:\\\/\\\/www.smart-meals.nl\\\/de\\\/einkaufen\\\/\"},{\"@type\":\"ListItem\",\"position\":3,\"name\":\"+\\\/-250 kcal\",\"item\":\"https:\\\/\\\/www.smart-meals.nl\\\/de\\\/healthy\\\/250-kcal-de\\\/\"},{\"@type\":\"ListItem\",\"position\":4,\"name\":\"Ratatouille-Huhn [LOWCARB]\"}]},{\"@type\":\"WebSite\",\"@id\":\"https:\\\/\\\/www.smart-meals.nl\\\/de\\\/#website\",\"url\":\"https:\\\/\\\/www.smart-meals.nl\\\/de\\\/\",\"name\":\"Smart Meals\",\"description\":\"Healthy High Protein Meals\",\"publisher\":{\"@id\":\"https:\\\/\\\/www.smart-meals.nl\\\/de\\\/#organization\"},\"potentialAction\":[{\"@type\":\"SearchAction\",\"target\":{\"@type\":\"EntryPoint\",\"urlTemplate\":\"https:\\\/\\\/www.smart-meals.nl\\\/de\\\/?s={search_term_string}\"},\"query-input\":{\"@type\":\"PropertyValueSpecification\",\"valueRequired\":true,\"valueName\":\"search_term_string\"}}],\"inLanguage\":\"de\"},{\"@type\":\"Organization\",\"@id\":\"https:\\\/\\\/www.smart-meals.nl\\\/de\\\/#organization\",\"name\":\"Smart Meals\",\"url\":\"https:\\\/\\\/www.smart-meals.nl\\\/de\\\/\",\"logo\":{\"@type\":\"ImageObject\",\"inLanguage\":\"de\",\"@id\":\"https:\\\/\\\/www.smart-meals.nl\\\/de\\\/#\\\/schema\\\/logo\\\/image\\\/\",\"url\":\"https:\\\/\\\/www.smart-meals.nl\\\/wp-content\\\/uploads\\\/2021\\\/03\\\/cropped-logo.png\",\"contentUrl\":\"https:\\\/\\\/www.smart-meals.nl\\\/wp-content\\\/uploads\\\/2021\\\/03\\\/cropped-logo.png\",\"width\":512,\"height\":512,\"caption\":\"Smart Meals\"},\"image\":{\"@id\":\"https:\\\/\\\/www.smart-meals.nl\\\/de\\\/#\\\/schema\\\/logo\\\/image\\\/\"},\"sameAs\":[\"https:\\\/\\\/www.facebook.com\\\/SmartMealsOfficial\"]}]}<\/script>\n<!-- \/ Yoast SEO plugin. -->","yoast_head_json":{"title":"Ratatouille-Huhn [LOWCARB] - Smart Meals","robots":{"index":"index","follow":"follow","max-snippet":"max-snippet:-1","max-image-preview":"max-image-preview:large","max-video-preview":"max-video-preview:-1"},"canonical":"https:\/\/www.smart-meals.nl\/de\/produkt\/kohlenhydratarmes-ratatouile-huhn\/","og_locale":"de_DE","og_type":"article","og_title":"Ratatouille-Huhn [LOWCARB] - Smart Meals","og_description":"350gr | 305 kcal | 37,9g Eiwei\u00df | 11,5g Kohlenhydrate | 10,8g Fett H\u00e4hnchen &amp; mediterrane Gem\u00fcsemischung [LOWCARB] Reduzierter Kohlenhydratgehalt. Enth\u00e4lt mindestens 30 % weniger Kohlenhydrate als die [Regular] &amp; [BULK] Version.  -3 Monate im Gefrierschrank haltbar. - Kann nach Erhalt 5 Tage im K\u00fchlschrank aufbewahrt werden.","og_url":"https:\/\/www.smart-meals.nl\/de\/produkt\/kohlenhydratarmes-ratatouile-huhn\/","og_site_name":"Smart Meals","article_publisher":"https:\/\/www.facebook.com\/SmartMealsOfficial","article_modified_time":"2026-04-10T19:20:53+00:00","og_image":[{"width":800,"height":800,"url":"https:\/\/www.smart-meals.nl\/wp-content\/uploads\/2021\/10\/little-ratatouille-chicken.jpg","type":"image\/jpeg"}],"twitter_card":"summary_large_image","twitter_misc":{"Gesch\u00e4tzte Lesezeit":"1\u00a0Minute"},"schema":{"@context":"https:\/\/schema.org","@graph":[{"@type":"WebPage","@id":"https:\/\/www.smart-meals.nl\/de\/produkt\/kohlenhydratarmes-ratatouile-huhn\/","url":"https:\/\/www.smart-meals.nl\/de\/produkt\/kohlenhydratarmes-ratatouile-huhn\/","name":"Ratatouille-Huhn [LOWCARB] - Smart Meals","isPartOf":{"@id":"https:\/\/www.smart-meals.nl\/de\/#website"},"primaryImageOfPage":{"@id":"https:\/\/www.smart-meals.nl\/de\/produkt\/kohlenhydratarmes-ratatouile-huhn\/#primaryimage"},"image":{"@id":"https:\/\/www.smart-meals.nl\/de\/produkt\/kohlenhydratarmes-ratatouile-huhn\/#primaryimage"},"thumbnailUrl":"https:\/\/www.smart-meals.nl\/wp-content\/uploads\/2021\/10\/Ratatouile-chicken-LOWCARB.jpg","datePublished":"2021-10-10T12:08:41+00:00","dateModified":"2026-04-10T19:20:53+00:00","breadcrumb":{"@id":"https:\/\/www.smart-meals.nl\/de\/produkt\/kohlenhydratarmes-ratatouile-huhn\/#breadcrumb"},"inLanguage":"de","potentialAction":[{"@type":"ReadAction","target":["https:\/\/www.smart-meals.nl\/de\/produkt\/kohlenhydratarmes-ratatouile-huhn\/"]}]},{"@type":"ImageObject","inLanguage":"de","@id":"https:\/\/www.smart-meals.nl\/de\/produkt\/kohlenhydratarmes-ratatouile-huhn\/#primaryimage","url":"https:\/\/www.smart-meals.nl\/wp-content\/uploads\/2021\/10\/Ratatouile-chicken-LOWCARB.jpg","contentUrl":"https:\/\/www.smart-meals.nl\/wp-content\/uploads\/2021\/10\/Ratatouile-chicken-LOWCARB.jpg","width":500,"height":500},{"@type":"BreadcrumbList","@id":"https:\/\/www.smart-meals.nl\/de\/produkt\/kohlenhydratarmes-ratatouile-huhn\/#breadcrumb","itemListElement":[{"@type":"ListItem","position":1,"name":"Home","item":"https:\/\/www.smart-meals.nl\/de\/homenew\/"},{"@type":"ListItem","position":2,"name":"Einkaufen","item":"https:\/\/www.smart-meals.nl\/de\/einkaufen\/"},{"@type":"ListItem","position":3,"name":"+\/-250 kcal","item":"https:\/\/www.smart-meals.nl\/de\/healthy\/250-kcal-de\/"},{"@type":"ListItem","position":4,"name":"Ratatouille-Huhn [LOWCARB]"}]},{"@type":"WebSite","@id":"https:\/\/www.smart-meals.nl\/de\/#website","url":"https:\/\/www.smart-meals.nl\/de\/","name":"Smart Meals","description":"Healthy High Protein Meals","publisher":{"@id":"https:\/\/www.smart-meals.nl\/de\/#organization"},"potentialAction":[{"@type":"SearchAction","target":{"@type":"EntryPoint","urlTemplate":"https:\/\/www.smart-meals.nl\/de\/?s={search_term_string}"},"query-input":{"@type":"PropertyValueSpecification","valueRequired":true,"valueName":"search_term_string"}}],"inLanguage":"de"},{"@type":"Organization","@id":"https:\/\/www.smart-meals.nl\/de\/#organization","name":"Smart Meals","url":"https:\/\/www.smart-meals.nl\/de\/","logo":{"@type":"ImageObject","inLanguage":"de","@id":"https:\/\/www.smart-meals.nl\/de\/#\/schema\/logo\/image\/","url":"https:\/\/www.smart-meals.nl\/wp-content\/uploads\/2021\/03\/cropped-logo.png","contentUrl":"https:\/\/www.smart-meals.nl\/wp-content\/uploads\/2021\/03\/cropped-logo.png","width":512,"height":512,"caption":"Smart Meals"},"image":{"@id":"https:\/\/www.smart-meals.nl\/de\/#\/schema\/logo\/image\/"},"sameAs":["https:\/\/www.facebook.com\/SmartMealsOfficial"]}]}},"_links":{"self":[{"href":"https:\/\/www.smart-meals.nl\/de\/wp-json\/wp\/v2\/product\/47335","targetHints":{"allow":["GET"]}}],"collection":[{"href":"https:\/\/www.smart-meals.nl\/de\/wp-json\/wp\/v2\/product"}],"about":[{"href":"https:\/\/www.smart-meals.nl\/de\/wp-json\/wp\/v2\/types\/product"}],"replies":[{"embeddable":true,"href":"https:\/\/www.smart-meals.nl\/de\/wp-json\/wp\/v2\/comments?post=47335"}],"version-history":[{"count":1,"href":"https:\/\/www.smart-meals.nl\/de\/wp-json\/wp\/v2\/product\/47335\/revisions"}],"predecessor-version":[{"id":86232,"href":"https:\/\/www.smart-meals.nl\/de\/wp-json\/wp\/v2\/product\/47335\/revisions\/86232"}],"wp:featuredmedia":[{"embeddable":true,"href":"https:\/\/www.smart-meals.nl\/de\/wp-json\/wp\/v2\/media\/89153"}],"wp:attachment":[{"href":"https:\/\/www.smart-meals.nl\/de\/wp-json\/wp\/v2\/media?parent=47335"}],"wp:term":[{"taxonomy":"product_brand","embeddable":true,"href":"https:\/\/www.smart-meals.nl\/de\/wp-json\/wp\/v2\/product_brand?post=47335"},{"taxonomy":"product_cat","embeddable":true,"href":"https:\/\/www.smart-meals.nl\/de\/wp-json\/wp\/v2\/product_cat?post=47335"},{"taxonomy":"product_tag","embeddable":true,"href":"https:\/\/www.smart-meals.nl\/de\/wp-json\/wp\/v2\/product_tag?post=47335"}],"curies":[{"name":"wp","href":"https:\/\/api.w.org\/{rel}","templated":true}]}}