{"id":51125,"date":"2021-10-10T14:10:06","date_gmt":"2021-10-10T12:10:06","guid":{"rendered":"https:\/\/www.smart-meals.nl\/?post_type=product&#038;p=51125"},"modified":"2026-04-30T10:35:07","modified_gmt":"2026-04-30T08:35:07","slug":"chicken-quinoa-delight","status":"publish","type":"product","link":"https:\/\/www.smart-meals.nl\/de\/produkt\/chicken-quinoa-delight\/","title":{"rendered":"Huhn-Quinoa-K\u00f6stlichkeit"},"content":{"rendered":"<p><strong>Mikrowelle <\/strong>(Folie vorher entfernen)<br \/>\nGefroren: 8 Minuten bei 900 Watt aufw\u00e4rmen.<br \/>\nAufgetaut: 6 Minuten bei 900 Watt aufw\u00e4rmen.<\/p>\n<p><strong>Pfanne <\/strong>(Folie vorher entfernen)<br \/>\nGefroren: +-10 Minuten zum Aufw\u00e4rmen.<br \/>\nAufgetaut: +-7 Minuten zum Aufw\u00e4rmen.<\/p>\n<p><strong>Backofen <\/strong>(Folie vorher entfernen)<br \/>\nGefroren: +-35 Minuten bei 220\u2103 aufw\u00e4rmen.<br \/>\nAufgetaut: +-25 Minuten bei 220\u2103 aufw\u00e4rmen.<\/p>\n<h2><span class=\"c-product-description__accordiontitle j-product-description-accordion_title c-accordion-title--active c-product-description__accordiontitle--active\" aria-controls=\"description-ingredients\" data-enabled=\"true\">Zutaten<\/span><\/h2>\n<div id=\"description-ingredients\" class=\"c-product-description__accordioncontent c-product-description__accordioncontent--ingredients c-accordion-content--active\">\n<div class=\"c-product-description__content-text\">\n<div id=\"description-ingredients\" class=\"c-product-description__accordioncontent c-product-description__accordioncontent--ingredients c-accordion-content--active\">\n<div class=\"c-product-description__content-text\">\n<table class=\"table table-bordered table-condensed\" style=\"height: 615px;\" width=\"400\">\n<tbody>\n<tr>\n<td>Gewicht<\/td>\n<td>430 g<\/td>\n<\/tr>\n<tr>\n<td>Energie<\/td>\n<td>2089 kj \/499 kcal<\/td>\n<\/tr>\n<tr>\n<td><i>Fett<\/i><\/td>\n<td>17.8 g<\/td>\n<\/tr>\n<tr>\n<td><i>davon ges\u00e4ttigt<\/i><\/td>\n<td>2.2 g<\/td>\n<\/tr>\n<tr>\n<td>Kohlenhydrate<\/td>\n<td>40,8 Gramm<\/td>\n<\/tr>\n<tr>\n<td><i>Davon Zucker<\/i><\/td>\n<td>5.4 g<\/td>\n<\/tr>\n<tr>\n<td>Fasern<\/td>\n<td>5.5 g<\/td>\n<\/tr>\n<tr>\n<td>Eiwei\u00df<\/td>\n<td>41,3 Gramm<\/td>\n<\/tr>\n<tr>\n<td>Salz<\/td>\n<td>3,1 Gramm<\/td>\n<\/tr>\n<\/tbody>\n<\/table>\n<h6><\/h6>\n<p>H\u00e4hnchen 140g (Knoblauch, Zwiebel, Paprikaextrakt, Dextrose, Salz, Zucker), Gelber Reis 40g und<br \/>\nQuinoa-Gem\u00fcsemischung 250g (Tomaten, Gr\u00fcnkohl, <strong>Sojabohnen<\/strong>, rote Zwiebeln, Lauch,<br \/>\nvorgekochter Quinoa, brauner Reis, Margarine (Kokosnuss\u00f6l, Sonnenblumen\u00f6l,<br \/>\nZitronensaftkonzentrat), Maltodextrin, Zucker, Curry, Kurkuma, Koriander,<br \/>\nBockshornklee, Ingwer, Kreuzk\u00fcmmel, Maisst\u00e4rke, Cayenne &amp; Knoblauchpulver).<\/p>\n<h2>Informationen zu Allergenen<\/h2>\n<p>Enth\u00e4lt: Soja<\/p>\n<\/div>\n<\/div>\n<\/div>\n<\/div>\n","protected":false},"excerpt":{"rendered":"<p>420gr | 499 kcal | 41,3g Eiwei\u00df | 40,8g Kohlenhydrate | 17,8g Fett<\/p>\n<p>Eine nahrhafte Mahlzeit voller Geschmack! Ein Gem\u00fcsemix aus Tomaten, Gr\u00fcnkohl, Sojabohnen, roten Zwiebeln und Lauch, kombiniert mit vorgekochtem Quinoa und braunem Reis. Das H\u00e4hnchen ist k\u00f6stlich gew\u00fcrzt mit einer Currymischung aus Kurkuma, Ingwer und Cayennepfeffer und angereichert mit Margarine und Knoblauch. Perfekt f\u00fcr eine gesunde und schmackhafte Mahlzeit!   <\/p>\n<p>-3 Monate im Gefrierschrank haltbar.<br \/>\n&#8211; Kann nach Erhalt 5 Tage im K\u00fchlschrank aufbewahrt werden.<\/p>\n<p><img decoding=\"async\" class=\"alignnone wp-image-49002\" src=\"https:\/\/www.smart-meals.nl\/wp-content\/uploads\/2021\/10\/Icons-300x300.png\" alt=\"\" width=\"45\" height=\"45\" srcset=\"https:\/\/www.smart-meals.nl\/wp-content\/uploads\/2021\/10\/Icons-300x300.png 300w, https:\/\/www.smart-meals.nl\/wp-content\/uploads\/2021\/10\/Icons-150x150.png 150w, https:\/\/www.smart-meals.nl\/wp-content\/uploads\/2021\/10\/Icons-100x100.png 100w, https:\/\/www.smart-meals.nl\/wp-content\/uploads\/2021\/10\/Icons.png 500w\" sizes=\"(max-width: 45px) 100vw, 45px\" \/><img decoding=\"async\" class=\"alignnone wp-image-49005\" src=\"https:\/\/www.smart-meals.nl\/wp-content\/uploads\/2021\/10\/Icons7-300x300.png\" alt=\"\" width=\"45\" height=\"45\" srcset=\"https:\/\/www.smart-meals.nl\/wp-content\/uploads\/2021\/10\/Icons7-300x300.png 300w, https:\/\/www.smart-meals.nl\/wp-content\/uploads\/2021\/10\/Icons7-150x150.png 150w, https:\/\/www.smart-meals.nl\/wp-content\/uploads\/2021\/10\/Icons7-100x100.png 100w, https:\/\/www.smart-meals.nl\/wp-content\/uploads\/2021\/10\/Icons7.png 500w\" sizes=\"(max-width: 45px) 100vw, 45px\" \/><img decoding=\"async\" class=\"alignnone wp-image-49008\" src=\"https:\/\/www.smart-meals.nl\/wp-content\/uploads\/2021\/10\/Icons4-300x300.png\" alt=\"\" width=\"45\" height=\"45\" srcset=\"https:\/\/www.smart-meals.nl\/wp-content\/uploads\/2021\/10\/Icons4-300x300.png 300w, https:\/\/www.smart-meals.nl\/wp-content\/uploads\/2021\/10\/Icons4-150x150.png 150w, https:\/\/www.smart-meals.nl\/wp-content\/uploads\/2021\/10\/Icons4-100x100.png 100w, https:\/\/www.smart-meals.nl\/wp-content\/uploads\/2021\/10\/Icons4.png 500w\" sizes=\"(max-width: 45px) 100vw, 45px\" \/><img loading=\"lazy\" decoding=\"async\" class=\"alignnone wp-image-49011\" src=\"https:\/\/www.smart-meals.nl\/wp-content\/uploads\/2021\/10\/Icons5-300x300.png\" alt=\"\" width=\"45\" height=\"45\" srcset=\"https:\/\/www.smart-meals.nl\/wp-content\/uploads\/2021\/10\/Icons5-300x300.png 300w, https:\/\/www.smart-meals.nl\/wp-content\/uploads\/2021\/10\/Icons5-150x150.png 150w, https:\/\/www.smart-meals.nl\/wp-content\/uploads\/2021\/10\/Icons5-100x100.png 100w, https:\/\/www.smart-meals.nl\/wp-content\/uploads\/2021\/10\/Icons5.png 500w\" sizes=\"(max-width: 45px) 100vw, 45px\" \/><\/p>\n<p><strong><a href=\"https:\/\/www.smart-meals.nl\/de\/nutri-score\/\" target=\"_blank\" rel=\"noopener\"><img loading=\"lazy\" decoding=\"async\" class=\"alignnone wp-image-6741\" src=\"https:\/\/www.smart-meals.nl\/wp-content\/uploads\/2021\/10\/1200px-nutri-score-a.svg-300x163-2.png\" alt=\"\" width=\"116\" height=\"63\"><\/a><\/strong><\/p>\n","protected":false},"featured_media":89158,"comment_status":"open","ping_status":"closed","template":"","meta":{"_acf_changed":false},"product_brand":[],"product_cat":[327,318,326,328,626,316,325],"product_tag":[],"class_list":{"0":"post-51125","1":"product","2":"type-product","3":"status-publish","4":"has-post-thumbnail","6":"product_cat-400-kcal-de","7":"product_cat-550-kcal-de","8":"product_cat-fettabbau-keto","9":"product_cat-fit-gesund-und-besser-konzentrieren","10":"product_cat-halal-de","11":"product_cat-fullen-muskelmasse","12":"product_cat-trockene-muskelmasse","14":"first","15":"instock","16":"sale","17":"taxable","18":"shipping-taxable","19":"purchasable","20":"product-type-simple"},"bundled_by":["10297","14657","89720","17478","63515"],"bundle_stock_status":"instock","bundle_stock_quantity":109,"bundle_virtual":false,"bundle_layout":"","bundle_add_to_cart_form_location":"","bundle_editable_in_cart":false,"bundle_sold_individually_context":"","bundle_item_grouping":"","bundle_min_size":"","bundle_max_size":"","bundle_price":[],"bundled_items":[],"bundle_sell_ids":[],"acf":[],"yoast_head":"<!-- This site is optimized with the Yoast SEO plugin v27.4 - https:\/\/yoast.com\/product\/yoast-seo-wordpress\/ -->\n<title>Huhn-Quinoa-K\u00f6stlichkeit - Smart Meals<\/title>\n<meta name=\"robots\" content=\"index, follow, max-snippet:-1, max-image-preview:large, max-video-preview:-1\" \/>\n<link rel=\"canonical\" href=\"https:\/\/www.smart-meals.nl\/de\/produkt\/chicken-quinoa-delight\/\" \/>\n<meta property=\"og:locale\" content=\"de_DE\" \/>\n<meta property=\"og:type\" content=\"article\" \/>\n<meta property=\"og:title\" content=\"Huhn-Quinoa-K\u00f6stlichkeit - Smart Meals\" \/>\n<meta property=\"og:description\" content=\"420gr | 499 kcal | 41,3g Eiwei\u00df | 40,8g Kohlenhydrate | 17,8g Fett Eine nahrhafte Mahlzeit voller Geschmack! Ein Gem\u00fcsemix aus Tomaten, Gr\u00fcnkohl, Sojabohnen, roten Zwiebeln und Lauch, kombiniert mit vorgekochtem Quinoa und braunem Reis. Das H\u00e4hnchen ist k\u00f6stlich gew\u00fcrzt mit einer Currymischung aus Kurkuma, Ingwer und Cayennepfeffer und angereichert mit Margarine und Knoblauch. Perfekt f\u00fcr eine gesunde und schmackhafte Mahlzeit!   -3 Monate im Gefrierschrank haltbar. - Kann nach Erhalt 5 Tage im K\u00fchlschrank aufbewahrt werden.\" \/>\n<meta property=\"og:url\" content=\"https:\/\/www.smart-meals.nl\/de\/produkt\/chicken-quinoa-delight\/\" \/>\n<meta property=\"og:site_name\" content=\"Smart Meals\" \/>\n<meta property=\"article:publisher\" content=\"https:\/\/www.facebook.com\/SmartMealsOfficial\" \/>\n<meta property=\"article:modified_time\" content=\"2026-04-30T08:35:07+00:00\" \/>\n<meta property=\"og:image\" content=\"https:\/\/www.smart-meals.nl\/wp-content\/uploads\/2021\/10\/Chicken-qionoa-delight-400-kcal-3.jpg\" \/>\n\t<meta property=\"og:image:width\" content=\"500\" \/>\n\t<meta property=\"og:image:height\" content=\"500\" \/>\n\t<meta property=\"og:image:type\" content=\"image\/jpeg\" \/>\n<meta name=\"twitter:card\" content=\"summary_large_image\" \/>\n<meta name=\"twitter:label1\" content=\"Gesch\u00e4tzte Lesezeit\" \/>\n\t<meta name=\"twitter:data1\" content=\"1\u00a0Minute\" \/>\n<script type=\"application\/ld+json\" class=\"yoast-schema-graph\">{\"@context\":\"https:\\\/\\\/schema.org\",\"@graph\":[{\"@type\":\"WebPage\",\"@id\":\"https:\\\/\\\/www.smart-meals.nl\\\/de\\\/produkt\\\/chicken-quinoa-delight\\\/\",\"url\":\"https:\\\/\\\/www.smart-meals.nl\\\/de\\\/produkt\\\/chicken-quinoa-delight\\\/\",\"name\":\"Huhn-Quinoa-K\u00f6stlichkeit - Smart Meals\",\"isPartOf\":{\"@id\":\"https:\\\/\\\/www.smart-meals.nl\\\/de\\\/#website\"},\"primaryImageOfPage\":{\"@id\":\"https:\\\/\\\/www.smart-meals.nl\\\/de\\\/produkt\\\/chicken-quinoa-delight\\\/#primaryimage\"},\"image\":{\"@id\":\"https:\\\/\\\/www.smart-meals.nl\\\/de\\\/produkt\\\/chicken-quinoa-delight\\\/#primaryimage\"},\"thumbnailUrl\":\"https:\\\/\\\/www.smart-meals.nl\\\/wp-content\\\/uploads\\\/2021\\\/10\\\/Chicken-Quinoa-Delight-1.jpg\",\"datePublished\":\"2021-10-10T12:10:06+00:00\",\"dateModified\":\"2026-04-30T08:35:07+00:00\",\"breadcrumb\":{\"@id\":\"https:\\\/\\\/www.smart-meals.nl\\\/de\\\/produkt\\\/chicken-quinoa-delight\\\/#breadcrumb\"},\"inLanguage\":\"de\",\"potentialAction\":[{\"@type\":\"ReadAction\",\"target\":[\"https:\\\/\\\/www.smart-meals.nl\\\/de\\\/produkt\\\/chicken-quinoa-delight\\\/\"]}]},{\"@type\":\"ImageObject\",\"inLanguage\":\"de\",\"@id\":\"https:\\\/\\\/www.smart-meals.nl\\\/de\\\/produkt\\\/chicken-quinoa-delight\\\/#primaryimage\",\"url\":\"https:\\\/\\\/www.smart-meals.nl\\\/wp-content\\\/uploads\\\/2021\\\/10\\\/Chicken-Quinoa-Delight-1.jpg\",\"contentUrl\":\"https:\\\/\\\/www.smart-meals.nl\\\/wp-content\\\/uploads\\\/2021\\\/10\\\/Chicken-Quinoa-Delight-1.jpg\",\"width\":500,\"height\":500},{\"@type\":\"BreadcrumbList\",\"@id\":\"https:\\\/\\\/www.smart-meals.nl\\\/de\\\/produkt\\\/chicken-quinoa-delight\\\/#breadcrumb\",\"itemListElement\":[{\"@type\":\"ListItem\",\"position\":1,\"name\":\"Home\",\"item\":\"https:\\\/\\\/www.smart-meals.nl\\\/de\\\/\"},{\"@type\":\"ListItem\",\"position\":2,\"name\":\"Einkaufen\",\"item\":\"https:\\\/\\\/www.smart-meals.nl\\\/de\\\/einkaufen\\\/\"},{\"@type\":\"ListItem\",\"position\":3,\"name\":\"+\\\/-400 kcal\",\"item\":\"https:\\\/\\\/www.smart-meals.nl\\\/de\\\/healthy\\\/400-kcal-de\\\/\"},{\"@type\":\"ListItem\",\"position\":4,\"name\":\"Huhn-Quinoa-K\u00f6stlichkeit\"}]},{\"@type\":\"WebSite\",\"@id\":\"https:\\\/\\\/www.smart-meals.nl\\\/de\\\/#website\",\"url\":\"https:\\\/\\\/www.smart-meals.nl\\\/de\\\/\",\"name\":\"Smart Meals\",\"description\":\"Healthy High Protein Meals\",\"publisher\":{\"@id\":\"https:\\\/\\\/www.smart-meals.nl\\\/de\\\/#organization\"},\"potentialAction\":[{\"@type\":\"SearchAction\",\"target\":{\"@type\":\"EntryPoint\",\"urlTemplate\":\"https:\\\/\\\/www.smart-meals.nl\\\/de\\\/?s={search_term_string}\"},\"query-input\":{\"@type\":\"PropertyValueSpecification\",\"valueRequired\":true,\"valueName\":\"search_term_string\"}}],\"inLanguage\":\"de\"},{\"@type\":\"Organization\",\"@id\":\"https:\\\/\\\/www.smart-meals.nl\\\/de\\\/#organization\",\"name\":\"Smart Meals\",\"url\":\"https:\\\/\\\/www.smart-meals.nl\\\/de\\\/\",\"logo\":{\"@type\":\"ImageObject\",\"inLanguage\":\"de\",\"@id\":\"https:\\\/\\\/www.smart-meals.nl\\\/de\\\/#\\\/schema\\\/logo\\\/image\\\/\",\"url\":\"https:\\\/\\\/www.smart-meals.nl\\\/wp-content\\\/uploads\\\/2021\\\/03\\\/cropped-logo.png\",\"contentUrl\":\"https:\\\/\\\/www.smart-meals.nl\\\/wp-content\\\/uploads\\\/2021\\\/03\\\/cropped-logo.png\",\"width\":512,\"height\":512,\"caption\":\"Smart Meals\"},\"image\":{\"@id\":\"https:\\\/\\\/www.smart-meals.nl\\\/de\\\/#\\\/schema\\\/logo\\\/image\\\/\"},\"sameAs\":[\"https:\\\/\\\/www.facebook.com\\\/SmartMealsOfficial\"]}]}<\/script>\n<!-- \/ Yoast SEO plugin. -->","yoast_head_json":{"title":"Huhn-Quinoa-K\u00f6stlichkeit - Smart Meals","robots":{"index":"index","follow":"follow","max-snippet":"max-snippet:-1","max-image-preview":"max-image-preview:large","max-video-preview":"max-video-preview:-1"},"canonical":"https:\/\/www.smart-meals.nl\/de\/produkt\/chicken-quinoa-delight\/","og_locale":"de_DE","og_type":"article","og_title":"Huhn-Quinoa-K\u00f6stlichkeit - Smart Meals","og_description":"420gr | 499 kcal | 41,3g Eiwei\u00df | 40,8g Kohlenhydrate | 17,8g Fett Eine nahrhafte Mahlzeit voller Geschmack! Ein Gem\u00fcsemix aus Tomaten, Gr\u00fcnkohl, Sojabohnen, roten Zwiebeln und Lauch, kombiniert mit vorgekochtem Quinoa und braunem Reis. Das H\u00e4hnchen ist k\u00f6stlich gew\u00fcrzt mit einer Currymischung aus Kurkuma, Ingwer und Cayennepfeffer und angereichert mit Margarine und Knoblauch. Perfekt f\u00fcr eine gesunde und schmackhafte Mahlzeit!   -3 Monate im Gefrierschrank haltbar. - Kann nach Erhalt 5 Tage im K\u00fchlschrank aufbewahrt werden.","og_url":"https:\/\/www.smart-meals.nl\/de\/produkt\/chicken-quinoa-delight\/","og_site_name":"Smart Meals","article_publisher":"https:\/\/www.facebook.com\/SmartMealsOfficial","article_modified_time":"2026-04-30T08:35:07+00:00","og_image":[{"width":500,"height":500,"url":"https:\/\/www.smart-meals.nl\/wp-content\/uploads\/2021\/10\/Chicken-qionoa-delight-400-kcal-3.jpg","type":"image\/jpeg"}],"twitter_card":"summary_large_image","twitter_misc":{"Gesch\u00e4tzte Lesezeit":"1\u00a0Minute"},"schema":{"@context":"https:\/\/schema.org","@graph":[{"@type":"WebPage","@id":"https:\/\/www.smart-meals.nl\/de\/produkt\/chicken-quinoa-delight\/","url":"https:\/\/www.smart-meals.nl\/de\/produkt\/chicken-quinoa-delight\/","name":"Huhn-Quinoa-K\u00f6stlichkeit - Smart Meals","isPartOf":{"@id":"https:\/\/www.smart-meals.nl\/de\/#website"},"primaryImageOfPage":{"@id":"https:\/\/www.smart-meals.nl\/de\/produkt\/chicken-quinoa-delight\/#primaryimage"},"image":{"@id":"https:\/\/www.smart-meals.nl\/de\/produkt\/chicken-quinoa-delight\/#primaryimage"},"thumbnailUrl":"https:\/\/www.smart-meals.nl\/wp-content\/uploads\/2021\/10\/Chicken-Quinoa-Delight-1.jpg","datePublished":"2021-10-10T12:10:06+00:00","dateModified":"2026-04-30T08:35:07+00:00","breadcrumb":{"@id":"https:\/\/www.smart-meals.nl\/de\/produkt\/chicken-quinoa-delight\/#breadcrumb"},"inLanguage":"de","potentialAction":[{"@type":"ReadAction","target":["https:\/\/www.smart-meals.nl\/de\/produkt\/chicken-quinoa-delight\/"]}]},{"@type":"ImageObject","inLanguage":"de","@id":"https:\/\/www.smart-meals.nl\/de\/produkt\/chicken-quinoa-delight\/#primaryimage","url":"https:\/\/www.smart-meals.nl\/wp-content\/uploads\/2021\/10\/Chicken-Quinoa-Delight-1.jpg","contentUrl":"https:\/\/www.smart-meals.nl\/wp-content\/uploads\/2021\/10\/Chicken-Quinoa-Delight-1.jpg","width":500,"height":500},{"@type":"BreadcrumbList","@id":"https:\/\/www.smart-meals.nl\/de\/produkt\/chicken-quinoa-delight\/#breadcrumb","itemListElement":[{"@type":"ListItem","position":1,"name":"Home","item":"https:\/\/www.smart-meals.nl\/de\/"},{"@type":"ListItem","position":2,"name":"Einkaufen","item":"https:\/\/www.smart-meals.nl\/de\/einkaufen\/"},{"@type":"ListItem","position":3,"name":"+\/-400 kcal","item":"https:\/\/www.smart-meals.nl\/de\/healthy\/400-kcal-de\/"},{"@type":"ListItem","position":4,"name":"Huhn-Quinoa-K\u00f6stlichkeit"}]},{"@type":"WebSite","@id":"https:\/\/www.smart-meals.nl\/de\/#website","url":"https:\/\/www.smart-meals.nl\/de\/","name":"Smart Meals","description":"Healthy High Protein Meals","publisher":{"@id":"https:\/\/www.smart-meals.nl\/de\/#organization"},"potentialAction":[{"@type":"SearchAction","target":{"@type":"EntryPoint","urlTemplate":"https:\/\/www.smart-meals.nl\/de\/?s={search_term_string}"},"query-input":{"@type":"PropertyValueSpecification","valueRequired":true,"valueName":"search_term_string"}}],"inLanguage":"de"},{"@type":"Organization","@id":"https:\/\/www.smart-meals.nl\/de\/#organization","name":"Smart Meals","url":"https:\/\/www.smart-meals.nl\/de\/","logo":{"@type":"ImageObject","inLanguage":"de","@id":"https:\/\/www.smart-meals.nl\/de\/#\/schema\/logo\/image\/","url":"https:\/\/www.smart-meals.nl\/wp-content\/uploads\/2021\/03\/cropped-logo.png","contentUrl":"https:\/\/www.smart-meals.nl\/wp-content\/uploads\/2021\/03\/cropped-logo.png","width":512,"height":512,"caption":"Smart Meals"},"image":{"@id":"https:\/\/www.smart-meals.nl\/de\/#\/schema\/logo\/image\/"},"sameAs":["https:\/\/www.facebook.com\/SmartMealsOfficial"]}]}},"_links":{"self":[{"href":"https:\/\/www.smart-meals.nl\/de\/wp-json\/wp\/v2\/product\/51125","targetHints":{"allow":["GET"]}}],"collection":[{"href":"https:\/\/www.smart-meals.nl\/de\/wp-json\/wp\/v2\/product"}],"about":[{"href":"https:\/\/www.smart-meals.nl\/de\/wp-json\/wp\/v2\/types\/product"}],"replies":[{"embeddable":true,"href":"https:\/\/www.smart-meals.nl\/de\/wp-json\/wp\/v2\/comments?post=51125"}],"version-history":[{"count":0,"href":"https:\/\/www.smart-meals.nl\/de\/wp-json\/wp\/v2\/product\/51125\/revisions"}],"wp:featuredmedia":[{"embeddable":true,"href":"https:\/\/www.smart-meals.nl\/de\/wp-json\/wp\/v2\/media\/89158"}],"wp:attachment":[{"href":"https:\/\/www.smart-meals.nl\/de\/wp-json\/wp\/v2\/media?parent=51125"}],"wp:term":[{"taxonomy":"product_brand","embeddable":true,"href":"https:\/\/www.smart-meals.nl\/de\/wp-json\/wp\/v2\/product_brand?post=51125"},{"taxonomy":"product_cat","embeddable":true,"href":"https:\/\/www.smart-meals.nl\/de\/wp-json\/wp\/v2\/product_cat?post=51125"},{"taxonomy":"product_tag","embeddable":true,"href":"https:\/\/www.smart-meals.nl\/de\/wp-json\/wp\/v2\/product_tag?post=51125"}],"curies":[{"name":"wp","href":"https:\/\/api.w.org\/{rel}","templated":true}]}}