{"id":54553,"date":"2021-10-12T13:55:27","date_gmt":"2021-10-12T11:55:27","guid":{"rendered":"https:\/\/www.smart-meals.nl\/?post_type=product&#038;p=54553"},"modified":"2026-05-12T09:32:34","modified_gmt":"2026-05-12T07:32:34","slug":"bulk-chicken-tabouleh","status":"publish","type":"product","link":"https:\/\/www.smart-meals.nl\/de\/produkt\/bulk-chicken-tabouleh\/","title":{"rendered":"H\u00fchner-Tabouleh in gro\u00dfen Mengen"},"content":{"rendered":"<p><strong>Mikrowelle <\/strong>(Deckel nicht abnehmen)<br \/>\nGefroren: 8 Minuten bei 900 Watt erw\u00e4rmen.<br \/>\nAufgetaut: 5 Minuten bei 900 Watt erw\u00e4rmen.<\/p>\n<p><strong>Pfanne<\/strong><br \/>\nGefroren: +-10 Minuten zum Aufw\u00e4rmen.<br \/>\nAufgetaut: +-6 Minuten zum Aufw\u00e4rmen.<\/p>\n<table>\n<tbody>\n<tr>\n<td><strong>N\u00e4hrwert <\/strong><\/td>\n<td><strong>460<\/strong><\/td>\n<td><strong>g<\/strong><\/td>\n<\/tr>\n<tr>\n<td>Energie<\/td>\n<td>535<\/td>\n<td>Kcal<\/td>\n<\/tr>\n<tr>\n<td>Fett<\/td>\n<td>14,4<\/td>\n<td>g<\/td>\n<\/tr>\n<tr>\n<td>davon ges\u00e4ttigt<\/td>\n<td>2,9<\/td>\n<td>g<\/td>\n<\/tr>\n<tr>\n<td>Kohlenhydrate<\/td>\n<td>57,2<\/td>\n<td>g<\/td>\n<\/tr>\n<tr>\n<td>davon Zucker<\/td>\n<td>13,9<\/td>\n<td>g<\/td>\n<\/tr>\n<tr>\n<td>Fasern<\/td>\n<td>0,0<\/td>\n<td>g<\/td>\n<\/tr>\n<tr>\n<td>Eiwei\u00df<\/td>\n<td>41,9<\/td>\n<td>g<\/td>\n<\/tr>\n<tr>\n<td>Salz<\/td>\n<td>3,5<\/td>\n<td>g<\/td>\n<\/tr>\n<\/tbody>\n<\/table>\n<p>&nbsp;<\/p>\n","protected":false},"excerpt":{"rendered":"<p>535 kcal | 41,9g Protein | 57,2g Kohlenhydrate | 3,5g Fett<\/p>\n<p data-path-to-node=\"5\">Holen Sie sich einen Vorgeschmack auf den Sommer mit diesem reichhaltig gef\u00fcllten Taboul\u00e9! Wir haben das klassische Rezept aus fluffigem Weizengrie\u00df und frischem Gem\u00fcse (wie Tomaten, Gurken und Paprika) zu einer vollwertigen Mahlzeit aufgewertet. <\/p>\n<p data-path-to-node=\"6\">Mit einem Anteil von <b data-path-to-node=\"6\" data-index-in-node=\"16\">35 % zartem H\u00e4hnchenfleisch<\/b> ist dieses Gericht eine echte Proteinquelle. Der Geschmack ist ein perfektes Gleichgewicht zwischen s\u00fc\u00df und herzhaft: saftige Sultaninen und salzige Oliven tanzen zusammen mit einem frischen Dressing aus Zitronensaft, Oliven\u00f6l und feinen Kr\u00e4utern. Brokkoli und Blumenkohl sorgen f\u00fcr einen sch\u00f6nen zus\u00e4tzlichen <i data-path-to-node=\"6\" data-index-in-node=\"291\">Biss<\/i>. Ein herrlich leichtes, aber nahrhaftes Gericht.   <\/p>\n<p>-3 Monate im Gefrierschrank haltbar.<br \/>\n&#8211; Kann nach Erhalt 5 Tage im K\u00fchlschrank aufbewahrt werden.<\/p>\n<p><img decoding=\"async\" class=\"alignnone wp-image-49002\" src=\"https:\/\/www.smart-meals.nl\/wp-content\/uploads\/2021\/10\/Icons-300x300.png\" alt=\"\" width=\"45\" height=\"45\" srcset=\"https:\/\/www.smart-meals.nl\/wp-content\/uploads\/2021\/10\/Icons-300x300.png 300w, https:\/\/www.smart-meals.nl\/wp-content\/uploads\/2021\/10\/Icons-150x150.png 150w, https:\/\/www.smart-meals.nl\/wp-content\/uploads\/2021\/10\/Icons-100x100.png 100w, https:\/\/www.smart-meals.nl\/wp-content\/uploads\/2021\/10\/Icons.png 500w\" sizes=\"(max-width: 45px) 100vw, 45px\" \/> <img decoding=\"async\" class=\"alignnone wp-image-49005\" src=\"https:\/\/www.smart-meals.nl\/wp-content\/uploads\/2021\/10\/Icons7-300x300.png\" alt=\"\" width=\"45\" height=\"45\" srcset=\"https:\/\/www.smart-meals.nl\/wp-content\/uploads\/2021\/10\/Icons7-300x300.png 300w, https:\/\/www.smart-meals.nl\/wp-content\/uploads\/2021\/10\/Icons7-150x150.png 150w, https:\/\/www.smart-meals.nl\/wp-content\/uploads\/2021\/10\/Icons7-100x100.png 100w, https:\/\/www.smart-meals.nl\/wp-content\/uploads\/2021\/10\/Icons7.png 500w\" sizes=\"(max-width: 45px) 100vw, 45px\" \/><\/p>\n<p><strong><a href=\"https:\/\/www.smart-meals.nl\/de\/nutri-score\/\" target=\"_blank\" rel=\"noopener\"><img decoding=\"async\" class=\"alignnone wp-image-6741\" src=\"https:\/\/www.smart-meals.nl\/wp-content\/uploads\/2021\/10\/1200px-nutri-score-a.svg-300x163-2.png\" alt=\"\" width=\"116\" height=\"63\"><\/a><\/strong><\/p>\n","protected":false},"featured_media":89130,"comment_status":"closed","ping_status":"closed","template":"","meta":{"_acf_changed":false},"product_brand":[],"product_cat":[318,316],"product_tag":[],"class_list":{"0":"post-54553","1":"product","2":"type-product","3":"status-publish","4":"has-post-thumbnail","6":"product_cat-550-kcal-de","7":"product_cat-fullen-muskelmasse","8":"pa_pakket-1-stuck","9":"pa_pakket-12-stuck","10":"pa_pakket-15-stuck","11":"pa_pakket-18-stuck","12":"pa_pakket-3-stuck","13":"pa_pakket-6-stuck","14":"pa_pakket-9-stuck","16":"first","17":"instock","18":"sale","19":"taxable","20":"shipping-taxable","21":"purchasable","22":"product-type-simple"},"bundled_by":["10481","14317"],"bundle_stock_status":"instock","bundle_stock_quantity":58,"bundle_virtual":false,"bundle_layout":"","bundle_add_to_cart_form_location":"","bundle_editable_in_cart":false,"bundle_sold_individually_context":"","bundle_item_grouping":"","bundle_min_size":"","bundle_max_size":"","bundle_price":[],"bundled_items":[],"bundle_sell_ids":[],"acf":[],"yoast_head":"<!-- This site is optimized with the Yoast SEO plugin v27.5 - https:\/\/yoast.com\/product\/yoast-seo-wordpress\/ -->\n<title>H\u00fchner-Tabouleh in gro\u00dfen Mengen - Smart Meals<\/title>\n<meta name=\"robots\" content=\"index, follow, max-snippet:-1, max-image-preview:large, max-video-preview:-1\" \/>\n<link rel=\"canonical\" href=\"https:\/\/www.smart-meals.nl\/de\/produkt\/bulk-chicken-tabouleh\/\" \/>\n<meta property=\"og:locale\" content=\"de_DE\" \/>\n<meta property=\"og:type\" content=\"article\" \/>\n<meta property=\"og:title\" content=\"H\u00fchner-Tabouleh in gro\u00dfen Mengen - Smart Meals\" \/>\n<meta property=\"og:description\" content=\"535 kcal | 41,9g Protein | 57,2g Kohlenhydrate | 3,5g Fett Holen Sie sich einen Vorgeschmack auf den Sommer mit diesem reichhaltig gef\u00fcllten Taboul\u00e9! Wir haben das klassische Rezept aus fluffigem Weizengrie\u00df und frischem Gem\u00fcse (wie Tomaten, Gurken und Paprika) zu einer vollwertigen Mahlzeit aufgewertet. Mit einem Anteil von 35 % zartem H\u00e4hnchenfleisch ist dieses Gericht eine echte Proteinquelle. Der Geschmack ist ein perfektes Gleichgewicht zwischen s\u00fc\u00df und herzhaft: saftige Sultaninen und salzige Oliven tanzen zusammen mit einem frischen Dressing aus Zitronensaft, Oliven\u00f6l und feinen Kr\u00e4utern. Brokkoli und Blumenkohl sorgen f\u00fcr einen sch\u00f6nen zus\u00e4tzlichen Biss. Ein herrlich leichtes, aber nahrhaftes Gericht.  -3 Monate im Gefrierschrank haltbar. - Kann nach Erhalt 5 Tage im K\u00fchlschrank aufbewahrt werden.\" \/>\n<meta property=\"og:url\" content=\"https:\/\/www.smart-meals.nl\/de\/produkt\/bulk-chicken-tabouleh\/\" \/>\n<meta property=\"og:site_name\" content=\"Smart Meals\" \/>\n<meta property=\"article:publisher\" content=\"https:\/\/www.facebook.com\/SmartMealsOfficial\" \/>\n<meta property=\"article:modified_time\" content=\"2026-05-12T07:32:34+00:00\" \/>\n<meta property=\"og:image\" content=\"https:\/\/www.smart-meals.nl\/wp-content\/uploads\/2026\/01\/Chicken-Tabbouleh-LowCarb.jpg\" \/>\n\t<meta property=\"og:image:width\" content=\"500\" \/>\n\t<meta property=\"og:image:height\" content=\"500\" \/>\n\t<meta property=\"og:image:type\" content=\"image\/jpeg\" \/>\n<meta name=\"twitter:card\" content=\"summary_large_image\" \/>\n<script type=\"application\/ld+json\" class=\"yoast-schema-graph\">{\"@context\":\"https:\\\/\\\/schema.org\",\"@graph\":[{\"@type\":\"WebPage\",\"@id\":\"https:\\\/\\\/www.smart-meals.nl\\\/de\\\/produkt\\\/bulk-chicken-tabouleh\\\/\",\"url\":\"https:\\\/\\\/www.smart-meals.nl\\\/de\\\/produkt\\\/bulk-chicken-tabouleh\\\/\",\"name\":\"H\u00fchner-Tabouleh in gro\u00dfen Mengen - Smart Meals\",\"isPartOf\":{\"@id\":\"https:\\\/\\\/www.smart-meals.nl\\\/de\\\/#website\"},\"primaryImageOfPage\":{\"@id\":\"https:\\\/\\\/www.smart-meals.nl\\\/de\\\/produkt\\\/bulk-chicken-tabouleh\\\/#primaryimage\"},\"image\":{\"@id\":\"https:\\\/\\\/www.smart-meals.nl\\\/de\\\/produkt\\\/bulk-chicken-tabouleh\\\/#primaryimage\"},\"thumbnailUrl\":\"https:\\\/\\\/www.smart-meals.nl\\\/wp-content\\\/uploads\\\/2026\\\/01\\\/Chicken-Tabbouleh-LowCarb.jpg\",\"datePublished\":\"2021-10-12T11:55:27+00:00\",\"dateModified\":\"2026-05-12T07:32:34+00:00\",\"breadcrumb\":{\"@id\":\"https:\\\/\\\/www.smart-meals.nl\\\/de\\\/produkt\\\/bulk-chicken-tabouleh\\\/#breadcrumb\"},\"inLanguage\":\"de\",\"potentialAction\":[{\"@type\":\"ReadAction\",\"target\":[\"https:\\\/\\\/www.smart-meals.nl\\\/de\\\/produkt\\\/bulk-chicken-tabouleh\\\/\"]}]},{\"@type\":\"ImageObject\",\"inLanguage\":\"de\",\"@id\":\"https:\\\/\\\/www.smart-meals.nl\\\/de\\\/produkt\\\/bulk-chicken-tabouleh\\\/#primaryimage\",\"url\":\"https:\\\/\\\/www.smart-meals.nl\\\/wp-content\\\/uploads\\\/2026\\\/01\\\/Chicken-Tabbouleh-LowCarb.jpg\",\"contentUrl\":\"https:\\\/\\\/www.smart-meals.nl\\\/wp-content\\\/uploads\\\/2026\\\/01\\\/Chicken-Tabbouleh-LowCarb.jpg\",\"width\":500,\"height\":500},{\"@type\":\"BreadcrumbList\",\"@id\":\"https:\\\/\\\/www.smart-meals.nl\\\/de\\\/produkt\\\/bulk-chicken-tabouleh\\\/#breadcrumb\",\"itemListElement\":[{\"@type\":\"ListItem\",\"position\":1,\"name\":\"Home\",\"item\":\"https:\\\/\\\/www.smart-meals.nl\\\/de\\\/\"},{\"@type\":\"ListItem\",\"position\":2,\"name\":\"Einkaufen\",\"item\":\"https:\\\/\\\/www.smart-meals.nl\\\/de\\\/einkaufen\\\/\"},{\"@type\":\"ListItem\",\"position\":3,\"name\":\"+\\\/-550 kcal\",\"item\":\"https:\\\/\\\/www.smart-meals.nl\\\/de\\\/healthy\\\/550-kcal-de\\\/\"},{\"@type\":\"ListItem\",\"position\":4,\"name\":\"H\u00fchner-Tabouleh in gro\u00dfen Mengen\"}]},{\"@type\":\"WebSite\",\"@id\":\"https:\\\/\\\/www.smart-meals.nl\\\/de\\\/#website\",\"url\":\"https:\\\/\\\/www.smart-meals.nl\\\/de\\\/\",\"name\":\"Smart Meals\",\"description\":\"Healthy High Protein Meals\",\"publisher\":{\"@id\":\"https:\\\/\\\/www.smart-meals.nl\\\/de\\\/#organization\"},\"potentialAction\":[{\"@type\":\"SearchAction\",\"target\":{\"@type\":\"EntryPoint\",\"urlTemplate\":\"https:\\\/\\\/www.smart-meals.nl\\\/de\\\/?s={search_term_string}\"},\"query-input\":{\"@type\":\"PropertyValueSpecification\",\"valueRequired\":true,\"valueName\":\"search_term_string\"}}],\"inLanguage\":\"de\"},{\"@type\":\"Organization\",\"@id\":\"https:\\\/\\\/www.smart-meals.nl\\\/de\\\/#organization\",\"name\":\"Smart Meals\",\"url\":\"https:\\\/\\\/www.smart-meals.nl\\\/de\\\/\",\"logo\":{\"@type\":\"ImageObject\",\"inLanguage\":\"de\",\"@id\":\"https:\\\/\\\/www.smart-meals.nl\\\/de\\\/#\\\/schema\\\/logo\\\/image\\\/\",\"url\":\"https:\\\/\\\/www.smart-meals.nl\\\/wp-content\\\/uploads\\\/2021\\\/03\\\/cropped-logo.png\",\"contentUrl\":\"https:\\\/\\\/www.smart-meals.nl\\\/wp-content\\\/uploads\\\/2021\\\/03\\\/cropped-logo.png\",\"width\":512,\"height\":512,\"caption\":\"Smart Meals\"},\"image\":{\"@id\":\"https:\\\/\\\/www.smart-meals.nl\\\/de\\\/#\\\/schema\\\/logo\\\/image\\\/\"},\"sameAs\":[\"https:\\\/\\\/www.facebook.com\\\/SmartMealsOfficial\"]}]}<\/script>\n<!-- \/ Yoast SEO plugin. -->","yoast_head_json":{"title":"H\u00fchner-Tabouleh in gro\u00dfen Mengen - Smart Meals","robots":{"index":"index","follow":"follow","max-snippet":"max-snippet:-1","max-image-preview":"max-image-preview:large","max-video-preview":"max-video-preview:-1"},"canonical":"https:\/\/www.smart-meals.nl\/de\/produkt\/bulk-chicken-tabouleh\/","og_locale":"de_DE","og_type":"article","og_title":"H\u00fchner-Tabouleh in gro\u00dfen Mengen - Smart Meals","og_description":"535 kcal | 41,9g Protein | 57,2g Kohlenhydrate | 3,5g Fett Holen Sie sich einen Vorgeschmack auf den Sommer mit diesem reichhaltig gef\u00fcllten Taboul\u00e9! Wir haben das klassische Rezept aus fluffigem Weizengrie\u00df und frischem Gem\u00fcse (wie Tomaten, Gurken und Paprika) zu einer vollwertigen Mahlzeit aufgewertet. Mit einem Anteil von 35 % zartem H\u00e4hnchenfleisch ist dieses Gericht eine echte Proteinquelle. Der Geschmack ist ein perfektes Gleichgewicht zwischen s\u00fc\u00df und herzhaft: saftige Sultaninen und salzige Oliven tanzen zusammen mit einem frischen Dressing aus Zitronensaft, Oliven\u00f6l und feinen Kr\u00e4utern. Brokkoli und Blumenkohl sorgen f\u00fcr einen sch\u00f6nen zus\u00e4tzlichen Biss. Ein herrlich leichtes, aber nahrhaftes Gericht.  -3 Monate im Gefrierschrank haltbar. - Kann nach Erhalt 5 Tage im K\u00fchlschrank aufbewahrt werden.","og_url":"https:\/\/www.smart-meals.nl\/de\/produkt\/bulk-chicken-tabouleh\/","og_site_name":"Smart Meals","article_publisher":"https:\/\/www.facebook.com\/SmartMealsOfficial","article_modified_time":"2026-05-12T07:32:34+00:00","og_image":[{"width":500,"height":500,"url":"https:\/\/www.smart-meals.nl\/wp-content\/uploads\/2026\/01\/Chicken-Tabbouleh-LowCarb.jpg","type":"image\/jpeg"}],"twitter_card":"summary_large_image","schema":{"@context":"https:\/\/schema.org","@graph":[{"@type":"WebPage","@id":"https:\/\/www.smart-meals.nl\/de\/produkt\/bulk-chicken-tabouleh\/","url":"https:\/\/www.smart-meals.nl\/de\/produkt\/bulk-chicken-tabouleh\/","name":"H\u00fchner-Tabouleh in gro\u00dfen Mengen - Smart Meals","isPartOf":{"@id":"https:\/\/www.smart-meals.nl\/de\/#website"},"primaryImageOfPage":{"@id":"https:\/\/www.smart-meals.nl\/de\/produkt\/bulk-chicken-tabouleh\/#primaryimage"},"image":{"@id":"https:\/\/www.smart-meals.nl\/de\/produkt\/bulk-chicken-tabouleh\/#primaryimage"},"thumbnailUrl":"https:\/\/www.smart-meals.nl\/wp-content\/uploads\/2026\/01\/Chicken-Tabbouleh-LowCarb.jpg","datePublished":"2021-10-12T11:55:27+00:00","dateModified":"2026-05-12T07:32:34+00:00","breadcrumb":{"@id":"https:\/\/www.smart-meals.nl\/de\/produkt\/bulk-chicken-tabouleh\/#breadcrumb"},"inLanguage":"de","potentialAction":[{"@type":"ReadAction","target":["https:\/\/www.smart-meals.nl\/de\/produkt\/bulk-chicken-tabouleh\/"]}]},{"@type":"ImageObject","inLanguage":"de","@id":"https:\/\/www.smart-meals.nl\/de\/produkt\/bulk-chicken-tabouleh\/#primaryimage","url":"https:\/\/www.smart-meals.nl\/wp-content\/uploads\/2026\/01\/Chicken-Tabbouleh-LowCarb.jpg","contentUrl":"https:\/\/www.smart-meals.nl\/wp-content\/uploads\/2026\/01\/Chicken-Tabbouleh-LowCarb.jpg","width":500,"height":500},{"@type":"BreadcrumbList","@id":"https:\/\/www.smart-meals.nl\/de\/produkt\/bulk-chicken-tabouleh\/#breadcrumb","itemListElement":[{"@type":"ListItem","position":1,"name":"Home","item":"https:\/\/www.smart-meals.nl\/de\/"},{"@type":"ListItem","position":2,"name":"Einkaufen","item":"https:\/\/www.smart-meals.nl\/de\/einkaufen\/"},{"@type":"ListItem","position":3,"name":"+\/-550 kcal","item":"https:\/\/www.smart-meals.nl\/de\/healthy\/550-kcal-de\/"},{"@type":"ListItem","position":4,"name":"H\u00fchner-Tabouleh in gro\u00dfen Mengen"}]},{"@type":"WebSite","@id":"https:\/\/www.smart-meals.nl\/de\/#website","url":"https:\/\/www.smart-meals.nl\/de\/","name":"Smart Meals","description":"Healthy High Protein Meals","publisher":{"@id":"https:\/\/www.smart-meals.nl\/de\/#organization"},"potentialAction":[{"@type":"SearchAction","target":{"@type":"EntryPoint","urlTemplate":"https:\/\/www.smart-meals.nl\/de\/?s={search_term_string}"},"query-input":{"@type":"PropertyValueSpecification","valueRequired":true,"valueName":"search_term_string"}}],"inLanguage":"de"},{"@type":"Organization","@id":"https:\/\/www.smart-meals.nl\/de\/#organization","name":"Smart Meals","url":"https:\/\/www.smart-meals.nl\/de\/","logo":{"@type":"ImageObject","inLanguage":"de","@id":"https:\/\/www.smart-meals.nl\/de\/#\/schema\/logo\/image\/","url":"https:\/\/www.smart-meals.nl\/wp-content\/uploads\/2021\/03\/cropped-logo.png","contentUrl":"https:\/\/www.smart-meals.nl\/wp-content\/uploads\/2021\/03\/cropped-logo.png","width":512,"height":512,"caption":"Smart Meals"},"image":{"@id":"https:\/\/www.smart-meals.nl\/de\/#\/schema\/logo\/image\/"},"sameAs":["https:\/\/www.facebook.com\/SmartMealsOfficial"]}]}},"_links":{"self":[{"href":"https:\/\/www.smart-meals.nl\/de\/wp-json\/wp\/v2\/product\/54553","targetHints":{"allow":["GET"]}}],"collection":[{"href":"https:\/\/www.smart-meals.nl\/de\/wp-json\/wp\/v2\/product"}],"about":[{"href":"https:\/\/www.smart-meals.nl\/de\/wp-json\/wp\/v2\/types\/product"}],"replies":[{"embeddable":true,"href":"https:\/\/www.smart-meals.nl\/de\/wp-json\/wp\/v2\/comments?post=54553"}],"version-history":[{"count":1,"href":"https:\/\/www.smart-meals.nl\/de\/wp-json\/wp\/v2\/product\/54553\/revisions"}],"predecessor-version":[{"id":90123,"href":"https:\/\/www.smart-meals.nl\/de\/wp-json\/wp\/v2\/product\/54553\/revisions\/90123"}],"wp:featuredmedia":[{"embeddable":true,"href":"https:\/\/www.smart-meals.nl\/de\/wp-json\/wp\/v2\/media\/89130"}],"wp:attachment":[{"href":"https:\/\/www.smart-meals.nl\/de\/wp-json\/wp\/v2\/media?parent=54553"}],"wp:term":[{"taxonomy":"product_brand","embeddable":true,"href":"https:\/\/www.smart-meals.nl\/de\/wp-json\/wp\/v2\/product_brand?post=54553"},{"taxonomy":"product_cat","embeddable":true,"href":"https:\/\/www.smart-meals.nl\/de\/wp-json\/wp\/v2\/product_cat?post=54553"},{"taxonomy":"product_tag","embeddable":true,"href":"https:\/\/www.smart-meals.nl\/de\/wp-json\/wp\/v2\/product_tag?post=54553"}],"curies":[{"name":"wp","href":"https:\/\/api.w.org\/{rel}","templated":true}]}}