{"id":62118,"date":"2020-10-25T17:02:20","date_gmt":"2020-10-25T16:02:20","guid":{"rendered":"https:\/\/www.smart-meals.nl\/?post_type=product&#038;p=62118"},"modified":"2026-04-09T22:18:46","modified_gmt":"2026-04-09T20:18:46","slug":"haferflocken-uber-nacht-vanille-kopie-kopie","status":"publish","type":"product","link":"https:\/\/www.smart-meals.nl\/de\/produkt\/haferflocken-uber-nacht-vanille-kopie-kopie\/","title":{"rendered":"Haferflocken \u00fcber Nacht &#8211; Spekulatius"},"content":{"rendered":"<h2><span class=\"c-product-description__accordiontitle j-product-description-accordion_title c-accordion-title--active c-product-description__accordiontitle--active\" aria-controls=\"description-ingredients\" data-enabled=\"true\">Zutaten<\/span><\/h2>\n<div id=\"description-ingredients\" class=\"c-product-description__accordioncontent c-product-description__accordioncontent--ingredients c-accordion-content--active\">\n<div class=\"c-product-description__content-text\">\n<div id=\"description-ingredients\" class=\"c-product-description__accordioncontent c-product-description__accordioncontent--ingredients c-accordion-content--active\">\n<div class=\"c-product-description__content-text\">\n<table class=\"table table-bordered table-condensed\" style=\"height: 615px;\" width=\"400\">\n<tbody>\n<tr>\n<td>Gewicht<\/td>\n<td>350 Gramm<\/td>\n<\/tr>\n<tr>\n<td>Energie<\/td>\n<td>2200.01 kj\/482.95 kcal<\/td>\n<\/tr>\n<tr>\n<td><i>Fett<\/i><\/td>\n<td>17.41 Gramm<\/td>\n<\/tr>\n<tr>\n<td><i>davon ges\u00e4ttigt<\/i><\/td>\n<td>3.35 g<\/td>\n<\/tr>\n<tr>\n<td>Kohlenhydrate<\/td>\n<td>41.17 Gramm<\/td>\n<\/tr>\n<tr>\n<td><i>Davon Zucker<\/i><\/td>\n<td>17.77 g<\/td>\n<\/tr>\n<tr>\n<td>Fasern<\/td>\n<td>7.69 g<\/td>\n<\/tr>\n<tr>\n<td>Eiwei\u00df<\/td>\n<td>36.99 Gramm<\/td>\n<\/tr>\n<tr>\n<td>Salz<\/td>\n<td>0.17 g<\/td>\n<\/tr>\n<\/tbody>\n<\/table>\n<h6><\/h6>\n<p>Wasser, Molkenproteinkonzentrat<strong>(Milch<\/strong>), Molkenproteinisolat<strong>(Milch<\/strong>), Emulgator (Sojalecithin), Spekulatiuskr\u00fcmel<strong>(Weizen, Gluten)<\/strong>, aromatisierter Spekulatius, S\u00fc\u00dfstoff (Sucralose), Chiasamen, Quark (Magerquark<strong>(Milch<\/strong>), <strong>Haferflocken<\/strong>, Banane, <strong>Pekann\u00fcsse<\/strong> und Kollagenpeptide.<\/p>\n<h2>Informationen zu Allergenen<\/h2>\n<p>Milch (inkl. Laktose), Soja, Hafer, N\u00fcsse, Gluten, Weizen<\/p>\n<\/div>\n<\/div>\n<\/div>\n<\/div>\n","protected":false},"excerpt":{"rendered":"<p>350g | 482.9 Kcal | 36.99g Protein | 41.2g Kohlenhydrate | 17.4g Fette.<\/p>\n<p>Probieren Sie unseren Speculoos Overnight Oats! Der Geschmack von Speculoos-Gew\u00fcrzen in Kombination mit cremigen Haferflocken macht diese Mahlzeit zu einem unwiderstehlichen Genuss zum Fr\u00fchst\u00fcck, Mittag- oder Abendessen. Diese ballaststoffreiche Mahlzeit liefert langanhaltende Energie, und die Chiasamen liefern Antioxidantien und gesunde Fette. Perfekt hei\u00df oder kalt!   <\/p>\n<p>Highlights:<br \/>\n&#8211; Collagen zur Erhaltung der Festigkeit und Elastizit\u00e4t der Haut. Reduziert die sichtbaren Zeichen der Hautalterung.<br \/>\n&#8211; Kollagen tr\u00e4gt auch zu sch\u00f6nen Haaren und N\u00e4geln bei. Es unterst\u00fctzt dickes, kr\u00e4ftiges und gl\u00e4nzendes Haar und starke N\u00e4gel.<br \/>\n&#8211; Reich an Proteinen und komplexen Kohlenhydraten<br \/>\n&#8211; Spekulatius-Geschmack<br \/>\n&#8211; Ballaststoffe und Elektrolyte<br \/>\n&#8211; Lang anhaltende Energie aus komplexen Kohlenhydraten <\/p>\n<p>Zubereitung: 4 Minuten in der Mikrowelle erw\u00e4rmen und zwischendurch umr\u00fchren, oder nach einer Nacht im K\u00fchlschrank kalt genie\u00dfen.<\/p>\n<p><img decoding=\"async\" class=\"alignnone wp-image-48999\" src=\"https:\/\/www.smart-meals.nl\/wp-content\/uploads\/2021\/10\/Icons2-300x300.png\" alt=\"\" width=\"45\" height=\"45\" srcset=\"https:\/\/www.smart-meals.nl\/wp-content\/uploads\/2021\/10\/Icons2-300x300.png 300w, https:\/\/www.smart-meals.nl\/wp-content\/uploads\/2021\/10\/Icons2-150x150.png 150w, https:\/\/www.smart-meals.nl\/wp-content\/uploads\/2021\/10\/Icons2-100x100.png 100w, https:\/\/www.smart-meals.nl\/wp-content\/uploads\/2021\/10\/Icons2.png 500w\" sizes=\"(max-width: 45px) 100vw, 45px\" \/> <img decoding=\"async\" class=\"alignnone wp-image-49002\" src=\"https:\/\/www.smart-meals.nl\/wp-content\/uploads\/2021\/10\/Icons-300x300.png\" alt=\"\" width=\"45\" height=\"45\" srcset=\"https:\/\/www.smart-meals.nl\/wp-content\/uploads\/2021\/10\/Icons-300x300.png 300w, https:\/\/www.smart-meals.nl\/wp-content\/uploads\/2021\/10\/Icons-150x150.png 150w, https:\/\/www.smart-meals.nl\/wp-content\/uploads\/2021\/10\/Icons-100x100.png 100w, https:\/\/www.smart-meals.nl\/wp-content\/uploads\/2021\/10\/Icons.png 500w\" sizes=\"(max-width: 45px) 100vw, 45px\" \/><\/p>\n<p><strong><a href=\"https:\/\/www.smart-meals.nl\/de\/nutri-score\/\" target=\"_blank\" rel=\"noopener\"><img decoding=\"async\" class=\"alignnone wp-image-6741\" src=\"https:\/\/www.smart-meals.nl\/wp-content\/uploads\/2021\/10\/1200px-nutri-score-a.svg-300x163-2.png\" alt=\"\" width=\"116\" height=\"63\"><\/a><\/strong><\/p>\n","protected":false},"featured_media":74660,"comment_status":"open","ping_status":"closed","template":"","meta":{"_acf_changed":false},"product_brand":[],"product_cat":[329,327,318,326,353,328,338,626,316,315,325],"product_tag":[],"class_list":{"0":"post-62118","1":"product","2":"type-product","3":"status-publish","4":"has-post-thumbnail","6":"product_cat-250-kcal-de","7":"product_cat-400-kcal-de","8":"product_cat-550-kcal-de","9":"product_cat-fettabbau-keto","10":"product_cat-fisch-und-vegan","11":"product_cat-fit-gesund-und-besser-konzentrieren","12":"product_cat-fruhstuck-snacks","13":"product_cat-halal-de","14":"product_cat-fullen-muskelmasse","15":"product_cat-sportmahlzeiten","16":"product_cat-trockene-muskelmasse","18":"first","19":"instock","20":"sale","21":"taxable","22":"shipping-taxable","23":"purchasable","24":"product-type-simple"},"bundled_by":["39259"],"bundle_stock_status":"instock","bundle_stock_quantity":46,"bundle_virtual":false,"bundle_layout":"","bundle_add_to_cart_form_location":"","bundle_editable_in_cart":false,"bundle_sold_individually_context":"","bundle_item_grouping":"","bundle_min_size":"","bundle_max_size":"","bundle_price":[],"bundled_items":[],"bundle_sell_ids":[],"acf":[],"yoast_head":"<!-- This site is optimized with the Yoast SEO plugin v27.3 - https:\/\/yoast.com\/product\/yoast-seo-wordpress\/ -->\n<title>Haferflocken \u00fcber Nacht - Spekulatius - Smart Meals<\/title>\n<meta name=\"robots\" content=\"index, follow, max-snippet:-1, max-image-preview:large, max-video-preview:-1\" \/>\n<link rel=\"canonical\" href=\"https:\/\/www.smart-meals.nl\/de\/produkt\/haferflocken-uber-nacht-vanille-kopie-kopie\/\" \/>\n<meta property=\"og:locale\" content=\"de_DE\" \/>\n<meta property=\"og:type\" content=\"article\" \/>\n<meta property=\"og:title\" content=\"Haferflocken \u00fcber Nacht - Spekulatius - Smart Meals\" \/>\n<meta property=\"og:description\" content=\"350g | 482.9 Kcal | 36.99g Protein | 41.2g Kohlenhydrate | 17.4g Fette. Probieren Sie unseren Speculoos Overnight Oats! Der Geschmack von Speculoos-Gew\u00fcrzen in Kombination mit cremigen Haferflocken macht diese Mahlzeit zu einem unwiderstehlichen Genuss zum Fr\u00fchst\u00fcck, Mittag- oder Abendessen. Diese ballaststoffreiche Mahlzeit liefert langanhaltende Energie, und die Chiasamen liefern Antioxidantien und gesunde Fette. Perfekt hei\u00df oder kalt!   Highlights: - Collagen zur Erhaltung der Festigkeit und Elastizit\u00e4t der Haut. Reduziert die sichtbaren Zeichen der Hautalterung. - Kollagen tr\u00e4gt auch zu sch\u00f6nen Haaren und N\u00e4geln bei. Es unterst\u00fctzt dickes, kr\u00e4ftiges und gl\u00e4nzendes Haar und starke N\u00e4gel. - Reich an Proteinen und komplexen Kohlenhydraten - Spekulatius-Geschmack - Ballaststoffe und Elektrolyte - Lang anhaltende Energie aus komplexen Kohlenhydraten  Zubereitung: 4 Minuten in der Mikrowelle erw\u00e4rmen und zwischendurch umr\u00fchren, oder nach einer Nacht im K\u00fchlschrank kalt genie\u00dfen.\" \/>\n<meta property=\"og:url\" content=\"https:\/\/www.smart-meals.nl\/de\/produkt\/haferflocken-uber-nacht-vanille-kopie-kopie\/\" \/>\n<meta property=\"og:site_name\" content=\"Smart Meals\" \/>\n<meta property=\"article:publisher\" content=\"https:\/\/www.facebook.com\/SmartMealsOfficial\" \/>\n<meta property=\"article:modified_time\" content=\"2026-04-09T20:18:46+00:00\" \/>\n<meta property=\"og:image\" content=\"https:\/\/www.smart-meals.nl\/wp-content\/uploads\/2020\/10\/Overnight-oats-speculoos.jpg\" \/>\n\t<meta property=\"og:image:width\" content=\"500\" \/>\n\t<meta property=\"og:image:height\" content=\"500\" \/>\n\t<meta property=\"og:image:type\" content=\"image\/jpeg\" \/>\n<meta name=\"twitter:card\" content=\"summary_large_image\" \/>\n<meta name=\"twitter:label1\" content=\"Gesch\u00e4tzte Lesezeit\" \/>\n\t<meta name=\"twitter:data1\" content=\"1\u00a0Minute\" \/>\n<script type=\"application\/ld+json\" class=\"yoast-schema-graph\">{\"@context\":\"https:\\\/\\\/schema.org\",\"@graph\":[{\"@type\":\"WebPage\",\"@id\":\"https:\\\/\\\/www.smart-meals.nl\\\/de\\\/produkt\\\/haferflocken-uber-nacht-vanille-kopie-kopie\\\/\",\"url\":\"https:\\\/\\\/www.smart-meals.nl\\\/de\\\/produkt\\\/haferflocken-uber-nacht-vanille-kopie-kopie\\\/\",\"name\":\"Haferflocken \u00fcber Nacht - Spekulatius - Smart Meals\",\"isPartOf\":{\"@id\":\"https:\\\/\\\/www.smart-meals.nl\\\/de\\\/#website\"},\"primaryImageOfPage\":{\"@id\":\"https:\\\/\\\/www.smart-meals.nl\\\/de\\\/produkt\\\/haferflocken-uber-nacht-vanille-kopie-kopie\\\/#primaryimage\"},\"image\":{\"@id\":\"https:\\\/\\\/www.smart-meals.nl\\\/de\\\/produkt\\\/haferflocken-uber-nacht-vanille-kopie-kopie\\\/#primaryimage\"},\"thumbnailUrl\":\"https:\\\/\\\/www.smart-meals.nl\\\/wp-content\\\/uploads\\\/2020\\\/10\\\/Overnight-oats-speculoos.jpg\",\"datePublished\":\"2020-10-25T16:02:20+00:00\",\"dateModified\":\"2026-04-09T20:18:46+00:00\",\"breadcrumb\":{\"@id\":\"https:\\\/\\\/www.smart-meals.nl\\\/de\\\/produkt\\\/haferflocken-uber-nacht-vanille-kopie-kopie\\\/#breadcrumb\"},\"inLanguage\":\"de\",\"potentialAction\":[{\"@type\":\"ReadAction\",\"target\":[\"https:\\\/\\\/www.smart-meals.nl\\\/de\\\/produkt\\\/haferflocken-uber-nacht-vanille-kopie-kopie\\\/\"]}]},{\"@type\":\"ImageObject\",\"inLanguage\":\"de\",\"@id\":\"https:\\\/\\\/www.smart-meals.nl\\\/de\\\/produkt\\\/haferflocken-uber-nacht-vanille-kopie-kopie\\\/#primaryimage\",\"url\":\"https:\\\/\\\/www.smart-meals.nl\\\/wp-content\\\/uploads\\\/2020\\\/10\\\/Overnight-oats-speculoos.jpg\",\"contentUrl\":\"https:\\\/\\\/www.smart-meals.nl\\\/wp-content\\\/uploads\\\/2020\\\/10\\\/Overnight-oats-speculoos.jpg\",\"width\":500,\"height\":500},{\"@type\":\"BreadcrumbList\",\"@id\":\"https:\\\/\\\/www.smart-meals.nl\\\/de\\\/produkt\\\/haferflocken-uber-nacht-vanille-kopie-kopie\\\/#breadcrumb\",\"itemListElement\":[{\"@type\":\"ListItem\",\"position\":1,\"name\":\"Home\",\"item\":\"https:\\\/\\\/www.smart-meals.nl\\\/de\\\/homenew\\\/\"},{\"@type\":\"ListItem\",\"position\":2,\"name\":\"Einkaufen\",\"item\":\"https:\\\/\\\/www.smart-meals.nl\\\/de\\\/einkaufen\\\/\"},{\"@type\":\"ListItem\",\"position\":3,\"name\":\"+\\\/-250 kcal\",\"item\":\"https:\\\/\\\/www.smart-meals.nl\\\/de\\\/healthy\\\/250-kcal-de\\\/\"},{\"@type\":\"ListItem\",\"position\":4,\"name\":\"Haferflocken \u00fcber Nacht &#8211; Spekulatius\"}]},{\"@type\":\"WebSite\",\"@id\":\"https:\\\/\\\/www.smart-meals.nl\\\/de\\\/#website\",\"url\":\"https:\\\/\\\/www.smart-meals.nl\\\/de\\\/\",\"name\":\"Smart Meals\",\"description\":\"Healthy High Protein Meals\",\"publisher\":{\"@id\":\"https:\\\/\\\/www.smart-meals.nl\\\/de\\\/#organization\"},\"potentialAction\":[{\"@type\":\"SearchAction\",\"target\":{\"@type\":\"EntryPoint\",\"urlTemplate\":\"https:\\\/\\\/www.smart-meals.nl\\\/de\\\/?s={search_term_string}\"},\"query-input\":{\"@type\":\"PropertyValueSpecification\",\"valueRequired\":true,\"valueName\":\"search_term_string\"}}],\"inLanguage\":\"de\"},{\"@type\":\"Organization\",\"@id\":\"https:\\\/\\\/www.smart-meals.nl\\\/de\\\/#organization\",\"name\":\"Smart Meals\",\"url\":\"https:\\\/\\\/www.smart-meals.nl\\\/de\\\/\",\"logo\":{\"@type\":\"ImageObject\",\"inLanguage\":\"de\",\"@id\":\"https:\\\/\\\/www.smart-meals.nl\\\/de\\\/#\\\/schema\\\/logo\\\/image\\\/\",\"url\":\"https:\\\/\\\/www.smart-meals.nl\\\/wp-content\\\/uploads\\\/2021\\\/03\\\/cropped-logo.png\",\"contentUrl\":\"https:\\\/\\\/www.smart-meals.nl\\\/wp-content\\\/uploads\\\/2021\\\/03\\\/cropped-logo.png\",\"width\":512,\"height\":512,\"caption\":\"Smart Meals\"},\"image\":{\"@id\":\"https:\\\/\\\/www.smart-meals.nl\\\/de\\\/#\\\/schema\\\/logo\\\/image\\\/\"},\"sameAs\":[\"https:\\\/\\\/www.facebook.com\\\/SmartMealsOfficial\"]}]}<\/script>\n<!-- \/ Yoast SEO plugin. -->","yoast_head_json":{"title":"Haferflocken \u00fcber Nacht - Spekulatius - Smart Meals","robots":{"index":"index","follow":"follow","max-snippet":"max-snippet:-1","max-image-preview":"max-image-preview:large","max-video-preview":"max-video-preview:-1"},"canonical":"https:\/\/www.smart-meals.nl\/de\/produkt\/haferflocken-uber-nacht-vanille-kopie-kopie\/","og_locale":"de_DE","og_type":"article","og_title":"Haferflocken \u00fcber Nacht - Spekulatius - Smart Meals","og_description":"350g | 482.9 Kcal | 36.99g Protein | 41.2g Kohlenhydrate | 17.4g Fette. Probieren Sie unseren Speculoos Overnight Oats! Der Geschmack von Speculoos-Gew\u00fcrzen in Kombination mit cremigen Haferflocken macht diese Mahlzeit zu einem unwiderstehlichen Genuss zum Fr\u00fchst\u00fcck, Mittag- oder Abendessen. Diese ballaststoffreiche Mahlzeit liefert langanhaltende Energie, und die Chiasamen liefern Antioxidantien und gesunde Fette. Perfekt hei\u00df oder kalt!   Highlights: - Collagen zur Erhaltung der Festigkeit und Elastizit\u00e4t der Haut. Reduziert die sichtbaren Zeichen der Hautalterung. - Kollagen tr\u00e4gt auch zu sch\u00f6nen Haaren und N\u00e4geln bei. Es unterst\u00fctzt dickes, kr\u00e4ftiges und gl\u00e4nzendes Haar und starke N\u00e4gel. - Reich an Proteinen und komplexen Kohlenhydraten - Spekulatius-Geschmack - Ballaststoffe und Elektrolyte - Lang anhaltende Energie aus komplexen Kohlenhydraten  Zubereitung: 4 Minuten in der Mikrowelle erw\u00e4rmen und zwischendurch umr\u00fchren, oder nach einer Nacht im K\u00fchlschrank kalt genie\u00dfen.","og_url":"https:\/\/www.smart-meals.nl\/de\/produkt\/haferflocken-uber-nacht-vanille-kopie-kopie\/","og_site_name":"Smart Meals","article_publisher":"https:\/\/www.facebook.com\/SmartMealsOfficial","article_modified_time":"2026-04-09T20:18:46+00:00","og_image":[{"width":500,"height":500,"url":"https:\/\/www.smart-meals.nl\/wp-content\/uploads\/2020\/10\/Overnight-oats-speculoos.jpg","type":"image\/jpeg"}],"twitter_card":"summary_large_image","twitter_misc":{"Gesch\u00e4tzte Lesezeit":"1\u00a0Minute"},"schema":{"@context":"https:\/\/schema.org","@graph":[{"@type":"WebPage","@id":"https:\/\/www.smart-meals.nl\/de\/produkt\/haferflocken-uber-nacht-vanille-kopie-kopie\/","url":"https:\/\/www.smart-meals.nl\/de\/produkt\/haferflocken-uber-nacht-vanille-kopie-kopie\/","name":"Haferflocken \u00fcber Nacht - Spekulatius - Smart Meals","isPartOf":{"@id":"https:\/\/www.smart-meals.nl\/de\/#website"},"primaryImageOfPage":{"@id":"https:\/\/www.smart-meals.nl\/de\/produkt\/haferflocken-uber-nacht-vanille-kopie-kopie\/#primaryimage"},"image":{"@id":"https:\/\/www.smart-meals.nl\/de\/produkt\/haferflocken-uber-nacht-vanille-kopie-kopie\/#primaryimage"},"thumbnailUrl":"https:\/\/www.smart-meals.nl\/wp-content\/uploads\/2020\/10\/Overnight-oats-speculoos.jpg","datePublished":"2020-10-25T16:02:20+00:00","dateModified":"2026-04-09T20:18:46+00:00","breadcrumb":{"@id":"https:\/\/www.smart-meals.nl\/de\/produkt\/haferflocken-uber-nacht-vanille-kopie-kopie\/#breadcrumb"},"inLanguage":"de","potentialAction":[{"@type":"ReadAction","target":["https:\/\/www.smart-meals.nl\/de\/produkt\/haferflocken-uber-nacht-vanille-kopie-kopie\/"]}]},{"@type":"ImageObject","inLanguage":"de","@id":"https:\/\/www.smart-meals.nl\/de\/produkt\/haferflocken-uber-nacht-vanille-kopie-kopie\/#primaryimage","url":"https:\/\/www.smart-meals.nl\/wp-content\/uploads\/2020\/10\/Overnight-oats-speculoos.jpg","contentUrl":"https:\/\/www.smart-meals.nl\/wp-content\/uploads\/2020\/10\/Overnight-oats-speculoos.jpg","width":500,"height":500},{"@type":"BreadcrumbList","@id":"https:\/\/www.smart-meals.nl\/de\/produkt\/haferflocken-uber-nacht-vanille-kopie-kopie\/#breadcrumb","itemListElement":[{"@type":"ListItem","position":1,"name":"Home","item":"https:\/\/www.smart-meals.nl\/de\/homenew\/"},{"@type":"ListItem","position":2,"name":"Einkaufen","item":"https:\/\/www.smart-meals.nl\/de\/einkaufen\/"},{"@type":"ListItem","position":3,"name":"+\/-250 kcal","item":"https:\/\/www.smart-meals.nl\/de\/healthy\/250-kcal-de\/"},{"@type":"ListItem","position":4,"name":"Haferflocken \u00fcber Nacht &#8211; Spekulatius"}]},{"@type":"WebSite","@id":"https:\/\/www.smart-meals.nl\/de\/#website","url":"https:\/\/www.smart-meals.nl\/de\/","name":"Smart Meals","description":"Healthy High Protein Meals","publisher":{"@id":"https:\/\/www.smart-meals.nl\/de\/#organization"},"potentialAction":[{"@type":"SearchAction","target":{"@type":"EntryPoint","urlTemplate":"https:\/\/www.smart-meals.nl\/de\/?s={search_term_string}"},"query-input":{"@type":"PropertyValueSpecification","valueRequired":true,"valueName":"search_term_string"}}],"inLanguage":"de"},{"@type":"Organization","@id":"https:\/\/www.smart-meals.nl\/de\/#organization","name":"Smart Meals","url":"https:\/\/www.smart-meals.nl\/de\/","logo":{"@type":"ImageObject","inLanguage":"de","@id":"https:\/\/www.smart-meals.nl\/de\/#\/schema\/logo\/image\/","url":"https:\/\/www.smart-meals.nl\/wp-content\/uploads\/2021\/03\/cropped-logo.png","contentUrl":"https:\/\/www.smart-meals.nl\/wp-content\/uploads\/2021\/03\/cropped-logo.png","width":512,"height":512,"caption":"Smart Meals"},"image":{"@id":"https:\/\/www.smart-meals.nl\/de\/#\/schema\/logo\/image\/"},"sameAs":["https:\/\/www.facebook.com\/SmartMealsOfficial"]}]}},"_links":{"self":[{"href":"https:\/\/www.smart-meals.nl\/de\/wp-json\/wp\/v2\/product\/62118","targetHints":{"allow":["GET"]}}],"collection":[{"href":"https:\/\/www.smart-meals.nl\/de\/wp-json\/wp\/v2\/product"}],"about":[{"href":"https:\/\/www.smart-meals.nl\/de\/wp-json\/wp\/v2\/types\/product"}],"replies":[{"embeddable":true,"href":"https:\/\/www.smart-meals.nl\/de\/wp-json\/wp\/v2\/comments?post=62118"}],"version-history":[{"count":0,"href":"https:\/\/www.smart-meals.nl\/de\/wp-json\/wp\/v2\/product\/62118\/revisions"}],"wp:featuredmedia":[{"embeddable":true,"href":"https:\/\/www.smart-meals.nl\/de\/wp-json\/wp\/v2\/media\/74660"}],"wp:attachment":[{"href":"https:\/\/www.smart-meals.nl\/de\/wp-json\/wp\/v2\/media?parent=62118"}],"wp:term":[{"taxonomy":"product_brand","embeddable":true,"href":"https:\/\/www.smart-meals.nl\/de\/wp-json\/wp\/v2\/product_brand?post=62118"},{"taxonomy":"product_cat","embeddable":true,"href":"https:\/\/www.smart-meals.nl\/de\/wp-json\/wp\/v2\/product_cat?post=62118"},{"taxonomy":"product_tag","embeddable":true,"href":"https:\/\/www.smart-meals.nl\/de\/wp-json\/wp\/v2\/product_tag?post=62118"}],"curies":[{"name":"wp","href":"https:\/\/api.w.org\/{rel}","templated":true}]}}