{"id":63045,"date":"2020-10-22T15:12:36","date_gmt":"2020-10-22T13:12:36","guid":{"rendered":"https:\/\/www.smart-meals.nl\/product\/njoy-protein-riegel-banane-brownie\/"},"modified":"2026-04-11T14:09:25","modified_gmt":"2026-04-11T12:09:25","slug":"njoy-protein-riegel-banane-brownie","status":"publish","type":"product","link":"https:\/\/www.smart-meals.nl\/de\/produkt\/njoy-protein-riegel-banane-brownie\/","title":{"rendered":"N&#8217;Joy Protein-Riegel &#8211; Banane-Brownie"},"content":{"rendered":"","protected":false},"excerpt":{"rendered":"<ul class=\"pros fa-ul\">\n<li><i class=\"fa-li fa fa-plus-circle\" aria-hidden=\"true\"><\/i>Hoher Proteingehalt von 36%<\/li>\n<li><i class=\"fa-li fa fa-plus-circle\" aria-hidden=\"true\"><\/i>K\u00f6stliche Geschmacksrichtungen<\/li>\n<li><i class=\"fa-li fa fa-plus-circle\" aria-hidden=\"true\"><\/i>Cremige Riegel mit einem knusprigen Belag, also keine z\u00e4hen Proteinriegel mehr<\/li>\n<li><i class=\"fa-li fa fa-plus-circle\" aria-hidden=\"true\"><\/i>Ideal zum Mitnehmen und f\u00fcr jede Tageszeit geeignet<i class=\"fa-li fa fa-plus-circle\" aria-hidden=\"true\"><\/i><\/li>\n<\/ul>\n<p>EIN CREMIGER RIEGEL MIT KNUSPRIGEM TOPPING, REICH AN GESCHMACK UND REICH AN PROTEINEN.<\/p>\n","protected":false},"featured_media":63043,"comment_status":"open","ping_status":"closed","template":"","meta":{"_acf_changed":false},"product_brand":[],"product_cat":[338,361],"product_tag":[],"class_list":{"0":"post-63045","1":"product","2":"type-product","3":"status-publish","4":"has-post-thumbnail","6":"product_cat-fruhstuck-snacks","7":"product_cat-sups-de","9":"first","10":"instock","11":"taxable","12":"shipping-taxable","13":"purchasable","14":"product-type-simple"},"bundled_by":[],"bundle_stock_status":"instock","bundle_stock_quantity":16,"bundle_virtual":false,"bundle_layout":"","bundle_add_to_cart_form_location":"","bundle_editable_in_cart":false,"bundle_sold_individually_context":"","bundle_item_grouping":"","bundle_min_size":"","bundle_max_size":"","bundle_price":[],"bundled_items":[],"bundle_sell_ids":[],"acf":[],"yoast_head":"<!-- This site is optimized with the Yoast SEO plugin v27.4 - https:\/\/yoast.com\/product\/yoast-seo-wordpress\/ -->\n<title>N&#039;Joy Protein-Riegel - Banane-Brownie - Smart Meals<\/title>\n<meta name=\"robots\" content=\"index, follow, max-snippet:-1, max-image-preview:large, max-video-preview:-1\" \/>\n<link rel=\"canonical\" href=\"https:\/\/www.smart-meals.nl\/de\/produkt\/njoy-protein-riegel-banane-brownie\/\" \/>\n<meta property=\"og:locale\" content=\"de_DE\" \/>\n<meta property=\"og:type\" content=\"article\" \/>\n<meta property=\"og:title\" content=\"N&#039;Joy Protein-Riegel - Banane-Brownie - Smart Meals\" \/>\n<meta property=\"og:description\" content=\"Hoher Proteingehalt von 36%  K\u00f6stliche Geschmacksrichtungen  Cremige Riegel mit einem knusprigen Belag, also keine z\u00e4hen Proteinriegel mehr  Ideal zum Mitnehmen und f\u00fcr jede Tageszeit geeignet EIN CREMIGER RIEGEL MIT KNUSPRIGEM TOPPING, REICH AN GESCHMACK UND REICH AN PROTEINEN.\" \/>\n<meta property=\"og:url\" content=\"https:\/\/www.smart-meals.nl\/de\/produkt\/njoy-protein-riegel-banane-brownie\/\" \/>\n<meta property=\"og:site_name\" content=\"Smart Meals\" \/>\n<meta property=\"article:publisher\" content=\"https:\/\/www.facebook.com\/SmartMealsOfficial\" \/>\n<meta property=\"article:modified_time\" content=\"2026-04-11T12:09:25+00:00\" \/>\n<meta property=\"og:image\" content=\"https:\/\/www.smart-meals.nl\/wp-content\/uploads\/2024\/11\/banaan.webp\" \/>\n\t<meta property=\"og:image:width\" content=\"640\" \/>\n\t<meta property=\"og:image:height\" content=\"640\" \/>\n\t<meta property=\"og:image:type\" content=\"image\/webp\" \/>\n<meta name=\"twitter:card\" content=\"summary_large_image\" \/>\n<script type=\"application\/ld+json\" class=\"yoast-schema-graph\">{\"@context\":\"https:\\\/\\\/schema.org\",\"@graph\":[{\"@type\":\"WebPage\",\"@id\":\"https:\\\/\\\/www.smart-meals.nl\\\/de\\\/produkt\\\/njoy-protein-riegel-banane-brownie\\\/\",\"url\":\"https:\\\/\\\/www.smart-meals.nl\\\/de\\\/produkt\\\/njoy-protein-riegel-banane-brownie\\\/\",\"name\":\"N'Joy Protein-Riegel - Banane-Brownie - Smart Meals\",\"isPartOf\":{\"@id\":\"https:\\\/\\\/www.smart-meals.nl\\\/de\\\/#website\"},\"primaryImageOfPage\":{\"@id\":\"https:\\\/\\\/www.smart-meals.nl\\\/de\\\/produkt\\\/njoy-protein-riegel-banane-brownie\\\/#primaryimage\"},\"image\":{\"@id\":\"https:\\\/\\\/www.smart-meals.nl\\\/de\\\/produkt\\\/njoy-protein-riegel-banane-brownie\\\/#primaryimage\"},\"thumbnailUrl\":\"https:\\\/\\\/www.smart-meals.nl\\\/wp-content\\\/uploads\\\/2024\\\/11\\\/banaan.webp\",\"datePublished\":\"2020-10-22T13:12:36+00:00\",\"dateModified\":\"2026-04-11T12:09:25+00:00\",\"breadcrumb\":{\"@id\":\"https:\\\/\\\/www.smart-meals.nl\\\/de\\\/produkt\\\/njoy-protein-riegel-banane-brownie\\\/#breadcrumb\"},\"inLanguage\":\"de\",\"potentialAction\":[{\"@type\":\"ReadAction\",\"target\":[\"https:\\\/\\\/www.smart-meals.nl\\\/de\\\/produkt\\\/njoy-protein-riegel-banane-brownie\\\/\"]}]},{\"@type\":\"ImageObject\",\"inLanguage\":\"de\",\"@id\":\"https:\\\/\\\/www.smart-meals.nl\\\/de\\\/produkt\\\/njoy-protein-riegel-banane-brownie\\\/#primaryimage\",\"url\":\"https:\\\/\\\/www.smart-meals.nl\\\/wp-content\\\/uploads\\\/2024\\\/11\\\/banaan.webp\",\"contentUrl\":\"https:\\\/\\\/www.smart-meals.nl\\\/wp-content\\\/uploads\\\/2024\\\/11\\\/banaan.webp\",\"width\":640,\"height\":640},{\"@type\":\"BreadcrumbList\",\"@id\":\"https:\\\/\\\/www.smart-meals.nl\\\/de\\\/produkt\\\/njoy-protein-riegel-banane-brownie\\\/#breadcrumb\",\"itemListElement\":[{\"@type\":\"ListItem\",\"position\":1,\"name\":\"Home\",\"item\":\"https:\\\/\\\/www.smart-meals.nl\\\/de\\\/\"},{\"@type\":\"ListItem\",\"position\":2,\"name\":\"Einkaufen\",\"item\":\"https:\\\/\\\/www.smart-meals.nl\\\/de\\\/einkaufen\\\/\"},{\"@type\":\"ListItem\",\"position\":3,\"name\":\"Fr\u00fchst\u00fcck &amp; Snacks\",\"item\":\"https:\\\/\\\/www.smart-meals.nl\\\/de\\\/healthy\\\/fruhstuck-snacks\\\/\"},{\"@type\":\"ListItem\",\"position\":4,\"name\":\"N&#8217;Joy Protein-Riegel &#8211; Banane-Brownie\"}]},{\"@type\":\"WebSite\",\"@id\":\"https:\\\/\\\/www.smart-meals.nl\\\/de\\\/#website\",\"url\":\"https:\\\/\\\/www.smart-meals.nl\\\/de\\\/\",\"name\":\"Smart Meals\",\"description\":\"Healthy High Protein Meals\",\"publisher\":{\"@id\":\"https:\\\/\\\/www.smart-meals.nl\\\/de\\\/#organization\"},\"potentialAction\":[{\"@type\":\"SearchAction\",\"target\":{\"@type\":\"EntryPoint\",\"urlTemplate\":\"https:\\\/\\\/www.smart-meals.nl\\\/de\\\/?s={search_term_string}\"},\"query-input\":{\"@type\":\"PropertyValueSpecification\",\"valueRequired\":true,\"valueName\":\"search_term_string\"}}],\"inLanguage\":\"de\"},{\"@type\":\"Organization\",\"@id\":\"https:\\\/\\\/www.smart-meals.nl\\\/de\\\/#organization\",\"name\":\"Smart Meals\",\"url\":\"https:\\\/\\\/www.smart-meals.nl\\\/de\\\/\",\"logo\":{\"@type\":\"ImageObject\",\"inLanguage\":\"de\",\"@id\":\"https:\\\/\\\/www.smart-meals.nl\\\/de\\\/#\\\/schema\\\/logo\\\/image\\\/\",\"url\":\"https:\\\/\\\/www.smart-meals.nl\\\/wp-content\\\/uploads\\\/2021\\\/03\\\/cropped-logo.png\",\"contentUrl\":\"https:\\\/\\\/www.smart-meals.nl\\\/wp-content\\\/uploads\\\/2021\\\/03\\\/cropped-logo.png\",\"width\":512,\"height\":512,\"caption\":\"Smart Meals\"},\"image\":{\"@id\":\"https:\\\/\\\/www.smart-meals.nl\\\/de\\\/#\\\/schema\\\/logo\\\/image\\\/\"},\"sameAs\":[\"https:\\\/\\\/www.facebook.com\\\/SmartMealsOfficial\"]}]}<\/script>\n<!-- \/ Yoast SEO plugin. -->","yoast_head_json":{"title":"N'Joy Protein-Riegel - Banane-Brownie - Smart Meals","robots":{"index":"index","follow":"follow","max-snippet":"max-snippet:-1","max-image-preview":"max-image-preview:large","max-video-preview":"max-video-preview:-1"},"canonical":"https:\/\/www.smart-meals.nl\/de\/produkt\/njoy-protein-riegel-banane-brownie\/","og_locale":"de_DE","og_type":"article","og_title":"N'Joy Protein-Riegel - Banane-Brownie - Smart Meals","og_description":"Hoher Proteingehalt von 36%  K\u00f6stliche Geschmacksrichtungen  Cremige Riegel mit einem knusprigen Belag, also keine z\u00e4hen Proteinriegel mehr  Ideal zum Mitnehmen und f\u00fcr jede Tageszeit geeignet EIN CREMIGER RIEGEL MIT KNUSPRIGEM TOPPING, REICH AN GESCHMACK UND REICH AN PROTEINEN.","og_url":"https:\/\/www.smart-meals.nl\/de\/produkt\/njoy-protein-riegel-banane-brownie\/","og_site_name":"Smart Meals","article_publisher":"https:\/\/www.facebook.com\/SmartMealsOfficial","article_modified_time":"2026-04-11T12:09:25+00:00","og_image":[{"width":640,"height":640,"url":"https:\/\/www.smart-meals.nl\/wp-content\/uploads\/2024\/11\/banaan.webp","type":"image\/webp"}],"twitter_card":"summary_large_image","schema":{"@context":"https:\/\/schema.org","@graph":[{"@type":"WebPage","@id":"https:\/\/www.smart-meals.nl\/de\/produkt\/njoy-protein-riegel-banane-brownie\/","url":"https:\/\/www.smart-meals.nl\/de\/produkt\/njoy-protein-riegel-banane-brownie\/","name":"N'Joy Protein-Riegel - Banane-Brownie - Smart Meals","isPartOf":{"@id":"https:\/\/www.smart-meals.nl\/de\/#website"},"primaryImageOfPage":{"@id":"https:\/\/www.smart-meals.nl\/de\/produkt\/njoy-protein-riegel-banane-brownie\/#primaryimage"},"image":{"@id":"https:\/\/www.smart-meals.nl\/de\/produkt\/njoy-protein-riegel-banane-brownie\/#primaryimage"},"thumbnailUrl":"https:\/\/www.smart-meals.nl\/wp-content\/uploads\/2024\/11\/banaan.webp","datePublished":"2020-10-22T13:12:36+00:00","dateModified":"2026-04-11T12:09:25+00:00","breadcrumb":{"@id":"https:\/\/www.smart-meals.nl\/de\/produkt\/njoy-protein-riegel-banane-brownie\/#breadcrumb"},"inLanguage":"de","potentialAction":[{"@type":"ReadAction","target":["https:\/\/www.smart-meals.nl\/de\/produkt\/njoy-protein-riegel-banane-brownie\/"]}]},{"@type":"ImageObject","inLanguage":"de","@id":"https:\/\/www.smart-meals.nl\/de\/produkt\/njoy-protein-riegel-banane-brownie\/#primaryimage","url":"https:\/\/www.smart-meals.nl\/wp-content\/uploads\/2024\/11\/banaan.webp","contentUrl":"https:\/\/www.smart-meals.nl\/wp-content\/uploads\/2024\/11\/banaan.webp","width":640,"height":640},{"@type":"BreadcrumbList","@id":"https:\/\/www.smart-meals.nl\/de\/produkt\/njoy-protein-riegel-banane-brownie\/#breadcrumb","itemListElement":[{"@type":"ListItem","position":1,"name":"Home","item":"https:\/\/www.smart-meals.nl\/de\/"},{"@type":"ListItem","position":2,"name":"Einkaufen","item":"https:\/\/www.smart-meals.nl\/de\/einkaufen\/"},{"@type":"ListItem","position":3,"name":"Fr\u00fchst\u00fcck &amp; Snacks","item":"https:\/\/www.smart-meals.nl\/de\/healthy\/fruhstuck-snacks\/"},{"@type":"ListItem","position":4,"name":"N&#8217;Joy Protein-Riegel &#8211; Banane-Brownie"}]},{"@type":"WebSite","@id":"https:\/\/www.smart-meals.nl\/de\/#website","url":"https:\/\/www.smart-meals.nl\/de\/","name":"Smart Meals","description":"Healthy High Protein Meals","publisher":{"@id":"https:\/\/www.smart-meals.nl\/de\/#organization"},"potentialAction":[{"@type":"SearchAction","target":{"@type":"EntryPoint","urlTemplate":"https:\/\/www.smart-meals.nl\/de\/?s={search_term_string}"},"query-input":{"@type":"PropertyValueSpecification","valueRequired":true,"valueName":"search_term_string"}}],"inLanguage":"de"},{"@type":"Organization","@id":"https:\/\/www.smart-meals.nl\/de\/#organization","name":"Smart Meals","url":"https:\/\/www.smart-meals.nl\/de\/","logo":{"@type":"ImageObject","inLanguage":"de","@id":"https:\/\/www.smart-meals.nl\/de\/#\/schema\/logo\/image\/","url":"https:\/\/www.smart-meals.nl\/wp-content\/uploads\/2021\/03\/cropped-logo.png","contentUrl":"https:\/\/www.smart-meals.nl\/wp-content\/uploads\/2021\/03\/cropped-logo.png","width":512,"height":512,"caption":"Smart Meals"},"image":{"@id":"https:\/\/www.smart-meals.nl\/de\/#\/schema\/logo\/image\/"},"sameAs":["https:\/\/www.facebook.com\/SmartMealsOfficial"]}]}},"_links":{"self":[{"href":"https:\/\/www.smart-meals.nl\/de\/wp-json\/wp\/v2\/product\/63045","targetHints":{"allow":["GET"]}}],"collection":[{"href":"https:\/\/www.smart-meals.nl\/de\/wp-json\/wp\/v2\/product"}],"about":[{"href":"https:\/\/www.smart-meals.nl\/de\/wp-json\/wp\/v2\/types\/product"}],"replies":[{"embeddable":true,"href":"https:\/\/www.smart-meals.nl\/de\/wp-json\/wp\/v2\/comments?post=63045"}],"version-history":[{"count":0,"href":"https:\/\/www.smart-meals.nl\/de\/wp-json\/wp\/v2\/product\/63045\/revisions"}],"wp:featuredmedia":[{"embeddable":true,"href":"https:\/\/www.smart-meals.nl\/de\/wp-json\/wp\/v2\/media\/63043"}],"wp:attachment":[{"href":"https:\/\/www.smart-meals.nl\/de\/wp-json\/wp\/v2\/media?parent=63045"}],"wp:term":[{"taxonomy":"product_brand","embeddable":true,"href":"https:\/\/www.smart-meals.nl\/de\/wp-json\/wp\/v2\/product_brand?post=63045"},{"taxonomy":"product_cat","embeddable":true,"href":"https:\/\/www.smart-meals.nl\/de\/wp-json\/wp\/v2\/product_cat?post=63045"},{"taxonomy":"product_tag","embeddable":true,"href":"https:\/\/www.smart-meals.nl\/de\/wp-json\/wp\/v2\/product_tag?post=63045"}],"curies":[{"name":"wp","href":"https:\/\/api.w.org\/{rel}","templated":true}]}}