{"id":79492,"date":"2025-08-25T17:17:10","date_gmt":"2025-08-25T15:17:10","guid":{"rendered":"https:\/\/www.smart-meals.nl\/product\/mini-schnitt\/"},"modified":"2025-08-25T17:17:10","modified_gmt":"2025-08-25T15:17:10","slug":"mini-schnitt","status":"publish","type":"product","link":"https:\/\/www.smart-meals.nl\/de\/produkt\/mini-schnitt\/","title":{"rendered":"Mini-Schnitt"},"content":{"rendered":"<p><strong>Mikrowelle <\/strong>(Folie vorher entfernen)<br \/>\nGefroren: 9 Minuten bei 900 Watt erhitzen.<br \/>\nAufgetaut: 5 Minuten bei 900 Watt erhitzen.<\/p>\n<p><strong>Pfanne <\/strong>(Folie vorher entfernen)<br \/>\nGefroren: +-10 Minuten erhitzen.<br \/>\nAufgetaut: +-8 Minuten erhitzen.<\/p>\n<p> Backofen (Folie vorher entfernen)<br \/>\nGefroren: +-30 Minuten bei 180\u2103 erhitzen.<br \/>\nAufgetaut: +-20 Minuten bei 180\u2103 erhitzen.<\/p>\n","protected":false},"excerpt":{"rendered":"<p>Das Paket besteht aus Mahlzeiten, die auf Ihre pers\u00f6nlichen Bed\u00fcrfnisse abgestimmt sind. Berechnet vom Ern\u00e4hrungsberater auf Basis der K\u00f6rperanalyse und des von Ihnen vorgegebenen Ziels. Sie erhalten 27 Mahlzeiten f\u00fcr die ersten 10 Tage. Sie k\u00f6nnen 18 Mahlzeiten im K\u00fchlschrank aufbewahren und die restlichen 9 im Gefrierschrank. Im K\u00fchlschrank sind die Mahlzeiten nach der Lieferung eine Woche lang haltbar.  <\/p>\n<p>Nach der Kaufabwicklung und der Wahl des Liefertermins erhalten Sie.<br \/>\n-Ihren pers\u00f6nlichen Ern\u00e4hrungsplan.<br \/>\n-Die Mahlzeiten (w\u00e4hrend der Kaufabwicklung k\u00f6nnen Sie in den Kommentaren angeben, was Sie nicht m\u00f6gen)<br \/>\n-Das Handbuch mit Erkl\u00e4rungen, Tipps &amp; Tricks.<\/p>\n<p>Sie zahlen pro 1,5 Wochen und k\u00f6nnen jederzeit aufh\u00f6ren. Nach einer Woche erhalten Sie einen Zahlungslink f\u00fcr den n\u00e4chsten Teil. <\/p>\n<p><strong><a href=\"https:\/\/www.smart-meals.nl\/de\/nutri-score\/\" target=\"_blank\" rel=\"noopener\"><img decoding=\"async\" class=\"alignnone wp-image-6741\" src=\"https:\/\/www.smart-meals.nl\/wp-content\/uploads\/2021\/10\/1200px-nutri-score-a.svg-300x163-2.png\" alt=\"\" width=\"116\" height=\"63\"><\/a><\/strong><br \/>\n<strong><a href=\"https:\/\/www.smart-meals.nl\/de\/nutri-score\/\" target=\"_blank\" rel=\"noopener\">Nutri-Was? Mehr wissen<\/a><\/strong><\/p>\n","protected":false},"featured_media":54777,"comment_status":"closed","ping_status":"closed","template":"","meta":{"_acf_changed":false},"product_brand":[],"product_cat":[348],"product_tag":[],"class_list":{"0":"post-79492","1":"product","2":"type-product","3":"status-publish","4":"has-post-thumbnail","6":"product_cat-mahlzeitenpakete","7":"pa_pakket-fruhstuck-mittagessen","8":"pa_pakket-fruhstuck-mittagessen-abendessen","9":"pa_pakket-mittagessen-abendessen","11":"first","12":"instock","13":"sale","14":"taxable","15":"shipping-taxable","16":"purchasable","17":"product-type-simple"},"bundled_by":[],"bundle_stock_status":"instock","bundle_stock_quantity":null,"bundle_virtual":false,"bundle_layout":"","bundle_add_to_cart_form_location":"","bundle_editable_in_cart":false,"bundle_sold_individually_context":"","bundle_item_grouping":"","bundle_min_size":"","bundle_max_size":"","bundle_price":[],"bundled_items":[],"bundle_sell_ids":[],"acf":[],"yoast_head":"<!-- This site is optimized with the Yoast SEO plugin v27.4 - https:\/\/yoast.com\/product\/yoast-seo-wordpress\/ -->\n<title>Mini-Schnitt - Smart Meals<\/title>\n<meta name=\"robots\" content=\"index, follow, max-snippet:-1, max-image-preview:large, max-video-preview:-1\" \/>\n<link rel=\"canonical\" href=\"https:\/\/www.smart-meals.nl\/de\/produkt\/mini-schnitt\/\" \/>\n<meta property=\"og:locale\" content=\"de_DE\" \/>\n<meta property=\"og:type\" content=\"article\" \/>\n<meta property=\"og:title\" content=\"Mini-Schnitt - Smart Meals\" \/>\n<meta property=\"og:description\" content=\"Das Paket besteht aus Mahlzeiten, die auf Ihre pers\u00f6nlichen Bed\u00fcrfnisse abgestimmt sind. Berechnet vom Ern\u00e4hrungsberater auf Basis der K\u00f6rperanalyse und des von Ihnen vorgegebenen Ziels. Sie erhalten 27 Mahlzeiten f\u00fcr die ersten 10 Tage. Sie k\u00f6nnen 18 Mahlzeiten im K\u00fchlschrank aufbewahren und die restlichen 9 im Gefrierschrank. Im K\u00fchlschrank sind die Mahlzeiten nach der Lieferung eine Woche lang haltbar.  Nach der Kaufabwicklung und der Wahl des Liefertermins erhalten Sie. -Ihren pers\u00f6nlichen Ern\u00e4hrungsplan. -Die Mahlzeiten (w\u00e4hrend der Kaufabwicklung k\u00f6nnen Sie in den Kommentaren angeben, was Sie nicht m\u00f6gen) -Das Handbuch mit Erkl\u00e4rungen, Tipps &amp; Tricks. Sie zahlen pro 1,5 Wochen und k\u00f6nnen jederzeit aufh\u00f6ren. Nach einer Woche erhalten Sie einen Zahlungslink f\u00fcr den n\u00e4chsten Teil.  Nutri-Was? Mehr wissen\" \/>\n<meta property=\"og:url\" content=\"https:\/\/www.smart-meals.nl\/de\/produkt\/mini-schnitt\/\" \/>\n<meta property=\"og:site_name\" content=\"Smart Meals\" \/>\n<meta property=\"article:publisher\" content=\"https:\/\/www.facebook.com\/SmartMealsOfficial\" \/>\n<meta property=\"og:image\" content=\"https:\/\/www.smart-meals.nl\/wp-content\/uploads\/2021\/11\/Beef-Pack-Borden.jpg\" \/>\n\t<meta property=\"og:image:width\" content=\"800\" \/>\n\t<meta property=\"og:image:height\" content=\"800\" \/>\n\t<meta property=\"og:image:type\" content=\"image\/jpeg\" \/>\n<meta name=\"twitter:card\" content=\"summary_large_image\" \/>\n<script type=\"application\/ld+json\" class=\"yoast-schema-graph\">{\"@context\":\"https:\\\/\\\/schema.org\",\"@graph\":[{\"@type\":\"WebPage\",\"@id\":\"https:\\\/\\\/www.smart-meals.nl\\\/de\\\/produkt\\\/mini-schnitt\\\/\",\"url\":\"https:\\\/\\\/www.smart-meals.nl\\\/de\\\/produkt\\\/mini-schnitt\\\/\",\"name\":\"Mini-Schnitt - Smart Meals\",\"isPartOf\":{\"@id\":\"https:\\\/\\\/www.smart-meals.nl\\\/de\\\/#website\"},\"primaryImageOfPage\":{\"@id\":\"https:\\\/\\\/www.smart-meals.nl\\\/de\\\/produkt\\\/mini-schnitt\\\/#primaryimage\"},\"image\":{\"@id\":\"https:\\\/\\\/www.smart-meals.nl\\\/de\\\/produkt\\\/mini-schnitt\\\/#primaryimage\"},\"thumbnailUrl\":\"https:\\\/\\\/www.smart-meals.nl\\\/wp-content\\\/uploads\\\/2023\\\/10\\\/lente-deal.jpg\",\"datePublished\":\"2025-08-25T15:17:10+00:00\",\"breadcrumb\":{\"@id\":\"https:\\\/\\\/www.smart-meals.nl\\\/de\\\/produkt\\\/mini-schnitt\\\/#breadcrumb\"},\"inLanguage\":\"de\",\"potentialAction\":[{\"@type\":\"ReadAction\",\"target\":[\"https:\\\/\\\/www.smart-meals.nl\\\/de\\\/produkt\\\/mini-schnitt\\\/\"]}]},{\"@type\":\"ImageObject\",\"inLanguage\":\"de\",\"@id\":\"https:\\\/\\\/www.smart-meals.nl\\\/de\\\/produkt\\\/mini-schnitt\\\/#primaryimage\",\"url\":\"https:\\\/\\\/www.smart-meals.nl\\\/wp-content\\\/uploads\\\/2023\\\/10\\\/lente-deal.jpg\",\"contentUrl\":\"https:\\\/\\\/www.smart-meals.nl\\\/wp-content\\\/uploads\\\/2023\\\/10\\\/lente-deal.jpg\",\"width\":800,\"height\":800},{\"@type\":\"BreadcrumbList\",\"@id\":\"https:\\\/\\\/www.smart-meals.nl\\\/de\\\/produkt\\\/mini-schnitt\\\/#breadcrumb\",\"itemListElement\":[{\"@type\":\"ListItem\",\"position\":1,\"name\":\"Home\",\"item\":\"https:\\\/\\\/www.smart-meals.nl\\\/de\\\/\"},{\"@type\":\"ListItem\",\"position\":2,\"name\":\"Einkaufen\",\"item\":\"https:\\\/\\\/www.smart-meals.nl\\\/de\\\/einkaufen\\\/\"},{\"@type\":\"ListItem\",\"position\":3,\"name\":\"Mahlzeitenpakete\",\"item\":\"https:\\\/\\\/www.smart-meals.nl\\\/de\\\/healthy\\\/mahlzeitenpakete\\\/\"},{\"@type\":\"ListItem\",\"position\":4,\"name\":\"Mini-Schnitt\"}]},{\"@type\":\"WebSite\",\"@id\":\"https:\\\/\\\/www.smart-meals.nl\\\/de\\\/#website\",\"url\":\"https:\\\/\\\/www.smart-meals.nl\\\/de\\\/\",\"name\":\"Smart Meals\",\"description\":\"Healthy High Protein Meals\",\"publisher\":{\"@id\":\"https:\\\/\\\/www.smart-meals.nl\\\/de\\\/#organization\"},\"potentialAction\":[{\"@type\":\"SearchAction\",\"target\":{\"@type\":\"EntryPoint\",\"urlTemplate\":\"https:\\\/\\\/www.smart-meals.nl\\\/de\\\/?s={search_term_string}\"},\"query-input\":{\"@type\":\"PropertyValueSpecification\",\"valueRequired\":true,\"valueName\":\"search_term_string\"}}],\"inLanguage\":\"de\"},{\"@type\":\"Organization\",\"@id\":\"https:\\\/\\\/www.smart-meals.nl\\\/de\\\/#organization\",\"name\":\"Smart Meals\",\"url\":\"https:\\\/\\\/www.smart-meals.nl\\\/de\\\/\",\"logo\":{\"@type\":\"ImageObject\",\"inLanguage\":\"de\",\"@id\":\"https:\\\/\\\/www.smart-meals.nl\\\/de\\\/#\\\/schema\\\/logo\\\/image\\\/\",\"url\":\"https:\\\/\\\/www.smart-meals.nl\\\/wp-content\\\/uploads\\\/2021\\\/03\\\/cropped-logo.png\",\"contentUrl\":\"https:\\\/\\\/www.smart-meals.nl\\\/wp-content\\\/uploads\\\/2021\\\/03\\\/cropped-logo.png\",\"width\":512,\"height\":512,\"caption\":\"Smart Meals\"},\"image\":{\"@id\":\"https:\\\/\\\/www.smart-meals.nl\\\/de\\\/#\\\/schema\\\/logo\\\/image\\\/\"},\"sameAs\":[\"https:\\\/\\\/www.facebook.com\\\/SmartMealsOfficial\"]}]}<\/script>\n<!-- \/ Yoast SEO plugin. -->","yoast_head_json":{"title":"Mini-Schnitt - Smart Meals","robots":{"index":"index","follow":"follow","max-snippet":"max-snippet:-1","max-image-preview":"max-image-preview:large","max-video-preview":"max-video-preview:-1"},"canonical":"https:\/\/www.smart-meals.nl\/de\/produkt\/mini-schnitt\/","og_locale":"de_DE","og_type":"article","og_title":"Mini-Schnitt - Smart Meals","og_description":"Das Paket besteht aus Mahlzeiten, die auf Ihre pers\u00f6nlichen Bed\u00fcrfnisse abgestimmt sind. Berechnet vom Ern\u00e4hrungsberater auf Basis der K\u00f6rperanalyse und des von Ihnen vorgegebenen Ziels. Sie erhalten 27 Mahlzeiten f\u00fcr die ersten 10 Tage. Sie k\u00f6nnen 18 Mahlzeiten im K\u00fchlschrank aufbewahren und die restlichen 9 im Gefrierschrank. Im K\u00fchlschrank sind die Mahlzeiten nach der Lieferung eine Woche lang haltbar.  Nach der Kaufabwicklung und der Wahl des Liefertermins erhalten Sie. -Ihren pers\u00f6nlichen Ern\u00e4hrungsplan. -Die Mahlzeiten (w\u00e4hrend der Kaufabwicklung k\u00f6nnen Sie in den Kommentaren angeben, was Sie nicht m\u00f6gen) -Das Handbuch mit Erkl\u00e4rungen, Tipps &amp; Tricks. Sie zahlen pro 1,5 Wochen und k\u00f6nnen jederzeit aufh\u00f6ren. Nach einer Woche erhalten Sie einen Zahlungslink f\u00fcr den n\u00e4chsten Teil.  Nutri-Was? Mehr wissen","og_url":"https:\/\/www.smart-meals.nl\/de\/produkt\/mini-schnitt\/","og_site_name":"Smart Meals","article_publisher":"https:\/\/www.facebook.com\/SmartMealsOfficial","og_image":[{"width":800,"height":800,"url":"https:\/\/www.smart-meals.nl\/wp-content\/uploads\/2021\/11\/Beef-Pack-Borden.jpg","type":"image\/jpeg"}],"twitter_card":"summary_large_image","schema":{"@context":"https:\/\/schema.org","@graph":[{"@type":"WebPage","@id":"https:\/\/www.smart-meals.nl\/de\/produkt\/mini-schnitt\/","url":"https:\/\/www.smart-meals.nl\/de\/produkt\/mini-schnitt\/","name":"Mini-Schnitt - Smart Meals","isPartOf":{"@id":"https:\/\/www.smart-meals.nl\/de\/#website"},"primaryImageOfPage":{"@id":"https:\/\/www.smart-meals.nl\/de\/produkt\/mini-schnitt\/#primaryimage"},"image":{"@id":"https:\/\/www.smart-meals.nl\/de\/produkt\/mini-schnitt\/#primaryimage"},"thumbnailUrl":"https:\/\/www.smart-meals.nl\/wp-content\/uploads\/2023\/10\/lente-deal.jpg","datePublished":"2025-08-25T15:17:10+00:00","breadcrumb":{"@id":"https:\/\/www.smart-meals.nl\/de\/produkt\/mini-schnitt\/#breadcrumb"},"inLanguage":"de","potentialAction":[{"@type":"ReadAction","target":["https:\/\/www.smart-meals.nl\/de\/produkt\/mini-schnitt\/"]}]},{"@type":"ImageObject","inLanguage":"de","@id":"https:\/\/www.smart-meals.nl\/de\/produkt\/mini-schnitt\/#primaryimage","url":"https:\/\/www.smart-meals.nl\/wp-content\/uploads\/2023\/10\/lente-deal.jpg","contentUrl":"https:\/\/www.smart-meals.nl\/wp-content\/uploads\/2023\/10\/lente-deal.jpg","width":800,"height":800},{"@type":"BreadcrumbList","@id":"https:\/\/www.smart-meals.nl\/de\/produkt\/mini-schnitt\/#breadcrumb","itemListElement":[{"@type":"ListItem","position":1,"name":"Home","item":"https:\/\/www.smart-meals.nl\/de\/"},{"@type":"ListItem","position":2,"name":"Einkaufen","item":"https:\/\/www.smart-meals.nl\/de\/einkaufen\/"},{"@type":"ListItem","position":3,"name":"Mahlzeitenpakete","item":"https:\/\/www.smart-meals.nl\/de\/healthy\/mahlzeitenpakete\/"},{"@type":"ListItem","position":4,"name":"Mini-Schnitt"}]},{"@type":"WebSite","@id":"https:\/\/www.smart-meals.nl\/de\/#website","url":"https:\/\/www.smart-meals.nl\/de\/","name":"Smart Meals","description":"Healthy High Protein Meals","publisher":{"@id":"https:\/\/www.smart-meals.nl\/de\/#organization"},"potentialAction":[{"@type":"SearchAction","target":{"@type":"EntryPoint","urlTemplate":"https:\/\/www.smart-meals.nl\/de\/?s={search_term_string}"},"query-input":{"@type":"PropertyValueSpecification","valueRequired":true,"valueName":"search_term_string"}}],"inLanguage":"de"},{"@type":"Organization","@id":"https:\/\/www.smart-meals.nl\/de\/#organization","name":"Smart Meals","url":"https:\/\/www.smart-meals.nl\/de\/","logo":{"@type":"ImageObject","inLanguage":"de","@id":"https:\/\/www.smart-meals.nl\/de\/#\/schema\/logo\/image\/","url":"https:\/\/www.smart-meals.nl\/wp-content\/uploads\/2021\/03\/cropped-logo.png","contentUrl":"https:\/\/www.smart-meals.nl\/wp-content\/uploads\/2021\/03\/cropped-logo.png","width":512,"height":512,"caption":"Smart Meals"},"image":{"@id":"https:\/\/www.smart-meals.nl\/de\/#\/schema\/logo\/image\/"},"sameAs":["https:\/\/www.facebook.com\/SmartMealsOfficial"]}]}},"_links":{"self":[{"href":"https:\/\/www.smart-meals.nl\/de\/wp-json\/wp\/v2\/product\/79492","targetHints":{"allow":["GET"]}}],"collection":[{"href":"https:\/\/www.smart-meals.nl\/de\/wp-json\/wp\/v2\/product"}],"about":[{"href":"https:\/\/www.smart-meals.nl\/de\/wp-json\/wp\/v2\/types\/product"}],"replies":[{"embeddable":true,"href":"https:\/\/www.smart-meals.nl\/de\/wp-json\/wp\/v2\/comments?post=79492"}],"version-history":[{"count":0,"href":"https:\/\/www.smart-meals.nl\/de\/wp-json\/wp\/v2\/product\/79492\/revisions"}],"wp:featuredmedia":[{"embeddable":true,"href":"https:\/\/www.smart-meals.nl\/de\/wp-json\/wp\/v2\/media\/54777"}],"wp:attachment":[{"href":"https:\/\/www.smart-meals.nl\/de\/wp-json\/wp\/v2\/media?parent=79492"}],"wp:term":[{"taxonomy":"product_brand","embeddable":true,"href":"https:\/\/www.smart-meals.nl\/de\/wp-json\/wp\/v2\/product_brand?post=79492"},{"taxonomy":"product_cat","embeddable":true,"href":"https:\/\/www.smart-meals.nl\/de\/wp-json\/wp\/v2\/product_cat?post=79492"},{"taxonomy":"product_tag","embeddable":true,"href":"https:\/\/www.smart-meals.nl\/de\/wp-json\/wp\/v2\/product_tag?post=79492"}],"curies":[{"name":"wp","href":"https:\/\/api.w.org\/{rel}","templated":true}]}}