{"id":86271,"date":"2021-10-11T13:50:20","date_gmt":"2021-10-11T11:50:20","guid":{"rendered":"https:\/\/www.smart-meals.nl\/product\/el-dorado-huhn-lowcarb\/"},"modified":"2026-04-20T15:11:23","modified_gmt":"2026-04-20T13:11:23","slug":"el-dorado-huhn-lowcarb","status":"publish","type":"product","link":"https:\/\/www.smart-meals.nl\/de\/produkt\/el-dorado-huhn-lowcarb\/","title":{"rendered":"El Dorado-Huhn [LowCarb]"},"content":{"rendered":"<table data-path-to-node=\"4\">\n<thead>\n<tr>\n<td><strong>N\u00e4hrwertangaben<\/strong><\/td>\n<td><strong>Pro 100g<\/strong><\/td>\n<td><strong>Pro Portion (430g)<\/strong><\/td>\n<\/tr>\n<\/thead>\n<tbody>\n<tr>\n<td><span data-path-to-node=\"4,1,0,0\"><b>Energie<\/b><\/span><\/td>\n<td><span data-path-to-node=\"4,1,1,0\">81 kcal<\/span><\/td>\n<td><span data-path-to-node=\"4,1,2,0\">351 kcal<\/span><\/td>\n<\/tr>\n<tr>\n<td><span data-path-to-node=\"4,2,0,0\"><b>Fette<\/b><\/span><\/td>\n<td><span data-path-to-node=\"4,2,1,0\">1,7 g<\/span><\/td>\n<td><span data-path-to-node=\"4,2,2,0\">7,3 g<\/span><\/td>\n<\/tr>\n<tr>\n<td><span data-path-to-node=\"4,3,0,0\">davon ges\u00e4ttigt<\/span><\/td>\n<td><span data-path-to-node=\"4,3,1,0\">0,4 g<\/span><\/td>\n<td><span data-path-to-node=\"4,3,2,0\">1,8 g<\/span><\/td>\n<\/tr>\n<tr>\n<td><span data-path-to-node=\"4,4,0,0\"><b>Kohlenhydrate<\/b><\/span><\/td>\n<td><span data-path-to-node=\"4,4,1,0\">4,8 g<\/span><\/td>\n<td><span data-path-to-node=\"4,4,2,0\">20,7 g<\/span><\/td>\n<\/tr>\n<tr>\n<td><span data-path-to-node=\"4,5,0,0\">davon Zucker<\/span><\/td>\n<td><span data-path-to-node=\"4,5,1,0\">1,8 g<\/span><\/td>\n<td><span data-path-to-node=\"4,5,2,0\">7,7 g<\/span><\/td>\n<\/tr>\n<tr>\n<td><span data-path-to-node=\"4,6,0,0\"><b>Fasern<\/b><\/span><\/td>\n<td><span data-path-to-node=\"4,6,1,0\">1,8 g<\/span><\/td>\n<td><span data-path-to-node=\"4,6,2,0\">7,8 g<\/span><\/td>\n<\/tr>\n<tr>\n<td><span data-path-to-node=\"4,7,0,0\"><b>Eiwei\u00df<\/b><\/span><\/td>\n<td><span data-path-to-node=\"4,7,1,0\">10,9 g<\/span><\/td>\n<td><span data-path-to-node=\"4,7,2,0\">46,7 g<\/span><\/td>\n<\/tr>\n<tr>\n<td><span data-path-to-node=\"4,8,0,0\"><b>Salz<\/b><\/span><\/td>\n<td><span data-path-to-node=\"4,8,1,0\">0,5 g<\/span><\/td>\n<td><span data-path-to-node=\"4,8,2,0\">1,9 g<\/span><\/td>\n<\/tr>\n<\/tbody>\n<\/table>\n<p>Zutaten: 35% Huhn, 65% Quinoa, Wasser, Gem\u00fcse (Sojabohnen, Erbsen, Blumenkohl, Mais, schwarze Bohnen, Paprika, Tomaten, Fr\u00fchlingszwiebeln), Mango, Sonnenblumen\u00f6l, Cranberries, Essig, Zucker, Salz, Traubenzucker, Palm\u00f6l, Kokosmilch, Zitronensaft, Zitrusfasern, Knoblauch, Kr\u00e4uter, Gew\u00fcrze, Aroma, Paprikaextrakt.<\/p>\n","protected":false},"excerpt":{"rendered":"<p>430gr | 351kcal | 46,7g Eiwei\u00df | 20,7g Kohlenhydrate | 7,3g Fett<\/p>\n<p>K\u00f6stliche Kombination aus wei\u00dfem und rotem Quinoa, Edamame-Sojabohnen, Blumenkohl, Erbsen, schwarzen Bohnen, Mais, gegrillter roter Paprika, Mango, gew\u00fcrfelten Tomaten und Fr\u00fchlingszwiebeln, angereichert mit getrockneten Cranberries.<\/p>\n<p>-6 Monate haltbar im Gefrierschrank.<br \/>\n&#8211; Nach Erhalt 5 Tage haltbar im K\u00fchlschrank.<\/p>\n<p><img decoding=\"async\" class=\"alignnone wp-image-49002\" src=\"https:\/\/www.smart-meals.nl\/wp-content\/uploads\/2021\/10\/Icons-300x300.png\" alt=\"\" width=\"45\" height=\"45\" srcset=\"https:\/\/www.smart-meals.nl\/wp-content\/uploads\/2021\/10\/Icons-300x300.png 300w, https:\/\/www.smart-meals.nl\/wp-content\/uploads\/2021\/10\/Icons-150x150.png 150w, https:\/\/www.smart-meals.nl\/wp-content\/uploads\/2021\/10\/Icons-100x100.png 100w, https:\/\/www.smart-meals.nl\/wp-content\/uploads\/2021\/10\/Icons.png 500w\" sizes=\"(max-width: 45px) 100vw, 45px\" \/> <img decoding=\"async\" class=\"alignnone wp-image-49005\" src=\"https:\/\/www.smart-meals.nl\/wp-content\/uploads\/2021\/10\/Icons7-300x300.png\" alt=\"\" width=\"45\" height=\"45\" srcset=\"https:\/\/www.smart-meals.nl\/wp-content\/uploads\/2021\/10\/Icons7-300x300.png 300w, https:\/\/www.smart-meals.nl\/wp-content\/uploads\/2021\/10\/Icons7-150x150.png 150w, https:\/\/www.smart-meals.nl\/wp-content\/uploads\/2021\/10\/Icons7-100x100.png 100w, https:\/\/www.smart-meals.nl\/wp-content\/uploads\/2021\/10\/Icons7.png 500w\" sizes=\"(max-width: 45px) 100vw, 45px\" \/> <img decoding=\"async\" class=\"alignnone wp-image-49008\" src=\"https:\/\/www.smart-meals.nl\/wp-content\/uploads\/2021\/10\/Icons4-300x300.png\" alt=\"\" width=\"45\" height=\"45\" srcset=\"https:\/\/www.smart-meals.nl\/wp-content\/uploads\/2021\/10\/Icons4-300x300.png 300w, https:\/\/www.smart-meals.nl\/wp-content\/uploads\/2021\/10\/Icons4-150x150.png 150w, https:\/\/www.smart-meals.nl\/wp-content\/uploads\/2021\/10\/Icons4-100x100.png 100w, https:\/\/www.smart-meals.nl\/wp-content\/uploads\/2021\/10\/Icons4.png 500w\" sizes=\"(max-width: 45px) 100vw, 45px\" \/> <img loading=\"lazy\" decoding=\"async\" class=\"alignnone wp-image-49011\" src=\"https:\/\/www.smart-meals.nl\/wp-content\/uploads\/2021\/10\/Icons5-300x300.png\" alt=\"\" width=\"45\" height=\"45\" srcset=\"https:\/\/www.smart-meals.nl\/wp-content\/uploads\/2021\/10\/Icons5-300x300.png 300w, https:\/\/www.smart-meals.nl\/wp-content\/uploads\/2021\/10\/Icons5-150x150.png 150w, https:\/\/www.smart-meals.nl\/wp-content\/uploads\/2021\/10\/Icons5-100x100.png 100w, https:\/\/www.smart-meals.nl\/wp-content\/uploads\/2021\/10\/Icons5.png 500w\" sizes=\"(max-width: 45px) 100vw, 45px\" \/><\/p>\n<p><strong><a href=\"https:\/\/www.smart-meals.nl\/de\/nutri-score\/\" target=\"_blank\" rel=\"noopener\"><img loading=\"lazy\" decoding=\"async\" class=\"alignnone wp-image-6741\" src=\"https:\/\/www.smart-meals.nl\/wp-content\/uploads\/2021\/10\/1200px-nutri-score-a.svg-300x163-2.png\" alt=\"\" width=\"116\" height=\"63\"><\/a><\/strong><\/p>\n","protected":false},"featured_media":86244,"comment_status":"open","ping_status":"closed","template":"","meta":{"_acf_changed":false},"product_brand":[],"product_cat":[329,327,326],"product_tag":[],"class_list":{"0":"post-86271","1":"product","2":"type-product","3":"status-publish","4":"has-post-thumbnail","6":"product_cat-250-kcal-de","7":"product_cat-400-kcal-de","8":"product_cat-fettabbau-keto","10":"first","11":"instock","12":"sale","13":"taxable","14":"shipping-taxable","15":"purchasable","16":"product-type-simple"},"bundled_by":[],"bundle_stock_status":"instock","bundle_stock_quantity":11,"bundle_virtual":false,"bundle_layout":"","bundle_add_to_cart_form_location":"","bundle_editable_in_cart":false,"bundle_sold_individually_context":"","bundle_item_grouping":"","bundle_min_size":"","bundle_max_size":"","bundle_price":[],"bundled_items":[],"bundle_sell_ids":[],"acf":[],"yoast_head":"<!-- This site is optimized with the Yoast SEO plugin v27.4 - https:\/\/yoast.com\/product\/yoast-seo-wordpress\/ -->\n<title>El Dorado-Huhn [LowCarb] - Smart Meals<\/title>\n<meta name=\"robots\" content=\"index, follow, max-snippet:-1, max-image-preview:large, max-video-preview:-1\" \/>\n<link rel=\"canonical\" href=\"https:\/\/www.smart-meals.nl\/de\/produkt\/el-dorado-huhn-lowcarb\/\" \/>\n<meta property=\"og:locale\" content=\"de_DE\" \/>\n<meta property=\"og:type\" content=\"article\" \/>\n<meta property=\"og:title\" content=\"El Dorado-Huhn [LowCarb] - Smart Meals\" \/>\n<meta property=\"og:description\" content=\"430gr | 351kcal | 46,7g Eiwei\u00df | 20,7g Kohlenhydrate | 7,3g Fett K\u00f6stliche Kombination aus wei\u00dfem und rotem Quinoa, Edamame-Sojabohnen, Blumenkohl, Erbsen, schwarzen Bohnen, Mais, gegrillter roter Paprika, Mango, gew\u00fcrfelten Tomaten und Fr\u00fchlingszwiebeln, angereichert mit getrockneten Cranberries. -6 Monate haltbar im Gefrierschrank. - Nach Erhalt 5 Tage haltbar im K\u00fchlschrank.\" \/>\n<meta property=\"og:url\" content=\"https:\/\/www.smart-meals.nl\/de\/produkt\/el-dorado-huhn-lowcarb\/\" \/>\n<meta property=\"og:site_name\" content=\"Smart Meals\" \/>\n<meta property=\"article:publisher\" content=\"https:\/\/www.facebook.com\/SmartMealsOfficial\" \/>\n<meta property=\"article:modified_time\" content=\"2026-04-20T13:11:23+00:00\" \/>\n<meta property=\"og:image\" content=\"https:\/\/www.smart-meals.nl\/wp-content\/uploads\/2025\/11\/NEW-Eldorado-Chicken.jpg\" \/>\n\t<meta property=\"og:image:width\" content=\"500\" \/>\n\t<meta property=\"og:image:height\" content=\"500\" \/>\n\t<meta property=\"og:image:type\" content=\"image\/jpeg\" \/>\n<meta name=\"twitter:card\" content=\"summary_large_image\" \/>\n<script type=\"application\/ld+json\" class=\"yoast-schema-graph\">{\"@context\":\"https:\\\/\\\/schema.org\",\"@graph\":[{\"@type\":\"WebPage\",\"@id\":\"https:\\\/\\\/www.smart-meals.nl\\\/de\\\/produkt\\\/el-dorado-huhn-lowcarb\\\/\",\"url\":\"https:\\\/\\\/www.smart-meals.nl\\\/de\\\/produkt\\\/el-dorado-huhn-lowcarb\\\/\",\"name\":\"El Dorado-Huhn [LowCarb] - Smart Meals\",\"isPartOf\":{\"@id\":\"https:\\\/\\\/www.smart-meals.nl\\\/de\\\/#website\"},\"primaryImageOfPage\":{\"@id\":\"https:\\\/\\\/www.smart-meals.nl\\\/de\\\/produkt\\\/el-dorado-huhn-lowcarb\\\/#primaryimage\"},\"image\":{\"@id\":\"https:\\\/\\\/www.smart-meals.nl\\\/de\\\/produkt\\\/el-dorado-huhn-lowcarb\\\/#primaryimage\"},\"thumbnailUrl\":\"https:\\\/\\\/www.smart-meals.nl\\\/wp-content\\\/uploads\\\/2025\\\/11\\\/NEW-Eldorado-Chicken.jpg\",\"datePublished\":\"2021-10-11T11:50:20+00:00\",\"dateModified\":\"2026-04-20T13:11:23+00:00\",\"breadcrumb\":{\"@id\":\"https:\\\/\\\/www.smart-meals.nl\\\/de\\\/produkt\\\/el-dorado-huhn-lowcarb\\\/#breadcrumb\"},\"inLanguage\":\"de\",\"potentialAction\":[{\"@type\":\"ReadAction\",\"target\":[\"https:\\\/\\\/www.smart-meals.nl\\\/de\\\/produkt\\\/el-dorado-huhn-lowcarb\\\/\"]}]},{\"@type\":\"ImageObject\",\"inLanguage\":\"de\",\"@id\":\"https:\\\/\\\/www.smart-meals.nl\\\/de\\\/produkt\\\/el-dorado-huhn-lowcarb\\\/#primaryimage\",\"url\":\"https:\\\/\\\/www.smart-meals.nl\\\/wp-content\\\/uploads\\\/2025\\\/11\\\/NEW-Eldorado-Chicken.jpg\",\"contentUrl\":\"https:\\\/\\\/www.smart-meals.nl\\\/wp-content\\\/uploads\\\/2025\\\/11\\\/NEW-Eldorado-Chicken.jpg\",\"width\":500,\"height\":500},{\"@type\":\"BreadcrumbList\",\"@id\":\"https:\\\/\\\/www.smart-meals.nl\\\/de\\\/produkt\\\/el-dorado-huhn-lowcarb\\\/#breadcrumb\",\"itemListElement\":[{\"@type\":\"ListItem\",\"position\":1,\"name\":\"Home\",\"item\":\"https:\\\/\\\/www.smart-meals.nl\\\/de\\\/\"},{\"@type\":\"ListItem\",\"position\":2,\"name\":\"Einkaufen\",\"item\":\"https:\\\/\\\/www.smart-meals.nl\\\/de\\\/einkaufen\\\/\"},{\"@type\":\"ListItem\",\"position\":3,\"name\":\"+\\\/-250 kcal\",\"item\":\"https:\\\/\\\/www.smart-meals.nl\\\/de\\\/healthy\\\/250-kcal-de\\\/\"},{\"@type\":\"ListItem\",\"position\":4,\"name\":\"El Dorado-Huhn [LowCarb]\"}]},{\"@type\":\"WebSite\",\"@id\":\"https:\\\/\\\/www.smart-meals.nl\\\/de\\\/#website\",\"url\":\"https:\\\/\\\/www.smart-meals.nl\\\/de\\\/\",\"name\":\"Smart Meals\",\"description\":\"Healthy High Protein Meals\",\"publisher\":{\"@id\":\"https:\\\/\\\/www.smart-meals.nl\\\/de\\\/#organization\"},\"potentialAction\":[{\"@type\":\"SearchAction\",\"target\":{\"@type\":\"EntryPoint\",\"urlTemplate\":\"https:\\\/\\\/www.smart-meals.nl\\\/de\\\/?s={search_term_string}\"},\"query-input\":{\"@type\":\"PropertyValueSpecification\",\"valueRequired\":true,\"valueName\":\"search_term_string\"}}],\"inLanguage\":\"de\"},{\"@type\":\"Organization\",\"@id\":\"https:\\\/\\\/www.smart-meals.nl\\\/de\\\/#organization\",\"name\":\"Smart Meals\",\"url\":\"https:\\\/\\\/www.smart-meals.nl\\\/de\\\/\",\"logo\":{\"@type\":\"ImageObject\",\"inLanguage\":\"de\",\"@id\":\"https:\\\/\\\/www.smart-meals.nl\\\/de\\\/#\\\/schema\\\/logo\\\/image\\\/\",\"url\":\"https:\\\/\\\/www.smart-meals.nl\\\/wp-content\\\/uploads\\\/2021\\\/03\\\/cropped-logo.png\",\"contentUrl\":\"https:\\\/\\\/www.smart-meals.nl\\\/wp-content\\\/uploads\\\/2021\\\/03\\\/cropped-logo.png\",\"width\":512,\"height\":512,\"caption\":\"Smart Meals\"},\"image\":{\"@id\":\"https:\\\/\\\/www.smart-meals.nl\\\/de\\\/#\\\/schema\\\/logo\\\/image\\\/\"},\"sameAs\":[\"https:\\\/\\\/www.facebook.com\\\/SmartMealsOfficial\"]}]}<\/script>\n<!-- \/ Yoast SEO plugin. -->","yoast_head_json":{"title":"El Dorado-Huhn [LowCarb] - Smart Meals","robots":{"index":"index","follow":"follow","max-snippet":"max-snippet:-1","max-image-preview":"max-image-preview:large","max-video-preview":"max-video-preview:-1"},"canonical":"https:\/\/www.smart-meals.nl\/de\/produkt\/el-dorado-huhn-lowcarb\/","og_locale":"de_DE","og_type":"article","og_title":"El Dorado-Huhn [LowCarb] - Smart Meals","og_description":"430gr | 351kcal | 46,7g Eiwei\u00df | 20,7g Kohlenhydrate | 7,3g Fett K\u00f6stliche Kombination aus wei\u00dfem und rotem Quinoa, Edamame-Sojabohnen, Blumenkohl, Erbsen, schwarzen Bohnen, Mais, gegrillter roter Paprika, Mango, gew\u00fcrfelten Tomaten und Fr\u00fchlingszwiebeln, angereichert mit getrockneten Cranberries. -6 Monate haltbar im Gefrierschrank. - Nach Erhalt 5 Tage haltbar im K\u00fchlschrank.","og_url":"https:\/\/www.smart-meals.nl\/de\/produkt\/el-dorado-huhn-lowcarb\/","og_site_name":"Smart Meals","article_publisher":"https:\/\/www.facebook.com\/SmartMealsOfficial","article_modified_time":"2026-04-20T13:11:23+00:00","og_image":[{"width":500,"height":500,"url":"https:\/\/www.smart-meals.nl\/wp-content\/uploads\/2025\/11\/NEW-Eldorado-Chicken.jpg","type":"image\/jpeg"}],"twitter_card":"summary_large_image","schema":{"@context":"https:\/\/schema.org","@graph":[{"@type":"WebPage","@id":"https:\/\/www.smart-meals.nl\/de\/produkt\/el-dorado-huhn-lowcarb\/","url":"https:\/\/www.smart-meals.nl\/de\/produkt\/el-dorado-huhn-lowcarb\/","name":"El Dorado-Huhn [LowCarb] - Smart Meals","isPartOf":{"@id":"https:\/\/www.smart-meals.nl\/de\/#website"},"primaryImageOfPage":{"@id":"https:\/\/www.smart-meals.nl\/de\/produkt\/el-dorado-huhn-lowcarb\/#primaryimage"},"image":{"@id":"https:\/\/www.smart-meals.nl\/de\/produkt\/el-dorado-huhn-lowcarb\/#primaryimage"},"thumbnailUrl":"https:\/\/www.smart-meals.nl\/wp-content\/uploads\/2025\/11\/NEW-Eldorado-Chicken.jpg","datePublished":"2021-10-11T11:50:20+00:00","dateModified":"2026-04-20T13:11:23+00:00","breadcrumb":{"@id":"https:\/\/www.smart-meals.nl\/de\/produkt\/el-dorado-huhn-lowcarb\/#breadcrumb"},"inLanguage":"de","potentialAction":[{"@type":"ReadAction","target":["https:\/\/www.smart-meals.nl\/de\/produkt\/el-dorado-huhn-lowcarb\/"]}]},{"@type":"ImageObject","inLanguage":"de","@id":"https:\/\/www.smart-meals.nl\/de\/produkt\/el-dorado-huhn-lowcarb\/#primaryimage","url":"https:\/\/www.smart-meals.nl\/wp-content\/uploads\/2025\/11\/NEW-Eldorado-Chicken.jpg","contentUrl":"https:\/\/www.smart-meals.nl\/wp-content\/uploads\/2025\/11\/NEW-Eldorado-Chicken.jpg","width":500,"height":500},{"@type":"BreadcrumbList","@id":"https:\/\/www.smart-meals.nl\/de\/produkt\/el-dorado-huhn-lowcarb\/#breadcrumb","itemListElement":[{"@type":"ListItem","position":1,"name":"Home","item":"https:\/\/www.smart-meals.nl\/de\/"},{"@type":"ListItem","position":2,"name":"Einkaufen","item":"https:\/\/www.smart-meals.nl\/de\/einkaufen\/"},{"@type":"ListItem","position":3,"name":"+\/-250 kcal","item":"https:\/\/www.smart-meals.nl\/de\/healthy\/250-kcal-de\/"},{"@type":"ListItem","position":4,"name":"El Dorado-Huhn [LowCarb]"}]},{"@type":"WebSite","@id":"https:\/\/www.smart-meals.nl\/de\/#website","url":"https:\/\/www.smart-meals.nl\/de\/","name":"Smart Meals","description":"Healthy High Protein Meals","publisher":{"@id":"https:\/\/www.smart-meals.nl\/de\/#organization"},"potentialAction":[{"@type":"SearchAction","target":{"@type":"EntryPoint","urlTemplate":"https:\/\/www.smart-meals.nl\/de\/?s={search_term_string}"},"query-input":{"@type":"PropertyValueSpecification","valueRequired":true,"valueName":"search_term_string"}}],"inLanguage":"de"},{"@type":"Organization","@id":"https:\/\/www.smart-meals.nl\/de\/#organization","name":"Smart Meals","url":"https:\/\/www.smart-meals.nl\/de\/","logo":{"@type":"ImageObject","inLanguage":"de","@id":"https:\/\/www.smart-meals.nl\/de\/#\/schema\/logo\/image\/","url":"https:\/\/www.smart-meals.nl\/wp-content\/uploads\/2021\/03\/cropped-logo.png","contentUrl":"https:\/\/www.smart-meals.nl\/wp-content\/uploads\/2021\/03\/cropped-logo.png","width":512,"height":512,"caption":"Smart Meals"},"image":{"@id":"https:\/\/www.smart-meals.nl\/de\/#\/schema\/logo\/image\/"},"sameAs":["https:\/\/www.facebook.com\/SmartMealsOfficial"]}]}},"_links":{"self":[{"href":"https:\/\/www.smart-meals.nl\/de\/wp-json\/wp\/v2\/product\/86271","targetHints":{"allow":["GET"]}}],"collection":[{"href":"https:\/\/www.smart-meals.nl\/de\/wp-json\/wp\/v2\/product"}],"about":[{"href":"https:\/\/www.smart-meals.nl\/de\/wp-json\/wp\/v2\/types\/product"}],"replies":[{"embeddable":true,"href":"https:\/\/www.smart-meals.nl\/de\/wp-json\/wp\/v2\/comments?post=86271"}],"version-history":[{"count":0,"href":"https:\/\/www.smart-meals.nl\/de\/wp-json\/wp\/v2\/product\/86271\/revisions"}],"wp:featuredmedia":[{"embeddable":true,"href":"https:\/\/www.smart-meals.nl\/de\/wp-json\/wp\/v2\/media\/86244"}],"wp:attachment":[{"href":"https:\/\/www.smart-meals.nl\/de\/wp-json\/wp\/v2\/media?parent=86271"}],"wp:term":[{"taxonomy":"product_brand","embeddable":true,"href":"https:\/\/www.smart-meals.nl\/de\/wp-json\/wp\/v2\/product_brand?post=86271"},{"taxonomy":"product_cat","embeddable":true,"href":"https:\/\/www.smart-meals.nl\/de\/wp-json\/wp\/v2\/product_cat?post=86271"},{"taxonomy":"product_tag","embeddable":true,"href":"https:\/\/www.smart-meals.nl\/de\/wp-json\/wp\/v2\/product_tag?post=86271"}],"curies":[{"name":"wp","href":"https:\/\/api.w.org\/{rel}","templated":true}]}}