{"id":89112,"date":"2022-01-09T12:50:41","date_gmt":"2022-01-09T11:50:41","guid":{"rendered":"https:\/\/www.smart-meals.nl\/product\/mexikanisches-salsa-huhn-lowcarb\/"},"modified":"2026-04-27T11:39:00","modified_gmt":"2026-04-27T09:39:00","slug":"mexikanisches-salsa-huhn-lowcarb","status":"publish","type":"product","link":"https:\/\/www.smart-meals.nl\/de\/produkt\/mexikanisches-salsa-huhn-lowcarb\/","title":{"rendered":"Mexikanisches Salsa-Huhn [LowCarb]"},"content":{"rendered":"<p><strong>Mikrowelle <\/strong>(Folie vorher entfernen)<br \/>\nGefroren: 8 Minuten bei 900 Watt aufw\u00e4rmen.<br \/>\nAufgetaut: 6 Minuten bei 900 Watt aufw\u00e4rmen.<\/p>\n<p><strong>Pfanne <\/strong>(Folie vorher entfernen)<br \/>\nGefroren: +-10 Minuten zum Aufw\u00e4rmen.<br \/>\nAufgetaut: +-7 Minuten zum Aufw\u00e4rmen.<\/p>\n<p><strong>Backofen <\/strong>(Folie vorher entfernen)<br \/>\nGefroren: +-35 Minuten bei 220\u2103 aufw\u00e4rmen.<br \/>\nAufgetaut: +-25 Minuten bei 220\u2103 aufw\u00e4rmen.<\/p>\n<h2><span class=\"c-product-description__accordiontitle j-product-description-accordion_title c-accordion-title--active c-product-description__accordiontitle--active\" aria-controls=\"description-ingredients\" data-enabled=\"true\">Zutaten<\/span><\/h2>\n<div id=\"description-ingredients\" class=\"c-product-description__accordioncontent c-product-description__accordioncontent--ingredients c-accordion-content--active\">\n<div class=\"c-product-description__content-text\">\n<div id=\"description-ingredients\" class=\"c-product-description__accordioncontent c-product-description__accordioncontent--ingredients c-accordion-content--active\">\n<div class=\"c-product-description__content-text\">\n<table class=\"table table-bordered table-condensed\" style=\"height: 615px;\" width=\"400\">\n<tbody>\n<tr>\n<td>Pro<\/td>\n<td>100 Gramm<\/td>\n<\/tr>\n<tr>\n<td>Energie<\/td>\n<td>294kJ\/ 70 kcal<\/td>\n<\/tr>\n<tr>\n<td><i>Fett<\/i><\/td>\n<td>1,3 Gramm<\/td>\n<\/tr>\n<tr>\n<td><i>davon ges\u00e4ttigt<\/i><\/td>\n<td>0.3 g<\/td>\n<\/tr>\n<tr>\n<td>Kohlenhydrate<\/td>\n<td>4,5 Gramm<\/td>\n<\/tr>\n<tr>\n<td><i>Davon Zucker<\/i><\/td>\n<td>1.0 g<\/td>\n<\/tr>\n<tr>\n<td>Fasern<\/td>\n<td>1.1 g<\/td>\n<\/tr>\n<tr>\n<td>Eiwei\u00df<\/td>\n<td>46,2 Gramm<\/td>\n<\/tr>\n<tr>\n<td>Salz<\/td>\n<td>1,3 Gramm<\/td>\n<\/tr>\n<\/tbody>\n<\/table>\n<h6><\/h6>\n<p>Gem\u00fcse (46%) (Blumenkohl, Mais, Kidneybohnen, Saubohnen, Paprika), H\u00fchnerfleisch (36%), Tomaten, Dextrose, Paprikaextrakt, Kr\u00e4uter, Gew\u00fcrze, S\u00e4uerungsmittel: Zitronens\u00e4ure.<\/p>\n<h2>Informationen zu Allergenen<\/h2>\n<p>Enth\u00e4lt: &#8230;<\/p>\n<\/div>\n<\/div>\n<\/div>\n<\/div>\n","protected":false},"excerpt":{"rendered":"<p>430 g | 299 kcal | 40,5 g Eiwei\u00df | 19,4 g Kohlenhydrate | 5,5 g Fett<\/p>\n<h2 data-path-to-node=\"2\"><b data-path-to-node=\"2\" data-index-in-node=\"0\">Eiwei\u00dfreiche Power-Mahlzeit<\/b> \ud83c\udf2e<\/h2>\n<p data-path-to-node=\"3\">G\u00f6nnen Sie sich eine Mahlzeit, die genauso hart arbeitet wie Sie selbst! Diese bunte Mischung enth\u00e4lt <b data-path-to-node=\"3\" data-index-in-node=\"89\">46 % knackiges Gem\u00fcse<\/b> und eine gro\u00dfz\u00fcgige Portion zartes <b data-path-to-node=\"3\" data-index-in-node=\"140\">H\u00fchnerfleisch (36 %)<\/b>. <\/p>\n<p data-path-to-node=\"4\">Mit einer kr\u00e4ftigen Basis aus Blumenkohl, Mais, Kidneybohnen und Erbsen genie\u00dfen Sie einen nat\u00fcrlichen Energieschub, der lange anh\u00e4lt. Verfeinert mit einem Hauch von Paprikaextrakt und einer raffinierten Gew\u00fcrzmischung f\u00fcr den authentischen, leicht pikanten Geschmack. <\/p>\n<ul data-path-to-node=\"5\">\n<li>\n<p data-path-to-node=\"5,0,0\"><b data-path-to-node=\"5,0,0\" data-index-in-node=\"0\">Hoher Proteingehalt:<\/b> F\u00fcr optimale Erholung.<\/p>\n<\/li>\n<li>\n<p data-path-to-node=\"5,1,0\"><b data-path-to-node=\"5,1,0\" data-index-in-node=\"0\">Wenig Kohlenhydrate:<\/b> Kein schweres Gef\u00fchl nach dem Essen.<\/p>\n<\/li>\n<li>\n<p data-path-to-node=\"5,2,0\"><b data-path-to-node=\"5,2,0\" data-index-in-node=\"0\">In wenigen Minuten fertig:<\/b> Schnell auf dem Tisch, ohne viel Aufhebens.<\/p>\n<\/li>\n<\/ul>\n<p data-path-to-node=\"6\"><b data-path-to-node=\"6\" data-index-in-node=\"0\">Frisch, nahrhaft und wahnsinnig lecker. Der ideale Treibstoff f\u00fcr Ihren Tag! <\/b><\/p>\n<p>-Mindestens 40 Gramm Eiwei\u00df pro Mahlzeit.<br \/>\n-3 Monate im Gefrierschrank haltbar.<br \/>\n-Nach Erhalt 7 Tage im K\u00fchlschrank aufbewahren.<\/p>\n<p>*Lowcarb\/Carb Reduced: Enth\u00e4lt mindestens 30 % weniger Kohlenhydrate als vergleichbare Mahlzeiten&#8220;.<\/p>\n<p><img decoding=\"async\" class=\"alignnone wp-image-49002\" src=\"https:\/\/www.smart-meals.nl\/wp-content\/uploads\/2021\/10\/Icons-300x300.png\" alt=\"\" width=\"45\" height=\"45\" srcset=\"https:\/\/www.smart-meals.nl\/wp-content\/uploads\/2021\/10\/Icons-300x300.png 300w, https:\/\/www.smart-meals.nl\/wp-content\/uploads\/2021\/10\/Icons-150x150.png 150w, https:\/\/www.smart-meals.nl\/wp-content\/uploads\/2021\/10\/Icons-100x100.png 100w, https:\/\/www.smart-meals.nl\/wp-content\/uploads\/2021\/10\/Icons.png 500w\" sizes=\"(max-width: 45px) 100vw, 45px\" \/><img decoding=\"async\" class=\"alignnone wp-image-49005\" src=\"https:\/\/www.smart-meals.nl\/wp-content\/uploads\/2021\/10\/Icons7-300x300.png\" alt=\"\" width=\"45\" height=\"45\" srcset=\"https:\/\/www.smart-meals.nl\/wp-content\/uploads\/2021\/10\/Icons7-300x300.png 300w, https:\/\/www.smart-meals.nl\/wp-content\/uploads\/2021\/10\/Icons7-150x150.png 150w, https:\/\/www.smart-meals.nl\/wp-content\/uploads\/2021\/10\/Icons7-100x100.png 100w, https:\/\/www.smart-meals.nl\/wp-content\/uploads\/2021\/10\/Icons7.png 500w\" sizes=\"(max-width: 45px) 100vw, 45px\" \/><img decoding=\"async\" class=\"alignnone wp-image-49008\" src=\"https:\/\/www.smart-meals.nl\/wp-content\/uploads\/2021\/10\/Icons4-300x300.png\" alt=\"\" width=\"45\" height=\"45\" srcset=\"https:\/\/www.smart-meals.nl\/wp-content\/uploads\/2021\/10\/Icons4-300x300.png 300w, https:\/\/www.smart-meals.nl\/wp-content\/uploads\/2021\/10\/Icons4-150x150.png 150w, https:\/\/www.smart-meals.nl\/wp-content\/uploads\/2021\/10\/Icons4-100x100.png 100w, https:\/\/www.smart-meals.nl\/wp-content\/uploads\/2021\/10\/Icons4.png 500w\" sizes=\"(max-width: 45px) 100vw, 45px\" \/><img loading=\"lazy\" decoding=\"async\" class=\"alignnone wp-image-49014\" src=\"https:\/\/www.smart-meals.nl\/wp-content\/uploads\/2021\/10\/Icons6-300x300.png\" alt=\"\" width=\"45\" height=\"45\" srcset=\"https:\/\/www.smart-meals.nl\/wp-content\/uploads\/2021\/10\/Icons6-300x300.png 300w, https:\/\/www.smart-meals.nl\/wp-content\/uploads\/2021\/10\/Icons6-150x150.png 150w, https:\/\/www.smart-meals.nl\/wp-content\/uploads\/2021\/10\/Icons6-100x100.png 100w, https:\/\/www.smart-meals.nl\/wp-content\/uploads\/2021\/10\/Icons6.png 500w\" sizes=\"(max-width: 45px) 100vw, 45px\" \/><img loading=\"lazy\" decoding=\"async\" class=\"alignnone wp-image-49011\" src=\"https:\/\/www.smart-meals.nl\/wp-content\/uploads\/2021\/10\/Icons5-300x300.png\" alt=\"\" width=\"45\" height=\"45\" srcset=\"https:\/\/www.smart-meals.nl\/wp-content\/uploads\/2021\/10\/Icons5-300x300.png 300w, https:\/\/www.smart-meals.nl\/wp-content\/uploads\/2021\/10\/Icons5-150x150.png 150w, https:\/\/www.smart-meals.nl\/wp-content\/uploads\/2021\/10\/Icons5-100x100.png 100w, https:\/\/www.smart-meals.nl\/wp-content\/uploads\/2021\/10\/Icons5.png 500w\" sizes=\"(max-width: 45px) 100vw, 45px\" \/><\/p>\n<p><strong><a href=\"https:\/\/www.smart-meals.nl\/de\/nutri-score\/\" target=\"_blank\" rel=\"noopener\"><img loading=\"lazy\" decoding=\"async\" class=\"alignnone wp-image-6741\" src=\"https:\/\/www.smart-meals.nl\/wp-content\/uploads\/2021\/10\/1200px-nutri-score-a.svg-300x163-2.png\" alt=\"\" width=\"116\" height=\"63\"><\/a><\/strong><\/p>\n","protected":false},"featured_media":89117,"comment_status":"open","ping_status":"closed","template":"","meta":{"_acf_changed":false},"product_brand":[],"product_cat":[329,326,328,626,315],"product_tag":[],"class_list":{"0":"post-89112","1":"product","2":"type-product","3":"status-publish","4":"has-post-thumbnail","6":"product_cat-250-kcal-de","7":"product_cat-fettabbau-keto","8":"product_cat-fit-gesund-und-besser-konzentrieren","9":"product_cat-halal-de","10":"product_cat-sportmahlzeiten","11":"pa_pakket-1-stuck","12":"pa_pakket-12-stuck","13":"pa_pakket-15-stuck","14":"pa_pakket-18-stuck","15":"pa_pakket-3-stuck","16":"pa_pakket-6-stuck","17":"pa_pakket-9-stuck","19":"first","20":"onbackorder","21":"sale","22":"taxable","23":"shipping-taxable","24":"purchasable","25":"product-type-simple"},"bundled_by":["10074"],"bundle_stock_status":"onbackorder","bundle_stock_quantity":-17,"bundle_virtual":false,"bundle_layout":"","bundle_add_to_cart_form_location":"","bundle_editable_in_cart":false,"bundle_sold_individually_context":"","bundle_item_grouping":"","bundle_min_size":"","bundle_max_size":"","bundle_price":[],"bundled_items":[],"bundle_sell_ids":[],"acf":[],"yoast_head":"<!-- This site is optimized with the Yoast SEO plugin v27.4 - https:\/\/yoast.com\/product\/yoast-seo-wordpress\/ -->\n<title>Mexikanisches Salsa-Huhn [LowCarb] - Smart Meals<\/title>\n<meta name=\"robots\" content=\"index, follow, max-snippet:-1, max-image-preview:large, max-video-preview:-1\" \/>\n<link rel=\"canonical\" href=\"https:\/\/www.smart-meals.nl\/de\/produkt\/mexikanisches-salsa-huhn-lowcarb\/\" \/>\n<meta property=\"og:locale\" content=\"de_DE\" \/>\n<meta property=\"og:type\" content=\"article\" \/>\n<meta property=\"og:title\" content=\"Mexikanisches Salsa-Huhn [LowCarb] - Smart Meals\" \/>\n<meta property=\"og:description\" content=\"430 g | 299 kcal | 40,5 g Eiwei\u00df | 19,4 g Kohlenhydrate | 5,5 g Fett Eiwei\u00dfreiche Power-Mahlzeit \ud83c\udf2e G\u00f6nnen Sie sich eine Mahlzeit, die genauso hart arbeitet wie Sie selbst! Diese bunte Mischung enth\u00e4lt 46 % knackiges Gem\u00fcse und eine gro\u00dfz\u00fcgige Portion zartes H\u00fchnerfleisch (36 %). Mit einer kr\u00e4ftigen Basis aus Blumenkohl, Mais, Kidneybohnen und Erbsen genie\u00dfen Sie einen nat\u00fcrlichen Energieschub, der lange anh\u00e4lt. Verfeinert mit einem Hauch von Paprikaextrakt und einer raffinierten Gew\u00fcrzmischung f\u00fcr den authentischen, leicht pikanten Geschmack.    Hoher Proteingehalt: F\u00fcr optimale Erholung.   Wenig Kohlenhydrate: Kein schweres Gef\u00fchl nach dem Essen.   In wenigen Minuten fertig: Schnell auf dem Tisch, ohne viel Aufhebens.  Frisch, nahrhaft und wahnsinnig lecker. Der ideale Treibstoff f\u00fcr Ihren Tag! -Mindestens 40 Gramm Eiwei\u00df pro Mahlzeit. -3 Monate im Gefrierschrank haltbar. -Nach Erhalt 7 Tage im K\u00fchlschrank aufbewahren. *Lowcarb\/Carb Reduced: Enth\u00e4lt mindestens 30 % weniger Kohlenhydrate als vergleichbare Mahlzeiten&quot;.\" \/>\n<meta property=\"og:url\" content=\"https:\/\/www.smart-meals.nl\/de\/produkt\/mexikanisches-salsa-huhn-lowcarb\/\" \/>\n<meta property=\"og:site_name\" content=\"Smart Meals\" \/>\n<meta property=\"article:publisher\" content=\"https:\/\/www.facebook.com\/SmartMealsOfficial\" \/>\n<meta property=\"article:modified_time\" content=\"2026-04-27T09:39:00+00:00\" \/>\n<meta property=\"og:image\" content=\"https:\/\/www.smart-meals.nl\/wp-content\/uploads\/2026\/01\/Mexican-Salsa-Chicken-LowCarb.jpg\" \/>\n\t<meta property=\"og:image:width\" content=\"500\" \/>\n\t<meta property=\"og:image:height\" content=\"500\" \/>\n\t<meta property=\"og:image:type\" content=\"image\/jpeg\" \/>\n<meta name=\"twitter:card\" content=\"summary_large_image\" \/>\n<script type=\"application\/ld+json\" class=\"yoast-schema-graph\">{\"@context\":\"https:\\\/\\\/schema.org\",\"@graph\":[{\"@type\":\"WebPage\",\"@id\":\"https:\\\/\\\/www.smart-meals.nl\\\/de\\\/produkt\\\/mexikanisches-salsa-huhn-lowcarb\\\/\",\"url\":\"https:\\\/\\\/www.smart-meals.nl\\\/de\\\/produkt\\\/mexikanisches-salsa-huhn-lowcarb\\\/\",\"name\":\"Mexikanisches Salsa-Huhn [LowCarb] - Smart Meals\",\"isPartOf\":{\"@id\":\"https:\\\/\\\/www.smart-meals.nl\\\/de\\\/#website\"},\"primaryImageOfPage\":{\"@id\":\"https:\\\/\\\/www.smart-meals.nl\\\/de\\\/produkt\\\/mexikanisches-salsa-huhn-lowcarb\\\/#primaryimage\"},\"image\":{\"@id\":\"https:\\\/\\\/www.smart-meals.nl\\\/de\\\/produkt\\\/mexikanisches-salsa-huhn-lowcarb\\\/#primaryimage\"},\"thumbnailUrl\":\"https:\\\/\\\/www.smart-meals.nl\\\/wp-content\\\/uploads\\\/2026\\\/01\\\/Mexican-Salsa-Chicken-LowCarb.jpg\",\"datePublished\":\"2022-01-09T11:50:41+00:00\",\"dateModified\":\"2026-04-27T09:39:00+00:00\",\"breadcrumb\":{\"@id\":\"https:\\\/\\\/www.smart-meals.nl\\\/de\\\/produkt\\\/mexikanisches-salsa-huhn-lowcarb\\\/#breadcrumb\"},\"inLanguage\":\"de\",\"potentialAction\":[{\"@type\":\"ReadAction\",\"target\":[\"https:\\\/\\\/www.smart-meals.nl\\\/de\\\/produkt\\\/mexikanisches-salsa-huhn-lowcarb\\\/\"]}]},{\"@type\":\"ImageObject\",\"inLanguage\":\"de\",\"@id\":\"https:\\\/\\\/www.smart-meals.nl\\\/de\\\/produkt\\\/mexikanisches-salsa-huhn-lowcarb\\\/#primaryimage\",\"url\":\"https:\\\/\\\/www.smart-meals.nl\\\/wp-content\\\/uploads\\\/2026\\\/01\\\/Mexican-Salsa-Chicken-LowCarb.jpg\",\"contentUrl\":\"https:\\\/\\\/www.smart-meals.nl\\\/wp-content\\\/uploads\\\/2026\\\/01\\\/Mexican-Salsa-Chicken-LowCarb.jpg\",\"width\":500,\"height\":500},{\"@type\":\"BreadcrumbList\",\"@id\":\"https:\\\/\\\/www.smart-meals.nl\\\/de\\\/produkt\\\/mexikanisches-salsa-huhn-lowcarb\\\/#breadcrumb\",\"itemListElement\":[{\"@type\":\"ListItem\",\"position\":1,\"name\":\"Home\",\"item\":\"https:\\\/\\\/www.smart-meals.nl\\\/de\\\/\"},{\"@type\":\"ListItem\",\"position\":2,\"name\":\"Einkaufen\",\"item\":\"https:\\\/\\\/www.smart-meals.nl\\\/de\\\/einkaufen\\\/\"},{\"@type\":\"ListItem\",\"position\":3,\"name\":\"+\\\/-250 kcal\",\"item\":\"https:\\\/\\\/www.smart-meals.nl\\\/de\\\/healthy\\\/250-kcal-de\\\/\"},{\"@type\":\"ListItem\",\"position\":4,\"name\":\"Mexikanisches Salsa-Huhn [LowCarb]\"}]},{\"@type\":\"WebSite\",\"@id\":\"https:\\\/\\\/www.smart-meals.nl\\\/de\\\/#website\",\"url\":\"https:\\\/\\\/www.smart-meals.nl\\\/de\\\/\",\"name\":\"Smart Meals\",\"description\":\"Healthy High Protein Meals\",\"publisher\":{\"@id\":\"https:\\\/\\\/www.smart-meals.nl\\\/de\\\/#organization\"},\"potentialAction\":[{\"@type\":\"SearchAction\",\"target\":{\"@type\":\"EntryPoint\",\"urlTemplate\":\"https:\\\/\\\/www.smart-meals.nl\\\/de\\\/?s={search_term_string}\"},\"query-input\":{\"@type\":\"PropertyValueSpecification\",\"valueRequired\":true,\"valueName\":\"search_term_string\"}}],\"inLanguage\":\"de\"},{\"@type\":\"Organization\",\"@id\":\"https:\\\/\\\/www.smart-meals.nl\\\/de\\\/#organization\",\"name\":\"Smart Meals\",\"url\":\"https:\\\/\\\/www.smart-meals.nl\\\/de\\\/\",\"logo\":{\"@type\":\"ImageObject\",\"inLanguage\":\"de\",\"@id\":\"https:\\\/\\\/www.smart-meals.nl\\\/de\\\/#\\\/schema\\\/logo\\\/image\\\/\",\"url\":\"https:\\\/\\\/www.smart-meals.nl\\\/wp-content\\\/uploads\\\/2021\\\/03\\\/cropped-logo.png\",\"contentUrl\":\"https:\\\/\\\/www.smart-meals.nl\\\/wp-content\\\/uploads\\\/2021\\\/03\\\/cropped-logo.png\",\"width\":512,\"height\":512,\"caption\":\"Smart Meals\"},\"image\":{\"@id\":\"https:\\\/\\\/www.smart-meals.nl\\\/de\\\/#\\\/schema\\\/logo\\\/image\\\/\"},\"sameAs\":[\"https:\\\/\\\/www.facebook.com\\\/SmartMealsOfficial\"]}]}<\/script>\n<!-- \/ Yoast SEO plugin. -->","yoast_head_json":{"title":"Mexikanisches Salsa-Huhn [LowCarb] - Smart Meals","robots":{"index":"index","follow":"follow","max-snippet":"max-snippet:-1","max-image-preview":"max-image-preview:large","max-video-preview":"max-video-preview:-1"},"canonical":"https:\/\/www.smart-meals.nl\/de\/produkt\/mexikanisches-salsa-huhn-lowcarb\/","og_locale":"de_DE","og_type":"article","og_title":"Mexikanisches Salsa-Huhn [LowCarb] - Smart Meals","og_description":"430 g | 299 kcal | 40,5 g Eiwei\u00df | 19,4 g Kohlenhydrate | 5,5 g Fett Eiwei\u00dfreiche Power-Mahlzeit \ud83c\udf2e G\u00f6nnen Sie sich eine Mahlzeit, die genauso hart arbeitet wie Sie selbst! Diese bunte Mischung enth\u00e4lt 46 % knackiges Gem\u00fcse und eine gro\u00dfz\u00fcgige Portion zartes H\u00fchnerfleisch (36 %). Mit einer kr\u00e4ftigen Basis aus Blumenkohl, Mais, Kidneybohnen und Erbsen genie\u00dfen Sie einen nat\u00fcrlichen Energieschub, der lange anh\u00e4lt. Verfeinert mit einem Hauch von Paprikaextrakt und einer raffinierten Gew\u00fcrzmischung f\u00fcr den authentischen, leicht pikanten Geschmack.    Hoher Proteingehalt: F\u00fcr optimale Erholung.   Wenig Kohlenhydrate: Kein schweres Gef\u00fchl nach dem Essen.   In wenigen Minuten fertig: Schnell auf dem Tisch, ohne viel Aufhebens.  Frisch, nahrhaft und wahnsinnig lecker. Der ideale Treibstoff f\u00fcr Ihren Tag! -Mindestens 40 Gramm Eiwei\u00df pro Mahlzeit. -3 Monate im Gefrierschrank haltbar. -Nach Erhalt 7 Tage im K\u00fchlschrank aufbewahren. *Lowcarb\/Carb Reduced: Enth\u00e4lt mindestens 30 % weniger Kohlenhydrate als vergleichbare Mahlzeiten\".","og_url":"https:\/\/www.smart-meals.nl\/de\/produkt\/mexikanisches-salsa-huhn-lowcarb\/","og_site_name":"Smart Meals","article_publisher":"https:\/\/www.facebook.com\/SmartMealsOfficial","article_modified_time":"2026-04-27T09:39:00+00:00","og_image":[{"width":500,"height":500,"url":"https:\/\/www.smart-meals.nl\/wp-content\/uploads\/2026\/01\/Mexican-Salsa-Chicken-LowCarb.jpg","type":"image\/jpeg"}],"twitter_card":"summary_large_image","schema":{"@context":"https:\/\/schema.org","@graph":[{"@type":"WebPage","@id":"https:\/\/www.smart-meals.nl\/de\/produkt\/mexikanisches-salsa-huhn-lowcarb\/","url":"https:\/\/www.smart-meals.nl\/de\/produkt\/mexikanisches-salsa-huhn-lowcarb\/","name":"Mexikanisches Salsa-Huhn [LowCarb] - Smart Meals","isPartOf":{"@id":"https:\/\/www.smart-meals.nl\/de\/#website"},"primaryImageOfPage":{"@id":"https:\/\/www.smart-meals.nl\/de\/produkt\/mexikanisches-salsa-huhn-lowcarb\/#primaryimage"},"image":{"@id":"https:\/\/www.smart-meals.nl\/de\/produkt\/mexikanisches-salsa-huhn-lowcarb\/#primaryimage"},"thumbnailUrl":"https:\/\/www.smart-meals.nl\/wp-content\/uploads\/2026\/01\/Mexican-Salsa-Chicken-LowCarb.jpg","datePublished":"2022-01-09T11:50:41+00:00","dateModified":"2026-04-27T09:39:00+00:00","breadcrumb":{"@id":"https:\/\/www.smart-meals.nl\/de\/produkt\/mexikanisches-salsa-huhn-lowcarb\/#breadcrumb"},"inLanguage":"de","potentialAction":[{"@type":"ReadAction","target":["https:\/\/www.smart-meals.nl\/de\/produkt\/mexikanisches-salsa-huhn-lowcarb\/"]}]},{"@type":"ImageObject","inLanguage":"de","@id":"https:\/\/www.smart-meals.nl\/de\/produkt\/mexikanisches-salsa-huhn-lowcarb\/#primaryimage","url":"https:\/\/www.smart-meals.nl\/wp-content\/uploads\/2026\/01\/Mexican-Salsa-Chicken-LowCarb.jpg","contentUrl":"https:\/\/www.smart-meals.nl\/wp-content\/uploads\/2026\/01\/Mexican-Salsa-Chicken-LowCarb.jpg","width":500,"height":500},{"@type":"BreadcrumbList","@id":"https:\/\/www.smart-meals.nl\/de\/produkt\/mexikanisches-salsa-huhn-lowcarb\/#breadcrumb","itemListElement":[{"@type":"ListItem","position":1,"name":"Home","item":"https:\/\/www.smart-meals.nl\/de\/"},{"@type":"ListItem","position":2,"name":"Einkaufen","item":"https:\/\/www.smart-meals.nl\/de\/einkaufen\/"},{"@type":"ListItem","position":3,"name":"+\/-250 kcal","item":"https:\/\/www.smart-meals.nl\/de\/healthy\/250-kcal-de\/"},{"@type":"ListItem","position":4,"name":"Mexikanisches Salsa-Huhn [LowCarb]"}]},{"@type":"WebSite","@id":"https:\/\/www.smart-meals.nl\/de\/#website","url":"https:\/\/www.smart-meals.nl\/de\/","name":"Smart Meals","description":"Healthy High Protein Meals","publisher":{"@id":"https:\/\/www.smart-meals.nl\/de\/#organization"},"potentialAction":[{"@type":"SearchAction","target":{"@type":"EntryPoint","urlTemplate":"https:\/\/www.smart-meals.nl\/de\/?s={search_term_string}"},"query-input":{"@type":"PropertyValueSpecification","valueRequired":true,"valueName":"search_term_string"}}],"inLanguage":"de"},{"@type":"Organization","@id":"https:\/\/www.smart-meals.nl\/de\/#organization","name":"Smart Meals","url":"https:\/\/www.smart-meals.nl\/de\/","logo":{"@type":"ImageObject","inLanguage":"de","@id":"https:\/\/www.smart-meals.nl\/de\/#\/schema\/logo\/image\/","url":"https:\/\/www.smart-meals.nl\/wp-content\/uploads\/2021\/03\/cropped-logo.png","contentUrl":"https:\/\/www.smart-meals.nl\/wp-content\/uploads\/2021\/03\/cropped-logo.png","width":512,"height":512,"caption":"Smart Meals"},"image":{"@id":"https:\/\/www.smart-meals.nl\/de\/#\/schema\/logo\/image\/"},"sameAs":["https:\/\/www.facebook.com\/SmartMealsOfficial"]}]}},"_links":{"self":[{"href":"https:\/\/www.smart-meals.nl\/de\/wp-json\/wp\/v2\/product\/89112","targetHints":{"allow":["GET"]}}],"collection":[{"href":"https:\/\/www.smart-meals.nl\/de\/wp-json\/wp\/v2\/product"}],"about":[{"href":"https:\/\/www.smart-meals.nl\/de\/wp-json\/wp\/v2\/types\/product"}],"replies":[{"embeddable":true,"href":"https:\/\/www.smart-meals.nl\/de\/wp-json\/wp\/v2\/comments?post=89112"}],"version-history":[{"count":3,"href":"https:\/\/www.smart-meals.nl\/de\/wp-json\/wp\/v2\/product\/89112\/revisions"}],"predecessor-version":[{"id":91178,"href":"https:\/\/www.smart-meals.nl\/de\/wp-json\/wp\/v2\/product\/89112\/revisions\/91178"}],"wp:featuredmedia":[{"embeddable":true,"href":"https:\/\/www.smart-meals.nl\/de\/wp-json\/wp\/v2\/media\/89117"}],"wp:attachment":[{"href":"https:\/\/www.smart-meals.nl\/de\/wp-json\/wp\/v2\/media?parent=89112"}],"wp:term":[{"taxonomy":"product_brand","embeddable":true,"href":"https:\/\/www.smart-meals.nl\/de\/wp-json\/wp\/v2\/product_brand?post=89112"},{"taxonomy":"product_cat","embeddable":true,"href":"https:\/\/www.smart-meals.nl\/de\/wp-json\/wp\/v2\/product_cat?post=89112"},{"taxonomy":"product_tag","embeddable":true,"href":"https:\/\/www.smart-meals.nl\/de\/wp-json\/wp\/v2\/product_tag?post=89112"}],"curies":[{"name":"wp","href":"https:\/\/api.w.org\/{rel}","templated":true}]}}