{"id":89134,"date":"2022-01-09T13:19:38","date_gmt":"2022-01-09T12:19:38","guid":{"rendered":"https:\/\/www.smart-meals.nl\/product\/huehner-tabbouleh-lowcarb\/"},"modified":"2026-04-30T19:28:04","modified_gmt":"2026-04-30T17:28:04","slug":"huehner-tabbouleh-lowcarb","status":"publish","type":"product","link":"https:\/\/www.smart-meals.nl\/de\/produkt\/huehner-tabbouleh-lowcarb\/","title":{"rendered":"H\u00fchner-Tabbouleh [LowCarb]"},"content":{"rendered":"<p><strong>Mikrowelle <\/strong>(Folie vorher entfernen)<br \/>\nGefroren: +- 8 Minuten Wiedererw\u00e4rmung bei 900 Watt.<br \/>\nAufgetaut: +- 6 Minuten Wiedererw\u00e4rmung bei 900 Watt.<\/p>\n<p><strong>Pfanne<\/strong><br \/>\nGefroren: +- 12 Minuten Wiederaufw\u00e4rmen.<br \/>\nAufgetaut: +- 7 Minuten Wiederaufw\u00e4rmen.<\/p>\n<h2><span class=\"c-product-description__accordiontitle j-product-description-accordion_title c-accordion-title--active c-product-description__accordiontitle--active\" aria-controls=\"description-ingredients\" data-enabled=\"true\">Zutaten<\/span><\/h2>\n<div id=\"description-ingredients\" class=\"c-product-description__accordioncontent c-product-description__accordioncontent--ingredients c-accordion-content--active\">\n<div class=\"c-product-description__content-text\">\n<div id=\"description-ingredients\" class=\"c-product-description__accordioncontent c-product-description__accordioncontent--ingredients c-accordion-content--active\">\n<div class=\"c-product-description__content-text\">\n<table class=\"table table-bordered table-condensed\" style=\"height: 615px;\" width=\"400\">\n<tbody>\n<tr>\n<td>Pro<\/td>\n<td>100 Gramm<\/td>\n<\/tr>\n<tr>\n<td>Energie<\/td>\n<td>319 kj\/76 kcal<\/td>\n<\/tr>\n<tr>\n<td><i>Fett<\/i><\/td>\n<td>1.7 g<\/td>\n<\/tr>\n<tr>\n<td><i>davon ges\u00e4ttigt<\/i><\/td>\n<td>0.4 g<\/td>\n<\/tr>\n<tr>\n<td>Kohlenhydrate<\/td>\n<td> 4,8 Gramm<\/td>\n<\/tr>\n<tr>\n<td><i>Davon Zucker<\/i><\/td>\n<td> 1.4 g<\/td>\n<\/tr>\n<tr>\n<td>Fasern<\/td>\n<td>1.1 g<\/td>\n<\/tr>\n<tr>\n<td>Eiwei\u00df<\/td>\n<td>9,7 Gramm<\/td>\n<\/tr>\n<tr>\n<td>Salz<\/td>\n<td>0.4 g<\/td>\n<\/tr>\n<\/tbody>\n<\/table>\n<h6><\/h6>\n<p>Weizengrie\u00df, 35% H\u00fchnerfleisch, Gem\u00fcse (Tomaten, Brokkoli, Blumenkohl, Paprika, Gurken, Zwiebeln, Oliven (Stabilisator: Ferrogluconat)), Oliven\u00f6l, Sultaninen, Zucker, Salz, Essig, Zitronensaft, Traubenzucker, Paprikaextrakt, Kr\u00e4uter, Gew\u00fcrze.<\/p>\n<h2>Informationen zu Allergenen<\/h2>\n<p>Enth\u00e4lt: &#8230;<\/p>\n<\/div>\n<\/div>\n<\/div>\n<\/div>\n","protected":false},"excerpt":{"rendered":"<p>327 kcal | 41,9 g Eiwei\u00df | 20,6 g Kohlenhydrate | 7,2 g Fett | 430 g<\/p>\n<p data-path-to-node=\"5\">Holen Sie sich einen Vorgeschmack auf den Sommer mit diesem reichhaltig gef\u00fcllten Taboul\u00e9! Wir haben das klassische Rezept aus fluffigem Weizengrie\u00df und frischem Gem\u00fcse (wie Tomaten, Gurken und Paprika) zu einer vollwertigen Mahlzeit aufgewertet. <\/p>\n<p data-path-to-node=\"6\">Mit einem Anteil von <b data-path-to-node=\"6\" data-index-in-node=\"16\">35 % zartem H\u00e4hnchenfleisch<\/b> ist dieses Gericht eine echte Proteinquelle. Der Geschmack ist ein perfektes Gleichgewicht zwischen s\u00fc\u00df und herzhaft: saftige Sultaninen und salzige Oliven tanzen zusammen mit einem frischen Dressing aus Zitronensaft, Oliven\u00f6l und feinen Kr\u00e4utern. Brokkoli und Blumenkohl sorgen f\u00fcr einen sch\u00f6nen zus\u00e4tzlichen <i data-path-to-node=\"6\" data-index-in-node=\"291\">Biss<\/i>. Ein herrlich leichtes, aber nahrhaftes Gericht.   <\/p>\n<p><img decoding=\"async\" class=\"alignnone wp-image-49002\" src=\"https:\/\/www.smart-meals.nl\/wp-content\/uploads\/2021\/10\/Icons-300x300.png\" alt=\"\" width=\"45\" height=\"45\" srcset=\"https:\/\/www.smart-meals.nl\/wp-content\/uploads\/2021\/10\/Icons-300x300.png 300w, https:\/\/www.smart-meals.nl\/wp-content\/uploads\/2021\/10\/Icons-150x150.png 150w, https:\/\/www.smart-meals.nl\/wp-content\/uploads\/2021\/10\/Icons-100x100.png 100w, https:\/\/www.smart-meals.nl\/wp-content\/uploads\/2021\/10\/Icons.png 500w\" sizes=\"(max-width: 45px) 100vw, 45px\" \/><img decoding=\"async\" class=\"alignnone wp-image-49005\" src=\"https:\/\/www.smart-meals.nl\/wp-content\/uploads\/2021\/10\/Icons7-300x300.png\" alt=\"\" width=\"45\" height=\"45\" srcset=\"https:\/\/www.smart-meals.nl\/wp-content\/uploads\/2021\/10\/Icons7-300x300.png 300w, https:\/\/www.smart-meals.nl\/wp-content\/uploads\/2021\/10\/Icons7-150x150.png 150w, https:\/\/www.smart-meals.nl\/wp-content\/uploads\/2021\/10\/Icons7-100x100.png 100w, https:\/\/www.smart-meals.nl\/wp-content\/uploads\/2021\/10\/Icons7.png 500w\" sizes=\"(max-width: 45px) 100vw, 45px\" \/><img decoding=\"async\" class=\"alignnone wp-image-49008\" src=\"https:\/\/www.smart-meals.nl\/wp-content\/uploads\/2021\/10\/Icons4-300x300.png\" alt=\"\" width=\"45\" height=\"45\" srcset=\"https:\/\/www.smart-meals.nl\/wp-content\/uploads\/2021\/10\/Icons4-300x300.png 300w, https:\/\/www.smart-meals.nl\/wp-content\/uploads\/2021\/10\/Icons4-150x150.png 150w, https:\/\/www.smart-meals.nl\/wp-content\/uploads\/2021\/10\/Icons4-100x100.png 100w, https:\/\/www.smart-meals.nl\/wp-content\/uploads\/2021\/10\/Icons4.png 500w\" sizes=\"(max-width: 45px) 100vw, 45px\" \/><img loading=\"lazy\" decoding=\"async\" class=\"alignnone wp-image-49011\" src=\"https:\/\/www.smart-meals.nl\/wp-content\/uploads\/2021\/10\/Icons5-300x300.png\" alt=\"\" width=\"45\" height=\"45\" srcset=\"https:\/\/www.smart-meals.nl\/wp-content\/uploads\/2021\/10\/Icons5-300x300.png 300w, https:\/\/www.smart-meals.nl\/wp-content\/uploads\/2021\/10\/Icons5-150x150.png 150w, https:\/\/www.smart-meals.nl\/wp-content\/uploads\/2021\/10\/Icons5-100x100.png 100w, https:\/\/www.smart-meals.nl\/wp-content\/uploads\/2021\/10\/Icons5.png 500w\" sizes=\"(max-width: 45px) 100vw, 45px\" \/><img loading=\"lazy\" decoding=\"async\" class=\"alignnone wp-image-49014\" src=\"https:\/\/www.smart-meals.nl\/wp-content\/uploads\/2021\/10\/Icons6-300x300.png\" alt=\"\" width=\"45\" height=\"45\" srcset=\"https:\/\/www.smart-meals.nl\/wp-content\/uploads\/2021\/10\/Icons6-300x300.png 300w, https:\/\/www.smart-meals.nl\/wp-content\/uploads\/2021\/10\/Icons6-150x150.png 150w, https:\/\/www.smart-meals.nl\/wp-content\/uploads\/2021\/10\/Icons6-100x100.png 100w, https:\/\/www.smart-meals.nl\/wp-content\/uploads\/2021\/10\/Icons6.png 500w\" sizes=\"(max-width: 45px) 100vw, 45px\" \/><\/p>\n<p><strong><a href=\"https:\/\/www.smart-meals.nl\/de\/nutri-score\/\" target=\"_blank\" rel=\"noopener\"><img loading=\"lazy\" decoding=\"async\" class=\"alignnone wp-image-6741\" src=\"https:\/\/www.smart-meals.nl\/wp-content\/uploads\/2021\/10\/1200px-nutri-score-a.svg-300x163-2.png\" alt=\"\" width=\"116\" height=\"63\"><\/a><\/strong><\/p>\n","protected":false},"featured_media":89130,"comment_status":"open","ping_status":"closed","template":"","meta":{"_acf_changed":false},"product_brand":[],"product_cat":[329,326],"product_tag":[],"class_list":{"0":"post-89134","1":"product","2":"type-product","3":"status-publish","4":"has-post-thumbnail","6":"product_cat-250-kcal-de","7":"product_cat-fettabbau-keto","9":"first","10":"instock","11":"sale","12":"taxable","13":"shipping-taxable","14":"purchasable","15":"product-type-simple"},"bundled_by":["10074"],"bundle_stock_status":"instock","bundle_stock_quantity":7,"bundle_virtual":false,"bundle_layout":"","bundle_add_to_cart_form_location":"","bundle_editable_in_cart":false,"bundle_sold_individually_context":"","bundle_item_grouping":"","bundle_min_size":"","bundle_max_size":"","bundle_price":[],"bundled_items":[],"bundle_sell_ids":[],"acf":[],"yoast_head":"<!-- This site is optimized with the Yoast SEO plugin v27.4 - https:\/\/yoast.com\/product\/yoast-seo-wordpress\/ -->\n<title>H\u00fchner-Tabbouleh [LowCarb] - Smart Meals<\/title>\n<meta name=\"robots\" content=\"index, follow, max-snippet:-1, max-image-preview:large, max-video-preview:-1\" \/>\n<link rel=\"canonical\" href=\"https:\/\/www.smart-meals.nl\/de\/produkt\/huehner-tabbouleh-lowcarb\/\" \/>\n<meta property=\"og:locale\" content=\"de_DE\" \/>\n<meta property=\"og:type\" content=\"article\" \/>\n<meta property=\"og:title\" content=\"H\u00fchner-Tabbouleh [LowCarb] - Smart Meals\" \/>\n<meta property=\"og:description\" content=\"327 kcal | 41,9 g Eiwei\u00df | 20,6 g Kohlenhydrate | 7,2 g Fett | 430 g Holen Sie sich einen Vorgeschmack auf den Sommer mit diesem reichhaltig gef\u00fcllten Taboul\u00e9! Wir haben das klassische Rezept aus fluffigem Weizengrie\u00df und frischem Gem\u00fcse (wie Tomaten, Gurken und Paprika) zu einer vollwertigen Mahlzeit aufgewertet. Mit einem Anteil von 35 % zartem H\u00e4hnchenfleisch ist dieses Gericht eine echte Proteinquelle. Der Geschmack ist ein perfektes Gleichgewicht zwischen s\u00fc\u00df und herzhaft: saftige Sultaninen und salzige Oliven tanzen zusammen mit einem frischen Dressing aus Zitronensaft, Oliven\u00f6l und feinen Kr\u00e4utern. Brokkoli und Blumenkohl sorgen f\u00fcr einen sch\u00f6nen zus\u00e4tzlichen Biss. Ein herrlich leichtes, aber nahrhaftes Gericht.\" \/>\n<meta property=\"og:url\" content=\"https:\/\/www.smart-meals.nl\/de\/produkt\/huehner-tabbouleh-lowcarb\/\" \/>\n<meta property=\"og:site_name\" content=\"Smart Meals\" \/>\n<meta property=\"article:publisher\" content=\"https:\/\/www.facebook.com\/SmartMealsOfficial\" \/>\n<meta property=\"article:modified_time\" content=\"2026-04-30T17:28:04+00:00\" \/>\n<meta property=\"og:image\" content=\"https:\/\/www.smart-meals.nl\/wp-content\/uploads\/2026\/01\/Chicken-Tabbouleh-LowCarb.jpg\" \/>\n\t<meta property=\"og:image:width\" content=\"500\" \/>\n\t<meta property=\"og:image:height\" content=\"500\" \/>\n\t<meta property=\"og:image:type\" content=\"image\/jpeg\" \/>\n<meta name=\"twitter:card\" content=\"summary_large_image\" \/>\n<script type=\"application\/ld+json\" class=\"yoast-schema-graph\">{\"@context\":\"https:\\\/\\\/schema.org\",\"@graph\":[{\"@type\":\"WebPage\",\"@id\":\"https:\\\/\\\/www.smart-meals.nl\\\/de\\\/produkt\\\/huehner-tabbouleh-lowcarb\\\/\",\"url\":\"https:\\\/\\\/www.smart-meals.nl\\\/de\\\/produkt\\\/huehner-tabbouleh-lowcarb\\\/\",\"name\":\"H\u00fchner-Tabbouleh [LowCarb] - Smart Meals\",\"isPartOf\":{\"@id\":\"https:\\\/\\\/www.smart-meals.nl\\\/de\\\/#website\"},\"primaryImageOfPage\":{\"@id\":\"https:\\\/\\\/www.smart-meals.nl\\\/de\\\/produkt\\\/huehner-tabbouleh-lowcarb\\\/#primaryimage\"},\"image\":{\"@id\":\"https:\\\/\\\/www.smart-meals.nl\\\/de\\\/produkt\\\/huehner-tabbouleh-lowcarb\\\/#primaryimage\"},\"thumbnailUrl\":\"https:\\\/\\\/www.smart-meals.nl\\\/wp-content\\\/uploads\\\/2026\\\/01\\\/Chicken-Tabbouleh-LowCarb.jpg\",\"datePublished\":\"2022-01-09T12:19:38+00:00\",\"dateModified\":\"2026-04-30T17:28:04+00:00\",\"breadcrumb\":{\"@id\":\"https:\\\/\\\/www.smart-meals.nl\\\/de\\\/produkt\\\/huehner-tabbouleh-lowcarb\\\/#breadcrumb\"},\"inLanguage\":\"de\",\"potentialAction\":[{\"@type\":\"ReadAction\",\"target\":[\"https:\\\/\\\/www.smart-meals.nl\\\/de\\\/produkt\\\/huehner-tabbouleh-lowcarb\\\/\"]}]},{\"@type\":\"ImageObject\",\"inLanguage\":\"de\",\"@id\":\"https:\\\/\\\/www.smart-meals.nl\\\/de\\\/produkt\\\/huehner-tabbouleh-lowcarb\\\/#primaryimage\",\"url\":\"https:\\\/\\\/www.smart-meals.nl\\\/wp-content\\\/uploads\\\/2026\\\/01\\\/Chicken-Tabbouleh-LowCarb.jpg\",\"contentUrl\":\"https:\\\/\\\/www.smart-meals.nl\\\/wp-content\\\/uploads\\\/2026\\\/01\\\/Chicken-Tabbouleh-LowCarb.jpg\",\"width\":500,\"height\":500},{\"@type\":\"BreadcrumbList\",\"@id\":\"https:\\\/\\\/www.smart-meals.nl\\\/de\\\/produkt\\\/huehner-tabbouleh-lowcarb\\\/#breadcrumb\",\"itemListElement\":[{\"@type\":\"ListItem\",\"position\":1,\"name\":\"Home\",\"item\":\"https:\\\/\\\/www.smart-meals.nl\\\/de\\\/\"},{\"@type\":\"ListItem\",\"position\":2,\"name\":\"Einkaufen\",\"item\":\"https:\\\/\\\/www.smart-meals.nl\\\/de\\\/einkaufen\\\/\"},{\"@type\":\"ListItem\",\"position\":3,\"name\":\"+\\\/-250 kcal\",\"item\":\"https:\\\/\\\/www.smart-meals.nl\\\/de\\\/healthy\\\/250-kcal-de\\\/\"},{\"@type\":\"ListItem\",\"position\":4,\"name\":\"H\u00fchner-Tabbouleh [LowCarb]\"}]},{\"@type\":\"WebSite\",\"@id\":\"https:\\\/\\\/www.smart-meals.nl\\\/de\\\/#website\",\"url\":\"https:\\\/\\\/www.smart-meals.nl\\\/de\\\/\",\"name\":\"Smart Meals\",\"description\":\"Healthy High Protein Meals\",\"publisher\":{\"@id\":\"https:\\\/\\\/www.smart-meals.nl\\\/de\\\/#organization\"},\"potentialAction\":[{\"@type\":\"SearchAction\",\"target\":{\"@type\":\"EntryPoint\",\"urlTemplate\":\"https:\\\/\\\/www.smart-meals.nl\\\/de\\\/?s={search_term_string}\"},\"query-input\":{\"@type\":\"PropertyValueSpecification\",\"valueRequired\":true,\"valueName\":\"search_term_string\"}}],\"inLanguage\":\"de\"},{\"@type\":\"Organization\",\"@id\":\"https:\\\/\\\/www.smart-meals.nl\\\/de\\\/#organization\",\"name\":\"Smart Meals\",\"url\":\"https:\\\/\\\/www.smart-meals.nl\\\/de\\\/\",\"logo\":{\"@type\":\"ImageObject\",\"inLanguage\":\"de\",\"@id\":\"https:\\\/\\\/www.smart-meals.nl\\\/de\\\/#\\\/schema\\\/logo\\\/image\\\/\",\"url\":\"https:\\\/\\\/www.smart-meals.nl\\\/wp-content\\\/uploads\\\/2021\\\/03\\\/cropped-logo.png\",\"contentUrl\":\"https:\\\/\\\/www.smart-meals.nl\\\/wp-content\\\/uploads\\\/2021\\\/03\\\/cropped-logo.png\",\"width\":512,\"height\":512,\"caption\":\"Smart Meals\"},\"image\":{\"@id\":\"https:\\\/\\\/www.smart-meals.nl\\\/de\\\/#\\\/schema\\\/logo\\\/image\\\/\"},\"sameAs\":[\"https:\\\/\\\/www.facebook.com\\\/SmartMealsOfficial\"]}]}<\/script>\n<!-- \/ Yoast SEO plugin. -->","yoast_head_json":{"title":"H\u00fchner-Tabbouleh [LowCarb] - Smart Meals","robots":{"index":"index","follow":"follow","max-snippet":"max-snippet:-1","max-image-preview":"max-image-preview:large","max-video-preview":"max-video-preview:-1"},"canonical":"https:\/\/www.smart-meals.nl\/de\/produkt\/huehner-tabbouleh-lowcarb\/","og_locale":"de_DE","og_type":"article","og_title":"H\u00fchner-Tabbouleh [LowCarb] - Smart Meals","og_description":"327 kcal | 41,9 g Eiwei\u00df | 20,6 g Kohlenhydrate | 7,2 g Fett | 430 g Holen Sie sich einen Vorgeschmack auf den Sommer mit diesem reichhaltig gef\u00fcllten Taboul\u00e9! Wir haben das klassische Rezept aus fluffigem Weizengrie\u00df und frischem Gem\u00fcse (wie Tomaten, Gurken und Paprika) zu einer vollwertigen Mahlzeit aufgewertet. Mit einem Anteil von 35 % zartem H\u00e4hnchenfleisch ist dieses Gericht eine echte Proteinquelle. Der Geschmack ist ein perfektes Gleichgewicht zwischen s\u00fc\u00df und herzhaft: saftige Sultaninen und salzige Oliven tanzen zusammen mit einem frischen Dressing aus Zitronensaft, Oliven\u00f6l und feinen Kr\u00e4utern. Brokkoli und Blumenkohl sorgen f\u00fcr einen sch\u00f6nen zus\u00e4tzlichen Biss. Ein herrlich leichtes, aber nahrhaftes Gericht.","og_url":"https:\/\/www.smart-meals.nl\/de\/produkt\/huehner-tabbouleh-lowcarb\/","og_site_name":"Smart Meals","article_publisher":"https:\/\/www.facebook.com\/SmartMealsOfficial","article_modified_time":"2026-04-30T17:28:04+00:00","og_image":[{"width":500,"height":500,"url":"https:\/\/www.smart-meals.nl\/wp-content\/uploads\/2026\/01\/Chicken-Tabbouleh-LowCarb.jpg","type":"image\/jpeg"}],"twitter_card":"summary_large_image","schema":{"@context":"https:\/\/schema.org","@graph":[{"@type":"WebPage","@id":"https:\/\/www.smart-meals.nl\/de\/produkt\/huehner-tabbouleh-lowcarb\/","url":"https:\/\/www.smart-meals.nl\/de\/produkt\/huehner-tabbouleh-lowcarb\/","name":"H\u00fchner-Tabbouleh [LowCarb] - Smart Meals","isPartOf":{"@id":"https:\/\/www.smart-meals.nl\/de\/#website"},"primaryImageOfPage":{"@id":"https:\/\/www.smart-meals.nl\/de\/produkt\/huehner-tabbouleh-lowcarb\/#primaryimage"},"image":{"@id":"https:\/\/www.smart-meals.nl\/de\/produkt\/huehner-tabbouleh-lowcarb\/#primaryimage"},"thumbnailUrl":"https:\/\/www.smart-meals.nl\/wp-content\/uploads\/2026\/01\/Chicken-Tabbouleh-LowCarb.jpg","datePublished":"2022-01-09T12:19:38+00:00","dateModified":"2026-04-30T17:28:04+00:00","breadcrumb":{"@id":"https:\/\/www.smart-meals.nl\/de\/produkt\/huehner-tabbouleh-lowcarb\/#breadcrumb"},"inLanguage":"de","potentialAction":[{"@type":"ReadAction","target":["https:\/\/www.smart-meals.nl\/de\/produkt\/huehner-tabbouleh-lowcarb\/"]}]},{"@type":"ImageObject","inLanguage":"de","@id":"https:\/\/www.smart-meals.nl\/de\/produkt\/huehner-tabbouleh-lowcarb\/#primaryimage","url":"https:\/\/www.smart-meals.nl\/wp-content\/uploads\/2026\/01\/Chicken-Tabbouleh-LowCarb.jpg","contentUrl":"https:\/\/www.smart-meals.nl\/wp-content\/uploads\/2026\/01\/Chicken-Tabbouleh-LowCarb.jpg","width":500,"height":500},{"@type":"BreadcrumbList","@id":"https:\/\/www.smart-meals.nl\/de\/produkt\/huehner-tabbouleh-lowcarb\/#breadcrumb","itemListElement":[{"@type":"ListItem","position":1,"name":"Home","item":"https:\/\/www.smart-meals.nl\/de\/"},{"@type":"ListItem","position":2,"name":"Einkaufen","item":"https:\/\/www.smart-meals.nl\/de\/einkaufen\/"},{"@type":"ListItem","position":3,"name":"+\/-250 kcal","item":"https:\/\/www.smart-meals.nl\/de\/healthy\/250-kcal-de\/"},{"@type":"ListItem","position":4,"name":"H\u00fchner-Tabbouleh [LowCarb]"}]},{"@type":"WebSite","@id":"https:\/\/www.smart-meals.nl\/de\/#website","url":"https:\/\/www.smart-meals.nl\/de\/","name":"Smart Meals","description":"Healthy High Protein Meals","publisher":{"@id":"https:\/\/www.smart-meals.nl\/de\/#organization"},"potentialAction":[{"@type":"SearchAction","target":{"@type":"EntryPoint","urlTemplate":"https:\/\/www.smart-meals.nl\/de\/?s={search_term_string}"},"query-input":{"@type":"PropertyValueSpecification","valueRequired":true,"valueName":"search_term_string"}}],"inLanguage":"de"},{"@type":"Organization","@id":"https:\/\/www.smart-meals.nl\/de\/#organization","name":"Smart Meals","url":"https:\/\/www.smart-meals.nl\/de\/","logo":{"@type":"ImageObject","inLanguage":"de","@id":"https:\/\/www.smart-meals.nl\/de\/#\/schema\/logo\/image\/","url":"https:\/\/www.smart-meals.nl\/wp-content\/uploads\/2021\/03\/cropped-logo.png","contentUrl":"https:\/\/www.smart-meals.nl\/wp-content\/uploads\/2021\/03\/cropped-logo.png","width":512,"height":512,"caption":"Smart Meals"},"image":{"@id":"https:\/\/www.smart-meals.nl\/de\/#\/schema\/logo\/image\/"},"sameAs":["https:\/\/www.facebook.com\/SmartMealsOfficial"]}]}},"_links":{"self":[{"href":"https:\/\/www.smart-meals.nl\/de\/wp-json\/wp\/v2\/product\/89134","targetHints":{"allow":["GET"]}}],"collection":[{"href":"https:\/\/www.smart-meals.nl\/de\/wp-json\/wp\/v2\/product"}],"about":[{"href":"https:\/\/www.smart-meals.nl\/de\/wp-json\/wp\/v2\/types\/product"}],"replies":[{"embeddable":true,"href":"https:\/\/www.smart-meals.nl\/de\/wp-json\/wp\/v2\/comments?post=89134"}],"version-history":[{"count":1,"href":"https:\/\/www.smart-meals.nl\/de\/wp-json\/wp\/v2\/product\/89134\/revisions"}],"predecessor-version":[{"id":89435,"href":"https:\/\/www.smart-meals.nl\/de\/wp-json\/wp\/v2\/product\/89134\/revisions\/89435"}],"wp:featuredmedia":[{"embeddable":true,"href":"https:\/\/www.smart-meals.nl\/de\/wp-json\/wp\/v2\/media\/89130"}],"wp:attachment":[{"href":"https:\/\/www.smart-meals.nl\/de\/wp-json\/wp\/v2\/media?parent=89134"}],"wp:term":[{"taxonomy":"product_brand","embeddable":true,"href":"https:\/\/www.smart-meals.nl\/de\/wp-json\/wp\/v2\/product_brand?post=89134"},{"taxonomy":"product_cat","embeddable":true,"href":"https:\/\/www.smart-meals.nl\/de\/wp-json\/wp\/v2\/product_cat?post=89134"},{"taxonomy":"product_tag","embeddable":true,"href":"https:\/\/www.smart-meals.nl\/de\/wp-json\/wp\/v2\/product_tag?post=89134"}],"curies":[{"name":"wp","href":"https:\/\/api.w.org\/{rel}","templated":true}]}}