{"id":91158,"date":"2022-01-09T16:43:27","date_gmt":"2022-01-09T15:43:27","guid":{"rendered":"https:\/\/www.smart-meals.nl\/?post_type=product&#038;p=91158"},"modified":"2026-04-12T15:08:06","modified_gmt":"2026-04-12T13:08:06","slug":"toskanisches-cremehuhn-kopie","status":"publish","type":"product","link":"https:\/\/www.smart-meals.nl\/de\/produkt\/toskanisches-cremehuhn-kopie\/","title":{"rendered":"Toskanisches Rahmh\u00fchnchen [LowCarb]"},"content":{"rendered":"<p><strong>Mikrowelle <\/strong>(Folie vorher entfernen)<br \/>\nGefroren: +- 8 Minuten Wiedererw\u00e4rmung bei 900 Watt.<br \/>\nAufgetaut: +- 6 Minuten Wiedererw\u00e4rmung bei 900 Watt.<\/p>\n<p><strong>Pfanne<\/strong><br \/>\nGefroren: +- 12 Minuten Wiederaufw\u00e4rmen.<br \/>\nAufgetaut: +- 7 Minuten Wiederaufw\u00e4rmen.<\/p>\n<h2><span class=\"c-product-description__accordiontitle j-product-description-accordion_title c-accordion-title--active c-product-description__accordiontitle--active\" aria-controls=\"description-ingredients\" data-enabled=\"true\">Zutaten<\/span><\/h2>\n<div id=\"description-ingredients\" class=\"c-product-description__accordioncontent c-product-description__accordioncontent--ingredients c-accordion-content--active\">\n<div class=\"c-product-description__content-text\">\n<div id=\"description-ingredients\" class=\"c-product-description__accordioncontent c-product-description__accordioncontent--ingredients c-accordion-content--active\">\n<div class=\"c-product-description__content-text\">\n<table class=\"table table-bordered table-condensed\" style=\"height: 615px;\" width=\"400\">\n<tbody>\n<tr>\n<td>Pro<\/td>\n<td>100 Gramm<\/td>\n<\/tr>\n<tr>\n<td>Energie<\/td>\n<td>379 kj\/91 kcal<\/td>\n<\/tr>\n<tr>\n<td><i>Fett<\/i><\/td>\n<td>2,3 Gramm<\/td>\n<\/tr>\n<tr>\n<td><i>davon ges\u00e4ttigt<\/i><\/td>\n<td>0.7 g<\/td>\n<\/tr>\n<tr>\n<td>Kohlenhydrate<\/td>\n<td> 6,5 Gramm<\/td>\n<\/tr>\n<tr>\n<td><i>Davon Zucker<\/i><\/td>\n<td> 1.6 g<\/td>\n<\/tr>\n<tr>\n<td>Ballaststoffe<\/td>\n<td>1.8 g<\/td>\n<\/tr>\n<tr>\n<td>Eiwei\u00df<\/td>\n<td>10,2 Gramm<\/td>\n<\/tr>\n<tr>\n<td>Salz<\/td>\n<td>0,8 Gramm<\/td>\n<\/tr>\n<\/tbody>\n<\/table>\n<h6><\/h6>\n<p>Gem\u00fcse (Tomate, Spinat, gegrillte Paprika, gegrillte Zwiebel), Wasser, H\u00fchnerbrust (32%), harter TARWE-Grie\u00df, ZIMMER (10%), pflanzliche \u00d6le (Sonnenblumen, Oliven), Vollmilch, modifizierte St\u00e4rke, Salz, TARWE-Mehl, St\u00e4rke, Eipulver, Gew\u00fcrze (enth\u00e4lt GERST), Kr\u00e4uter, Dextrose, Gew\u00fcrzextrakt, Farbstoff, Xylose.<\/p>\n<h2>Informationen zu Allergenen<\/h2>\n<p>Enth\u00e4lt: Weizen, Sahne, Gerste und Milch<\/p>\n<\/div>\n<\/div>\n<\/div>\n<\/div>\n","protected":false},"excerpt":{"rendered":"<p>394 kcal | 44,4 g Eiwei\u00df | 28,1 g Kohlenhydrate | 9,8 g Fett | 435 g<\/p>\n<p data-path-to-node=\"4\">Versetzen Sie sich mit diesem reichhaltigen Gericht f\u00fcr einen Moment nach Italien. Der Star des Tellers ist die zarte H\u00e4hnchenbrust (satte 36 %!), die wir in einer k\u00f6stlich cremigen Sauce servieren. Die Sauce ist perfekt mit mediterranen Kr\u00e4utern und Gew\u00fcrzen abgeschmeckt. F\u00fcr den vollen Geschmack und zus\u00e4tzlichen &#8222;Biss&#8220; haben wir eine bunte Mischung aus Spinat, Tomaten und gegrillten Paprika und Zwiebeln hinzugef\u00fcgt. Eine nahrhafte Mahlzeit, die sich wie ein herzliches Willkommen anf\u00fchlt.    <\/p>\n<ul data-path-to-node=\"6\">\n<li>\n<p data-path-to-node=\"6,0,0\"><b data-path-to-node=\"6,0,0\" data-index-in-node=\"0\">Reichhaltig gef\u00fcllt:<\/b> Enth\u00e4lt 36% H\u00fchnerbrust.<\/p>\n<\/li>\n<li>\n<p data-path-to-node=\"6,2,0\"><b data-path-to-node=\"6,2,0\" data-index-in-node=\"0\">Voller Geschmack:<\/b> Mit gegrilltem Gem\u00fcse und toskanischen Kr\u00e4utern.<\/p>\n<\/li>\n<\/ul>\n<p><img decoding=\"async\" class=\"alignnone wp-image-49002\" src=\"https:\/\/www.smart-meals.nl\/wp-content\/uploads\/2021\/10\/Icons-300x300.png\" alt=\"\" width=\"45\" height=\"45\" srcset=\"https:\/\/www.smart-meals.nl\/wp-content\/uploads\/2021\/10\/Icons-300x300.png 300w, https:\/\/www.smart-meals.nl\/wp-content\/uploads\/2021\/10\/Icons-150x150.png 150w, https:\/\/www.smart-meals.nl\/wp-content\/uploads\/2021\/10\/Icons-100x100.png 100w, https:\/\/www.smart-meals.nl\/wp-content\/uploads\/2021\/10\/Icons.png 500w\" sizes=\"(max-width: 45px) 100vw, 45px\" \/> <img decoding=\"async\" class=\"alignnone wp-image-49005\" src=\"https:\/\/www.smart-meals.nl\/wp-content\/uploads\/2021\/10\/Icons7-300x300.png\" alt=\"\" width=\"45\" height=\"45\" srcset=\"https:\/\/www.smart-meals.nl\/wp-content\/uploads\/2021\/10\/Icons7-300x300.png 300w, https:\/\/www.smart-meals.nl\/wp-content\/uploads\/2021\/10\/Icons7-150x150.png 150w, https:\/\/www.smart-meals.nl\/wp-content\/uploads\/2021\/10\/Icons7-100x100.png 100w, https:\/\/www.smart-meals.nl\/wp-content\/uploads\/2021\/10\/Icons7.png 500w\" sizes=\"(max-width: 45px) 100vw, 45px\" \/>   <img decoding=\"async\" class=\"alignnone wp-image-49014\" src=\"https:\/\/www.smart-meals.nl\/wp-content\/uploads\/2021\/10\/Icons6-300x300.png\" alt=\"\" width=\"45\" height=\"45\" srcset=\"https:\/\/www.smart-meals.nl\/wp-content\/uploads\/2021\/10\/Icons6-300x300.png 300w, https:\/\/www.smart-meals.nl\/wp-content\/uploads\/2021\/10\/Icons6-150x150.png 150w, https:\/\/www.smart-meals.nl\/wp-content\/uploads\/2021\/10\/Icons6-100x100.png 100w, https:\/\/www.smart-meals.nl\/wp-content\/uploads\/2021\/10\/Icons6.png 500w\" sizes=\"(max-width: 45px) 100vw, 45px\" \/><\/p>\n<p><strong><a href=\"https:\/\/www.smart-meals.nl\/de\/nutri-score\/\" target=\"_blank\" rel=\"noopener\"><img loading=\"lazy\" decoding=\"async\" class=\"alignnone wp-image-6741\" src=\"https:\/\/www.smart-meals.nl\/wp-content\/uploads\/2021\/10\/1200px-nutri-score-a.svg-300x163-2.png\" alt=\"\" width=\"116\" height=\"63\"><\/a><\/strong><\/p>\n","protected":false},"featured_media":91151,"comment_status":"open","ping_status":"closed","template":"","meta":{"_acf_changed":false},"product_brand":[],"product_cat":[329,326,328,626,315],"product_tag":[],"class_list":{"0":"post-91158","1":"product","2":"type-product","3":"status-publish","4":"has-post-thumbnail","6":"product_cat-250-kcal-de","7":"product_cat-fettabbau-keto","8":"product_cat-fit-gesund-und-besser-konzentrieren","9":"product_cat-halal-de","10":"product_cat-sportmahlzeiten","12":"first","13":"instock","14":"sale","15":"taxable","16":"shipping-taxable","17":"purchasable","18":"product-type-simple"},"bundled_by":[],"bundle_stock_status":"instock","bundle_stock_quantity":23,"bundle_virtual":false,"bundle_layout":"","bundle_add_to_cart_form_location":"","bundle_editable_in_cart":false,"bundle_sold_individually_context":"","bundle_item_grouping":"","bundle_min_size":"","bundle_max_size":"","bundle_price":[],"bundled_items":[],"bundle_sell_ids":[],"acf":[],"yoast_head":"<!-- This site is optimized with the Yoast SEO plugin v27.3 - https:\/\/yoast.com\/product\/yoast-seo-wordpress\/ -->\n<title>Toskanisches Rahmh\u00fchnchen [LowCarb] - Smart Meals<\/title>\n<meta name=\"robots\" content=\"index, follow, max-snippet:-1, max-image-preview:large, max-video-preview:-1\" \/>\n<link rel=\"canonical\" href=\"https:\/\/www.smart-meals.nl\/de\/produkt\/toskanisches-cremehuhn-kopie\/\" \/>\n<meta property=\"og:locale\" content=\"de_DE\" \/>\n<meta property=\"og:type\" content=\"article\" \/>\n<meta property=\"og:title\" content=\"Toskanisches Rahmh\u00fchnchen [LowCarb] - Smart Meals\" \/>\n<meta property=\"og:description\" content=\"394 kcal | 44,4 g Eiwei\u00df | 28,1 g Kohlenhydrate | 9,8 g Fett | 435 g Versetzen Sie sich mit diesem reichhaltigen Gericht f\u00fcr einen Moment nach Italien. Der Star des Tellers ist die zarte H\u00e4hnchenbrust (satte 36 %!), die wir in einer k\u00f6stlich cremigen Sauce servieren. Die Sauce ist perfekt mit mediterranen Kr\u00e4utern und Gew\u00fcrzen abgeschmeckt. F\u00fcr den vollen Geschmack und zus\u00e4tzlichen &quot;Biss&quot; haben wir eine bunte Mischung aus Spinat, Tomaten und gegrillten Paprika und Zwiebeln hinzugef\u00fcgt. Eine nahrhafte Mahlzeit, die sich wie ein herzliches Willkommen anf\u00fchlt.     Reichhaltig gef\u00fcllt: Enth\u00e4lt 36% H\u00fchnerbrust.   Voller Geschmack: Mit gegrilltem Gem\u00fcse und toskanischen Kr\u00e4utern.\" \/>\n<meta property=\"og:url\" content=\"https:\/\/www.smart-meals.nl\/de\/produkt\/toskanisches-cremehuhn-kopie\/\" \/>\n<meta property=\"og:site_name\" content=\"Smart Meals\" \/>\n<meta property=\"article:publisher\" content=\"https:\/\/www.facebook.com\/SmartMealsOfficial\" \/>\n<meta property=\"article:modified_time\" content=\"2026-04-12T13:08:06+00:00\" \/>\n<meta property=\"og:image\" content=\"https:\/\/www.smart-meals.nl\/wp-content\/uploads\/2026\/02\/Tuscan-Creamy-Chicken-v2.jpg\" \/>\n\t<meta property=\"og:image:width\" content=\"500\" \/>\n\t<meta property=\"og:image:height\" content=\"500\" \/>\n\t<meta property=\"og:image:type\" content=\"image\/jpeg\" \/>\n<meta name=\"twitter:card\" content=\"summary_large_image\" \/>\n<meta name=\"twitter:label1\" content=\"Gesch\u00e4tzte Lesezeit\" \/>\n\t<meta name=\"twitter:data1\" content=\"1\u00a0Minute\" \/>\n<script type=\"application\/ld+json\" class=\"yoast-schema-graph\">{\"@context\":\"https:\\\/\\\/schema.org\",\"@graph\":[{\"@type\":\"WebPage\",\"@id\":\"https:\\\/\\\/www.smart-meals.nl\\\/de\\\/produkt\\\/toskanisches-cremehuhn-kopie\\\/\",\"url\":\"https:\\\/\\\/www.smart-meals.nl\\\/de\\\/produkt\\\/toskanisches-cremehuhn-kopie\\\/\",\"name\":\"Toskanisches Rahmh\u00fchnchen [LowCarb] - Smart Meals\",\"isPartOf\":{\"@id\":\"https:\\\/\\\/www.smart-meals.nl\\\/de\\\/#website\"},\"primaryImageOfPage\":{\"@id\":\"https:\\\/\\\/www.smart-meals.nl\\\/de\\\/produkt\\\/toskanisches-cremehuhn-kopie\\\/#primaryimage\"},\"image\":{\"@id\":\"https:\\\/\\\/www.smart-meals.nl\\\/de\\\/produkt\\\/toskanisches-cremehuhn-kopie\\\/#primaryimage\"},\"thumbnailUrl\":\"https:\\\/\\\/www.smart-meals.nl\\\/wp-content\\\/uploads\\\/2026\\\/02\\\/Tuscan-Creamy-Chicken-v2.jpg\",\"datePublished\":\"2022-01-09T15:43:27+00:00\",\"dateModified\":\"2026-04-12T13:08:06+00:00\",\"breadcrumb\":{\"@id\":\"https:\\\/\\\/www.smart-meals.nl\\\/de\\\/produkt\\\/toskanisches-cremehuhn-kopie\\\/#breadcrumb\"},\"inLanguage\":\"de\",\"potentialAction\":[{\"@type\":\"ReadAction\",\"target\":[\"https:\\\/\\\/www.smart-meals.nl\\\/de\\\/produkt\\\/toskanisches-cremehuhn-kopie\\\/\"]}]},{\"@type\":\"ImageObject\",\"inLanguage\":\"de\",\"@id\":\"https:\\\/\\\/www.smart-meals.nl\\\/de\\\/produkt\\\/toskanisches-cremehuhn-kopie\\\/#primaryimage\",\"url\":\"https:\\\/\\\/www.smart-meals.nl\\\/wp-content\\\/uploads\\\/2026\\\/02\\\/Tuscan-Creamy-Chicken-v2.jpg\",\"contentUrl\":\"https:\\\/\\\/www.smart-meals.nl\\\/wp-content\\\/uploads\\\/2026\\\/02\\\/Tuscan-Creamy-Chicken-v2.jpg\",\"width\":500,\"height\":500},{\"@type\":\"BreadcrumbList\",\"@id\":\"https:\\\/\\\/www.smart-meals.nl\\\/de\\\/produkt\\\/toskanisches-cremehuhn-kopie\\\/#breadcrumb\",\"itemListElement\":[{\"@type\":\"ListItem\",\"position\":1,\"name\":\"Home\",\"item\":\"https:\\\/\\\/www.smart-meals.nl\\\/de\\\/homenew\\\/\"},{\"@type\":\"ListItem\",\"position\":2,\"name\":\"Einkaufen\",\"item\":\"https:\\\/\\\/www.smart-meals.nl\\\/de\\\/einkaufen\\\/\"},{\"@type\":\"ListItem\",\"position\":3,\"name\":\"+\\\/-250 kcal\",\"item\":\"https:\\\/\\\/www.smart-meals.nl\\\/de\\\/healthy\\\/250-kcal-de\\\/\"},{\"@type\":\"ListItem\",\"position\":4,\"name\":\"Toskanisches Rahmh\u00fchnchen [LowCarb]\"}]},{\"@type\":\"WebSite\",\"@id\":\"https:\\\/\\\/www.smart-meals.nl\\\/de\\\/#website\",\"url\":\"https:\\\/\\\/www.smart-meals.nl\\\/de\\\/\",\"name\":\"Smart Meals\",\"description\":\"Healthy High Protein Meals\",\"publisher\":{\"@id\":\"https:\\\/\\\/www.smart-meals.nl\\\/de\\\/#organization\"},\"potentialAction\":[{\"@type\":\"SearchAction\",\"target\":{\"@type\":\"EntryPoint\",\"urlTemplate\":\"https:\\\/\\\/www.smart-meals.nl\\\/de\\\/?s={search_term_string}\"},\"query-input\":{\"@type\":\"PropertyValueSpecification\",\"valueRequired\":true,\"valueName\":\"search_term_string\"}}],\"inLanguage\":\"de\"},{\"@type\":\"Organization\",\"@id\":\"https:\\\/\\\/www.smart-meals.nl\\\/de\\\/#organization\",\"name\":\"Smart Meals\",\"url\":\"https:\\\/\\\/www.smart-meals.nl\\\/de\\\/\",\"logo\":{\"@type\":\"ImageObject\",\"inLanguage\":\"de\",\"@id\":\"https:\\\/\\\/www.smart-meals.nl\\\/de\\\/#\\\/schema\\\/logo\\\/image\\\/\",\"url\":\"https:\\\/\\\/www.smart-meals.nl\\\/wp-content\\\/uploads\\\/2021\\\/03\\\/cropped-logo.png\",\"contentUrl\":\"https:\\\/\\\/www.smart-meals.nl\\\/wp-content\\\/uploads\\\/2021\\\/03\\\/cropped-logo.png\",\"width\":512,\"height\":512,\"caption\":\"Smart Meals\"},\"image\":{\"@id\":\"https:\\\/\\\/www.smart-meals.nl\\\/de\\\/#\\\/schema\\\/logo\\\/image\\\/\"},\"sameAs\":[\"https:\\\/\\\/www.facebook.com\\\/SmartMealsOfficial\"]}]}<\/script>\n<!-- \/ Yoast SEO plugin. -->","yoast_head_json":{"title":"Toskanisches Rahmh\u00fchnchen [LowCarb] - Smart Meals","robots":{"index":"index","follow":"follow","max-snippet":"max-snippet:-1","max-image-preview":"max-image-preview:large","max-video-preview":"max-video-preview:-1"},"canonical":"https:\/\/www.smart-meals.nl\/de\/produkt\/toskanisches-cremehuhn-kopie\/","og_locale":"de_DE","og_type":"article","og_title":"Toskanisches Rahmh\u00fchnchen [LowCarb] - Smart Meals","og_description":"394 kcal | 44,4 g Eiwei\u00df | 28,1 g Kohlenhydrate | 9,8 g Fett | 435 g Versetzen Sie sich mit diesem reichhaltigen Gericht f\u00fcr einen Moment nach Italien. Der Star des Tellers ist die zarte H\u00e4hnchenbrust (satte 36 %!), die wir in einer k\u00f6stlich cremigen Sauce servieren. Die Sauce ist perfekt mit mediterranen Kr\u00e4utern und Gew\u00fcrzen abgeschmeckt. F\u00fcr den vollen Geschmack und zus\u00e4tzlichen \"Biss\" haben wir eine bunte Mischung aus Spinat, Tomaten und gegrillten Paprika und Zwiebeln hinzugef\u00fcgt. Eine nahrhafte Mahlzeit, die sich wie ein herzliches Willkommen anf\u00fchlt.     Reichhaltig gef\u00fcllt: Enth\u00e4lt 36% H\u00fchnerbrust.   Voller Geschmack: Mit gegrilltem Gem\u00fcse und toskanischen Kr\u00e4utern.","og_url":"https:\/\/www.smart-meals.nl\/de\/produkt\/toskanisches-cremehuhn-kopie\/","og_site_name":"Smart Meals","article_publisher":"https:\/\/www.facebook.com\/SmartMealsOfficial","article_modified_time":"2026-04-12T13:08:06+00:00","og_image":[{"width":500,"height":500,"url":"https:\/\/www.smart-meals.nl\/wp-content\/uploads\/2026\/02\/Tuscan-Creamy-Chicken-v2.jpg","type":"image\/jpeg"}],"twitter_card":"summary_large_image","twitter_misc":{"Gesch\u00e4tzte Lesezeit":"1\u00a0Minute"},"schema":{"@context":"https:\/\/schema.org","@graph":[{"@type":"WebPage","@id":"https:\/\/www.smart-meals.nl\/de\/produkt\/toskanisches-cremehuhn-kopie\/","url":"https:\/\/www.smart-meals.nl\/de\/produkt\/toskanisches-cremehuhn-kopie\/","name":"Toskanisches Rahmh\u00fchnchen [LowCarb] - Smart Meals","isPartOf":{"@id":"https:\/\/www.smart-meals.nl\/de\/#website"},"primaryImageOfPage":{"@id":"https:\/\/www.smart-meals.nl\/de\/produkt\/toskanisches-cremehuhn-kopie\/#primaryimage"},"image":{"@id":"https:\/\/www.smart-meals.nl\/de\/produkt\/toskanisches-cremehuhn-kopie\/#primaryimage"},"thumbnailUrl":"https:\/\/www.smart-meals.nl\/wp-content\/uploads\/2026\/02\/Tuscan-Creamy-Chicken-v2.jpg","datePublished":"2022-01-09T15:43:27+00:00","dateModified":"2026-04-12T13:08:06+00:00","breadcrumb":{"@id":"https:\/\/www.smart-meals.nl\/de\/produkt\/toskanisches-cremehuhn-kopie\/#breadcrumb"},"inLanguage":"de","potentialAction":[{"@type":"ReadAction","target":["https:\/\/www.smart-meals.nl\/de\/produkt\/toskanisches-cremehuhn-kopie\/"]}]},{"@type":"ImageObject","inLanguage":"de","@id":"https:\/\/www.smart-meals.nl\/de\/produkt\/toskanisches-cremehuhn-kopie\/#primaryimage","url":"https:\/\/www.smart-meals.nl\/wp-content\/uploads\/2026\/02\/Tuscan-Creamy-Chicken-v2.jpg","contentUrl":"https:\/\/www.smart-meals.nl\/wp-content\/uploads\/2026\/02\/Tuscan-Creamy-Chicken-v2.jpg","width":500,"height":500},{"@type":"BreadcrumbList","@id":"https:\/\/www.smart-meals.nl\/de\/produkt\/toskanisches-cremehuhn-kopie\/#breadcrumb","itemListElement":[{"@type":"ListItem","position":1,"name":"Home","item":"https:\/\/www.smart-meals.nl\/de\/homenew\/"},{"@type":"ListItem","position":2,"name":"Einkaufen","item":"https:\/\/www.smart-meals.nl\/de\/einkaufen\/"},{"@type":"ListItem","position":3,"name":"+\/-250 kcal","item":"https:\/\/www.smart-meals.nl\/de\/healthy\/250-kcal-de\/"},{"@type":"ListItem","position":4,"name":"Toskanisches Rahmh\u00fchnchen [LowCarb]"}]},{"@type":"WebSite","@id":"https:\/\/www.smart-meals.nl\/de\/#website","url":"https:\/\/www.smart-meals.nl\/de\/","name":"Smart Meals","description":"Healthy High Protein Meals","publisher":{"@id":"https:\/\/www.smart-meals.nl\/de\/#organization"},"potentialAction":[{"@type":"SearchAction","target":{"@type":"EntryPoint","urlTemplate":"https:\/\/www.smart-meals.nl\/de\/?s={search_term_string}"},"query-input":{"@type":"PropertyValueSpecification","valueRequired":true,"valueName":"search_term_string"}}],"inLanguage":"de"},{"@type":"Organization","@id":"https:\/\/www.smart-meals.nl\/de\/#organization","name":"Smart Meals","url":"https:\/\/www.smart-meals.nl\/de\/","logo":{"@type":"ImageObject","inLanguage":"de","@id":"https:\/\/www.smart-meals.nl\/de\/#\/schema\/logo\/image\/","url":"https:\/\/www.smart-meals.nl\/wp-content\/uploads\/2021\/03\/cropped-logo.png","contentUrl":"https:\/\/www.smart-meals.nl\/wp-content\/uploads\/2021\/03\/cropped-logo.png","width":512,"height":512,"caption":"Smart Meals"},"image":{"@id":"https:\/\/www.smart-meals.nl\/de\/#\/schema\/logo\/image\/"},"sameAs":["https:\/\/www.facebook.com\/SmartMealsOfficial"]}]}},"_links":{"self":[{"href":"https:\/\/www.smart-meals.nl\/de\/wp-json\/wp\/v2\/product\/91158","targetHints":{"allow":["GET"]}}],"collection":[{"href":"https:\/\/www.smart-meals.nl\/de\/wp-json\/wp\/v2\/product"}],"about":[{"href":"https:\/\/www.smart-meals.nl\/de\/wp-json\/wp\/v2\/types\/product"}],"replies":[{"embeddable":true,"href":"https:\/\/www.smart-meals.nl\/de\/wp-json\/wp\/v2\/comments?post=91158"}],"version-history":[{"count":2,"href":"https:\/\/www.smart-meals.nl\/de\/wp-json\/wp\/v2\/product\/91158\/revisions"}],"predecessor-version":[{"id":91163,"href":"https:\/\/www.smart-meals.nl\/de\/wp-json\/wp\/v2\/product\/91158\/revisions\/91163"}],"wp:featuredmedia":[{"embeddable":true,"href":"https:\/\/www.smart-meals.nl\/de\/wp-json\/wp\/v2\/media\/91151"}],"wp:attachment":[{"href":"https:\/\/www.smart-meals.nl\/de\/wp-json\/wp\/v2\/media?parent=91158"}],"wp:term":[{"taxonomy":"product_brand","embeddable":true,"href":"https:\/\/www.smart-meals.nl\/de\/wp-json\/wp\/v2\/product_brand?post=91158"},{"taxonomy":"product_cat","embeddable":true,"href":"https:\/\/www.smart-meals.nl\/de\/wp-json\/wp\/v2\/product_cat?post=91158"},{"taxonomy":"product_tag","embeddable":true,"href":"https:\/\/www.smart-meals.nl\/de\/wp-json\/wp\/v2\/product_tag?post=91158"}],"curies":[{"name":"wp","href":"https:\/\/api.w.org\/{rel}","templated":true}]}}