{"id":93171,"date":"2026-03-09T11:41:24","date_gmt":"2026-03-09T10:41:24","guid":{"rendered":"https:\/\/www.smart-meals.nl\/product\/njoy-protein-bar-erdbeer-kaesekuchen\/"},"modified":"2026-04-06T19:04:09","modified_gmt":"2026-04-06T17:04:09","slug":"njoy-protein-bar-erdbeer-kaesekuchen","status":"publish","type":"product","link":"https:\/\/www.smart-meals.nl\/de\/produkt\/njoy-protein-bar-erdbeer-kaesekuchen\/","title":{"rendered":"N&#8217;Joy Protein Bar &#8211; Erdbeer-K\u00e4sekuchen"},"content":{"rendered":"","protected":false},"excerpt":{"rendered":"<ul class=\"pros fa-ul\">\n<li>Hoher Proteingehalt von 36%<\/li>\n<li><i class=\"fa-li fa fa-plus-circle\" aria-hidden=\"true\"><\/i>K\u00f6stliche Geschmacksrichtungen<\/li>\n<li><i class=\"fa-li fa fa-plus-circle\" aria-hidden=\"true\"><\/i>Cremige Riegel mit einem knusprigen Belag, also keine z\u00e4hen Proteinriegel mehr<\/li>\n<li><i class=\"fa-li fa fa-plus-circle\" aria-hidden=\"true\"><\/i>Ideal zum Tragen und f\u00fcr jede Tageszeit geeignet<i class=\"fa-li fa fa-plus-circle\" aria-hidden=\"true\"><\/i><\/li>\n<\/ul>\n<p>EIN CREMIGER RIEGEL MIT KNUSPRIGEM BELAG, DER REICH AN GESCHMACK UND PROTEINEN IST.<\/p>\n","protected":false},"featured_media":93168,"comment_status":"open","ping_status":"closed","template":"","meta":{"_acf_changed":false},"product_brand":[],"product_cat":[338,361],"product_tag":[],"class_list":{"0":"post-93171","1":"product","2":"type-product","3":"status-publish","4":"has-post-thumbnail","6":"product_cat-fruhstuck-snacks","7":"product_cat-sups-de","9":"first","10":"instock","11":"taxable","12":"shipping-taxable","13":"purchasable","14":"product-type-simple"},"bundled_by":[],"bundle_stock_status":"instock","bundle_stock_quantity":8,"bundle_virtual":false,"bundle_layout":"","bundle_add_to_cart_form_location":"","bundle_editable_in_cart":false,"bundle_sold_individually_context":"","bundle_item_grouping":"","bundle_min_size":"","bundle_max_size":"","bundle_price":[],"bundled_items":[],"bundle_sell_ids":[],"acf":[],"yoast_head":"<!-- This site is optimized with the Yoast SEO plugin v27.3 - https:\/\/yoast.com\/product\/yoast-seo-wordpress\/ -->\n<title>N&#039;Joy Protein Bar - Erdbeer-K\u00e4sekuchen - Smart Meals<\/title>\n<meta name=\"robots\" content=\"index, follow, max-snippet:-1, max-image-preview:large, max-video-preview:-1\" \/>\n<link rel=\"canonical\" href=\"https:\/\/www.smart-meals.nl\/de\/produkt\/njoy-protein-bar-erdbeer-kaesekuchen\/\" \/>\n<meta property=\"og:locale\" content=\"de_DE\" \/>\n<meta property=\"og:type\" content=\"article\" \/>\n<meta property=\"og:title\" content=\"N&#039;Joy Protein Bar - Erdbeer-K\u00e4sekuchen - Smart Meals\" \/>\n<meta property=\"og:description\" content=\"Hoher Proteingehalt von 36%  K\u00f6stliche Geschmacksrichtungen  Cremige Riegel mit einem knusprigen Belag, also keine z\u00e4hen Proteinriegel mehr  Ideal zum Tragen und f\u00fcr jede Tageszeit geeignet EIN CREMIGER RIEGEL MIT KNUSPRIGEM BELAG, DER REICH AN GESCHMACK UND PROTEINEN IST.\" \/>\n<meta property=\"og:url\" content=\"https:\/\/www.smart-meals.nl\/de\/produkt\/njoy-protein-bar-erdbeer-kaesekuchen\/\" \/>\n<meta property=\"og:site_name\" content=\"Smart Meals\" \/>\n<meta property=\"article:publisher\" content=\"https:\/\/www.facebook.com\/SmartMealsOfficial\" \/>\n<meta property=\"article:modified_time\" content=\"2026-04-06T17:04:09+00:00\" \/>\n<meta property=\"og:image\" content=\"https:\/\/www.smart-meals.nl\/wp-content\/uploads\/2026\/03\/N20Protein20-20pack20Strawberry20Cheesecake-e1773052822365.webp\" \/>\n\t<meta property=\"og:image:width\" content=\"1100\" \/>\n\t<meta property=\"og:image:height\" content=\"1100\" \/>\n\t<meta property=\"og:image:type\" content=\"image\/webp\" \/>\n<meta name=\"twitter:card\" content=\"summary_large_image\" \/>\n<script type=\"application\/ld+json\" class=\"yoast-schema-graph\">{\"@context\":\"https:\\\/\\\/schema.org\",\"@graph\":[{\"@type\":\"WebPage\",\"@id\":\"https:\\\/\\\/www.smart-meals.nl\\\/de\\\/produkt\\\/njoy-protein-bar-erdbeer-kaesekuchen\\\/\",\"url\":\"https:\\\/\\\/www.smart-meals.nl\\\/de\\\/produkt\\\/njoy-protein-bar-erdbeer-kaesekuchen\\\/\",\"name\":\"N'Joy Protein Bar - Erdbeer-K\u00e4sekuchen - Smart Meals\",\"isPartOf\":{\"@id\":\"https:\\\/\\\/www.smart-meals.nl\\\/de\\\/#website\"},\"primaryImageOfPage\":{\"@id\":\"https:\\\/\\\/www.smart-meals.nl\\\/de\\\/produkt\\\/njoy-protein-bar-erdbeer-kaesekuchen\\\/#primaryimage\"},\"image\":{\"@id\":\"https:\\\/\\\/www.smart-meals.nl\\\/de\\\/produkt\\\/njoy-protein-bar-erdbeer-kaesekuchen\\\/#primaryimage\"},\"thumbnailUrl\":\"https:\\\/\\\/www.smart-meals.nl\\\/wp-content\\\/uploads\\\/2026\\\/03\\\/N20Protein20-20pack20Strawberry20Cheesecake-e1773052822365.webp\",\"datePublished\":\"2026-03-09T10:41:24+00:00\",\"dateModified\":\"2026-04-06T17:04:09+00:00\",\"breadcrumb\":{\"@id\":\"https:\\\/\\\/www.smart-meals.nl\\\/de\\\/produkt\\\/njoy-protein-bar-erdbeer-kaesekuchen\\\/#breadcrumb\"},\"inLanguage\":\"de\",\"potentialAction\":[{\"@type\":\"ReadAction\",\"target\":[\"https:\\\/\\\/www.smart-meals.nl\\\/de\\\/produkt\\\/njoy-protein-bar-erdbeer-kaesekuchen\\\/\"]}]},{\"@type\":\"ImageObject\",\"inLanguage\":\"de\",\"@id\":\"https:\\\/\\\/www.smart-meals.nl\\\/de\\\/produkt\\\/njoy-protein-bar-erdbeer-kaesekuchen\\\/#primaryimage\",\"url\":\"https:\\\/\\\/www.smart-meals.nl\\\/wp-content\\\/uploads\\\/2026\\\/03\\\/N20Protein20-20pack20Strawberry20Cheesecake-e1773052822365.webp\",\"contentUrl\":\"https:\\\/\\\/www.smart-meals.nl\\\/wp-content\\\/uploads\\\/2026\\\/03\\\/N20Protein20-20pack20Strawberry20Cheesecake-e1773052822365.webp\",\"width\":1100,\"height\":1100},{\"@type\":\"BreadcrumbList\",\"@id\":\"https:\\\/\\\/www.smart-meals.nl\\\/de\\\/produkt\\\/njoy-protein-bar-erdbeer-kaesekuchen\\\/#breadcrumb\",\"itemListElement\":[{\"@type\":\"ListItem\",\"position\":1,\"name\":\"Home\",\"item\":\"https:\\\/\\\/www.smart-meals.nl\\\/de\\\/homenew\\\/\"},{\"@type\":\"ListItem\",\"position\":2,\"name\":\"Einkaufen\",\"item\":\"https:\\\/\\\/www.smart-meals.nl\\\/de\\\/einkaufen\\\/\"},{\"@type\":\"ListItem\",\"position\":3,\"name\":\"Fr\u00fchst\u00fcck &amp; Snacks\",\"item\":\"https:\\\/\\\/www.smart-meals.nl\\\/de\\\/healthy\\\/fruhstuck-snacks\\\/\"},{\"@type\":\"ListItem\",\"position\":4,\"name\":\"N&#8217;Joy Protein Bar &#8211; Erdbeer-K\u00e4sekuchen\"}]},{\"@type\":\"WebSite\",\"@id\":\"https:\\\/\\\/www.smart-meals.nl\\\/de\\\/#website\",\"url\":\"https:\\\/\\\/www.smart-meals.nl\\\/de\\\/\",\"name\":\"Smart Meals\",\"description\":\"Healthy High Protein Meals\",\"publisher\":{\"@id\":\"https:\\\/\\\/www.smart-meals.nl\\\/de\\\/#organization\"},\"potentialAction\":[{\"@type\":\"SearchAction\",\"target\":{\"@type\":\"EntryPoint\",\"urlTemplate\":\"https:\\\/\\\/www.smart-meals.nl\\\/de\\\/?s={search_term_string}\"},\"query-input\":{\"@type\":\"PropertyValueSpecification\",\"valueRequired\":true,\"valueName\":\"search_term_string\"}}],\"inLanguage\":\"de\"},{\"@type\":\"Organization\",\"@id\":\"https:\\\/\\\/www.smart-meals.nl\\\/de\\\/#organization\",\"name\":\"Smart Meals\",\"url\":\"https:\\\/\\\/www.smart-meals.nl\\\/de\\\/\",\"logo\":{\"@type\":\"ImageObject\",\"inLanguage\":\"de\",\"@id\":\"https:\\\/\\\/www.smart-meals.nl\\\/de\\\/#\\\/schema\\\/logo\\\/image\\\/\",\"url\":\"https:\\\/\\\/www.smart-meals.nl\\\/wp-content\\\/uploads\\\/2021\\\/03\\\/cropped-logo.png\",\"contentUrl\":\"https:\\\/\\\/www.smart-meals.nl\\\/wp-content\\\/uploads\\\/2021\\\/03\\\/cropped-logo.png\",\"width\":512,\"height\":512,\"caption\":\"Smart Meals\"},\"image\":{\"@id\":\"https:\\\/\\\/www.smart-meals.nl\\\/de\\\/#\\\/schema\\\/logo\\\/image\\\/\"},\"sameAs\":[\"https:\\\/\\\/www.facebook.com\\\/SmartMealsOfficial\"]}]}<\/script>\n<!-- \/ Yoast SEO plugin. -->","yoast_head_json":{"title":"N'Joy Protein Bar - Erdbeer-K\u00e4sekuchen - Smart Meals","robots":{"index":"index","follow":"follow","max-snippet":"max-snippet:-1","max-image-preview":"max-image-preview:large","max-video-preview":"max-video-preview:-1"},"canonical":"https:\/\/www.smart-meals.nl\/de\/produkt\/njoy-protein-bar-erdbeer-kaesekuchen\/","og_locale":"de_DE","og_type":"article","og_title":"N'Joy Protein Bar - Erdbeer-K\u00e4sekuchen - Smart Meals","og_description":"Hoher Proteingehalt von 36%  K\u00f6stliche Geschmacksrichtungen  Cremige Riegel mit einem knusprigen Belag, also keine z\u00e4hen Proteinriegel mehr  Ideal zum Tragen und f\u00fcr jede Tageszeit geeignet EIN CREMIGER RIEGEL MIT KNUSPRIGEM BELAG, DER REICH AN GESCHMACK UND PROTEINEN IST.","og_url":"https:\/\/www.smart-meals.nl\/de\/produkt\/njoy-protein-bar-erdbeer-kaesekuchen\/","og_site_name":"Smart Meals","article_publisher":"https:\/\/www.facebook.com\/SmartMealsOfficial","article_modified_time":"2026-04-06T17:04:09+00:00","og_image":[{"width":1100,"height":1100,"url":"https:\/\/www.smart-meals.nl\/wp-content\/uploads\/2026\/03\/N20Protein20-20pack20Strawberry20Cheesecake-e1773052822365.webp","type":"image\/webp"}],"twitter_card":"summary_large_image","schema":{"@context":"https:\/\/schema.org","@graph":[{"@type":"WebPage","@id":"https:\/\/www.smart-meals.nl\/de\/produkt\/njoy-protein-bar-erdbeer-kaesekuchen\/","url":"https:\/\/www.smart-meals.nl\/de\/produkt\/njoy-protein-bar-erdbeer-kaesekuchen\/","name":"N'Joy Protein Bar - Erdbeer-K\u00e4sekuchen - Smart Meals","isPartOf":{"@id":"https:\/\/www.smart-meals.nl\/de\/#website"},"primaryImageOfPage":{"@id":"https:\/\/www.smart-meals.nl\/de\/produkt\/njoy-protein-bar-erdbeer-kaesekuchen\/#primaryimage"},"image":{"@id":"https:\/\/www.smart-meals.nl\/de\/produkt\/njoy-protein-bar-erdbeer-kaesekuchen\/#primaryimage"},"thumbnailUrl":"https:\/\/www.smart-meals.nl\/wp-content\/uploads\/2026\/03\/N20Protein20-20pack20Strawberry20Cheesecake-e1773052822365.webp","datePublished":"2026-03-09T10:41:24+00:00","dateModified":"2026-04-06T17:04:09+00:00","breadcrumb":{"@id":"https:\/\/www.smart-meals.nl\/de\/produkt\/njoy-protein-bar-erdbeer-kaesekuchen\/#breadcrumb"},"inLanguage":"de","potentialAction":[{"@type":"ReadAction","target":["https:\/\/www.smart-meals.nl\/de\/produkt\/njoy-protein-bar-erdbeer-kaesekuchen\/"]}]},{"@type":"ImageObject","inLanguage":"de","@id":"https:\/\/www.smart-meals.nl\/de\/produkt\/njoy-protein-bar-erdbeer-kaesekuchen\/#primaryimage","url":"https:\/\/www.smart-meals.nl\/wp-content\/uploads\/2026\/03\/N20Protein20-20pack20Strawberry20Cheesecake-e1773052822365.webp","contentUrl":"https:\/\/www.smart-meals.nl\/wp-content\/uploads\/2026\/03\/N20Protein20-20pack20Strawberry20Cheesecake-e1773052822365.webp","width":1100,"height":1100},{"@type":"BreadcrumbList","@id":"https:\/\/www.smart-meals.nl\/de\/produkt\/njoy-protein-bar-erdbeer-kaesekuchen\/#breadcrumb","itemListElement":[{"@type":"ListItem","position":1,"name":"Home","item":"https:\/\/www.smart-meals.nl\/de\/homenew\/"},{"@type":"ListItem","position":2,"name":"Einkaufen","item":"https:\/\/www.smart-meals.nl\/de\/einkaufen\/"},{"@type":"ListItem","position":3,"name":"Fr\u00fchst\u00fcck &amp; Snacks","item":"https:\/\/www.smart-meals.nl\/de\/healthy\/fruhstuck-snacks\/"},{"@type":"ListItem","position":4,"name":"N&#8217;Joy Protein Bar &#8211; Erdbeer-K\u00e4sekuchen"}]},{"@type":"WebSite","@id":"https:\/\/www.smart-meals.nl\/de\/#website","url":"https:\/\/www.smart-meals.nl\/de\/","name":"Smart Meals","description":"Healthy High Protein Meals","publisher":{"@id":"https:\/\/www.smart-meals.nl\/de\/#organization"},"potentialAction":[{"@type":"SearchAction","target":{"@type":"EntryPoint","urlTemplate":"https:\/\/www.smart-meals.nl\/de\/?s={search_term_string}"},"query-input":{"@type":"PropertyValueSpecification","valueRequired":true,"valueName":"search_term_string"}}],"inLanguage":"de"},{"@type":"Organization","@id":"https:\/\/www.smart-meals.nl\/de\/#organization","name":"Smart Meals","url":"https:\/\/www.smart-meals.nl\/de\/","logo":{"@type":"ImageObject","inLanguage":"de","@id":"https:\/\/www.smart-meals.nl\/de\/#\/schema\/logo\/image\/","url":"https:\/\/www.smart-meals.nl\/wp-content\/uploads\/2021\/03\/cropped-logo.png","contentUrl":"https:\/\/www.smart-meals.nl\/wp-content\/uploads\/2021\/03\/cropped-logo.png","width":512,"height":512,"caption":"Smart Meals"},"image":{"@id":"https:\/\/www.smart-meals.nl\/de\/#\/schema\/logo\/image\/"},"sameAs":["https:\/\/www.facebook.com\/SmartMealsOfficial"]}]}},"_links":{"self":[{"href":"https:\/\/www.smart-meals.nl\/de\/wp-json\/wp\/v2\/product\/93171","targetHints":{"allow":["GET"]}}],"collection":[{"href":"https:\/\/www.smart-meals.nl\/de\/wp-json\/wp\/v2\/product"}],"about":[{"href":"https:\/\/www.smart-meals.nl\/de\/wp-json\/wp\/v2\/types\/product"}],"replies":[{"embeddable":true,"href":"https:\/\/www.smart-meals.nl\/de\/wp-json\/wp\/v2\/comments?post=93171"}],"version-history":[{"count":0,"href":"https:\/\/www.smart-meals.nl\/de\/wp-json\/wp\/v2\/product\/93171\/revisions"}],"wp:featuredmedia":[{"embeddable":true,"href":"https:\/\/www.smart-meals.nl\/de\/wp-json\/wp\/v2\/media\/93168"}],"wp:attachment":[{"href":"https:\/\/www.smart-meals.nl\/de\/wp-json\/wp\/v2\/media?parent=93171"}],"wp:term":[{"taxonomy":"product_brand","embeddable":true,"href":"https:\/\/www.smart-meals.nl\/de\/wp-json\/wp\/v2\/product_brand?post=93171"},{"taxonomy":"product_cat","embeddable":true,"href":"https:\/\/www.smart-meals.nl\/de\/wp-json\/wp\/v2\/product_cat?post=93171"},{"taxonomy":"product_tag","embeddable":true,"href":"https:\/\/www.smart-meals.nl\/de\/wp-json\/wp\/v2\/product_tag?post=93171"}],"curies":[{"name":"wp","href":"https:\/\/api.w.org\/{rel}","templated":true}]}}