{"id":93508,"date":"2026-03-13T11:39:55","date_gmt":"2026-03-13T10:39:55","guid":{"rendered":"https:\/\/www.smart-meals.nl\/product\/leichte-sosse-265ml-teriyaki\/"},"modified":"2026-03-17T15:37:25","modified_gmt":"2026-03-17T14:37:25","slug":"leichte-sosse-265ml-teriyaki","status":"publish","type":"product","link":"https:\/\/www.smart-meals.nl\/de\/produkt\/leichte-sosse-265ml-teriyaki\/","title":{"rendered":"Leichte So\u00dfe 265ml &#8211; Teriyaki"},"content":{"rendered":"","protected":false},"excerpt":{"rendered":"<p>Der gleiche Geschmack wie bei den bekannten So\u00dfen aus dem Supermarkt, aber ohne Kalorien? Ist das m\u00f6glich? Wir beweisen mit unserer Leichten So\u00dfe, dass es m\u00f6glich ist! Keine chemischen Zutaten, sondern echte Kr\u00e4uter und Gew\u00fcrze sorgen f\u00fcr \u00e4u\u00dferst k\u00f6stliche, aber kalorienarme Saucen! Die So\u00dfen sind praktisch zucker- und fettfrei.<\/p>\n<p>Wir haben auch an Menschen mit Allergien gedacht. Unsere Saucen sind frei von Gluten*, GVO und Laktose. So kann jeder die k\u00f6stlichen Saucen ohne Nachbehandlung genie\u00dfen.<\/p>\n","protected":false},"featured_media":93492,"comment_status":"open","ping_status":"closed","template":"","meta":{"_acf_changed":false},"product_brand":[],"product_cat":[361],"product_tag":[],"class_list":{"0":"post-93508","1":"product","2":"type-product","3":"status-publish","4":"has-post-thumbnail","6":"product_cat-sups-de","8":"first","9":"instock","10":"taxable","11":"shipping-taxable","12":"purchasable","13":"product-type-simple"},"bundled_by":[],"bundle_stock_status":"instock","bundle_stock_quantity":6,"bundle_virtual":false,"bundle_layout":"","bundle_add_to_cart_form_location":"","bundle_editable_in_cart":false,"bundle_sold_individually_context":"","bundle_item_grouping":"","bundle_min_size":"","bundle_max_size":"","bundle_price":[],"bundled_items":[],"bundle_sell_ids":[],"acf":[],"yoast_head":"<!-- This site is optimized with the Yoast SEO plugin v27.3 - https:\/\/yoast.com\/product\/yoast-seo-wordpress\/ -->\n<title>Leichte So\u00dfe 265ml - Teriyaki - Smart Meals<\/title>\n<meta name=\"robots\" content=\"index, follow, max-snippet:-1, max-image-preview:large, max-video-preview:-1\" \/>\n<link rel=\"canonical\" href=\"https:\/\/www.smart-meals.nl\/de\/produkt\/leichte-sosse-265ml-teriyaki\/\" \/>\n<meta property=\"og:locale\" content=\"de_DE\" \/>\n<meta property=\"og:type\" content=\"article\" \/>\n<meta property=\"og:title\" content=\"Leichte So\u00dfe 265ml - Teriyaki - Smart Meals\" \/>\n<meta property=\"og:description\" content=\"Der gleiche Geschmack wie bei den bekannten So\u00dfen aus dem Supermarkt, aber ohne Kalorien? Ist das m\u00f6glich? Wir beweisen mit unserer Leichten So\u00dfe, dass es m\u00f6glich ist! Keine chemischen Zutaten, sondern echte Kr\u00e4uter und Gew\u00fcrze sorgen f\u00fcr \u00e4u\u00dferst k\u00f6stliche, aber kalorienarme Saucen! Die So\u00dfen sind praktisch zucker- und fettfrei. Wir haben auch an Menschen mit Allergien gedacht. Unsere Saucen sind frei von Gluten*, GVO und Laktose. So kann jeder die k\u00f6stlichen Saucen ohne Nachbehandlung genie\u00dfen.\" \/>\n<meta property=\"og:url\" content=\"https:\/\/www.smart-meals.nl\/de\/produkt\/leichte-sosse-265ml-teriyaki\/\" \/>\n<meta property=\"og:site_name\" content=\"Smart Meals\" \/>\n<meta property=\"article:publisher\" content=\"https:\/\/www.facebook.com\/SmartMealsOfficial\" \/>\n<meta property=\"article:modified_time\" content=\"2026-03-17T14:37:25+00:00\" \/>\n<meta property=\"og:image\" content=\"https:\/\/www.smart-meals.nl\/wp-content\/uploads\/2026\/03\/Teriyaki-sauce.jpeg\" \/>\n\t<meta property=\"og:image:width\" content=\"1100\" \/>\n\t<meta property=\"og:image:height\" content=\"1100\" \/>\n\t<meta property=\"og:image:type\" content=\"image\/jpeg\" \/>\n<meta name=\"twitter:card\" content=\"summary_large_image\" \/>\n<script type=\"application\/ld+json\" class=\"yoast-schema-graph\">{\"@context\":\"https:\\\/\\\/schema.org\",\"@graph\":[{\"@type\":\"WebPage\",\"@id\":\"https:\\\/\\\/www.smart-meals.nl\\\/de\\\/produkt\\\/leichte-sosse-265ml-teriyaki\\\/\",\"url\":\"https:\\\/\\\/www.smart-meals.nl\\\/de\\\/produkt\\\/leichte-sosse-265ml-teriyaki\\\/\",\"name\":\"Leichte So\u00dfe 265ml - Teriyaki - Smart Meals\",\"isPartOf\":{\"@id\":\"https:\\\/\\\/www.smart-meals.nl\\\/de\\\/#website\"},\"primaryImageOfPage\":{\"@id\":\"https:\\\/\\\/www.smart-meals.nl\\\/de\\\/produkt\\\/leichte-sosse-265ml-teriyaki\\\/#primaryimage\"},\"image\":{\"@id\":\"https:\\\/\\\/www.smart-meals.nl\\\/de\\\/produkt\\\/leichte-sosse-265ml-teriyaki\\\/#primaryimage\"},\"thumbnailUrl\":\"https:\\\/\\\/www.smart-meals.nl\\\/wp-content\\\/uploads\\\/2026\\\/03\\\/Teriyaki-sauce.jpeg\",\"datePublished\":\"2026-03-13T10:39:55+00:00\",\"dateModified\":\"2026-03-17T14:37:25+00:00\",\"breadcrumb\":{\"@id\":\"https:\\\/\\\/www.smart-meals.nl\\\/de\\\/produkt\\\/leichte-sosse-265ml-teriyaki\\\/#breadcrumb\"},\"inLanguage\":\"de\",\"potentialAction\":[{\"@type\":\"ReadAction\",\"target\":[\"https:\\\/\\\/www.smart-meals.nl\\\/de\\\/produkt\\\/leichte-sosse-265ml-teriyaki\\\/\"]}]},{\"@type\":\"ImageObject\",\"inLanguage\":\"de\",\"@id\":\"https:\\\/\\\/www.smart-meals.nl\\\/de\\\/produkt\\\/leichte-sosse-265ml-teriyaki\\\/#primaryimage\",\"url\":\"https:\\\/\\\/www.smart-meals.nl\\\/wp-content\\\/uploads\\\/2026\\\/03\\\/Teriyaki-sauce.jpeg\",\"contentUrl\":\"https:\\\/\\\/www.smart-meals.nl\\\/wp-content\\\/uploads\\\/2026\\\/03\\\/Teriyaki-sauce.jpeg\",\"width\":1100,\"height\":1100},{\"@type\":\"BreadcrumbList\",\"@id\":\"https:\\\/\\\/www.smart-meals.nl\\\/de\\\/produkt\\\/leichte-sosse-265ml-teriyaki\\\/#breadcrumb\",\"itemListElement\":[{\"@type\":\"ListItem\",\"position\":1,\"name\":\"Home\",\"item\":\"https:\\\/\\\/www.smart-meals.nl\\\/de\\\/homenew\\\/\"},{\"@type\":\"ListItem\",\"position\":2,\"name\":\"Einkaufen\",\"item\":\"https:\\\/\\\/www.smart-meals.nl\\\/de\\\/einkaufen\\\/\"},{\"@type\":\"ListItem\",\"position\":3,\"name\":\"sups\",\"item\":\"https:\\\/\\\/www.smart-meals.nl\\\/de\\\/healthy\\\/sups-de\\\/\"},{\"@type\":\"ListItem\",\"position\":4,\"name\":\"Leichte So\u00dfe 265ml &#8211; Teriyaki\"}]},{\"@type\":\"WebSite\",\"@id\":\"https:\\\/\\\/www.smart-meals.nl\\\/de\\\/#website\",\"url\":\"https:\\\/\\\/www.smart-meals.nl\\\/de\\\/\",\"name\":\"Smart Meals\",\"description\":\"Healthy High Protein Meals\",\"publisher\":{\"@id\":\"https:\\\/\\\/www.smart-meals.nl\\\/de\\\/#organization\"},\"potentialAction\":[{\"@type\":\"SearchAction\",\"target\":{\"@type\":\"EntryPoint\",\"urlTemplate\":\"https:\\\/\\\/www.smart-meals.nl\\\/de\\\/?s={search_term_string}\"},\"query-input\":{\"@type\":\"PropertyValueSpecification\",\"valueRequired\":true,\"valueName\":\"search_term_string\"}}],\"inLanguage\":\"de\"},{\"@type\":\"Organization\",\"@id\":\"https:\\\/\\\/www.smart-meals.nl\\\/de\\\/#organization\",\"name\":\"Smart Meals\",\"url\":\"https:\\\/\\\/www.smart-meals.nl\\\/de\\\/\",\"logo\":{\"@type\":\"ImageObject\",\"inLanguage\":\"de\",\"@id\":\"https:\\\/\\\/www.smart-meals.nl\\\/de\\\/#\\\/schema\\\/logo\\\/image\\\/\",\"url\":\"https:\\\/\\\/www.smart-meals.nl\\\/wp-content\\\/uploads\\\/2021\\\/03\\\/cropped-logo.png\",\"contentUrl\":\"https:\\\/\\\/www.smart-meals.nl\\\/wp-content\\\/uploads\\\/2021\\\/03\\\/cropped-logo.png\",\"width\":512,\"height\":512,\"caption\":\"Smart Meals\"},\"image\":{\"@id\":\"https:\\\/\\\/www.smart-meals.nl\\\/de\\\/#\\\/schema\\\/logo\\\/image\\\/\"},\"sameAs\":[\"https:\\\/\\\/www.facebook.com\\\/SmartMealsOfficial\"]}]}<\/script>\n<!-- \/ Yoast SEO plugin. -->","yoast_head_json":{"title":"Leichte So\u00dfe 265ml - Teriyaki - Smart Meals","robots":{"index":"index","follow":"follow","max-snippet":"max-snippet:-1","max-image-preview":"max-image-preview:large","max-video-preview":"max-video-preview:-1"},"canonical":"https:\/\/www.smart-meals.nl\/de\/produkt\/leichte-sosse-265ml-teriyaki\/","og_locale":"de_DE","og_type":"article","og_title":"Leichte So\u00dfe 265ml - Teriyaki - Smart Meals","og_description":"Der gleiche Geschmack wie bei den bekannten So\u00dfen aus dem Supermarkt, aber ohne Kalorien? Ist das m\u00f6glich? Wir beweisen mit unserer Leichten So\u00dfe, dass es m\u00f6glich ist! Keine chemischen Zutaten, sondern echte Kr\u00e4uter und Gew\u00fcrze sorgen f\u00fcr \u00e4u\u00dferst k\u00f6stliche, aber kalorienarme Saucen! Die So\u00dfen sind praktisch zucker- und fettfrei. Wir haben auch an Menschen mit Allergien gedacht. Unsere Saucen sind frei von Gluten*, GVO und Laktose. So kann jeder die k\u00f6stlichen Saucen ohne Nachbehandlung genie\u00dfen.","og_url":"https:\/\/www.smart-meals.nl\/de\/produkt\/leichte-sosse-265ml-teriyaki\/","og_site_name":"Smart Meals","article_publisher":"https:\/\/www.facebook.com\/SmartMealsOfficial","article_modified_time":"2026-03-17T14:37:25+00:00","og_image":[{"width":1100,"height":1100,"url":"https:\/\/www.smart-meals.nl\/wp-content\/uploads\/2026\/03\/Teriyaki-sauce.jpeg","type":"image\/jpeg"}],"twitter_card":"summary_large_image","schema":{"@context":"https:\/\/schema.org","@graph":[{"@type":"WebPage","@id":"https:\/\/www.smart-meals.nl\/de\/produkt\/leichte-sosse-265ml-teriyaki\/","url":"https:\/\/www.smart-meals.nl\/de\/produkt\/leichte-sosse-265ml-teriyaki\/","name":"Leichte So\u00dfe 265ml - Teriyaki - Smart Meals","isPartOf":{"@id":"https:\/\/www.smart-meals.nl\/de\/#website"},"primaryImageOfPage":{"@id":"https:\/\/www.smart-meals.nl\/de\/produkt\/leichte-sosse-265ml-teriyaki\/#primaryimage"},"image":{"@id":"https:\/\/www.smart-meals.nl\/de\/produkt\/leichte-sosse-265ml-teriyaki\/#primaryimage"},"thumbnailUrl":"https:\/\/www.smart-meals.nl\/wp-content\/uploads\/2026\/03\/Teriyaki-sauce.jpeg","datePublished":"2026-03-13T10:39:55+00:00","dateModified":"2026-03-17T14:37:25+00:00","breadcrumb":{"@id":"https:\/\/www.smart-meals.nl\/de\/produkt\/leichte-sosse-265ml-teriyaki\/#breadcrumb"},"inLanguage":"de","potentialAction":[{"@type":"ReadAction","target":["https:\/\/www.smart-meals.nl\/de\/produkt\/leichte-sosse-265ml-teriyaki\/"]}]},{"@type":"ImageObject","inLanguage":"de","@id":"https:\/\/www.smart-meals.nl\/de\/produkt\/leichte-sosse-265ml-teriyaki\/#primaryimage","url":"https:\/\/www.smart-meals.nl\/wp-content\/uploads\/2026\/03\/Teriyaki-sauce.jpeg","contentUrl":"https:\/\/www.smart-meals.nl\/wp-content\/uploads\/2026\/03\/Teriyaki-sauce.jpeg","width":1100,"height":1100},{"@type":"BreadcrumbList","@id":"https:\/\/www.smart-meals.nl\/de\/produkt\/leichte-sosse-265ml-teriyaki\/#breadcrumb","itemListElement":[{"@type":"ListItem","position":1,"name":"Home","item":"https:\/\/www.smart-meals.nl\/de\/homenew\/"},{"@type":"ListItem","position":2,"name":"Einkaufen","item":"https:\/\/www.smart-meals.nl\/de\/einkaufen\/"},{"@type":"ListItem","position":3,"name":"sups","item":"https:\/\/www.smart-meals.nl\/de\/healthy\/sups-de\/"},{"@type":"ListItem","position":4,"name":"Leichte So\u00dfe 265ml &#8211; Teriyaki"}]},{"@type":"WebSite","@id":"https:\/\/www.smart-meals.nl\/de\/#website","url":"https:\/\/www.smart-meals.nl\/de\/","name":"Smart Meals","description":"Healthy High Protein Meals","publisher":{"@id":"https:\/\/www.smart-meals.nl\/de\/#organization"},"potentialAction":[{"@type":"SearchAction","target":{"@type":"EntryPoint","urlTemplate":"https:\/\/www.smart-meals.nl\/de\/?s={search_term_string}"},"query-input":{"@type":"PropertyValueSpecification","valueRequired":true,"valueName":"search_term_string"}}],"inLanguage":"de"},{"@type":"Organization","@id":"https:\/\/www.smart-meals.nl\/de\/#organization","name":"Smart Meals","url":"https:\/\/www.smart-meals.nl\/de\/","logo":{"@type":"ImageObject","inLanguage":"de","@id":"https:\/\/www.smart-meals.nl\/de\/#\/schema\/logo\/image\/","url":"https:\/\/www.smart-meals.nl\/wp-content\/uploads\/2021\/03\/cropped-logo.png","contentUrl":"https:\/\/www.smart-meals.nl\/wp-content\/uploads\/2021\/03\/cropped-logo.png","width":512,"height":512,"caption":"Smart Meals"},"image":{"@id":"https:\/\/www.smart-meals.nl\/de\/#\/schema\/logo\/image\/"},"sameAs":["https:\/\/www.facebook.com\/SmartMealsOfficial"]}]}},"_links":{"self":[{"href":"https:\/\/www.smart-meals.nl\/de\/wp-json\/wp\/v2\/product\/93508","targetHints":{"allow":["GET"]}}],"collection":[{"href":"https:\/\/www.smart-meals.nl\/de\/wp-json\/wp\/v2\/product"}],"about":[{"href":"https:\/\/www.smart-meals.nl\/de\/wp-json\/wp\/v2\/types\/product"}],"replies":[{"embeddable":true,"href":"https:\/\/www.smart-meals.nl\/de\/wp-json\/wp\/v2\/comments?post=93508"}],"version-history":[{"count":0,"href":"https:\/\/www.smart-meals.nl\/de\/wp-json\/wp\/v2\/product\/93508\/revisions"}],"wp:featuredmedia":[{"embeddable":true,"href":"https:\/\/www.smart-meals.nl\/de\/wp-json\/wp\/v2\/media\/93492"}],"wp:attachment":[{"href":"https:\/\/www.smart-meals.nl\/de\/wp-json\/wp\/v2\/media?parent=93508"}],"wp:term":[{"taxonomy":"product_brand","embeddable":true,"href":"https:\/\/www.smart-meals.nl\/de\/wp-json\/wp\/v2\/product_brand?post=93508"},{"taxonomy":"product_cat","embeddable":true,"href":"https:\/\/www.smart-meals.nl\/de\/wp-json\/wp\/v2\/product_cat?post=93508"},{"taxonomy":"product_tag","embeddable":true,"href":"https:\/\/www.smart-meals.nl\/de\/wp-json\/wp\/v2\/product_tag?post=93508"}],"curies":[{"name":"wp","href":"https:\/\/api.w.org\/{rel}","templated":true}]}}