{"id":93950,"date":"2021-10-19T09:59:13","date_gmt":"2021-10-19T07:59:13","guid":{"rendered":"https:\/\/www.smart-meals.nl\/product\/chicken-wings\/"},"modified":"2026-04-11T21:21:18","modified_gmt":"2026-04-11T19:21:18","slug":"chicken-wings","status":"publish","type":"product","link":"https:\/\/www.smart-meals.nl\/de\/produkt\/chicken-wings\/","title":{"rendered":"BBQ-H\u00e4hnchenfl\u00fcgel"},"content":{"rendered":"<p><strong>Mikrowelle<\/strong><br \/>\nGefroren: 4-6 Minuten bei 900 Watt aufw\u00e4rmen.<\/p>\n<p><strong>Pfanne <\/strong><br \/>\nGefroren: +-12 Minuten Wiederaufw\u00e4rmen&#8230;.<\/p>\n<p><strong>Backofen<\/strong><br \/>\nGefroren: +-15-18 Minuten Aufw\u00e4rmen bei 180\u2103.<\/p>\n<p><strong>Airfryer<\/strong><br \/>\nGefroren: +14-16 Minuten zum Aufw\u00e4rmen bei 200\u2103.<\/p>\n<h2><span class=\"c-product-description__accordiontitle j-product-description-accordion_title c-accordion-title--active c-product-description__accordiontitle--active\" aria-controls=\"description-ingredients\" data-enabled=\"true\">Zutaten<\/span><\/h2>\n<div id=\"description-ingredients\" class=\"c-product-description__accordioncontent c-product-description__accordioncontent--ingredients c-accordion-content--active\">\n<div class=\"c-product-description__content-text\">\n<div id=\"description-ingredients\" class=\"c-product-description__accordioncontent c-product-description__accordioncontent--ingredients c-accordion-content--active\">\n<div class=\"c-product-description__content-text\">\n<table class=\"table table-bordered table-condensed\" style=\"height: 615px;\" width=\"400\">\n<tbody>\n<tr>\n<td>Pro<\/td>\n<td>100 Gramm<\/td>\n<\/tr>\n<tr>\n<td>Energie<\/td>\n<td>702 KJ\/168 Kcal<\/td>\n<\/tr>\n<tr>\n<td><i>Fett<\/i><\/td>\n<td>6,9 Gramm<\/td>\n<\/tr>\n<tr>\n<td><i>davon ges\u00e4ttigt<\/i><\/td>\n<td>1.9 g<\/td>\n<\/tr>\n<tr>\n<td>Kohlenhydrate<\/td>\n<td>3,2 Gramm<\/td>\n<\/tr>\n<tr>\n<td><i>Davon Zucker<\/i><\/td>\n<td>0.4 g<\/td>\n<\/tr>\n<tr>\n<td>Fasern<\/td>\n<td>0.3 g<\/td>\n<\/tr>\n<tr>\n<td>Eiwei\u00df<\/td>\n<td>23,2 Gramm<\/td>\n<\/tr>\n<tr>\n<td>Salz<\/td>\n<td>0,78 Gramm<\/td>\n<\/tr>\n<\/tbody>\n<\/table>\n<h6><\/h6>\n<p>Zutaten: H\u00fchnerfleisch 95%, Kartoffelst\u00e4rke, Paprika, Koriander, ger\u00e4ucherter Paprika, Sereh, Kreuzk\u00fcmmel, Chili, Salz, Tomatenpulver, Knoblauchpulver, Zwiebelpulver, Wasser, nat\u00fcrliches Aroma, Paprikaextrakt, Raucharoma, Dextrose, nat\u00fcrlich ger\u00f6steter Zucker<\/p>\n<h2>Informationen zu Allergenen<\/h2>\n<\/div>\n<p>Enth\u00e4lt: &#8230;<\/p>\n<\/div>\n<\/div>\n<\/div>\n","protected":false},"excerpt":{"rendered":"<p>310g | 520,8 kcal | 71,92g Eiwei\u00df | 9,92g Kohlenhydrate | 21,39g Fett<\/p>\n<p>Unsere vorgegarten BBQ-H\u00e4hnchenfl\u00fcgel sind innen k\u00f6stlich zart und haben einen vollen, rauchigen Geschmack, der perfekt mit der leicht s\u00fc\u00dfen Sauce harmoniert.<\/p>\n<p data-path-to-node=\"6,0,0\">-3 Monate im Gefrierschrank haltbar.<br \/>\n-Nach Erhalt 3 Tage im K\u00fchlschrank aufbewahren.<\/p>\n<p><img decoding=\"async\" class=\"alignnone wp-image-49002\" src=\"https:\/\/www.smart-meals.nl\/wp-content\/uploads\/2021\/10\/Icons-300x300.png\" alt=\"\" width=\"45\" height=\"45\" srcset=\"https:\/\/www.smart-meals.nl\/wp-content\/uploads\/2021\/10\/Icons-300x300.png 300w, https:\/\/www.smart-meals.nl\/wp-content\/uploads\/2021\/10\/Icons-150x150.png 150w, https:\/\/www.smart-meals.nl\/wp-content\/uploads\/2021\/10\/Icons-100x100.png 100w, https:\/\/www.smart-meals.nl\/wp-content\/uploads\/2021\/10\/Icons.png 500w\" sizes=\"(max-width: 45px) 100vw, 45px\" \/><img decoding=\"async\" class=\"alignnone wp-image-49005\" src=\"https:\/\/www.smart-meals.nl\/wp-content\/uploads\/2021\/10\/Icons7-300x300.png\" alt=\"\" width=\"45\" height=\"45\" srcset=\"https:\/\/www.smart-meals.nl\/wp-content\/uploads\/2021\/10\/Icons7-300x300.png 300w, https:\/\/www.smart-meals.nl\/wp-content\/uploads\/2021\/10\/Icons7-150x150.png 150w, https:\/\/www.smart-meals.nl\/wp-content\/uploads\/2021\/10\/Icons7-100x100.png 100w, https:\/\/www.smart-meals.nl\/wp-content\/uploads\/2021\/10\/Icons7.png 500w\" sizes=\"(max-width: 45px) 100vw, 45px\" \/><img decoding=\"async\" class=\"alignnone wp-image-49008\" src=\"https:\/\/www.smart-meals.nl\/wp-content\/uploads\/2021\/10\/Icons4-300x300.png\" alt=\"\" width=\"45\" height=\"45\" srcset=\"https:\/\/www.smart-meals.nl\/wp-content\/uploads\/2021\/10\/Icons4-300x300.png 300w, https:\/\/www.smart-meals.nl\/wp-content\/uploads\/2021\/10\/Icons4-150x150.png 150w, https:\/\/www.smart-meals.nl\/wp-content\/uploads\/2021\/10\/Icons4-100x100.png 100w, https:\/\/www.smart-meals.nl\/wp-content\/uploads\/2021\/10\/Icons4.png 500w\" sizes=\"(max-width: 45px) 100vw, 45px\" \/><img loading=\"lazy\" decoding=\"async\" class=\"alignnone wp-image-49011\" src=\"https:\/\/www.smart-meals.nl\/wp-content\/uploads\/2021\/10\/Icons5-300x300.png\" alt=\"\" width=\"45\" height=\"45\" srcset=\"https:\/\/www.smart-meals.nl\/wp-content\/uploads\/2021\/10\/Icons5-300x300.png 300w, https:\/\/www.smart-meals.nl\/wp-content\/uploads\/2021\/10\/Icons5-150x150.png 150w, https:\/\/www.smart-meals.nl\/wp-content\/uploads\/2021\/10\/Icons5-100x100.png 100w, https:\/\/www.smart-meals.nl\/wp-content\/uploads\/2021\/10\/Icons5.png 500w\" sizes=\"(max-width: 45px) 100vw, 45px\" \/><img loading=\"lazy\" decoding=\"async\" class=\"alignnone wp-image-49014\" src=\"https:\/\/www.smart-meals.nl\/wp-content\/uploads\/2021\/10\/Icons6-300x300.png\" alt=\"\" width=\"45\" height=\"45\" srcset=\"https:\/\/www.smart-meals.nl\/wp-content\/uploads\/2021\/10\/Icons6-300x300.png 300w, https:\/\/www.smart-meals.nl\/wp-content\/uploads\/2021\/10\/Icons6-150x150.png 150w, https:\/\/www.smart-meals.nl\/wp-content\/uploads\/2021\/10\/Icons6-100x100.png 100w, https:\/\/www.smart-meals.nl\/wp-content\/uploads\/2021\/10\/Icons6.png 500w\" sizes=\"(max-width: 45px) 100vw, 45px\" \/><\/p>\n","protected":false},"featured_media":95173,"comment_status":"open","ping_status":"closed","template":"","meta":{"_acf_changed":false},"product_brand":[],"product_cat":[329,327,318,326,328,440,338,626,571,449,316,325],"product_tag":[],"class_list":{"0":"post-93950","1":"product","2":"type-product","3":"status-publish","4":"has-post-thumbnail","6":"product_cat-250-kcal-de","7":"product_cat-400-kcal-de","8":"product_cat-550-kcal-de","9":"product_cat-fettabbau-keto","10":"product_cat-fit-gesund-und-besser-konzentrieren","11":"product_cat-fodmap-de","12":"product_cat-fruhstuck-snacks","13":"product_cat-halal-de","14":"product_cat-fleisch-huhn","15":"product_cat-food-bag","16":"product_cat-fullen-muskelmasse","17":"product_cat-trockene-muskelmasse","19":"first","20":"instock","21":"sale","22":"taxable","23":"shipping-taxable","24":"purchasable","25":"product-type-simple"},"bundled_by":[],"bundle_stock_status":"instock","bundle_stock_quantity":25,"bundle_virtual":false,"bundle_layout":"","bundle_add_to_cart_form_location":"","bundle_editable_in_cart":false,"bundle_sold_individually_context":"","bundle_item_grouping":"","bundle_min_size":"","bundle_max_size":"","bundle_price":[],"bundled_items":[],"bundle_sell_ids":[],"acf":[],"yoast_head":"<!-- This site is optimized with the Yoast SEO plugin v27.3 - https:\/\/yoast.com\/product\/yoast-seo-wordpress\/ -->\n<title>BBQ-H\u00e4hnchenfl\u00fcgel - Smart Meals<\/title>\n<meta name=\"robots\" content=\"index, follow, max-snippet:-1, max-image-preview:large, max-video-preview:-1\" \/>\n<link rel=\"canonical\" href=\"https:\/\/www.smart-meals.nl\/de\/produkt\/chicken-wings\/\" \/>\n<meta property=\"og:locale\" content=\"de_DE\" \/>\n<meta property=\"og:type\" content=\"article\" \/>\n<meta property=\"og:title\" content=\"BBQ-H\u00e4hnchenfl\u00fcgel - Smart Meals\" \/>\n<meta property=\"og:description\" content=\"310g | 520,8 kcal | 71,92g Eiwei\u00df | 9,92g Kohlenhydrate | 21,39g Fett Unsere vorgegarten BBQ-H\u00e4hnchenfl\u00fcgel sind innen k\u00f6stlich zart und haben einen vollen, rauchigen Geschmack, der perfekt mit der leicht s\u00fc\u00dfen Sauce harmoniert. -3 Monate im Gefrierschrank haltbar. -Nach Erhalt 3 Tage im K\u00fchlschrank aufbewahren.\" \/>\n<meta property=\"og:url\" content=\"https:\/\/www.smart-meals.nl\/de\/produkt\/chicken-wings\/\" \/>\n<meta property=\"og:site_name\" content=\"Smart Meals\" \/>\n<meta property=\"article:publisher\" content=\"https:\/\/www.facebook.com\/SmartMealsOfficial\" \/>\n<meta property=\"article:modified_time\" content=\"2026-04-11T19:21:18+00:00\" \/>\n<meta property=\"og:image\" content=\"https:\/\/www.smart-meals.nl\/wp-content\/uploads\/2021\/10\/chicken-wings-def.jpg\" \/>\n\t<meta property=\"og:image:width\" content=\"500\" \/>\n\t<meta property=\"og:image:height\" content=\"500\" \/>\n\t<meta property=\"og:image:type\" content=\"image\/jpeg\" \/>\n<meta name=\"twitter:card\" content=\"summary_large_image\" \/>\n<script type=\"application\/ld+json\" class=\"yoast-schema-graph\">{\"@context\":\"https:\\\/\\\/schema.org\",\"@graph\":[{\"@type\":\"WebPage\",\"@id\":\"https:\\\/\\\/www.smart-meals.nl\\\/de\\\/produkt\\\/chicken-wings\\\/\",\"url\":\"https:\\\/\\\/www.smart-meals.nl\\\/de\\\/produkt\\\/chicken-wings\\\/\",\"name\":\"BBQ-H\u00e4hnchenfl\u00fcgel - Smart Meals\",\"isPartOf\":{\"@id\":\"https:\\\/\\\/www.smart-meals.nl\\\/de\\\/#website\"},\"primaryImageOfPage\":{\"@id\":\"https:\\\/\\\/www.smart-meals.nl\\\/de\\\/produkt\\\/chicken-wings\\\/#primaryimage\"},\"image\":{\"@id\":\"https:\\\/\\\/www.smart-meals.nl\\\/de\\\/produkt\\\/chicken-wings\\\/#primaryimage\"},\"thumbnailUrl\":\"https:\\\/\\\/www.smart-meals.nl\\\/wp-content\\\/uploads\\\/2021\\\/10\\\/chicken-wings-def.jpg\",\"datePublished\":\"2021-10-19T07:59:13+00:00\",\"dateModified\":\"2026-04-11T19:21:18+00:00\",\"breadcrumb\":{\"@id\":\"https:\\\/\\\/www.smart-meals.nl\\\/de\\\/produkt\\\/chicken-wings\\\/#breadcrumb\"},\"inLanguage\":\"de\",\"potentialAction\":[{\"@type\":\"ReadAction\",\"target\":[\"https:\\\/\\\/www.smart-meals.nl\\\/de\\\/produkt\\\/chicken-wings\\\/\"]}]},{\"@type\":\"ImageObject\",\"inLanguage\":\"de\",\"@id\":\"https:\\\/\\\/www.smart-meals.nl\\\/de\\\/produkt\\\/chicken-wings\\\/#primaryimage\",\"url\":\"https:\\\/\\\/www.smart-meals.nl\\\/wp-content\\\/uploads\\\/2021\\\/10\\\/chicken-wings-def.jpg\",\"contentUrl\":\"https:\\\/\\\/www.smart-meals.nl\\\/wp-content\\\/uploads\\\/2021\\\/10\\\/chicken-wings-def.jpg\",\"width\":500,\"height\":500},{\"@type\":\"BreadcrumbList\",\"@id\":\"https:\\\/\\\/www.smart-meals.nl\\\/de\\\/produkt\\\/chicken-wings\\\/#breadcrumb\",\"itemListElement\":[{\"@type\":\"ListItem\",\"position\":1,\"name\":\"Home\",\"item\":\"https:\\\/\\\/www.smart-meals.nl\\\/de\\\/homenew\\\/\"},{\"@type\":\"ListItem\",\"position\":2,\"name\":\"Einkaufen\",\"item\":\"https:\\\/\\\/www.smart-meals.nl\\\/de\\\/einkaufen\\\/\"},{\"@type\":\"ListItem\",\"position\":3,\"name\":\"+\\\/-250 kcal\",\"item\":\"https:\\\/\\\/www.smart-meals.nl\\\/de\\\/healthy\\\/250-kcal-de\\\/\"},{\"@type\":\"ListItem\",\"position\":4,\"name\":\"BBQ-H\u00e4hnchenfl\u00fcgel\"}]},{\"@type\":\"WebSite\",\"@id\":\"https:\\\/\\\/www.smart-meals.nl\\\/de\\\/#website\",\"url\":\"https:\\\/\\\/www.smart-meals.nl\\\/de\\\/\",\"name\":\"Smart Meals\",\"description\":\"Healthy High Protein Meals\",\"publisher\":{\"@id\":\"https:\\\/\\\/www.smart-meals.nl\\\/de\\\/#organization\"},\"potentialAction\":[{\"@type\":\"SearchAction\",\"target\":{\"@type\":\"EntryPoint\",\"urlTemplate\":\"https:\\\/\\\/www.smart-meals.nl\\\/de\\\/?s={search_term_string}\"},\"query-input\":{\"@type\":\"PropertyValueSpecification\",\"valueRequired\":true,\"valueName\":\"search_term_string\"}}],\"inLanguage\":\"de\"},{\"@type\":\"Organization\",\"@id\":\"https:\\\/\\\/www.smart-meals.nl\\\/de\\\/#organization\",\"name\":\"Smart Meals\",\"url\":\"https:\\\/\\\/www.smart-meals.nl\\\/de\\\/\",\"logo\":{\"@type\":\"ImageObject\",\"inLanguage\":\"de\",\"@id\":\"https:\\\/\\\/www.smart-meals.nl\\\/de\\\/#\\\/schema\\\/logo\\\/image\\\/\",\"url\":\"https:\\\/\\\/www.smart-meals.nl\\\/wp-content\\\/uploads\\\/2021\\\/03\\\/cropped-logo.png\",\"contentUrl\":\"https:\\\/\\\/www.smart-meals.nl\\\/wp-content\\\/uploads\\\/2021\\\/03\\\/cropped-logo.png\",\"width\":512,\"height\":512,\"caption\":\"Smart Meals\"},\"image\":{\"@id\":\"https:\\\/\\\/www.smart-meals.nl\\\/de\\\/#\\\/schema\\\/logo\\\/image\\\/\"},\"sameAs\":[\"https:\\\/\\\/www.facebook.com\\\/SmartMealsOfficial\"]}]}<\/script>\n<!-- \/ Yoast SEO plugin. -->","yoast_head_json":{"title":"BBQ-H\u00e4hnchenfl\u00fcgel - Smart Meals","robots":{"index":"index","follow":"follow","max-snippet":"max-snippet:-1","max-image-preview":"max-image-preview:large","max-video-preview":"max-video-preview:-1"},"canonical":"https:\/\/www.smart-meals.nl\/de\/produkt\/chicken-wings\/","og_locale":"de_DE","og_type":"article","og_title":"BBQ-H\u00e4hnchenfl\u00fcgel - Smart Meals","og_description":"310g | 520,8 kcal | 71,92g Eiwei\u00df | 9,92g Kohlenhydrate | 21,39g Fett Unsere vorgegarten BBQ-H\u00e4hnchenfl\u00fcgel sind innen k\u00f6stlich zart und haben einen vollen, rauchigen Geschmack, der perfekt mit der leicht s\u00fc\u00dfen Sauce harmoniert. -3 Monate im Gefrierschrank haltbar. -Nach Erhalt 3 Tage im K\u00fchlschrank aufbewahren.","og_url":"https:\/\/www.smart-meals.nl\/de\/produkt\/chicken-wings\/","og_site_name":"Smart Meals","article_publisher":"https:\/\/www.facebook.com\/SmartMealsOfficial","article_modified_time":"2026-04-11T19:21:18+00:00","og_image":[{"width":500,"height":500,"url":"https:\/\/www.smart-meals.nl\/wp-content\/uploads\/2021\/10\/chicken-wings-def.jpg","type":"image\/jpeg"}],"twitter_card":"summary_large_image","schema":{"@context":"https:\/\/schema.org","@graph":[{"@type":"WebPage","@id":"https:\/\/www.smart-meals.nl\/de\/produkt\/chicken-wings\/","url":"https:\/\/www.smart-meals.nl\/de\/produkt\/chicken-wings\/","name":"BBQ-H\u00e4hnchenfl\u00fcgel - Smart Meals","isPartOf":{"@id":"https:\/\/www.smart-meals.nl\/de\/#website"},"primaryImageOfPage":{"@id":"https:\/\/www.smart-meals.nl\/de\/produkt\/chicken-wings\/#primaryimage"},"image":{"@id":"https:\/\/www.smart-meals.nl\/de\/produkt\/chicken-wings\/#primaryimage"},"thumbnailUrl":"https:\/\/www.smart-meals.nl\/wp-content\/uploads\/2021\/10\/chicken-wings-def.jpg","datePublished":"2021-10-19T07:59:13+00:00","dateModified":"2026-04-11T19:21:18+00:00","breadcrumb":{"@id":"https:\/\/www.smart-meals.nl\/de\/produkt\/chicken-wings\/#breadcrumb"},"inLanguage":"de","potentialAction":[{"@type":"ReadAction","target":["https:\/\/www.smart-meals.nl\/de\/produkt\/chicken-wings\/"]}]},{"@type":"ImageObject","inLanguage":"de","@id":"https:\/\/www.smart-meals.nl\/de\/produkt\/chicken-wings\/#primaryimage","url":"https:\/\/www.smart-meals.nl\/wp-content\/uploads\/2021\/10\/chicken-wings-def.jpg","contentUrl":"https:\/\/www.smart-meals.nl\/wp-content\/uploads\/2021\/10\/chicken-wings-def.jpg","width":500,"height":500},{"@type":"BreadcrumbList","@id":"https:\/\/www.smart-meals.nl\/de\/produkt\/chicken-wings\/#breadcrumb","itemListElement":[{"@type":"ListItem","position":1,"name":"Home","item":"https:\/\/www.smart-meals.nl\/de\/homenew\/"},{"@type":"ListItem","position":2,"name":"Einkaufen","item":"https:\/\/www.smart-meals.nl\/de\/einkaufen\/"},{"@type":"ListItem","position":3,"name":"+\/-250 kcal","item":"https:\/\/www.smart-meals.nl\/de\/healthy\/250-kcal-de\/"},{"@type":"ListItem","position":4,"name":"BBQ-H\u00e4hnchenfl\u00fcgel"}]},{"@type":"WebSite","@id":"https:\/\/www.smart-meals.nl\/de\/#website","url":"https:\/\/www.smart-meals.nl\/de\/","name":"Smart Meals","description":"Healthy High Protein Meals","publisher":{"@id":"https:\/\/www.smart-meals.nl\/de\/#organization"},"potentialAction":[{"@type":"SearchAction","target":{"@type":"EntryPoint","urlTemplate":"https:\/\/www.smart-meals.nl\/de\/?s={search_term_string}"},"query-input":{"@type":"PropertyValueSpecification","valueRequired":true,"valueName":"search_term_string"}}],"inLanguage":"de"},{"@type":"Organization","@id":"https:\/\/www.smart-meals.nl\/de\/#organization","name":"Smart Meals","url":"https:\/\/www.smart-meals.nl\/de\/","logo":{"@type":"ImageObject","inLanguage":"de","@id":"https:\/\/www.smart-meals.nl\/de\/#\/schema\/logo\/image\/","url":"https:\/\/www.smart-meals.nl\/wp-content\/uploads\/2021\/03\/cropped-logo.png","contentUrl":"https:\/\/www.smart-meals.nl\/wp-content\/uploads\/2021\/03\/cropped-logo.png","width":512,"height":512,"caption":"Smart Meals"},"image":{"@id":"https:\/\/www.smart-meals.nl\/de\/#\/schema\/logo\/image\/"},"sameAs":["https:\/\/www.facebook.com\/SmartMealsOfficial"]}]}},"_links":{"self":[{"href":"https:\/\/www.smart-meals.nl\/de\/wp-json\/wp\/v2\/product\/93950","targetHints":{"allow":["GET"]}}],"collection":[{"href":"https:\/\/www.smart-meals.nl\/de\/wp-json\/wp\/v2\/product"}],"about":[{"href":"https:\/\/www.smart-meals.nl\/de\/wp-json\/wp\/v2\/types\/product"}],"replies":[{"embeddable":true,"href":"https:\/\/www.smart-meals.nl\/de\/wp-json\/wp\/v2\/comments?post=93950"}],"version-history":[{"count":2,"href":"https:\/\/www.smart-meals.nl\/de\/wp-json\/wp\/v2\/product\/93950\/revisions"}],"predecessor-version":[{"id":94111,"href":"https:\/\/www.smart-meals.nl\/de\/wp-json\/wp\/v2\/product\/93950\/revisions\/94111"}],"wp:featuredmedia":[{"embeddable":true,"href":"https:\/\/www.smart-meals.nl\/de\/wp-json\/wp\/v2\/media\/95173"}],"wp:attachment":[{"href":"https:\/\/www.smart-meals.nl\/de\/wp-json\/wp\/v2\/media?parent=93950"}],"wp:term":[{"taxonomy":"product_brand","embeddable":true,"href":"https:\/\/www.smart-meals.nl\/de\/wp-json\/wp\/v2\/product_brand?post=93950"},{"taxonomy":"product_cat","embeddable":true,"href":"https:\/\/www.smart-meals.nl\/de\/wp-json\/wp\/v2\/product_cat?post=93950"},{"taxonomy":"product_tag","embeddable":true,"href":"https:\/\/www.smart-meals.nl\/de\/wp-json\/wp\/v2\/product_tag?post=93950"}],"curies":[{"name":"wp","href":"https:\/\/api.w.org\/{rel}","templated":true}]}}