{"id":94426,"date":"2025-10-10T16:18:01","date_gmt":"2025-10-10T14:18:01","guid":{"rendered":"https:\/\/www.smart-meals.nl\/product\/huehnergratin-mit-kaese\/"},"modified":"2026-04-14T21:33:44","modified_gmt":"2026-04-14T19:33:44","slug":"huehnergratin-mit-kaese","status":"publish","type":"product","link":"https:\/\/www.smart-meals.nl\/de\/produkt\/huehnergratin-mit-kaese\/","title":{"rendered":"H\u00fchnergratin mit K\u00e4se"},"content":{"rendered":"<p><strong>Mikrowelle <\/strong>(Folie vorher entfernen)<br \/>\nGefroren: 9 Minuten bei 900 Watt aufw\u00e4rmen.<br \/>\nAufgetaut: 6 Minuten bei 900 Watt aufw\u00e4rmen.<\/p>\n<p><strong>Pfanne <\/strong>(Folie vorher entfernen)<br \/>\nGefroren: +-12 Minuten zum Aufw\u00e4rmen.<br \/>\nAufgetaut: +-9 Minuten zum Aufw\u00e4rmen.<\/p>\n<p><strong>Backofen <\/strong>(Folie vorher entfernen)<br \/>\nGefroren: +-30 Minuten Wiedererw\u00e4rmung bei 140\u2103.<br \/>\nAufgetaut: +-20 Minuten Wiedererw\u00e4rmung bei 140\u2103.<\/p>\n<h2><span class=\"c-product-description__accordiontitle j-product-description-accordion_title c-accordion-title--active c-product-description__accordiontitle--active\" aria-controls=\"description-ingredients\" data-enabled=\"true\">Zutaten<\/span><\/h2>\n<div id=\"description-ingredients\" class=\"c-product-description__accordioncontent c-product-description__accordioncontent--ingredients c-accordion-content--active\">\n<div class=\"c-product-description__content-text\">\n<div id=\"description-ingredients\" class=\"c-product-description__accordioncontent c-product-description__accordioncontent--ingredients c-accordion-content--active\">\n<div class=\"c-product-description__content-text\">\n<table class=\"table table-bordered table-condensed\" style=\"height: 615px;\" width=\"400\">\n<tbody>\n<tr>\n<td>Pro<\/td>\n<td>100 Gramm<\/td>\n<\/tr>\n<tr>\n<td>Energie<\/td>\n<td>424 kj\/ 101 kcal<\/td>\n<\/tr>\n<tr>\n<td><i>Fett<\/i><\/td>\n<td>3,3 Gramm<\/td>\n<\/tr>\n<tr>\n<td><i>davon ges\u00e4ttigt<\/i><\/td>\n<td>1.1 g<\/td>\n<\/tr>\n<tr>\n<td>Kohlenhydrate<\/td>\n<td> 6,1 Gramm<\/td>\n<\/tr>\n<tr>\n<td><i>Davon Zucker<\/i><\/td>\n<td> 0.9 g<\/td>\n<\/tr>\n<tr>\n<td>Ballaststoffe<\/td>\n<td>1.4 g<\/td>\n<\/tr>\n<tr>\n<td>Eiwei\u00df<\/td>\n<td>10,9 Gramm<\/td>\n<\/tr>\n<tr>\n<td>Salz<\/td>\n<td>0,8 Gramm<\/td>\n<\/tr>\n<\/tbody>\n<\/table>\n<h6><\/h6>\n<pre><\/pre>\n<p>Gem\u00fcse (Spinat, Tomaten, Paprika, Zwiebeln), H\u00fchnerbrust (29%), Wasser, pflanzliche \u00d6le (Raps, Sonnenblumen, Palmen, Oliven), K\u00e4se (MILCH, Salz, Backtriebmittel, Lab), Magermilch, St\u00e4rke (auch modifiziert), Salz, Gew\u00fcrze, Kr\u00e4uter, Zucker, Dextrose, Knoblauch, nat\u00fcrliches Aroma, Extrakte (Gew\u00fcrze, Kr\u00e4uter), Stabilisator (Guarkernmehl), Farbstoff (Paprikaextrakt).<\/p>\n<h2>Informationen zu Allergenen<\/h2>\n<p>Enth\u00e4lt: MILCH<\/p>\n<\/div>\n<\/div>\n<\/div>\n<\/div>\n","protected":false},"excerpt":{"rendered":"<p>485,4 kcal | 52,2 g Eiwei\u00df | 29,5 g Kohlenhydrate | 16,1 g Fett | 480 g<\/p>\n<p data-path-to-node=\"4\">Das K\u00e4se-H\u00e4hnchengratin kombiniert ein Bett aus cremigen Kartoffeln und gew\u00fcrzter H\u00e4hnchenbrust mit einer frischen mediterranen Gem\u00fcsemischung aus gegrillten Paprika, Spinat, Zwiebeln und Tomaten. Abgerundet wird das Ganze mit einer Schicht geschmolzenen K\u00e4ses f\u00fcr den ultimativen pikanten Abschluss. <\/p>\n<p data-path-to-node=\"6,0,0\">-Mindestens 40 Gramm Eiwei\u00df pro Mahlzeit.<br \/>\n-3 Monate im Gefrierschrank haltbar.<br \/>\n-Nach Erhalt 7 Tage im K\u00fchlschrank aufbewahren.<\/p>\n<p><img decoding=\"async\" class=\"alignnone wp-image-49002\" src=\"https:\/\/www.smart-meals.nl\/wp-content\/uploads\/2021\/10\/Icons-300x300.png\" alt=\"\" width=\"45\" height=\"45\" srcset=\"https:\/\/www.smart-meals.nl\/wp-content\/uploads\/2021\/10\/Icons-300x300.png 300w, https:\/\/www.smart-meals.nl\/wp-content\/uploads\/2021\/10\/Icons-150x150.png 150w, https:\/\/www.smart-meals.nl\/wp-content\/uploads\/2021\/10\/Icons-100x100.png 100w, https:\/\/www.smart-meals.nl\/wp-content\/uploads\/2021\/10\/Icons.png 500w\" sizes=\"(max-width: 45px) 100vw, 45px\" \/> <img decoding=\"async\" class=\"alignnone wp-image-49005\" src=\"https:\/\/www.smart-meals.nl\/wp-content\/uploads\/2021\/10\/Icons7-300x300.png\" alt=\"\" width=\"45\" height=\"45\" srcset=\"https:\/\/www.smart-meals.nl\/wp-content\/uploads\/2021\/10\/Icons7-300x300.png 300w, https:\/\/www.smart-meals.nl\/wp-content\/uploads\/2021\/10\/Icons7-150x150.png 150w, https:\/\/www.smart-meals.nl\/wp-content\/uploads\/2021\/10\/Icons7-100x100.png 100w, https:\/\/www.smart-meals.nl\/wp-content\/uploads\/2021\/10\/Icons7.png 500w\" sizes=\"(max-width: 45px) 100vw, 45px\" \/> <img decoding=\"async\" class=\"alignnone wp-image-49014\" src=\"https:\/\/www.smart-meals.nl\/wp-content\/uploads\/2021\/10\/Icons6-300x300.png\" alt=\"\" width=\"45\" height=\"45\" srcset=\"https:\/\/www.smart-meals.nl\/wp-content\/uploads\/2021\/10\/Icons6-300x300.png 300w, https:\/\/www.smart-meals.nl\/wp-content\/uploads\/2021\/10\/Icons6-150x150.png 150w, https:\/\/www.smart-meals.nl\/wp-content\/uploads\/2021\/10\/Icons6-100x100.png 100w, https:\/\/www.smart-meals.nl\/wp-content\/uploads\/2021\/10\/Icons6.png 500w\" sizes=\"(max-width: 45px) 100vw, 45px\" \/> <img loading=\"lazy\" decoding=\"async\" class=\"alignnone wp-image-49008\" src=\"https:\/\/www.smart-meals.nl\/wp-content\/uploads\/2021\/10\/Icons4-300x300.png\" alt=\"\" width=\"45\" height=\"45\" srcset=\"https:\/\/www.smart-meals.nl\/wp-content\/uploads\/2021\/10\/Icons4-300x300.png 300w, https:\/\/www.smart-meals.nl\/wp-content\/uploads\/2021\/10\/Icons4-150x150.png 150w, https:\/\/www.smart-meals.nl\/wp-content\/uploads\/2021\/10\/Icons4-100x100.png 100w, https:\/\/www.smart-meals.nl\/wp-content\/uploads\/2021\/10\/Icons4.png 500w\" sizes=\"(max-width: 45px) 100vw, 45px\" \/><\/p>\n<p><strong><a href=\"https:\/\/www.smart-meals.nl\/de\/nutri-score\/\" target=\"_blank\" rel=\"noopener\"><img loading=\"lazy\" decoding=\"async\" class=\"alignnone wp-image-6741\" src=\"https:\/\/www.smart-meals.nl\/wp-content\/uploads\/2021\/10\/1200px-nutri-score-a.svg-300x163-2.png\" alt=\"\" width=\"116\" height=\"63\"><\/a><\/strong><\/p>\n","protected":false},"featured_media":95169,"comment_status":"open","ping_status":"closed","template":"","meta":{"_acf_changed":false},"product_brand":[],"product_cat":[327,318,328,626,316,315,325],"product_tag":[],"class_list":{"0":"post-94426","1":"product","2":"type-product","3":"status-publish","4":"has-post-thumbnail","6":"product_cat-400-kcal-de","7":"product_cat-550-kcal-de","8":"product_cat-fit-gesund-und-besser-konzentrieren","9":"product_cat-halal-de","10":"product_cat-fullen-muskelmasse","11":"product_cat-sportmahlzeiten","12":"product_cat-trockene-muskelmasse","14":"first","15":"instock","16":"sale","17":"taxable","18":"shipping-taxable","19":"purchasable","20":"product-type-simple"},"bundled_by":[],"bundle_stock_status":"instock","bundle_stock_quantity":54,"bundle_virtual":false,"bundle_layout":"","bundle_add_to_cart_form_location":"","bundle_editable_in_cart":false,"bundle_sold_individually_context":"","bundle_item_grouping":"","bundle_min_size":"","bundle_max_size":"","bundle_price":[],"bundled_items":[],"bundle_sell_ids":[],"acf":[],"yoast_head":"<!-- This site is optimized with the Yoast SEO plugin v27.3 - https:\/\/yoast.com\/product\/yoast-seo-wordpress\/ -->\n<title>H\u00fchnergratin mit K\u00e4se - Smart Meals<\/title>\n<meta name=\"robots\" content=\"index, follow, max-snippet:-1, max-image-preview:large, max-video-preview:-1\" \/>\n<link rel=\"canonical\" href=\"https:\/\/www.smart-meals.nl\/de\/produkt\/huehnergratin-mit-kaese\/\" \/>\n<meta property=\"og:locale\" content=\"de_DE\" \/>\n<meta property=\"og:type\" content=\"article\" \/>\n<meta property=\"og:title\" content=\"H\u00fchnergratin mit K\u00e4se - Smart Meals\" \/>\n<meta property=\"og:description\" content=\"485,4 kcal | 52,2 g Eiwei\u00df | 29,5 g Kohlenhydrate | 16,1 g Fett | 480 g Das K\u00e4se-H\u00e4hnchengratin kombiniert ein Bett aus cremigen Kartoffeln und gew\u00fcrzter H\u00e4hnchenbrust mit einer frischen mediterranen Gem\u00fcsemischung aus gegrillten Paprika, Spinat, Zwiebeln und Tomaten. Abgerundet wird das Ganze mit einer Schicht geschmolzenen K\u00e4ses f\u00fcr den ultimativen pikanten Abschluss. -Mindestens 40 Gramm Eiwei\u00df pro Mahlzeit. -3 Monate im Gefrierschrank haltbar. -Nach Erhalt 7 Tage im K\u00fchlschrank aufbewahren.\" \/>\n<meta property=\"og:url\" content=\"https:\/\/www.smart-meals.nl\/de\/produkt\/huehnergratin-mit-kaese\/\" \/>\n<meta property=\"og:site_name\" content=\"Smart Meals\" \/>\n<meta property=\"article:publisher\" content=\"https:\/\/www.facebook.com\/SmartMealsOfficial\" \/>\n<meta property=\"article:modified_time\" content=\"2026-04-14T19:33:44+00:00\" \/>\n<meta property=\"og:image\" content=\"https:\/\/www.smart-meals.nl\/wp-content\/uploads\/2025\/10\/Cheesy-chicken-gratin-def.jpg\" \/>\n\t<meta property=\"og:image:width\" content=\"500\" \/>\n\t<meta property=\"og:image:height\" content=\"500\" \/>\n\t<meta property=\"og:image:type\" content=\"image\/jpeg\" \/>\n<meta name=\"twitter:card\" content=\"summary_large_image\" \/>\n<meta name=\"twitter:label1\" content=\"Gesch\u00e4tzte Lesezeit\" \/>\n\t<meta name=\"twitter:data1\" content=\"1\u00a0Minute\" \/>\n<script type=\"application\/ld+json\" class=\"yoast-schema-graph\">{\"@context\":\"https:\\\/\\\/schema.org\",\"@graph\":[{\"@type\":\"WebPage\",\"@id\":\"https:\\\/\\\/www.smart-meals.nl\\\/de\\\/produkt\\\/huehnergratin-mit-kaese\\\/\",\"url\":\"https:\\\/\\\/www.smart-meals.nl\\\/de\\\/produkt\\\/huehnergratin-mit-kaese\\\/\",\"name\":\"H\u00fchnergratin mit K\u00e4se - Smart Meals\",\"isPartOf\":{\"@id\":\"https:\\\/\\\/www.smart-meals.nl\\\/de\\\/#website\"},\"primaryImageOfPage\":{\"@id\":\"https:\\\/\\\/www.smart-meals.nl\\\/de\\\/produkt\\\/huehnergratin-mit-kaese\\\/#primaryimage\"},\"image\":{\"@id\":\"https:\\\/\\\/www.smart-meals.nl\\\/de\\\/produkt\\\/huehnergratin-mit-kaese\\\/#primaryimage\"},\"thumbnailUrl\":\"https:\\\/\\\/www.smart-meals.nl\\\/wp-content\\\/uploads\\\/2025\\\/10\\\/Cheesy-chicken-gratin-def.jpg\",\"datePublished\":\"2025-10-10T14:18:01+00:00\",\"dateModified\":\"2026-04-14T19:33:44+00:00\",\"breadcrumb\":{\"@id\":\"https:\\\/\\\/www.smart-meals.nl\\\/de\\\/produkt\\\/huehnergratin-mit-kaese\\\/#breadcrumb\"},\"inLanguage\":\"de\",\"potentialAction\":[{\"@type\":\"ReadAction\",\"target\":[\"https:\\\/\\\/www.smart-meals.nl\\\/de\\\/produkt\\\/huehnergratin-mit-kaese\\\/\"]}]},{\"@type\":\"ImageObject\",\"inLanguage\":\"de\",\"@id\":\"https:\\\/\\\/www.smart-meals.nl\\\/de\\\/produkt\\\/huehnergratin-mit-kaese\\\/#primaryimage\",\"url\":\"https:\\\/\\\/www.smart-meals.nl\\\/wp-content\\\/uploads\\\/2025\\\/10\\\/Cheesy-chicken-gratin-def.jpg\",\"contentUrl\":\"https:\\\/\\\/www.smart-meals.nl\\\/wp-content\\\/uploads\\\/2025\\\/10\\\/Cheesy-chicken-gratin-def.jpg\",\"width\":500,\"height\":500},{\"@type\":\"BreadcrumbList\",\"@id\":\"https:\\\/\\\/www.smart-meals.nl\\\/de\\\/produkt\\\/huehnergratin-mit-kaese\\\/#breadcrumb\",\"itemListElement\":[{\"@type\":\"ListItem\",\"position\":1,\"name\":\"Home\",\"item\":\"https:\\\/\\\/www.smart-meals.nl\\\/de\\\/homenew\\\/\"},{\"@type\":\"ListItem\",\"position\":2,\"name\":\"Einkaufen\",\"item\":\"https:\\\/\\\/www.smart-meals.nl\\\/de\\\/einkaufen\\\/\"},{\"@type\":\"ListItem\",\"position\":3,\"name\":\"+\\\/-400 kcal\",\"item\":\"https:\\\/\\\/www.smart-meals.nl\\\/de\\\/healthy\\\/400-kcal-de\\\/\"},{\"@type\":\"ListItem\",\"position\":4,\"name\":\"H\u00fchnergratin mit K\u00e4se\"}]},{\"@type\":\"WebSite\",\"@id\":\"https:\\\/\\\/www.smart-meals.nl\\\/de\\\/#website\",\"url\":\"https:\\\/\\\/www.smart-meals.nl\\\/de\\\/\",\"name\":\"Smart Meals\",\"description\":\"Healthy High Protein Meals\",\"publisher\":{\"@id\":\"https:\\\/\\\/www.smart-meals.nl\\\/de\\\/#organization\"},\"potentialAction\":[{\"@type\":\"SearchAction\",\"target\":{\"@type\":\"EntryPoint\",\"urlTemplate\":\"https:\\\/\\\/www.smart-meals.nl\\\/de\\\/?s={search_term_string}\"},\"query-input\":{\"@type\":\"PropertyValueSpecification\",\"valueRequired\":true,\"valueName\":\"search_term_string\"}}],\"inLanguage\":\"de\"},{\"@type\":\"Organization\",\"@id\":\"https:\\\/\\\/www.smart-meals.nl\\\/de\\\/#organization\",\"name\":\"Smart Meals\",\"url\":\"https:\\\/\\\/www.smart-meals.nl\\\/de\\\/\",\"logo\":{\"@type\":\"ImageObject\",\"inLanguage\":\"de\",\"@id\":\"https:\\\/\\\/www.smart-meals.nl\\\/de\\\/#\\\/schema\\\/logo\\\/image\\\/\",\"url\":\"https:\\\/\\\/www.smart-meals.nl\\\/wp-content\\\/uploads\\\/2021\\\/03\\\/cropped-logo.png\",\"contentUrl\":\"https:\\\/\\\/www.smart-meals.nl\\\/wp-content\\\/uploads\\\/2021\\\/03\\\/cropped-logo.png\",\"width\":512,\"height\":512,\"caption\":\"Smart Meals\"},\"image\":{\"@id\":\"https:\\\/\\\/www.smart-meals.nl\\\/de\\\/#\\\/schema\\\/logo\\\/image\\\/\"},\"sameAs\":[\"https:\\\/\\\/www.facebook.com\\\/SmartMealsOfficial\"]}]}<\/script>\n<!-- \/ Yoast SEO plugin. -->","yoast_head_json":{"title":"H\u00fchnergratin mit K\u00e4se - Smart Meals","robots":{"index":"index","follow":"follow","max-snippet":"max-snippet:-1","max-image-preview":"max-image-preview:large","max-video-preview":"max-video-preview:-1"},"canonical":"https:\/\/www.smart-meals.nl\/de\/produkt\/huehnergratin-mit-kaese\/","og_locale":"de_DE","og_type":"article","og_title":"H\u00fchnergratin mit K\u00e4se - Smart Meals","og_description":"485,4 kcal | 52,2 g Eiwei\u00df | 29,5 g Kohlenhydrate | 16,1 g Fett | 480 g Das K\u00e4se-H\u00e4hnchengratin kombiniert ein Bett aus cremigen Kartoffeln und gew\u00fcrzter H\u00e4hnchenbrust mit einer frischen mediterranen Gem\u00fcsemischung aus gegrillten Paprika, Spinat, Zwiebeln und Tomaten. Abgerundet wird das Ganze mit einer Schicht geschmolzenen K\u00e4ses f\u00fcr den ultimativen pikanten Abschluss. -Mindestens 40 Gramm Eiwei\u00df pro Mahlzeit. -3 Monate im Gefrierschrank haltbar. -Nach Erhalt 7 Tage im K\u00fchlschrank aufbewahren.","og_url":"https:\/\/www.smart-meals.nl\/de\/produkt\/huehnergratin-mit-kaese\/","og_site_name":"Smart Meals","article_publisher":"https:\/\/www.facebook.com\/SmartMealsOfficial","article_modified_time":"2026-04-14T19:33:44+00:00","og_image":[{"width":500,"height":500,"url":"https:\/\/www.smart-meals.nl\/wp-content\/uploads\/2025\/10\/Cheesy-chicken-gratin-def.jpg","type":"image\/jpeg"}],"twitter_card":"summary_large_image","twitter_misc":{"Gesch\u00e4tzte Lesezeit":"1\u00a0Minute"},"schema":{"@context":"https:\/\/schema.org","@graph":[{"@type":"WebPage","@id":"https:\/\/www.smart-meals.nl\/de\/produkt\/huehnergratin-mit-kaese\/","url":"https:\/\/www.smart-meals.nl\/de\/produkt\/huehnergratin-mit-kaese\/","name":"H\u00fchnergratin mit K\u00e4se - Smart Meals","isPartOf":{"@id":"https:\/\/www.smart-meals.nl\/de\/#website"},"primaryImageOfPage":{"@id":"https:\/\/www.smart-meals.nl\/de\/produkt\/huehnergratin-mit-kaese\/#primaryimage"},"image":{"@id":"https:\/\/www.smart-meals.nl\/de\/produkt\/huehnergratin-mit-kaese\/#primaryimage"},"thumbnailUrl":"https:\/\/www.smart-meals.nl\/wp-content\/uploads\/2025\/10\/Cheesy-chicken-gratin-def.jpg","datePublished":"2025-10-10T14:18:01+00:00","dateModified":"2026-04-14T19:33:44+00:00","breadcrumb":{"@id":"https:\/\/www.smart-meals.nl\/de\/produkt\/huehnergratin-mit-kaese\/#breadcrumb"},"inLanguage":"de","potentialAction":[{"@type":"ReadAction","target":["https:\/\/www.smart-meals.nl\/de\/produkt\/huehnergratin-mit-kaese\/"]}]},{"@type":"ImageObject","inLanguage":"de","@id":"https:\/\/www.smart-meals.nl\/de\/produkt\/huehnergratin-mit-kaese\/#primaryimage","url":"https:\/\/www.smart-meals.nl\/wp-content\/uploads\/2025\/10\/Cheesy-chicken-gratin-def.jpg","contentUrl":"https:\/\/www.smart-meals.nl\/wp-content\/uploads\/2025\/10\/Cheesy-chicken-gratin-def.jpg","width":500,"height":500},{"@type":"BreadcrumbList","@id":"https:\/\/www.smart-meals.nl\/de\/produkt\/huehnergratin-mit-kaese\/#breadcrumb","itemListElement":[{"@type":"ListItem","position":1,"name":"Home","item":"https:\/\/www.smart-meals.nl\/de\/homenew\/"},{"@type":"ListItem","position":2,"name":"Einkaufen","item":"https:\/\/www.smart-meals.nl\/de\/einkaufen\/"},{"@type":"ListItem","position":3,"name":"+\/-400 kcal","item":"https:\/\/www.smart-meals.nl\/de\/healthy\/400-kcal-de\/"},{"@type":"ListItem","position":4,"name":"H\u00fchnergratin mit K\u00e4se"}]},{"@type":"WebSite","@id":"https:\/\/www.smart-meals.nl\/de\/#website","url":"https:\/\/www.smart-meals.nl\/de\/","name":"Smart Meals","description":"Healthy High Protein Meals","publisher":{"@id":"https:\/\/www.smart-meals.nl\/de\/#organization"},"potentialAction":[{"@type":"SearchAction","target":{"@type":"EntryPoint","urlTemplate":"https:\/\/www.smart-meals.nl\/de\/?s={search_term_string}"},"query-input":{"@type":"PropertyValueSpecification","valueRequired":true,"valueName":"search_term_string"}}],"inLanguage":"de"},{"@type":"Organization","@id":"https:\/\/www.smart-meals.nl\/de\/#organization","name":"Smart Meals","url":"https:\/\/www.smart-meals.nl\/de\/","logo":{"@type":"ImageObject","inLanguage":"de","@id":"https:\/\/www.smart-meals.nl\/de\/#\/schema\/logo\/image\/","url":"https:\/\/www.smart-meals.nl\/wp-content\/uploads\/2021\/03\/cropped-logo.png","contentUrl":"https:\/\/www.smart-meals.nl\/wp-content\/uploads\/2021\/03\/cropped-logo.png","width":512,"height":512,"caption":"Smart Meals"},"image":{"@id":"https:\/\/www.smart-meals.nl\/de\/#\/schema\/logo\/image\/"},"sameAs":["https:\/\/www.facebook.com\/SmartMealsOfficial"]}]}},"_links":{"self":[{"href":"https:\/\/www.smart-meals.nl\/de\/wp-json\/wp\/v2\/product\/94426","targetHints":{"allow":["GET"]}}],"collection":[{"href":"https:\/\/www.smart-meals.nl\/de\/wp-json\/wp\/v2\/product"}],"about":[{"href":"https:\/\/www.smart-meals.nl\/de\/wp-json\/wp\/v2\/types\/product"}],"replies":[{"embeddable":true,"href":"https:\/\/www.smart-meals.nl\/de\/wp-json\/wp\/v2\/comments?post=94426"}],"version-history":[{"count":1,"href":"https:\/\/www.smart-meals.nl\/de\/wp-json\/wp\/v2\/product\/94426\/revisions"}],"predecessor-version":[{"id":94436,"href":"https:\/\/www.smart-meals.nl\/de\/wp-json\/wp\/v2\/product\/94426\/revisions\/94436"}],"wp:featuredmedia":[{"embeddable":true,"href":"https:\/\/www.smart-meals.nl\/de\/wp-json\/wp\/v2\/media\/95169"}],"wp:attachment":[{"href":"https:\/\/www.smart-meals.nl\/de\/wp-json\/wp\/v2\/media?parent=94426"}],"wp:term":[{"taxonomy":"product_brand","embeddable":true,"href":"https:\/\/www.smart-meals.nl\/de\/wp-json\/wp\/v2\/product_brand?post=94426"},{"taxonomy":"product_cat","embeddable":true,"href":"https:\/\/www.smart-meals.nl\/de\/wp-json\/wp\/v2\/product_cat?post=94426"},{"taxonomy":"product_tag","embeddable":true,"href":"https:\/\/www.smart-meals.nl\/de\/wp-json\/wp\/v2\/product_tag?post=94426"}],"curies":[{"name":"wp","href":"https:\/\/api.w.org\/{rel}","templated":true}]}}